{"id":9889,"date":"2025-12-12T12:42:08","date_gmt":"2025-12-12T11:42:08","guid":{"rendered":"https:\/\/www.hoenle-eleco.com\/?page_id=9889"},"modified":"2026-01-29T11:02:45","modified_gmt":"2026-01-29T10:02:45","slug":"detection-de-particules-dans-les-salles-blanches","status":"publish","type":"page","link":"https:\/\/www.hoenle-eleco.com\/fr\/applications\/controle-de-fluorescence\/detection-de-particules-dans-les-salles-blanches\/","title":{"rendered":"D\u00e9tection de particules dans les salles blanches"},"content":{"rendered":"<div class=\"wpb-content-wrapper\"><p>[vc_section css=\u00a0\u00bb.vc_custom_1752143461288{background-color: #F2F4F6 !important;}\u00a0\u00bb][vc_row][vc_column width=\u00a0\u00bb1\/2&Prime;]\n<h1 class=\"akt-heading akt-heading--block akt-heading--h1 akt-heading--align-left\">\n            <span class=\"akt-heading__part akt-heading__part--light\">D\u00e9tection de particules dans les salles blanches<\/span>\n                <span class=\"akt-heading__part akt-heading__part--bold\">\u00e0 l&#039;aide d&#039;une lumi\u00e8re noire<\/span>\n    <\/h1>[\/vc_column][vc_column width=\u00a0\u00bb1\/2&Prime;][vc_column_text css=\u00a0\u00bb\u00a0\u00bb]La d\u00e9tection de particules dans les salles blanches \u00e0 l&rsquo;aide d&rsquo;une lumi\u00e8re noire est une m\u00e9thode tr\u00e8s efficace pour visualiser les contaminants invisibles \u00e0 l&rsquo;\u0153il nu. Le rayonnement UV provoque la fluorescence de certaines particules, les rendant visibles sur des surfaces telles que l&rsquo;acier inoxydable, les plastiques et les v\u00eatements de salle blanche. Cette technologie est essentielle pour garantir la propret\u00e9 des surfaces et des mat\u00e9riaux dans les environnements contr\u00f4l\u00e9s et offre un moyen rapide et efficace d&rsquo;\u00e9valuer le degr\u00e9 de contamination.<\/p>\n<p>&nbsp;<\/p>\n<p>Le rayonnement UV d&rsquo;une longueur d&rsquo;onde de 365 nm excite les particules fluorescentes et les fait briller. Cette fluorescence rend visibles m\u00eame les plus petits contaminants tels que la poussi\u00e8re, les fibres et autres particules. L&rsquo;utilisation d&rsquo;appareils UV pour la d\u00e9tection des particules facilite l&rsquo;inspection et offre une m\u00e9thode rapide pour \u00e9valuer si les surfaces r\u00e9pondent aux normes de propret\u00e9 requises pour diff\u00e9rentes classes de salles blanches.[\/vc_column_text][\/vc_column][\/vc_row][vc_row][vc_column width=\u00a0\u00bb1\/4&Prime;][\/vc_column][vc_column width=\u00a0\u00bb1\/4&Prime;][\/vc_column][vc_column width=\u00a0\u00bb1\/4&Prime;]\n<div class=\"akt-button-wrapper akt-button-wrapper--align-left\">\n            <a href=\"\/contact\" \n           class=\"akt-button akt-button--medium akt-button--primary\" aria-label=\"Contactez-nous\"                      >\n            <span class=\"akt-button__text\">Contactez-nous<\/span>\n        <\/a>\n    <\/div>[\/vc_column][vc_column width=\u00a0\u00bb1\/4&Prime;][\/vc_column][\/vc_row][\/vc_section][vc_section css=\u00a0\u00bb.vc_custom_1752579807249{background-color: #FFFFFF !important;}\u00a0\u00bb][vc_row][vc_column width=\u00a0\u00bb1\/2&Prime;]\n<h2 class=\"akt-heading akt-heading--inline akt-heading--h2 akt-heading--align-left\">\n            <span class=\"akt-heading__part akt-heading__part--light\">Applications de la lumi\u00e8re UV<\/span>\n                <span class=\"akt-heading__part akt-heading__part--bold\">pour la d\u00e9tection de particules<\/span>\n    <\/h2>[vc_column_text css=\u00a0\u00bb\u00a0\u00bb]Inspection des surfaces : les rayons UV sont utilis\u00e9s pour inspecter les surfaces telles que l&rsquo;acier inoxydable, les plastiques et l&rsquo;aluminium afin de d\u00e9tecter la pr\u00e9sence de contaminants. Dans les salles blanches, m\u00eame les plus petites particules peuvent affecter le processus de production ou la qualit\u00e9 des produits. Les appareils UV permettent de d\u00e9tecter ces particules invisibles et de garantir que les surfaces sont correctement nettoy\u00e9es et entretenues.<\/p>\n<p>&nbsp;<\/p>\n<p>V\u00eatements et lingettes pour salles blanches : la propret\u00e9 des v\u00eatements et des lingettes pour salles blanches est cruciale dans les environnements contr\u00f4l\u00e9s. La lumi\u00e8re noire peut \u00eatre utilis\u00e9e pour v\u00e9rifier si ces textiles sont exempts de particules, garantissant ainsi que le personnel n&rsquo;introduise pas accidentellement de contaminants dans les zones sensibles.<\/p>\n<p>&nbsp;<\/p>\n<p>Contr\u00f4le rapide et efficace de la classe de salle blanche : la d\u00e9tection de particules par UV offre un moyen efficace de v\u00e9rifier la propret\u00e9 des surfaces des salles blanches, souvent difficile \u00e0 \u00e9valuer visuellement. \u00c0 l&rsquo;aide de dispositifs UV, il est possible de d\u00e9terminer rapidement si une surface r\u00e9pond \u00e0 la classe de salle blanche requise et de prendre des mesures correctives si n\u00e9cessaire.[\/vc_column_text][\/vc_column][vc_column width=\u00a0\u00bb1\/2&Prime;][vc_single_image image=\u00a0\u00bb9787&Prime; img_size=\u00a0\u00bbfull\u00a0\u00bb css=\u00a0\u00bb\u00a0\u00bb][vc_column_text css=\u00a0\u00bb\u00a0\u00bb]D\u00e9tection de particules dans une salle blanche \u00e0 l&rsquo;aide d&rsquo;une lumi\u00e8re noire[\/vc_column_text][\/vc_column][\/vc_row][vc_row][vc_column][vc_empty_space height=\u00a0\u00bb50&Prime;]\n<h2 class=\"akt-heading akt-heading--inline akt-heading--h2 akt-heading--align-left\">\n            <span class=\"akt-heading__part akt-heading__part--light\">Avantages de la lumi\u00e8re UV<\/span>\n                <span class=\"akt-heading__part akt-heading__part--bold\">pour la d\u00e9tection de particules<\/span>\n    <\/h2>[vc_column_text css=\u00a0\u00bb\u00a0\u00bb]<\/p>\n<ul>\n<li>Non destructive : la d\u00e9tection des particules par UV est une m\u00e9thode non intrusive qui permet d&rsquo;inspecter les surfaces et les mat\u00e9riaux sans les endommager.<\/li>\n<li>D\u00e9tection rapide : la lumi\u00e8re UV rend la contamination visible, ce qui permet de prendre imm\u00e9diatement des mesures correctives et d&rsquo;am\u00e9liorer l&rsquo;efficacit\u00e9 de la surveillance des salles blanches.<\/li>\n<li>Haute sensibilit\u00e9 : m\u00eame les plus petites particules fluorescentes sont visibles sous la lumi\u00e8re UV, ce qui offre un haut niveau de sensibilit\u00e9 dans la d\u00e9tection de la contamination.<\/li>\n<li>Polyvalence : cette m\u00e9thode peut \u00eatre appliqu\u00e9e \u00e0 une large gamme de surfaces, notamment l&rsquo;acier inoxydable, les plastiques, l&rsquo;aluminium et les textiles, ce qui la rend adapt\u00e9e \u00e0 divers secteurs, tels que l&rsquo;industrie pharmaceutique, l&rsquo;\u00e9lectronique, le m\u00e9dical et la biotechnologie.<\/li>\n<\/ul>\n<p>[\/vc_column_text][\/vc_column][\/vc_row][\/vc_section][vc_section css=\u00a0\u00bb.vc_custom_1765537143326{background-color: #F2F4F6 !important;}\u00a0\u00bb][vc_row][vc_column width=\u00a0\u00bb1\/3&Prime;]\n<h2 class=\"akt-heading akt-heading--block akt-heading--h2 akt-heading--align-left\">\n            <span class=\"akt-heading__part akt-heading__part--light\">Contact<\/span>\n                <span class=\"akt-heading__part akt-heading__part--bold\">et assistance<\/span>\n    <\/h2>[vc_empty_space height=\u00a0\u00bb15px\u00a0\u00bb][\/vc_column][vc_column width=\u00a0\u00bb2\/3&Prime;][vc_column_text css=\u00a0\u00bb\u00a0\u00bb]Vous avez des questions ou besoin d&rsquo;aide pour le contr\u00f4le de la fluorescence ?<\/p>\n<p>Nous sommes l\u00e0 pour vous aider.<\/p>\n<p>Contactez-nous par e-mail \u00e0\u00a0<a href=\"mailto:eleco@hoenle-eleco.com\">eleco@hoenle-eleco.com<\/a>\u00a0ou par t\u00e9l\u00e9phone: +33 (0)1 47 92 41 80.[\/vc_column_text][vc_empty_space height=\u00a0\u00bb15px\u00a0\u00bb]\n<div class=\"akt-button-wrapper akt-button-wrapper--align-left\">\n            <a href=\"\/contact\" \n           class=\"akt-button akt-button--medium akt-button--primary\" aria-label=\"Contactez-nous\"                      >\n            <span class=\"akt-button__text\">Contactez-nous<\/span>\n        <\/a>\n    <\/div>[\/vc_column][\/vc_row][\/vc_section][vc_section css=\u00a0\u00bb.vc_custom_1752579807249{background-color: #FFFFFF !important;}\u00a0\u00bb][vc_row][vc_column width=\u00a0\u00bb1\/3&Prime;]\n<h2 class=\"akt-heading akt-heading--block akt-heading--h2 akt-heading--align-left\">\n            <span class=\"akt-heading__part akt-heading__part--light\">Nos Solutions<\/span>\n                <span class=\"akt-heading__part akt-heading__part--bold\">Fluorescentes<\/span>\n    <\/h2>[vc_empty_space height=\u00a0\u00bb15px\u00a0\u00bb][\/vc_column][vc_column width=\u00a0\u00bb2\/3&Prime;][vc_row_inner][vc_column_inner width=\u00a0\u00bb1\/2&Prime;]\n<div id=\"akt-image-text-4349\" class=\"akt-image-text-single akt-image-text-single--aspect-landscape akt-image-text-single--align-center akt-image-text-single--clickable akt-image-text-single--has-overlay akt-image-text-single--animate-fade-in\">\n    \n                        <a href=\"https:\/\/www.hoenle-eleco.com\/fr\/produits-solutions\/categories-produits\/equipements-dinsolation-uv\/\" \n               class=\"akt-image-text-single__image-link\"\n                                             title=\"\u00c9quipement \u00e0 lumi\u00e8re UV LED\"               aria-label=\"\u00c9quipement \u00e0 lumi\u00e8re UV LED\">\n                \n        <div class=\"akt-image-text-single__image-container\">\n            <img decoding=\"async\" src=\"https:\/\/www.hoenle-eleco.com\/wp-content\/uploads\/Connector-Bonding-UV-adhesive.jpg\" \n                 srcset=\"https:\/\/www.hoenle-eleco.com\/wp-content\/uploads\/Connector-Bonding-UV-adhesive.jpg 1500w, https:\/\/www.hoenle-eleco.com\/wp-content\/uploads\/Connector-Bonding-UV-adhesive-300x225.jpg 300w, https:\/\/www.hoenle-eleco.com\/wp-content\/uploads\/Connector-Bonding-UV-adhesive-1024x768.jpg 1024w, https:\/\/www.hoenle-eleco.com\/wp-content\/uploads\/Connector-Bonding-UV-adhesive-768x576.jpg 768w\"                 sizes=\"(max-width: 768px) 100vw, (max-width: 1024px) 50vw, 33vw\"\n                 alt=\"\u00c9quipement \u00e0 lumi\u00e8re UV LED\" \n                 class=\"akt-image-text-single__image\" \n                 loading=\"lazy\" \/>\n        <\/div>\n        \n                    <\/a>\n            \n            <div class=\"akt-image-text-single__text-container\">\n                            <a href=\"https:\/\/www.hoenle-eleco.com\/fr\/produits-solutions\/categories-produits\/equipements-dinsolation-uv\/\" \n                   class=\"akt-image-text-single__text-link\"\n                                                         title=\"\u00c9quipement \u00e0 lumi\u00e8re UV LED\"                   aria-label=\"\u00c9quipement \u00e0 lumi\u00e8re UV LED\">\n                        \n            <h3 class=\"akt-image-text-single__text\">\u00c9quipement \u00e0 lumi\u00e8re UV LED<\/h3>\n            \n                            <\/a>\n                    <\/div>\n    \n<\/div>[\/vc_column_inner][vc_column_inner width=\u00a0\u00bb1\/2&Prime;]\n<div id=\"akt-image-text-1734\" class=\"akt-image-text-single akt-image-text-single--aspect-landscape akt-image-text-single--align-center akt-image-text-single--clickable akt-image-text-single--has-overlay akt-image-text-single--animate-fade-in\">\n    \n                        <a href=\"https:\/\/www.hoenle-eleco.com\/fr\/produits-solutions\/colles-industrielles\/colles-uv\/\" \n               class=\"akt-image-text-single__image-link\"\n                                             title=\"UV Adhesives\"               aria-label=\"Colles fluorescentes\">\n                \n        <div class=\"akt-image-text-single__image-container\">\n            <img decoding=\"async\" src=\"https:\/\/www.hoenle-eleco.com\/wp-content\/uploads\/dialysefilter-mit-fluoreszierendem-kleber-bonding-dialysis-filter-with-fluorescing-glue.jpeg\" \n                                  sizes=\"(max-width: 768px) 100vw, (max-width: 1024px) 50vw, 33vw\"\n                 alt=\"Colles fluorescentes\" \n                 class=\"akt-image-text-single__image\" \n                 loading=\"lazy\" \/>\n        <\/div>\n        \n                    <\/a>\n            \n            <div class=\"akt-image-text-single__text-container\">\n                            <a href=\"https:\/\/www.hoenle-eleco.com\/fr\/produits-solutions\/colles-industrielles\/colles-uv\/\" \n                   class=\"akt-image-text-single__text-link\"\n                                                         title=\"UV Adhesives\"                   aria-label=\"Colles fluorescentes\">\n                        \n            <h3 class=\"akt-image-text-single__text\">Colles fluorescentes<\/h3>\n            \n                            <\/a>\n                    <\/div>\n    \n<\/div>[\/vc_column_inner][\/vc_row_inner][\/vc_column][\/vc_row][\/vc_section]<\/p>\n<\/div>","protected":false},"excerpt":{"rendered":"<p>[vc_section css=\u00a0\u00bb.vc_custom_1752143461288{background-color: #F2F4F6 !important;}\u00a0\u00bb][vc_row][vc_column width=\u00a0\u00bb1\/2&Prime;][\/vc_column][vc_column width=\u00a0\u00bb1\/2&Prime;][vc_column_text css=\u00a0\u00bb\u00a0\u00bb]La d\u00e9tection de particules dans les salles blanches \u00e0 l&rsquo;aide d&rsquo;une lumi\u00e8re noire est [&hellip;]<\/p>\n","protected":false},"author":9,"featured_media":0,"parent":9775,"menu_order":0,"comment_status":"closed","ping_status":"closed","template":"","meta":{"site-sidebar-layout":"no-sidebar","site-content-layout":"plain-container","ast-site-content-layout":"default","site-content-style":"default","site-sidebar-style":"default","ast-global-header-display":"","ast-banner-title-visibility":"","ast-main-header-display":"","ast-hfb-above-header-display":"","ast-hfb-below-header-display":"","ast-hfb-mobile-header-display":"","site-post-title":"disabled","ast-breadcrumbs-content":"","ast-featured-img":"disabled","footer-sml-layout":"","theme-transparent-header-meta":"default","adv-header-id-meta":"","stick-header-meta":"","header-above-stick-meta":"","header-main-stick-meta":"","header-below-stick-meta":"","astra-migrate-meta-layouts":"set","ast-page-background-enabled":"default","ast-page-background-meta":{"desktop":{"background-color":"var(--ast-global-color-5)","background-image":"","background-repeat":"repeat","background-position":"center center","background-size":"auto","background-attachment":"scroll","background-type":"","background-media":"","overlay-type":"","overlay-color":"","overlay-opacity":"","overlay-gradient":""},"tablet":{"background-color":"","background-image":"","background-repeat":"repeat","background-position":"center center","background-size":"auto","background-attachment":"scroll","background-type":"","background-media":"","overlay-type":"","overlay-color":"","overlay-opacity":"","overlay-gradient":""},"mobile":{"background-color":"","background-image":"","background-repeat":"repeat","background-position":"center center","background-size":"auto","background-attachment":"scroll","background-type":"","background-media":"","overlay-type":"","overlay-color":"","overlay-opacity":"","overlay-gradient":""}},"ast-content-background-meta":{"desktop":{"background-color":"var(--ast-global-color-4)","background-image":"","background-repeat":"repeat","background-position":"center center","background-size":"auto","background-attachment":"scroll","background-type":"","background-media":"","overlay-type":"","overlay-color":"","overlay-opacity":"","overlay-gradient":""},"tablet":{"background-color":"var(--ast-global-color-4)","background-image":"","background-repeat":"repeat","background-position":"center center","background-size":"auto","background-attachment":"scroll","background-type":"","background-media":"","overlay-type":"","overlay-color":"","overlay-opacity":"","overlay-gradient":""},"mobile":{"background-color":"var(--ast-global-color-4)","background-image":"","background-repeat":"repeat","background-position":"center center","background-size":"auto","background-attachment":"scroll","background-type":"","background-media":"","overlay-type":"","overlay-color":"","overlay-opacity":"","overlay-gradient":""}},"footnotes":""},"class_list":["post-9889","page","type-page","status-publish","hentry"],"_links":{"self":[{"href":"https:\/\/www.hoenle-eleco.com\/fr\/wp-json\/wp\/v2\/pages\/9889","targetHints":{"allow":["GET"]}}],"collection":[{"href":"https:\/\/www.hoenle-eleco.com\/fr\/wp-json\/wp\/v2\/pages"}],"about":[{"href":"https:\/\/www.hoenle-eleco.com\/fr\/wp-json\/wp\/v2\/types\/page"}],"author":[{"embeddable":true,"href":"https:\/\/www.hoenle-eleco.com\/fr\/wp-json\/wp\/v2\/users\/9"}],"replies":[{"embeddable":true,"href":"https:\/\/www.hoenle-eleco.com\/fr\/wp-json\/wp\/v2\/comments?post=9889"}],"version-history":[{"count":7,"href":"https:\/\/www.hoenle-eleco.com\/fr\/wp-json\/wp\/v2\/pages\/9889\/revisions"}],"predecessor-version":[{"id":10207,"href":"https:\/\/www.hoenle-eleco.com\/fr\/wp-json\/wp\/v2\/pages\/9889\/revisions\/10207"}],"up":[{"embeddable":true,"href":"https:\/\/www.hoenle-eleco.com\/fr\/wp-json\/wp\/v2\/pages\/9775"}],"wp:attachment":[{"href":"https:\/\/www.hoenle-eleco.com\/fr\/wp-json\/wp\/v2\/media?parent=9889"}],"curies":[{"name":"wp","href":"https:\/\/api.w.org\/{rel}","templated":true}]}}