{"id":9775,"date":"2025-11-25T16:45:20","date_gmt":"2025-11-25T15:45:20","guid":{"rendered":"https:\/\/www.hoenle-eleco.com\/?page_id=9775"},"modified":"2026-01-29T11:12:36","modified_gmt":"2026-01-29T10:12:36","slug":"controle-de-fluorescence","status":"publish","type":"page","link":"https:\/\/www.hoenle-eleco.com\/fr\/applications\/controle-de-fluorescence\/","title":{"rendered":"Contr\u00f4le de fluorescence"},"content":{"rendered":"<div class=\"wpb-content-wrapper\"><p>[vc_section css=\u00a0\u00bb.vc_custom_1752143461288{background-color: #F2F4F6 !important;}\u00a0\u00bb][vc_row][vc_column width=\u00a0\u00bb1\/2&Prime;]\n<h1 class=\"akt-heading akt-heading--block akt-heading--h1 akt-heading--align-left\">\n            <span class=\"akt-heading__part akt-heading__part--light\">Contr\u00f4le de fluorescence<\/span>\n                <span class=\"akt-heading__part akt-heading__part--bold\">Avec lumi\u00e8re noire<\/span>\n    <\/h1>[\/vc_column][vc_column width=\u00a0\u00bb1\/2&Prime;][vc_column_text css=\u00a0\u00bb\u00a0\u00bb]La technologie UV joue un r\u00f4le crucial dans le contr\u00f4le qualit\u00e9, car elle offre une m\u00e9thode non invasive pour d\u00e9tecter les d\u00e9fauts et v\u00e9rifier l&rsquo;int\u00e9grit\u00e9 des produits. Les particules fluorescentes pr\u00e9sentes dans des substances telles que les adh\u00e9sifs, les graisses et les huiles peuvent \u00eatre rendues visibles gr\u00e2ce \u00e0 l&rsquo;utilisation d&rsquo;un rayonnement UVA \u00e0 bande \u00e9troite, ce qui permet d&rsquo;obtenir des informations claires et pr\u00e9cises sur les processus de fabrication. Cette technique est g\u00e9n\u00e9ralement mise en \u0153uvre \u00e0 l&rsquo;aide de filtres \u00e0 lumi\u00e8re noire sur des syst\u00e8mes UV standard ou, pour des r\u00e9sultats plus efficaces, \u00e0 l&rsquo;aide de LED UV.<\/p>\n<p>&nbsp;<\/p>\n<p>Dans les applications industrielles, il est essentiel de garantir la fiabilit\u00e9 et la coh\u00e9rence des mat\u00e9riaux. Les particules fluorescentes pr\u00e9sentes dans des substances telles que les lubrifiants, les rev\u00eatements et les adh\u00e9sifs passent souvent inaper\u00e7ues sous une lumi\u00e8re normale. Cependant, lorsqu&rsquo;elles sont expos\u00e9es \u00e0 un rayonnement UV, ces particules deviennent fluorescentes et visibles. Ce processus permet de d\u00e9tecter les contaminants, les applications excessives ou le mauvais placement de mat\u00e9riaux qui pourraient autrement compromettre la qualit\u00e9 du produit final.[\/vc_column_text][\/vc_column][\/vc_row][vc_row][vc_column width=\u00a0\u00bb1\/4&Prime;][\/vc_column][vc_column width=\u00a0\u00bb1\/4&Prime;][\/vc_column][vc_column width=\u00a0\u00bb1\/4&Prime;]\n<div class=\"akt-button-wrapper akt-button-wrapper--align-left\">\n            <a href=\"\/contact\" \n           class=\"akt-button akt-button--medium akt-button--primary\" aria-label=\"Contactez-nous\"                      >\n            <span class=\"akt-button__text\">Contactez-nous<\/span>\n        <\/a>\n    <\/div>[\/vc_column][vc_column width=\u00a0\u00bb1\/4&Prime;][\/vc_column][\/vc_row][\/vc_section][vc_section css=\u00a0\u00bb.vc_custom_1752579807249{background-color: #FFFFFF !important;}\u00a0\u00bb][vc_row][vc_column]\n<h2 class=\"akt-heading akt-heading--inline akt-heading--h2 akt-heading--align-left\">\n            <span class=\"akt-heading__part akt-heading__part--light\">Contr\u00f4le de la fluorescence avec une lumi\u00e8re UV<\/span>\n                <span class=\"akt-heading__part akt-heading__part--bold\">est essentiel dans de nombreuses applications<\/span>\n    <\/h2>\n<div class=\"akt-grid akt-grid--columns-2 akt-grid--align-center akt-grid--aspect-16_9 akt-grid--hover akt-grid--fit-cover akt-grid--animation-fade_in\" \n     id=\"akt-grid-69dfc882f25cb\"\n     data-columns=\"2\"\n     data-animation=\"fade-in\">\n\n            <style>@media (max-width: 768px) { #akt-grid-69dfc882f25cb .akt-grid__content { background-color: #ffffff; } }<\/style>\n         \n    \n            <div class=\"akt-grid__container\">\n                                            \n                <div class=\"akt-grid__item\" \n                     data-index=\"0\"\n                     style=\"--animation-delay: 0s\">\n                    \n                                            <a href=\"http:\/\/www.hoenle-eleco.com\/fr\/applications\/controle-de-fluorescence\/surveillance-dosage-precis\/\"\n                                                                                     title=\"Precise Dispensing\"\n                                                      class=\"akt-grid__item-link\">\n                                        \n                                            <div class=\"akt-grid__image akt-grid__image--16_9\">\n                            <img decoding=\"async\" src=\"https:\/\/www.hoenle-eleco.com\/wp-content\/uploads\/CIPG-UV-light-fluorescence.jpg\" \n                                 alt=\"Surveillance du dosage pr\u00e9cis\" \n                                 class=\"akt-grid__image-element\"\n                                 loading=\"lazy\"\n                                 width=\"1000\"\n                                 height=\"563\">\n                        <\/div>\n                                        \n                                            <div class=\"akt-grid__content\">\n                                                            <h3 class=\"akt-grid__title\">Surveillance du dosage pr\u00e9cis<\/h3>\n                                                        \n                                                            <p class=\"akt-grid__description\">Dans la fabrication industrielle, un dosage pr\u00e9cis est essentiel pour garantir l&#039;application pr\u00e9cise des fluides.<\/p>\n                                                    <\/div>\n                                        \n                                            <\/a>\n                                    <\/div>\n                \n                                            \n                <div class=\"akt-grid__item\" \n                     data-index=\"1\"\n                     style=\"--animation-delay: 0s\">\n                    \n                                            <a href=\"https:\/\/www.hoenle-eleco.com\/fr\/applications\/controle-de-fluorescence\/controle-non-destructif-avec-lumiere-noire\/\"\n                                                                                     title=\"NDT\"\n                                                      class=\"akt-grid__item-link\">\n                                        \n                                            <div class=\"akt-grid__image akt-grid__image--16_9\">\n                            <img decoding=\"async\" src=\"https:\/\/www.hoenle-eleco.com\/wp-content\/uploads\/Fluorescence-control-of-turbine.jpg\" \n                                 alt=\"Contr\u00f4le non destructif \u00e0 la lumi\u00e8re UV\" \n                                 class=\"akt-grid__image-element\"\n                                 loading=\"lazy\"\n                                 width=\"693\"\n                                 height=\"430\">\n                        <\/div>\n                                        \n                                            <div class=\"akt-grid__content\">\n                                                            <h3 class=\"akt-grid__title\">Contr\u00f4le non destructif \u00e0 la lumi\u00e8re UV<\/h3>\n                                                        \n                                                            <p class=\"akt-grid__description\">Les essais non destructifs (END) sont un processus essentiel utilis\u00e9 pour examiner les mat\u00e9riaux et les composants sans les endommager.<\/p>\n                                                    <\/div>\n                                        \n                                            <\/a>\n                                    <\/div>\n                \n                                            \n                <div class=\"akt-grid__item\" \n                     data-index=\"2\"\n                     style=\"--animation-delay: 0s\">\n                    \n                                            <a href=\"https:\/\/www.hoenle-eleco.com\/fr\/applications\/controle-de-fluorescence\/controle-authenticite\/\"\n                                                                                     title=\"Contr\u00f4le d&#039;authenticit\u00e9\"\n                                                      class=\"akt-grid__item-link\">\n                                        \n                                            <div class=\"akt-grid__image akt-grid__image--16_9\">\n                            <img decoding=\"async\" src=\"https:\/\/www.hoenle-eleco.com\/wp-content\/uploads\/Ancient-Painting-under-Black-light.jpg\" \n                                 alt=\"Contr\u00f4le d&#039;authenticit\u00e9 \u00e0 la lumi\u00e8re noire\" \n                                 class=\"akt-grid__image-element\"\n                                 loading=\"lazy\"\n                                 width=\"1000\"\n                                 height=\"750\">\n                        <\/div>\n                                        \n                                            <div class=\"akt-grid__content\">\n                                                            <h3 class=\"akt-grid__title\">Contr\u00f4le d&#039;authenticit\u00e9 \u00e0 la lumi\u00e8re noire<\/h3>\n                                                        \n                                                            <p class=\"akt-grid__description\">Le contr\u00f4le d&#039;authenticit\u00e9 \u00e0 la lumi\u00e8re noire est une m\u00e9thode simple mais efficace pour v\u00e9rifier l&#039;authenticit\u00e9 de documents, de billets de banque, d&#039;\u0153uvres d&#039;art ou de produits.<\/p>\n                                                    <\/div>\n                                        \n                                            <\/a>\n                                    <\/div>\n                \n                                            \n                <div class=\"akt-grid__item\" \n                     data-index=\"3\"\n                     style=\"--animation-delay: 0s\">\n                    \n                                            <a href=\"https:\/\/www.hoenle-eleco.com\/fr\/applications\/controle-de-fluorescence\/detection-de-particules-dans-les-salles-blanches\/\"\n                                                                                     title=\"D\u00e9tection de particules\"\n                                                      class=\"akt-grid__item-link\">\n                                        \n                                            <div class=\"akt-grid__image akt-grid__image--16_9\">\n                            <img decoding=\"async\" src=\"https:\/\/www.hoenle-eleco.com\/wp-content\/uploads\/Particle-Detection-in-Cleanroom-with-UVA-HAND-LED.jpg\" \n                                 alt=\"D\u00e9tection de particules dans les salles blanches \u00e0 l&#039;aide de lumi\u00e8re UV\" \n                                 class=\"akt-grid__image-element\"\n                                 loading=\"lazy\"\n                                 width=\"1000\"\n                                 height=\"667\">\n                        <\/div>\n                                        \n                                            <div class=\"akt-grid__content\">\n                                                            <h3 class=\"akt-grid__title\">D\u00e9tection de particules dans les salles blanches \u00e0 l&#039;aide de lumi\u00e8re UV<\/h3>\n                                                        \n                                                            <p class=\"akt-grid__description\">La d\u00e9tection de particules dans les salles blanches \u00e0 l&#039;aide de rayons UV est une m\u00e9thode tr\u00e8s efficace pour visualiser les contaminants qui sont autrement invisibles. Le rayonnement UV provoque la fluorescence de certaines particules, les rendant ainsi visibles \u00e0 la surface.<\/p>\n                                                    <\/div>\n                                        \n                                            <\/a>\n                                    <\/div>\n                \n                    <\/div>\n        \n<\/div>[\/vc_column][\/vc_row][\/vc_section][vc_section css=\u00a0\u00bb.vc_custom_1765537143326{background-color: #F2F4F6 !important;}\u00a0\u00bb][vc_row][vc_column width=\u00a0\u00bb1\/3&Prime;]\n<h2 class=\"akt-heading akt-heading--block akt-heading--h2 akt-heading--align-left\">\n            <span class=\"akt-heading__part akt-heading__part--light\">Contact<\/span>\n                <span class=\"akt-heading__part akt-heading__part--bold\">et assistance<\/span>\n    <\/h2>[vc_empty_space height=\u00a0\u00bb15px\u00a0\u00bb][\/vc_column][vc_column width=\u00a0\u00bb2\/3&Prime;][vc_column_text css=\u00a0\u00bb\u00a0\u00bb]Vous avez des questions ou besoin d&rsquo;aide pour le contr\u00f4le de la fluorescence ?<\/p>\n<p>Nous sommes l\u00e0 pour vous aider.<\/p>\n<p>Contactez-nous par e-mail \u00e0\u00a0<a href=\"mailto:eleco@hoenle-eleco.com\">eleco@hoenle-eleco.com<\/a>\u00a0ou par t\u00e9l\u00e9phone: +33 (0)1 47 92 41 80.[\/vc_column_text][vc_empty_space height=\u00a0\u00bb15px\u00a0\u00bb]\n<div class=\"akt-button-wrapper akt-button-wrapper--align-left\">\n            <a href=\"\/contact\" \n           class=\"akt-button akt-button--medium akt-button--primary\" aria-label=\"Contactez-nous\"                      >\n            <span class=\"akt-button__text\">Contactez-nous<\/span>\n        <\/a>\n    <\/div>[\/vc_column][\/vc_row][\/vc_section][vc_section css=\u00a0\u00bb.vc_custom_1752579807249{background-color: #FFFFFF !important;}\u00a0\u00bb][vc_row][vc_column width=\u00a0\u00bb1\/3&Prime;]\n<h2 class=\"akt-heading akt-heading--block akt-heading--h2 akt-heading--align-left\">\n            <span class=\"akt-heading__part akt-heading__part--light\">Nos Solutions<\/span>\n                <span class=\"akt-heading__part akt-heading__part--bold\">Fluorescentes<\/span>\n    <\/h2>[vc_empty_space height=\u00a0\u00bb15px\u00a0\u00bb][\/vc_column][vc_column width=\u00a0\u00bb2\/3&Prime;][vc_row_inner][vc_column_inner width=\u00a0\u00bb1\/2&Prime;]\n<div id=\"akt-image-text-6158\" class=\"akt-image-text-single akt-image-text-single--aspect-landscape akt-image-text-single--align-center akt-image-text-single--clickable akt-image-text-single--has-overlay akt-image-text-single--animate-fade-in\">\n    \n                        <a href=\"https:\/\/www.hoenle-eleco.com\/fr\/produits-solutions\/categories-produits\/equipements-dinsolation-uv\/\" \n               class=\"akt-image-text-single__image-link\"\n                                             title=\"\u00c9quipement \u00e0 lumi\u00e8re UV LED\"               aria-label=\"\u00c9quipement \u00e0 lumi\u00e8re UV LED\">\n                \n        <div class=\"akt-image-text-single__image-container\">\n            <img decoding=\"async\" src=\"https:\/\/www.hoenle-eleco.com\/wp-content\/uploads\/Connector-Bonding-UV-adhesive.jpg\" \n                 srcset=\"https:\/\/www.hoenle-eleco.com\/wp-content\/uploads\/Connector-Bonding-UV-adhesive.jpg 1500w, https:\/\/www.hoenle-eleco.com\/wp-content\/uploads\/Connector-Bonding-UV-adhesive-300x225.jpg 300w, https:\/\/www.hoenle-eleco.com\/wp-content\/uploads\/Connector-Bonding-UV-adhesive-1024x768.jpg 1024w, https:\/\/www.hoenle-eleco.com\/wp-content\/uploads\/Connector-Bonding-UV-adhesive-768x576.jpg 768w\"                 sizes=\"(max-width: 768px) 100vw, (max-width: 1024px) 50vw, 33vw\"\n                 alt=\"\u00c9quipement \u00e0 lumi\u00e8re UV LED\" \n                 class=\"akt-image-text-single__image\" \n                 loading=\"lazy\" \/>\n        <\/div>\n        \n                    <\/a>\n            \n            <div class=\"akt-image-text-single__text-container\">\n                            <a href=\"https:\/\/www.hoenle-eleco.com\/fr\/produits-solutions\/categories-produits\/equipements-dinsolation-uv\/\" \n                   class=\"akt-image-text-single__text-link\"\n                                                         title=\"\u00c9quipement \u00e0 lumi\u00e8re UV LED\"                   aria-label=\"\u00c9quipement \u00e0 lumi\u00e8re UV LED\">\n                        \n            <h3 class=\"akt-image-text-single__text\">\u00c9quipement \u00e0 lumi\u00e8re UV LED<\/h3>\n            \n                            <\/a>\n                    <\/div>\n    \n<\/div>[\/vc_column_inner][vc_column_inner width=\u00a0\u00bb1\/2&Prime;]\n<div id=\"akt-image-text-1599\" class=\"akt-image-text-single akt-image-text-single--aspect-landscape akt-image-text-single--align-center akt-image-text-single--clickable akt-image-text-single--has-overlay akt-image-text-single--animate-fade-in\">\n    \n                        <a href=\"https:\/\/www.hoenle-eleco.com\/fr\/produits-solutions\/colles-industrielles\/colles-uv\/\" \n               class=\"akt-image-text-single__image-link\"\n                                             title=\"UV Adhesives\"               aria-label=\"Colles fluorescentes\">\n                \n        <div class=\"akt-image-text-single__image-container\">\n            <img decoding=\"async\" src=\"https:\/\/www.hoenle-eleco.com\/wp-content\/uploads\/dialysefilter-mit-fluoreszierendem-kleber-bonding-dialysis-filter-with-fluorescing-glue.jpeg\" \n                                  sizes=\"(max-width: 768px) 100vw, (max-width: 1024px) 50vw, 33vw\"\n                 alt=\"Colles fluorescentes\" \n                 class=\"akt-image-text-single__image\" \n                 loading=\"lazy\" \/>\n        <\/div>\n        \n                    <\/a>\n            \n            <div class=\"akt-image-text-single__text-container\">\n                            <a href=\"https:\/\/www.hoenle-eleco.com\/fr\/produits-solutions\/colles-industrielles\/colles-uv\/\" \n                   class=\"akt-image-text-single__text-link\"\n                                                         title=\"UV Adhesives\"                   aria-label=\"Colles fluorescentes\">\n                        \n            <h3 class=\"akt-image-text-single__text\">Colles fluorescentes<\/h3>\n            \n                            <\/a>\n                    <\/div>\n    \n<\/div>[\/vc_column_inner][\/vc_row_inner][\/vc_column][\/vc_row][\/vc_section]<\/p>\n<\/div>","protected":false},"excerpt":{"rendered":"<p>[vc_section css=\u00a0\u00bb.vc_custom_1752143461288{background-color: #F2F4F6 !important;}\u00a0\u00bb][vc_row][vc_column width=\u00a0\u00bb1\/2&Prime;][\/vc_column][vc_column width=\u00a0\u00bb1\/2&Prime;][vc_column_text css=\u00a0\u00bb\u00a0\u00bb]La technologie UV joue un r\u00f4le crucial dans le contr\u00f4le qualit\u00e9, car elle offre [&hellip;]<\/p>\n","protected":false},"author":9,"featured_media":0,"parent":5574,"menu_order":1,"comment_status":"closed","ping_status":"closed","template":"","meta":{"site-sidebar-layout":"no-sidebar","site-content-layout":"plain-container","ast-site-content-layout":"default","site-content-style":"default","site-sidebar-style":"default","ast-global-header-display":"","ast-banner-title-visibility":"","ast-main-header-display":"","ast-hfb-above-header-display":"","ast-hfb-below-header-display":"","ast-hfb-mobile-header-display":"","site-post-title":"disabled","ast-breadcrumbs-content":"","ast-featured-img":"disabled","footer-sml-layout":"","theme-transparent-header-meta":"default","adv-header-id-meta":"","stick-header-meta":"","header-above-stick-meta":"","header-main-stick-meta":"","header-below-stick-meta":"","astra-migrate-meta-layouts":"set","ast-page-background-enabled":"default","ast-page-background-meta":{"desktop":{"background-color":"var(--ast-global-color-5)","background-image":"","background-repeat":"repeat","background-position":"center center","background-size":"auto","background-attachment":"scroll","background-type":"","background-media":"","overlay-type":"","overlay-color":"","overlay-opacity":"","overlay-gradient":""},"tablet":{"background-color":"","background-image":"","background-repeat":"repeat","background-position":"center center","background-size":"auto","background-attachment":"scroll","background-type":"","background-media":"","overlay-type":"","overlay-color":"","overlay-opacity":"","overlay-gradient":""},"mobile":{"background-color":"","background-image":"","background-repeat":"repeat","background-position":"center center","background-size":"auto","background-attachment":"scroll","background-type":"","background-media":"","overlay-type":"","overlay-color":"","overlay-opacity":"","overlay-gradient":""}},"ast-content-background-meta":{"desktop":{"background-color":"var(--ast-global-color-4)","background-image":"","background-repeat":"repeat","background-position":"center center","background-size":"auto","background-attachment":"scroll","background-type":"","background-media":"","overlay-type":"","overlay-color":"","overlay-opacity":"","overlay-gradient":""},"tablet":{"background-color":"var(--ast-global-color-4)","background-image":"","background-repeat":"repeat","background-position":"center center","background-size":"auto","background-attachment":"scroll","background-type":"","background-media":"","overlay-type":"","overlay-color":"","overlay-opacity":"","overlay-gradient":""},"mobile":{"background-color":"var(--ast-global-color-4)","background-image":"","background-repeat":"repeat","background-position":"center center","background-size":"auto","background-attachment":"scroll","background-type":"","background-media":"","overlay-type":"","overlay-color":"","overlay-opacity":"","overlay-gradient":""}},"footnotes":""},"class_list":["post-9775","page","type-page","status-publish","hentry"],"_links":{"self":[{"href":"https:\/\/www.hoenle-eleco.com\/fr\/wp-json\/wp\/v2\/pages\/9775","targetHints":{"allow":["GET"]}}],"collection":[{"href":"https:\/\/www.hoenle-eleco.com\/fr\/wp-json\/wp\/v2\/pages"}],"about":[{"href":"https:\/\/www.hoenle-eleco.com\/fr\/wp-json\/wp\/v2\/types\/page"}],"author":[{"embeddable":true,"href":"https:\/\/www.hoenle-eleco.com\/fr\/wp-json\/wp\/v2\/users\/9"}],"replies":[{"embeddable":true,"href":"https:\/\/www.hoenle-eleco.com\/fr\/wp-json\/wp\/v2\/comments?post=9775"}],"version-history":[{"count":13,"href":"https:\/\/www.hoenle-eleco.com\/fr\/wp-json\/wp\/v2\/pages\/9775\/revisions"}],"predecessor-version":[{"id":10219,"href":"https:\/\/www.hoenle-eleco.com\/fr\/wp-json\/wp\/v2\/pages\/9775\/revisions\/10219"}],"up":[{"embeddable":true,"href":"https:\/\/www.hoenle-eleco.com\/fr\/wp-json\/wp\/v2\/pages\/5574"}],"wp:attachment":[{"href":"https:\/\/www.hoenle-eleco.com\/fr\/wp-json\/wp\/v2\/media?parent=9775"}],"curies":[{"name":"wp","href":"https:\/\/api.w.org\/{rel}","templated":true}]}}