{"id":9421,"date":"2025-11-11T17:16:32","date_gmt":"2025-11-11T16:16:32","guid":{"rendered":"https:\/\/www.hoenle-eleco.com\/?page_id=9421"},"modified":"2026-02-03T17:45:09","modified_gmt":"2026-02-03T16:45:09","slug":"colles-uv","status":"publish","type":"page","link":"https:\/\/www.hoenle-eleco.com\/fr\/produits-solutions\/categories-produits\/colles-industrielles\/colles-uv\/","title":{"rendered":"Colles UV"},"content":{"rendered":"<div class=\"wpb-content-wrapper\"><p>[vc_section css=\u00a0\u00bb.vc_custom_1752143461288{background-color: #F2F4F6 !important;}\u00a0\u00bb][vc_row][vc_column width=\u00a0\u00bb1\/2&Prime;]\n<h1 class=\"akt-heading akt-heading--inline akt-heading--h1 akt-heading--align-left\">\n            <span class=\"akt-heading__part akt-heading__part--light\">Colles<\/span>\n                <span class=\"akt-heading__part akt-heading__part--bold\">UV<\/span>\n    <\/h1>[\/vc_column][vc_column width=\u00a0\u00bb1\/2&Prime;][vc_column_text css=\u00a0\u00bb\u00a0\u00bb]Les colles UV sont des r\u00e9sines avanc\u00e9es \u00e0 base d&rsquo;acrylate ou d&rsquo;\u00e9poxy qui polym\u00e9risent rapidement lorsqu&rsquo;elles sont expos\u00e9es \u00e0 la lumi\u00e8re ultraviolette (UV). Gr\u00e2ce \u00e0 la polym\u00e9risation sous irradiation UV, ces colles forment des liaisons solides et durables en quelques secondes, ce qui acc\u00e9l\u00e8re consid\u00e9rablement les processus de production et am\u00e9liore l&rsquo;efficacit\u00e9.<\/p>\n<p>Gr\u00e2ce \u00e0 leur polym\u00e9risation instantan\u00e9, leur excellente transparence et leur grande r\u00e9sistance, les colles UV sont largement utilis\u00e9es dans la fabrication industrielle, notamment dans l&rsquo;\u00e9lectronique, les dispositifs m\u00e9dicaux, l&rsquo;optique, le verre et l&rsquo;assemblage de plastiques. Leur capacit\u00e9 \u00e0 fournir des r\u00e9sultats pr\u00e9cis, propres et constants les rend id\u00e9ales pour les environnements de production automatis\u00e9s et \u00e0 grand volume.[\/vc_column_text]\n<div class=\"akt-button-wrapper akt-button-wrapper--align-left\">\n            <a href=\"https:\/\/www.hoenle-eleco.com\/fr\/contact\/\" \n           class=\"akt-button akt-button--medium akt-button--primary\" title=\"Contact\" aria-label=\"Contact\"                      >\n            <span class=\"akt-button__text\">Demander une consultation<\/span>\n        <\/a>\n    <\/div>[\/vc_column][\/vc_row][\/vc_section][vc_section css=\u00a0\u00bb.vc_custom_1752579807249{background-color: #FFFFFF !important;}\u00a0\u00bb][vc_row][vc_column width=\u00a0\u00bb1\/2&Prime;]\n<h2 class=\"akt-heading akt-heading--inline akt-heading--h2 akt-heading--align-left\">\n            <span class=\"akt-heading__part akt-heading__part--light\">Nouveaut\u00e9:<\/span>\n                <span class=\"akt-heading__part akt-heading__part--bold\">polym\u00e9risation UV pour les \u00e9poxydes noirs<\/span>\n    <\/h2>[vc_column_text css=\u00a0\u00bb\u00a0\u00bb]D\u00e9couvrez la puissance de notre technologie Black&amp;Light, une solution innovante qui permet le polym\u00e9risation UV compl\u00e8te des colles \u00e9poxy noires, m\u00eame en couches \u00e9paisses. Contrairement aux syst\u00e8mes conventionnels qui reposent sur des m\u00e9canismes de polym\u00e9risation secondaires, Black&amp;Light permet une polym\u00e9risation compl\u00e8te, uniquement \u00e0 la lumi\u00e8re, gr\u00e2ce \u00e0 une technologie LED UV avanc\u00e9e.<\/p>\n<p>&nbsp;<\/p>\n<p>Cette avanc\u00e9e ouvre de nouvelles possibilit\u00e9s en termes d&rsquo;efficacit\u00e9 des processus, de flexibilit\u00e9 de conception et de performances des mat\u00e9riaux, en particulier dans les applications o\u00f9 la vitesse, la pr\u00e9cision et la fiabilit\u00e9 sont essentielles.[\/vc_column_text]\n<div class=\"akt-button-wrapper akt-button-wrapper--align-left\">\n            <a href=\"https:\/\/www.hoenle-eleco.com\/fr\/produits-solutions\/colles-industrielles\/blacklight\/\" \n           class=\"akt-button akt-button--medium akt-button--primary\" title=\"Black&amp;Light Technology\" aria-label=\"Black&amp;Light Technology\"                      >\n            <span class=\"akt-button__text\">Colles Black&amp;Light<\/span>\n        <\/a>\n    <\/div>[\/vc_column][vc_column width=\u00a0\u00bb1\/2&Prime;][vc_single_image image=\u00a0\u00bb6587&Prime; img_size=\u00a0\u00bbfull\u00a0\u00bb css=\u00a0\u00bb\u00a0\u00bb][vc_column_text css=\u00a0\u00bb\u00a0\u00bb]Les colles UV noires sont opaques et prot\u00e8gent les composants sensibles des cartes de circuits imprim\u00e9s.[\/vc_column_text][\/vc_column][\/vc_row][\/vc_section][vc_section css=\u00a0\u00bb.vc_custom_1761833323808{background-color: #F2F4F6 !important;}\u00a0\u00bb][vc_row][vc_column width=\u00a0\u00bb1\/2&Prime;][vc_single_image image=\u00a0\u00bb6610&Prime; img_size=\u00a0\u00bbfull\u00a0\u00bb css=\u00a0\u00bb\u00a0\u00bb][vc_column_text css=\u00a0\u00bb\u00a0\u00bb]Les colles UV dual-curing sont utilis\u00e9es, par exemple, pour coller des connecteurs.[\/vc_column_text][\/vc_column][vc_column width=\u00a0\u00bb1\/2&Prime;]\n<h2 class=\"akt-heading akt-heading--inline akt-heading--h2 akt-heading--align-left\">\n            <span class=\"akt-heading__part akt-heading__part--light\">Colles Dual-Curing<\/span>\n                <span class=\"akt-heading__part akt-heading__part--bold\">id\u00e9al pour les zones ombrag\u00e9es<\/span>\n    <\/h2>[vc_column_text css=\u00a0\u00bb\u00a0\u00bb]Les colles UV \u00e0 double polym\u00e9risation combinent la rapidit\u00e9 de la polym\u00e9risation par rayonnement UV avec un m\u00e9canisme de polym\u00e9risation secondaire tel que l&rsquo;humidit\u00e9 ou la chaleur. Cette technologie innovante garantit une polym\u00e9risation des colles UV compl\u00e8te et fiable, m\u00eame dans les zones o\u00f9 la lumi\u00e8re UV ne peut pas atteindre pleinement, par exemple dans les joints d&rsquo;assemblage ombrag\u00e9s ou opaques. La premi\u00e8re \u00e9tape de polym\u00e9risation se produit instantan\u00e9ment sous irradiation UV, offrant une r\u00e9sistance imm\u00e9diate \u00e0 la manipulation. Le deuxi\u00e8me m\u00e9canisme de polym\u00e9risation, activ\u00e9 par l&rsquo;humidit\u00e9 ou la chaleur, garantit une r\u00e9ticulation compl\u00e8te et une stabilit\u00e9 \u00e0 long terme du collage.<\/p>\n<p>Ces colles UV \u00e0 double polym\u00e9risation sont id\u00e9ales pour les assemblages complexes dans les domaines de l&rsquo;\u00e9lectronique, des dispositifs m\u00e9dicaux, de l&rsquo;optique et de l&rsquo;automobile, o\u00f9 la pr\u00e9cision et la durabilit\u00e9 sont essentielles. Notre s\u00e9rie Vitralit\u00ae Dual-Cure offre un traitement rapide, une excellente adh\u00e9rence sur divers substrats et des performances constantes dans des environnements industriels difficiles.[\/vc_column_text][\/vc_column][\/vc_row][\/vc_section][vc_section css=\u00a0\u00bb.vc_custom_1762873088905{background-color: #FFFFFF !important;}\u00a0\u00bb][vc_row][vc_column width=\u00a0\u00bb1\/2&Prime;]\n<h2 class=\"akt-heading akt-heading--inline akt-heading--h2 akt-heading--align-left\">\n            <span class=\"akt-heading__part akt-heading__part--light\">Colles UV<\/span>\n                <span class=\"akt-heading__part akt-heading__part--bold\">Vitralit\u00ae<\/span>\n    <\/h2>[vc_column_text css=\u00a0\u00bb\u00a0\u00bb]Notre gamme Vitralit\u00ae comprend des adh\u00e9sifs photopolym\u00e9risables \u00e0 base d&rsquo;acrylique ou d&rsquo;\u00e9poxy, dont une s\u00e9lection d&rsquo;adh\u00e9sifs \u00e9poxy noirs ou \u00e0 double polym\u00e9risation. Hoenle propose une gamme compl\u00e8te d&rsquo;adh\u00e9sifs photopolym\u00e9risables adapt\u00e9s \u00e0 divers besoins d&rsquo;application. Que vous recherchiez des solutions de collage souples, rigides ou hybrides, les produits Vitralit\u00ae offrent des performances exceptionnelles, une grande fiabilit\u00e9 et une facilit\u00e9 de mise en \u0153uvre.<\/p>\n<p>Contactez-nous pour d\u00e9couvrir comment nos adh\u00e9sifs UV Vitralit\u00ae peuvent am\u00e9liorer votre vitesse de production, la qualit\u00e9 de vos produits et la flexibilit\u00e9 de votre conception, tout en r\u00e9duisant les d\u00e9chets et la consommation d&rsquo;\u00e9nergie.[\/vc_column_text]\n<div class=\"akt-button-wrapper akt-button-wrapper--align-left\">\n            <a href=\"https:\/\/www.hoenle-eleco.com\/fr\/produits-solutions\/categories-produits\/colles-industrielles\/vitralit\/\" \n           class=\"akt-button akt-button--medium akt-button--primary\" title=\"Vitralit\u00ae\" aria-label=\"Vitralit\u00ae\"                      >\n            <span class=\"akt-button__text\">Vitralit\u00ae<\/span>\n        <\/a>\n    <\/div>[\/vc_column][vc_column width=\u00a0\u00bb1\/2&Prime;][vc_single_image image=\u00a0\u00bb2508&Prime; img_size=\u00a0\u00bbfull\u00a0\u00bb css=\u00a0\u00bb\u00a0\u00bb][vc_column_text css=\u00a0\u00bb\u00a0\u00bb]Les colles UV Vitralit\u00ae sont disponibles dans tous les conditionnements courants.[\/vc_column_text][\/vc_column][\/vc_row][\/vc_section][vc_section css=\u00a0\u00bb.vc_custom_1770136386205{background-color: #F2F4F6 !important;}\u00a0\u00bb][vc_row][vc_column width=\u00a0\u00bb1\/2&Prime;][vc_single_image image=\u00a0\u00bb5786&Prime; img_size=\u00a0\u00bbfull\u00a0\u00bb css=\u00a0\u00bb\u00a0\u00bb][vc_column_text css=\u00a0\u00bb\u00a0\u00bb]Dans les processus de bandage, la colle UV est polym\u00e9ris\u00e9e \u00e0 l&rsquo;aide du syst\u00e8me LED Powerline de Hoenle.[\/vc_column_text][\/vc_column][vc_column width=\u00a0\u00bb1\/2&Prime;]\n<h2 class=\"akt-heading akt-heading--inline akt-heading--h2 akt-heading--align-left\">\n            <span class=\"akt-heading__part akt-heading__part--light\">Un polym\u00e9risation UV efficace -<\/span>\n                <span class=\"akt-heading__part akt-heading__part--bold\">gr\u00e2ce \u00e0 la source lumineuse adapt\u00e9e<\/span>\n    <\/h2>[vc_column_text css=\u00a0\u00bb\u00a0\u00bb]Selon la formulation de la colle, il est possible d&rsquo;utiliser aussi bien des lampes \u00e0 d\u00e9charge UV que des sources lumineuses LED UV modernes pour le polym\u00e9risation. Les sources lumineuses LED \u00e9mettent une lumi\u00e8re monochromatique, tandis que les lampes \u00e0 d\u00e9charge couvrent un large spectre UV, utilisant simultan\u00e9ment plusieurs longueurs d&rsquo;onde. En revanche, le spectre des LED est limit\u00e9 \u00e0 une longueur d&rsquo;onde sp\u00e9cifique.<\/p>\n<p>&nbsp;<\/p>\n<p>C&rsquo;est pourquoi il est essentiel de choisir le syst\u00e8me de polym\u00e9risation adapt\u00e9 \u00e0 votre colle. Nous serons ravis de vous aider \u00e0 trouver la combinaison parfaite entre colle et \u00e9quipement de polym\u00e9risation ![\/vc_column_text]\n<div class=\"akt-button-wrapper akt-button-wrapper--align-left\">\n            <a href=\"https:\/\/www.hoenle-eleco.com\/fr\/produits-solutions\/categories-produits\/equipements-dinsolation-uv\/\" \n           class=\"akt-button akt-button--medium akt-button--primary\" title=\"Equipement UV\" aria-label=\"Equipement UV\"                      >\n            <span class=\"akt-button__text\">Equipement UV pour les Colles UV<\/span>\n        <\/a>\n    <\/div>[\/vc_column][\/vc_row][\/vc_section][vc_section css=\u00a0\u00bb.vc_custom_1770136449532{background-color: #FFFFFF !important;}\u00a0\u00bb][vc_row][vc_column width=\u00a0\u00bb1\/3&Prime;]\n<h2 class=\"akt-heading akt-heading--block akt-heading--h2 akt-heading--align-left\">\n            <span class=\"akt-heading__part akt-heading__part--light\">Les solutions compl\u00e8tes<\/span>\n                <span class=\"akt-heading__part akt-heading__part--bold\">de Hoenle-Eleco<\/span>\n    <\/h2>[vc_empty_space height=\u00a0\u00bb15px\u00a0\u00bb][\/vc_column][vc_column width=\u00a0\u00bb2\/3&Prime;][vc_row_inner][vc_column_inner width=\u00a0\u00bb1\/3&Prime;]\n<div id=\"akt-image-text-8482\" class=\"akt-image-text-single akt-image-text-single--aspect-landscape akt-image-text-single--align-center akt-image-text-single--clickable akt-image-text-single--has-overlay akt-image-text-single--animate-fade-in\">\n    \n                        <a href=\"https:\/\/hoenle-eleco.akt-d.de\/fr\/products-solutions\/categories-produits\/colles-industrielles\/vitralit\/\" class=\"akt-image-text-single__image-link\" title=\"Vitralit\u00ae\" aria-label=\"Colles UV Vitralit\u00ae\" target=\"_blank\" rel=\"noopener\">\n                \n        <div class=\"akt-image-text-single__image-container\">\n            <img decoding=\"async\" src=\"https:\/\/www.hoenle-eleco.com\/wp-content\/uploads\/Cell-Contact-Systems.jpg\" \n                 srcset=\"https:\/\/www.hoenle-eleco.com\/wp-content\/uploads\/Cell-Contact-Systems.jpg 400w, https:\/\/www.hoenle-eleco.com\/wp-content\/uploads\/Cell-Contact-Systems-300x225.jpg 300w\"                 sizes=\"(max-width: 768px) 100vw, (max-width: 1024px) 50vw, 33vw\"\n                 alt=\"Cell contacting systems for e-mobility\" \n                 class=\"akt-image-text-single__image\" \n                 loading=\"lazy\" \/>\n        <\/div>\n        \n                    <\/a>\n            \n            <div class=\"akt-image-text-single__text-container\">\n                            <a href=\"https:\/\/hoenle-eleco.akt-d.de\/fr\/products-solutions\/categories-produits\/colles-industrielles\/vitralit\/\" class=\"akt-image-text-single__text-link\" title=\"Vitralit\u00ae\" aria-label=\"Colles UV Vitralit\u00ae\" target=\"_blank\" rel=\"noopener\">\n                        \n            <h3 class=\"akt-image-text-single__text\">Colles UV Vitralit\u00ae<\/h3>\n            \n                            <\/a>\n                    <\/div>\n    \n<\/div>[\/vc_column_inner][vc_column_inner width=\u00a0\u00bb1\/3&Prime;]\n<div id=\"akt-image-text-7380\" class=\"akt-image-text-single akt-image-text-single--aspect-landscape akt-image-text-single--align-center akt-image-text-single--clickable akt-image-text-single--has-overlay akt-image-text-single--animate-fade-in\">\n    \n                        <a href=\"https:\/\/hoenle-eleco.akt-d.de\/fr\/products-solutions\/categories-produits\/doseurs\/\" class=\"akt-image-text-single__image-link\" title=\"Bonding &amp; Potting\" aria-label=\"Dosage\" target=\"_blank\" rel=\"noopener\">\n                \n        <div class=\"akt-image-text-single__image-container\">\n            <img decoding=\"async\" src=\"https:\/\/www.hoenle-eleco.com\/wp-content\/uploads\/Dosage.jpg\" \n                 srcset=\"https:\/\/www.hoenle-eleco.com\/wp-content\/uploads\/Dosage.jpg 400w, https:\/\/www.hoenle-eleco.com\/wp-content\/uploads\/Dosage-300x196.jpg 300w\"                 sizes=\"(max-width: 768px) 100vw, (max-width: 1024px) 50vw, 33vw\"\n                 alt=\"Dosage\" \n                 class=\"akt-image-text-single__image\" \n                 loading=\"lazy\" \/>\n        <\/div>\n        \n                    <\/a>\n            \n            <div class=\"akt-image-text-single__text-container\">\n                            <a href=\"https:\/\/hoenle-eleco.akt-d.de\/fr\/products-solutions\/categories-produits\/doseurs\/\" class=\"akt-image-text-single__text-link\" title=\"Bonding &amp; Potting\" aria-label=\"Dosage\" target=\"_blank\" rel=\"noopener\">\n                        \n            <h3 class=\"akt-image-text-single__text\">Dosage<\/h3>\n            \n                            <\/a>\n                    <\/div>\n    \n<\/div>[\/vc_column_inner][vc_column_inner width=\u00a0\u00bb1\/3&Prime;]\n<div id=\"akt-image-text-6425\" class=\"akt-image-text-single akt-image-text-single--aspect-landscape akt-image-text-single--align-center akt-image-text-single--clickable akt-image-text-single--has-overlay akt-image-text-single--animate-fade-in\">\n    \n                        <a href=\"https:\/\/hoenle-eleco.akt-d.de\/fr\/products-solutions\/categories-produits\/equipements-dinsolation-uv\/\" class=\"akt-image-text-single__image-link\" title=\"Bonding &amp; Potting\" aria-label=\"\u00c9quipements d&#039;insolation UV\" target=\"_blank\" rel=\"noopener\">\n                \n        <div class=\"akt-image-text-single__image-container\">\n            <img decoding=\"async\" src=\"https:\/\/www.hoenle-eleco.com\/wp-content\/uploads\/Connector-Bonding.jpg\" \n                 srcset=\"https:\/\/www.hoenle-eleco.com\/wp-content\/uploads\/Connector-Bonding.jpg 400w, https:\/\/www.hoenle-eleco.com\/wp-content\/uploads\/Connector-Bonding-300x225.jpg 300w\"                 sizes=\"(max-width: 768px) 100vw, (max-width: 1024px) 50vw, 33vw\"\n                 alt=\"Connector Bonding\" \n                 class=\"akt-image-text-single__image\" \n                 loading=\"lazy\" \/>\n        <\/div>\n        \n                    <\/a>\n            \n            <div class=\"akt-image-text-single__text-container\">\n                            <a href=\"https:\/\/hoenle-eleco.akt-d.de\/fr\/products-solutions\/categories-produits\/equipements-dinsolation-uv\/\" class=\"akt-image-text-single__text-link\" title=\"Bonding &amp; Potting\" aria-label=\"\u00c9quipements d&#039;insolation UV\" target=\"_blank\" rel=\"noopener\">\n                        \n            <h3 class=\"akt-image-text-single__text\">\u00c9quipements d&#039;insolation UV<\/h3>\n            \n                            <\/a>\n                    <\/div>\n    \n<\/div>[\/vc_column_inner][\/vc_row_inner][\/vc_column][\/vc_row][\/vc_section][vc_section css=\u00a0\u00bb.vc_custom_1758483041975{background-color: #F2F4F6 !important;}\u00a0\u00bb][vc_row][vc_column width=\u00a0\u00bb1\/3&Prime;]\n<h2 class=\"akt-heading akt-heading--block akt-heading--h2 akt-heading--align-left\">\n            <span class=\"akt-heading__part akt-heading__part--light\">Contact<\/span>\n                <span class=\"akt-heading__part akt-heading__part--bold\">et assistance<\/span>\n    <\/h2>[vc_empty_space height=\u00a0\u00bb15px\u00a0\u00bb][\/vc_column][vc_column width=\u00a0\u00bb2\/3&Prime;][vc_column_text css=\u00a0\u00bb\u00a0\u00bb]Vous avez des questions ou besoin d&rsquo;aide concernant nos solutions de collage ?<\/p>\n<p>Nous sommes l\u00e0 pour vous aider.<\/p>\n<p>Contactez-nous par e-mail \u00e0 <a href=\"mailto:eleco@hoenle-eleco.com\">eleco@hoenle-eleco.com<\/a> ou par t\u00e9l\u00e9phone: +33 (0)1 47 92 41 80.[\/vc_column_text]\n<div class=\"akt-button-wrapper akt-button-wrapper--align-left\">\n            <a href=\"\/contact\" \n           class=\"akt-button akt-button--medium akt-button--primary\" aria-label=\"Contactez-nous\"                      >\n            <span class=\"akt-button__text\">Contactez-nous<\/span>\n        <\/a>\n    <\/div>[\/vc_column][\/vc_row][\/vc_section]<\/p>\n<\/div>","protected":false},"excerpt":{"rendered":"<p>[vc_section css=\u00a0\u00bb.vc_custom_1752143461288{background-color: #F2F4F6 !important;}\u00a0\u00bb][vc_row][vc_column width=\u00a0\u00bb1\/2&Prime;][\/vc_column][vc_column width=\u00a0\u00bb1\/2&Prime;][vc_column_text css=\u00a0\u00bb\u00a0\u00bb]Les colles UV sont des r\u00e9sines avanc\u00e9es \u00e0 base d&rsquo;acrylate ou d&rsquo;\u00e9poxy qui polym\u00e9risent [&hellip;]<\/p>\n","protected":false},"author":9,"featured_media":0,"parent":5918,"menu_order":10,"comment_status":"closed","ping_status":"closed","template":"","meta":{"site-sidebar-layout":"no-sidebar","site-content-layout":"plain-container","ast-site-content-layout":"default","site-content-style":"default","site-sidebar-style":"default","ast-global-header-display":"","ast-banner-title-visibility":"","ast-main-header-display":"","ast-hfb-above-header-display":"","ast-hfb-below-header-display":"","ast-hfb-mobile-header-display":"","site-post-title":"disabled","ast-breadcrumbs-content":"","ast-featured-img":"disabled","footer-sml-layout":"","theme-transparent-header-meta":"default","adv-header-id-meta":"","stick-header-meta":"","header-above-stick-meta":"","header-main-stick-meta":"","header-below-stick-meta":"","astra-migrate-meta-layouts":"set","ast-page-background-enabled":"default","ast-page-background-meta":{"desktop":{"background-color":"var(--ast-global-color-5)","background-image":"","background-repeat":"repeat","background-position":"center center","background-size":"auto","background-attachment":"scroll","background-type":"","background-media":"","overlay-type":"","overlay-color":"","overlay-opacity":"","overlay-gradient":""},"tablet":{"background-color":"","background-image":"","background-repeat":"repeat","background-position":"center center","background-size":"auto","background-attachment":"scroll","background-type":"","background-media":"","overlay-type":"","overlay-color":"","overlay-opacity":"","overlay-gradient":""},"mobile":{"background-color":"","background-image":"","background-repeat":"repeat","background-position":"center center","background-size":"auto","background-attachment":"scroll","background-type":"","background-media":"","overlay-type":"","overlay-color":"","overlay-opacity":"","overlay-gradient":""}},"ast-content-background-meta":{"desktop":{"background-color":"var(--ast-global-color-4)","background-image":"","background-repeat":"repeat","background-position":"center center","background-size":"auto","background-attachment":"scroll","background-type":"","background-media":"","overlay-type":"","overlay-color":"","overlay-opacity":"","overlay-gradient":""},"tablet":{"background-color":"var(--ast-global-color-4)","background-image":"","background-repeat":"repeat","background-position":"center center","background-size":"auto","background-attachment":"scroll","background-type":"","background-media":"","overlay-type":"","overlay-color":"","overlay-opacity":"","overlay-gradient":""},"mobile":{"background-color":"var(--ast-global-color-4)","background-image":"","background-repeat":"repeat","background-position":"center center","background-size":"auto","background-attachment":"scroll","background-type":"","background-media":"","overlay-type":"","overlay-color":"","overlay-opacity":"","overlay-gradient":""}},"footnotes":""},"class_list":["post-9421","page","type-page","status-publish","hentry"],"_links":{"self":[{"href":"https:\/\/www.hoenle-eleco.com\/fr\/wp-json\/wp\/v2\/pages\/9421","targetHints":{"allow":["GET"]}}],"collection":[{"href":"https:\/\/www.hoenle-eleco.com\/fr\/wp-json\/wp\/v2\/pages"}],"about":[{"href":"https:\/\/www.hoenle-eleco.com\/fr\/wp-json\/wp\/v2\/types\/page"}],"author":[{"embeddable":true,"href":"https:\/\/www.hoenle-eleco.com\/fr\/wp-json\/wp\/v2\/users\/9"}],"replies":[{"embeddable":true,"href":"https:\/\/www.hoenle-eleco.com\/fr\/wp-json\/wp\/v2\/comments?post=9421"}],"version-history":[{"count":12,"href":"https:\/\/www.hoenle-eleco.com\/fr\/wp-json\/wp\/v2\/pages\/9421\/revisions"}],"predecessor-version":[{"id":10453,"href":"https:\/\/www.hoenle-eleco.com\/fr\/wp-json\/wp\/v2\/pages\/9421\/revisions\/10453"}],"up":[{"embeddable":true,"href":"https:\/\/www.hoenle-eleco.com\/fr\/wp-json\/wp\/v2\/pages\/5918"}],"wp:attachment":[{"href":"https:\/\/www.hoenle-eleco.com\/fr\/wp-json\/wp\/v2\/media?parent=9421"}],"curies":[{"name":"wp","href":"https:\/\/api.w.org\/{rel}","templated":true}]}}