{"id":7239,"date":"2025-09-25T19:20:54","date_gmt":"2025-09-25T17:20:54","guid":{"rendered":"https:\/\/www.hoenle-eleco.com\/?page_id=7239"},"modified":"2025-11-11T20:59:32","modified_gmt":"2025-11-11T19:59:32","slug":"ciment-haute-temperature-cerastil","status":"publish","type":"page","link":"https:\/\/www.hoenle-eleco.com\/fr\/produits-solutions\/categories-produits\/colles-industrielles\/ciment-haute-temperature-cerastil\/","title":{"rendered":"Cerastil\u00ae"},"content":{"rendered":"<div class=\"wpb-content-wrapper\"><p>[vc_section][vc_row][vc_column width=\u00a0\u00bb1\/2&Prime;]\n<h1 class=\"akt-heading akt-heading--inline akt-heading--h1 akt-heading--align-left\">\n            <span class=\"akt-heading__part akt-heading__part--light\">Ciment haute temp\u00e9rature:<\/span>\n                <span class=\"akt-heading__part akt-heading__part--bold\">Cerastil\u00ae<\/span>\n    <\/h1>[\/vc_column][vc_column width=\u00a0\u00bb1\/2&Prime;][vc_column_text css=\u00a0\u00bb\u00a0\u00bb]La r\u00e9sistance en continue et \u00e0 haute temp\u00e9ratures (300\u00b0C \u00e0 1500\u00b0C), n&rsquo;est possible qu&rsquo;avec des ciments r\u00e9fractaires (colles inorganiques).[\/vc_column_text]\n<div class=\"akt-button-wrapper akt-button-wrapper--align-left\">\n            <a href=\"\/fr\/contact\" \n           class=\"akt-button akt-button--medium akt-button--primary\" aria-label=\"Demander une consultation\"                      >\n            <span class=\"akt-button__text\">Demander une consultation<\/span>\n        <\/a>\n    <\/div>[\/vc_column][\/vc_row][\/vc_section][vc_section css=\u00a0\u00bb.vc_custom_1757147959414{background-color: #FFFFFF !important;}\u00a0\u00bb][vc_row][vc_column width=\u00a0\u00bb2\/3&Prime;][vc_column_text css=\u00a0\u00bb\u00a0\u00bb]<\/p>\n<ul>\n<li>R\u00e9sistance jusqu&rsquo;\u00e0 +1650\u00b0C<\/li>\n<li>Grande puret\u00e9<\/li>\n<li>Large s\u00e9lection de produits<\/li>\n<li>Une exp\u00e9rience de plus de 3 d\u00e9c\u00e9nies<\/li>\n<\/ul>\n<p>Cerastil<sup>\u00ae<\/sup>\u00a0s&rsquo;utilise dans les domaines d&rsquo;application pour le collage d&rsquo;\u00e9tanch\u00e9it\u00e9 et rev\u00eatement \u00e0 tr\u00e8s haute temp\u00e9rature.[\/vc_column_text][\/vc_column][vc_column width=\u00a0\u00bb1\/3&Prime;][vc_single_image image=\u00a0\u00bb7240&Prime; img_size=\u00a0\u00bbfull\u00a0\u00bb css=\u00a0\u00bb\u00a0\u00bb][vc_column_text css=\u00a0\u00bb\u00a0\u00bb]Cerastil<sup>\u00ae<\/sup>\u00a0est un ciment r\u00e9sistant\u00a0\u00e0 haute temp\u00e9ratures<sup>\u00a0\u00a0<\/sup>[\/vc_column_text][\/vc_column][\/vc_row][vc_row][vc_column]\n<div class=\"akt-table-wrapper akt-table-wrapper--style-standard akt-table-wrapper--mobile-scroll\" \n     id=\"akt-table-3940\"\n     data-initial-rows=\"5\">\n     \n    \n            <div class=\"akt-table__container\">\n            <div class=\"akt-table__scroll-wrapper\" >\n                <table class=\"akt-table\"\n                       role=\"table\"\n                       aria-label=\"Table\"\n                       data-columns=\"2\"\n                       data-sortable=\"false\">\n\n                    \n                    <tbody class=\"akt-table__body\">\n                                                                                                                    <tr class=\"akt-table__row\">\n                                    \n                                                                                                                                                                    <td class=\"akt-table__cell\"\n                                                >\n                                                                                                    Cerastil\u00ae                                                                                            <\/td>\n                                                                                                                                <td class=\"akt-table__cell\"\n                                                >\n                                                                                                    C-3                                                                                            <\/td>\n                                                                                                            <\/tr>\n                                                                                            <tr class=\"akt-table__row\">\n                                    \n                                                                                                                                                                    <td class=\"akt-table__cell\"\n                                                >\n                                                                                                    Pot life                                                                                            <\/td>\n                                                                                                                                <td class=\"akt-table__cell\"\n                                                >\n                                                                                                    1 hour                                                                                            <\/td>\n                                                                                                            <\/tr>\n                                                                                            <tr class=\"akt-table__row\">\n                                    \n                                                                                                                                                                    <td class=\"akt-table__cell\"\n                                                >\n                                                                                                    Max. granulation size                                                                                            <\/td>\n                                                                                                                                <td class=\"akt-table__cell\"\n                                                >\n                                                                                                    450\u00b5m                                                                                            <\/td>\n                                                                                                            <\/tr>\n                                                                                            <tr class=\"akt-table__row\">\n                                    \n                                                                                                                                                                    <td class=\"akt-table__cell\"\n                                                >\n                                                                                                    Hardness mechanism                                                                                            <\/td>\n                                                                                                                                <td class=\"akt-table__cell\"\n                                                >\n                                                                                                    CR*                                                                                            <\/td>\n                                                                                                            <\/tr>\n                                                                                            <tr class=\"akt-table__row\">\n                                    \n                                                                                                                                                                    <td class=\"akt-table__cell\"\n                                                >\n                                                                                                    Max. temperature resistance                                                                                            <\/td>\n                                                                                                                                <td class=\"akt-table__cell\"\n                                                >\n                                                                                                    1110\u00b0C                                                                                            <\/td>\n                                                                                                            <\/tr>\n                                                                                            <tr class=\"akt-table__row\">\n                                    \n                                                                                                                                                                    <td class=\"akt-table__cell\"\n                                                >\n                                                                                                    Dielectric strength                                                                                            <\/td>\n                                                                                                                                <td class=\"akt-table__cell\"\n                                                >\n                                                                                                    1,2kV\/mm                                                                                            <\/td>\n                                                                                                            <\/tr>\n                                                                                            <tr class=\"akt-table__row\">\n                                    \n                                                                                                                                                                    <td class=\"akt-table__cell\"\n                                                >\n                                                                                                    Shrinkage                                                                                            <\/td>\n                                                                                                                                <td class=\"akt-table__cell\"\n                                                >\n                                                                                                    08%                                                                                            <\/td>\n                                                                                                            <\/tr>\n                                                                                            <tr class=\"akt-table__row\">\n                                    \n                                                                                                                                                                    <td class=\"akt-table__cell\"\n                                                >\n                                                                                                    Thermal expansion                                                                                            <\/td>\n                                                                                                                                <td class=\"akt-table__cell\"\n                                                >\n                                                                                                    7ppm\/K                                                                                            <\/td>\n                                                                                                            <\/tr>\n                                                                                            <tr class=\"akt-table__row\">\n                                    \n                                                                                                                                                                    <td class=\"akt-table__cell\"\n                                                >\n                                                                                                    pH-value                                                                                            <\/td>\n                                                                                                                                <td class=\"akt-table__cell\"\n                                                >\n                                                                                                    11                                                                                            <\/td>\n                                                                                                            <\/tr>\n                                                                                            <tr class=\"akt-table__row\">\n                                    \n                                                                                                                                                                    <td class=\"akt-table__cell\"\n                                                >\n                                                                                                    Applications                                                                                            <\/td>\n                                                                                                                                <td class=\"akt-table__cell\"\n                                                >\n                                                                                                    Bonding of ceramic, glass, metal, quartz. Fixing of heating wire, for thermo elements, special lamp base bondings of ceramic insulating materials, coating of resistances and condenser, encapsulation of high temperature sensors                                                                                            <\/td>\n                                                                                                            <\/tr>\n                                                                        <\/tbody>\n                <\/table>\n            <\/div>\n        <\/div>\n\n            <\/div>\n[\/vc_column][\/vc_row][\/vc_section]<\/p>\n<\/div>","protected":false},"excerpt":{"rendered":"<p>[vc_section][vc_row][vc_column width=\u00a0\u00bb1\/2&Prime;][\/vc_column][vc_column width=\u00a0\u00bb1\/2&Prime;][vc_column_text css=\u00a0\u00bb\u00a0\u00bb]La r\u00e9sistance en continue et \u00e0 haute temp\u00e9ratures (300\u00b0C \u00e0 1500\u00b0C), n&rsquo;est possible qu&rsquo;avec des ciments r\u00e9fractaires [&hellip;]<\/p>\n","protected":false},"author":1,"featured_media":0,"parent":5918,"menu_order":7,"comment_status":"closed","ping_status":"closed","template":"","meta":{"site-sidebar-layout":"no-sidebar","site-content-layout":"plain-container","ast-site-content-layout":"default","site-content-style":"default","site-sidebar-style":"default","ast-global-header-display":"","ast-banner-title-visibility":"","ast-main-header-display":"","ast-hfb-above-header-display":"","ast-hfb-below-header-display":"","ast-hfb-mobile-header-display":"","site-post-title":"disabled","ast-breadcrumbs-content":"","ast-featured-img":"disabled","footer-sml-layout":"","theme-transparent-header-meta":"default","adv-header-id-meta":"","stick-header-meta":"","header-above-stick-meta":"","header-main-stick-meta":"","header-below-stick-meta":"","astra-migrate-meta-layouts":"set","ast-page-background-enabled":"default","ast-page-background-meta":{"desktop":{"background-color":"var(--ast-global-color-5)","background-image":"","background-repeat":"repeat","background-position":"center center","background-size":"auto","background-attachment":"scroll","background-type":"","background-media":"","overlay-type":"","overlay-color":"","overlay-opacity":"","overlay-gradient":""},"tablet":{"background-color":"","background-image":"","background-repeat":"repeat","background-position":"center center","background-size":"auto","background-attachment":"scroll","background-type":"","background-media":"","overlay-type":"","overlay-color":"","overlay-opacity":"","overlay-gradient":""},"mobile":{"background-color":"","background-image":"","background-repeat":"repeat","background-position":"center center","background-size":"auto","background-attachment":"scroll","background-type":"","background-media":"","overlay-type":"","overlay-color":"","overlay-opacity":"","overlay-gradient":""}},"ast-content-background-meta":{"desktop":{"background-color":"var(--ast-global-color-4)","background-image":"","background-repeat":"repeat","background-position":"center center","background-size":"auto","background-attachment":"scroll","background-type":"","background-media":"","overlay-type":"","overlay-color":"","overlay-opacity":"","overlay-gradient":""},"tablet":{"background-color":"var(--ast-global-color-4)","background-image":"","background-repeat":"repeat","background-position":"center center","background-size":"auto","background-attachment":"scroll","background-type":"","background-media":"","overlay-type":"","overlay-color":"","overlay-opacity":"","overlay-gradient":""},"mobile":{"background-color":"var(--ast-global-color-4)","background-image":"","background-repeat":"repeat","background-position":"center center","background-size":"auto","background-attachment":"scroll","background-type":"","background-media":"","overlay-type":"","overlay-color":"","overlay-opacity":"","overlay-gradient":""}},"footnotes":""},"class_list":["post-7239","page","type-page","status-publish","hentry"],"_links":{"self":[{"href":"https:\/\/www.hoenle-eleco.com\/fr\/wp-json\/wp\/v2\/pages\/7239","targetHints":{"allow":["GET"]}}],"collection":[{"href":"https:\/\/www.hoenle-eleco.com\/fr\/wp-json\/wp\/v2\/pages"}],"about":[{"href":"https:\/\/www.hoenle-eleco.com\/fr\/wp-json\/wp\/v2\/types\/page"}],"author":[{"embeddable":true,"href":"https:\/\/www.hoenle-eleco.com\/fr\/wp-json\/wp\/v2\/users\/1"}],"replies":[{"embeddable":true,"href":"https:\/\/www.hoenle-eleco.com\/fr\/wp-json\/wp\/v2\/comments?post=7239"}],"version-history":[{"count":2,"href":"https:\/\/www.hoenle-eleco.com\/fr\/wp-json\/wp\/v2\/pages\/7239\/revisions"}],"predecessor-version":[{"id":9440,"href":"https:\/\/www.hoenle-eleco.com\/fr\/wp-json\/wp\/v2\/pages\/7239\/revisions\/9440"}],"up":[{"embeddable":true,"href":"https:\/\/www.hoenle-eleco.com\/fr\/wp-json\/wp\/v2\/pages\/5918"}],"wp:attachment":[{"href":"https:\/\/www.hoenle-eleco.com\/fr\/wp-json\/wp\/v2\/media?parent=7239"}],"curies":[{"name":"wp","href":"https:\/\/api.w.org\/{rel}","templated":true}]}}