{"id":6842,"date":"2025-09-23T18:19:37","date_gmt":"2025-09-23T16:19:37","guid":{"rendered":"https:\/\/www.hoenle-eleco.com\/?page_id=6842"},"modified":"2026-02-02T18:21:46","modified_gmt":"2026-02-02T17:21:46","slug":"rtv-silicones-de-grade-spatial-esa-nasa","status":"publish","type":"page","link":"https:\/\/www.hoenle-eleco.com\/fr\/produits-solutions\/categories-produits\/silicone-momentive\/rtv-silicones-de-grade-spatial-esa-nasa\/","title":{"rendered":"RTV Silicones de Grade Spatial ESA\/NASA"},"content":{"rendered":"<div class=\"wpb-content-wrapper\"><p>[vc_section css=\u00a0\u00bb.vc_custom_1752143461288{background-color: #F2F4F6 !important;}\u00a0\u00bb][vc_row][vc_column width=\u00a0\u00bb1\/2&Prime;]\n<h1 class=\"akt-heading akt-heading--block akt-heading--h1 akt-heading--align-left\">\n                <span class=\"akt-heading__part akt-heading__part--bold\">RTV Silicones de Grade Spatial ESA\/NASA<\/span>\n    <\/h1>[\/vc_column][vc_column width=\u00a0\u00bb1\/2&Prime;][vc_column_text css=\u00a0\u00bb\u00a0\u00bb]Les\u00a0<strong>RTV silicones mono-composant et bi-composants de grade spatial<\/strong>\u00a0sont des sillicones de condensation qui vulcanisent \u00e0 temp\u00e9rature ambiante en pr\u00e9sence d\u2019humidit\u00e9.[\/vc_column_text][\/vc_column][\/vc_row][\/vc_section][vc_section css=\u00a0\u00bb.vc_custom_1752579807249{background-color: #FFFFFF !important;}\u00a0\u00bb][vc_row][vc_column width=\u00a0\u00bb1\/2&Prime;][vc_column_text css=\u00a0\u00bb\u00a0\u00bb]Ces\u00a0<strong>RTV silicones grade spatial\u00a0<\/strong>pr\u00e9sentent d\u2019excellentes tenues \u00e0 des temp\u00e9ratures extr\u00eames (-115\u00b0C \u00e0 +260\u00b0C) ainsi qu\u2019un\u00a0<strong>faible d\u00e9gazage<\/strong>\u00a0ce qui les rend parfaitement adapt\u00e9s aux applications de collage critique, d\u2019\u00e9tanch\u00e9it\u00e9, d\u2019assemblage et de potting dans les domaines a\u00e9ronautique et a\u00e9rospatiale o\u00f9 un niveau \u00e9lev\u00e9 de produit volatil ne peut \u00eatre tol\u00e9r\u00e9.[\/vc_column_text][\/vc_column][vc_column width=\u00a0\u00bb1\/2&Prime;][vc_single_image image=\u00a0\u00bb6506&Prime; img_size=\u00a0\u00bbfull\u00a0\u00bb css=\u00a0\u00bb\u00a0\u00bb][vc_single_image image=\u00a0\u00bb6843&Prime; img_size=\u00a0\u00bbfull\u00a0\u00bb css=\u00a0\u00bb\u00a0\u00bb][vc_column_text css=\u00a0\u00bb\u00a0\u00bb]Les silicones grade spatial sont utilis\u00e9s pour les applications d\u00e9di\u00e9es \u00e0 l\u2019espace[\/vc_column_text][\/vc_column][\/vc_row][vc_row][vc_column][vc_column_text css=\u00a0\u00bb\u00a0\u00bb]Les silicones grade spatial ESA \/ NASA:[\/vc_column_text]\n<div class=\"akt-table-wrapper akt-table-wrapper--style-standard akt-table-wrapper--mobile-scroll\" \n     id=\"akt-table-2975\"\n     data-initial-rows=\"5\">\n     \n    \n            <div class=\"akt-table__container\">\n            <div class=\"akt-table__scroll-wrapper\" >\n                <table class=\"akt-table\"\n                       role=\"table\"\n                       aria-label=\"Table\"\n                       data-columns=\"4\"\n                       data-sortable=\"false\">\n\n                                        <thead class=\"akt-table__head\">\n                        <tr class=\"akt-table__header-row\">\n                            \n                                                                                            <th class=\"akt-table__header\"\n                                    scope=\"col\"\n                                    data-column=\"0\"\n                                    >\n                                    <span class=\"akt-table__header-text\">\n                                        Silicone                                    <\/span>\n                                                                    <\/th>\n                                                                                            <th class=\"akt-table__header\"\n                                    scope=\"col\"\n                                    data-column=\"1\"\n                                    >\n                                    <span class=\"akt-table__header-text\">\n                                        Caract\u00e9ristique                                    <\/span>\n                                                                    <\/th>\n                                                                                            <th class=\"akt-table__header\"\n                                    scope=\"col\"\n                                    data-column=\"2\"\n                                    >\n                                    <span class=\"akt-table__header-text\">\n                                        Viscosit\u00e9                                    <\/span>\n                                                                    <\/th>\n                                                                                            <th class=\"akt-table__header\"\n                                    scope=\"col\"\n                                    data-column=\"3\"\n                                    >\n                                    <span class=\"akt-table__header-text\">\n                                        Couleur                                    <\/span>\n                                                                    <\/th>\n                                                    <\/tr>\n                    <\/thead>\n                    \n                    <tbody class=\"akt-table__body\">\n                                                                                                                    <tr class=\"akt-table__row\">\n                                    \n                                                                                                                                                                    <td class=\"akt-table__cell\"\n                                                                                                    data-label=\"Silicone\"\n                                                >\n                                                                                                                                                        <a class=\"akt-table__cell-link\"\n                                                       href=\"https:\/\/www.hoenle-eleco.com\/fr\/silicones\/silicones-rtv-566-et-rtv-567\/\"\n                                                                                                                                                                     >\n                                                        RTV 567                                                    <\/a>\n                                                                                            <\/td>\n                                                                                                                                <td class=\"akt-table__cell\"\n                                                                                                    data-label=\"Caract\u00e9ristique\"\n                                                >\n                                                                                                    Bi-composant<br \/>\nFaible d\u00e9gazage<br \/>\nTenue -115\u00b0C \u00e0 +260\u00b0C                                                                                            <\/td>\n                                                                                                                                <td class=\"akt-table__cell\"\n                                                                                                    data-label=\"Viscosit\u00e9\"\n                                                >\n                                                                                                    Fluide                                                                                            <\/td>\n                                                                                                                                <td class=\"akt-table__cell\"\n                                                                                                    data-label=\"Couleur\"\n                                                >\n                                                                                                    Translucide                                                                                            <\/td>\n                                                                                                            <\/tr>\n                                                                                            <tr class=\"akt-table__row\">\n                                    \n                                                                                                                                                                    <td class=\"akt-table__cell\"\n                                                                                                    data-label=\"Silicone\"\n                                                >\n                                                                                                                                                        <a class=\"akt-table__cell-link\"\n                                                       href=\"https:\/\/www.hoenle-eleco.com\/fr\/silicones\/silicones-rtv-566-et-rtv-567\/\"\n                                                                                                                                                                     >\n                                                        RTV 566                                                    <\/a>\n                                                                                            <\/td>\n                                                                                                                                <td class=\"akt-table__cell\"\n                                                                                                    data-label=\"Caract\u00e9ristique\"\n                                                >\n                                                                                                    Bi-composant<br \/>\nFaible d\u00e9gazage<br \/>\nTenue -115\u00b0C \u00e0 +260\u00b0C                                                                                            <\/td>\n                                                                                                                                <td class=\"akt-table__cell\"\n                                                                                                    data-label=\"Viscosit\u00e9\"\n                                                >\n                                                                                                    Autonivelant                                                                                            <\/td>\n                                                                                                                                <td class=\"akt-table__cell\"\n                                                                                                    data-label=\"Couleur\"\n                                                >\n                                                                                                    Rouge                                                                                            <\/td>\n                                                                                                            <\/tr>\n                                                                                            <tr class=\"akt-table__row\">\n                                    \n                                                                                                                                                                    <td class=\"akt-table__cell\"\n                                                                                                    data-label=\"Silicone\"\n                                                >\n                                                                                                                                                        <a class=\"akt-table__cell-link\"\n                                                       href=\"https:\/\/www.hoenle-eleco.com\/fr\/silicones\/silicone-rtv-142\/\"\n                                                                                                                                                                     >\n                                                        RTV 142                                                    <\/a>\n                                                                                            <\/td>\n                                                                                                                                <td class=\"akt-table__cell\"\n                                                                                                    data-label=\"Caract\u00e9ristique\"\n                                                >\n                                                                                                    Mono-composant<br \/>\nMethoxy<br \/>\nCollage                                                                                            <\/td>\n                                                                                                                                <td class=\"akt-table__cell\"\n                                                                                                    data-label=\"Viscosit\u00e9\"\n                                                >\n                                                                                                    Thixotrope                                                                                            <\/td>\n                                                                                                                                <td class=\"akt-table__cell\"\n                                                                                                    data-label=\"Couleur\"\n                                                >\n                                                                                                    Blanc                                                                                            <\/td>\n                                                                                                            <\/tr>\n                                                                        <\/tbody>\n                <\/table>\n            <\/div>\n        <\/div>\n\n            <\/div>\n[\/vc_column][\/vc_row][\/vc_section][vc_section css=\u00a0\u00bb.vc_custom_1756368415759{background-color: #F2F4F6 !important;}\u00a0\u00bb][vc_row][vc_column width=\u00a0\u00bb1\/3&Prime;]\n<h2 class=\"akt-heading akt-heading--block akt-heading--h2 akt-heading--align-left\">\n            <span class=\"akt-heading__part akt-heading__part--light\">Contact<\/span>\n                <span class=\"akt-heading__part akt-heading__part--bold\">et assistance<\/span>\n    <\/h2>[vc_empty_space height=\u00a0\u00bb15px\u00a0\u00bb][\/vc_column][vc_column width=\u00a0\u00bb2\/3&Prime;][vc_column_text css=\u00a0\u00bb\u00a0\u00bb]Vous avez des questions ou besoin d&rsquo;aide concernant nos solutions de collage ? Nous sommes l\u00e0 pour vous aider.<\/p>\n<p>Contactez-nous par e-mail \u00e0\u00a0<a href=\"mailto:eleco@hoenle-eleco.com\">eleco@hoenle-eleco.com<\/a>\u00a0ou par t\u00e9l\u00e9phone: +33 (0)1 47 92 41 80.[\/vc_column_text][vc_empty_space height=\u00a0\u00bb15px\u00a0\u00bb]\n<div class=\"akt-button-wrapper akt-button-wrapper--align-left\">\n            <a href=\"\/contact\" \n           class=\"akt-button akt-button--medium akt-button--primary\" aria-label=\"Contactez-nous\"                      >\n            <span class=\"akt-button__text\">Contactez-nous<\/span>\n        <\/a>\n    <\/div>[\/vc_column][\/vc_row][\/vc_section]<\/p>\n<\/div>","protected":false},"excerpt":{"rendered":"<p>[vc_section css=\u00a0\u00bb.vc_custom_1752143461288{background-color: #F2F4F6 !important;}\u00a0\u00bb][vc_row][vc_column width=\u00a0\u00bb1\/2&Prime;][\/vc_column][vc_column width=\u00a0\u00bb1\/2&Prime;][vc_column_text css=\u00a0\u00bb\u00a0\u00bb]Les\u00a0RTV silicones mono-composant et bi-composants de grade spatial\u00a0sont des sillicones de condensation qui vulcanisent [&hellip;]<\/p>\n","protected":false},"author":1,"featured_media":0,"parent":6503,"menu_order":5,"comment_status":"closed","ping_status":"closed","template":"","meta":{"site-sidebar-layout":"no-sidebar","site-content-layout":"plain-container","ast-site-content-layout":"default","site-content-style":"default","site-sidebar-style":"default","ast-global-header-display":"","ast-banner-title-visibility":"","ast-main-header-display":"","ast-hfb-above-header-display":"","ast-hfb-below-header-display":"","ast-hfb-mobile-header-display":"","site-post-title":"disabled","ast-breadcrumbs-content":"","ast-featured-img":"disabled","footer-sml-layout":"","theme-transparent-header-meta":"default","adv-header-id-meta":"","stick-header-meta":"","header-above-stick-meta":"","header-main-stick-meta":"","header-below-stick-meta":"","astra-migrate-meta-layouts":"set","ast-page-background-enabled":"default","ast-page-background-meta":{"desktop":{"background-color":"var(--ast-global-color-5)","background-image":"","background-repeat":"repeat","background-position":"center center","background-size":"auto","background-attachment":"scroll","background-type":"","background-media":"","overlay-type":"","overlay-color":"","overlay-opacity":"","overlay-gradient":""},"tablet":{"background-color":"","background-image":"","background-repeat":"repeat","background-position":"center center","background-size":"auto","background-attachment":"scroll","background-type":"","background-media":"","overlay-type":"","overlay-color":"","overlay-opacity":"","overlay-gradient":""},"mobile":{"background-color":"","background-image":"","background-repeat":"repeat","background-position":"center center","background-size":"auto","background-attachment":"scroll","background-type":"","background-media":"","overlay-type":"","overlay-color":"","overlay-opacity":"","overlay-gradient":""}},"ast-content-background-meta":{"desktop":{"background-color":"var(--ast-global-color-4)","background-image":"","background-repeat":"repeat","background-position":"center center","background-size":"auto","background-attachment":"scroll","background-type":"","background-media":"","overlay-type":"","overlay-color":"","overlay-opacity":"","overlay-gradient":""},"tablet":{"background-color":"var(--ast-global-color-4)","background-image":"","background-repeat":"repeat","background-position":"center center","background-size":"auto","background-attachment":"scroll","background-type":"","background-media":"","overlay-type":"","overlay-color":"","overlay-opacity":"","overlay-gradient":""},"mobile":{"background-color":"var(--ast-global-color-4)","background-image":"","background-repeat":"repeat","background-position":"center center","background-size":"auto","background-attachment":"scroll","background-type":"","background-media":"","overlay-type":"","overlay-color":"","overlay-opacity":"","overlay-gradient":""}},"footnotes":""},"class_list":["post-6842","page","type-page","status-publish","hentry"],"_links":{"self":[{"href":"https:\/\/www.hoenle-eleco.com\/fr\/wp-json\/wp\/v2\/pages\/6842","targetHints":{"allow":["GET"]}}],"collection":[{"href":"https:\/\/www.hoenle-eleco.com\/fr\/wp-json\/wp\/v2\/pages"}],"about":[{"href":"https:\/\/www.hoenle-eleco.com\/fr\/wp-json\/wp\/v2\/types\/page"}],"author":[{"embeddable":true,"href":"https:\/\/www.hoenle-eleco.com\/fr\/wp-json\/wp\/v2\/users\/1"}],"replies":[{"embeddable":true,"href":"https:\/\/www.hoenle-eleco.com\/fr\/wp-json\/wp\/v2\/comments?post=6842"}],"version-history":[{"count":6,"href":"https:\/\/www.hoenle-eleco.com\/fr\/wp-json\/wp\/v2\/pages\/6842\/revisions"}],"predecessor-version":[{"id":10409,"href":"https:\/\/www.hoenle-eleco.com\/fr\/wp-json\/wp\/v2\/pages\/6842\/revisions\/10409"}],"up":[{"embeddable":true,"href":"https:\/\/www.hoenle-eleco.com\/fr\/wp-json\/wp\/v2\/pages\/6503"}],"wp:attachment":[{"href":"https:\/\/www.hoenle-eleco.com\/fr\/wp-json\/wp\/v2\/media?parent=6842"}],"curies":[{"name":"wp","href":"https:\/\/api.w.org\/{rel}","templated":true}]}}