{"id":6551,"date":"2025-09-23T13:03:20","date_gmt":"2025-09-23T11:03:20","guid":{"rendered":"https:\/\/www.hoenle-eleco.com\/?page_id=6551"},"modified":"2026-02-02T18:19:00","modified_gmt":"2026-02-02T17:19:00","slug":"silicone-sans-sel-detain-snapsil","status":"publish","type":"page","link":"https:\/\/www.hoenle-eleco.com\/fr\/produits-solutions\/categories-produits\/silicone-momentive\/silicone-sans-sel-detain-snapsil\/","title":{"rendered":"Silicone sans sel d&rsquo;\u00e9tain: Snapsil"},"content":{"rendered":"<div class=\"wpb-content-wrapper\"><p>[vc_section css=\u00a0\u00bb.vc_custom_1752143461288{background-color: #F2F4F6 !important;}\u00a0\u00bb][vc_row][vc_column width=\u00a0\u00bb1\/2&Prime;]\n<h1 class=\"akt-heading akt-heading--block akt-heading--h1 akt-heading--align-left\">\n            <span class=\"akt-heading__part akt-heading__part--light\">Silicone sans sel d&#039;\u00e9tain:<\/span>\n                <span class=\"akt-heading__part akt-heading__part--bold\">Snapsil<\/span>\n    <\/h1>[\/vc_column][vc_column width=\u00a0\u00bb1\/2&Prime;][vc_column_text css=\u00a0\u00bb\u00a0\u00bb]Les silicones mono-composants Snapsil se caract\u00e9risent par l\u2019absence de sel d\u2019\u00e9tain dans le catalyseur et g\u00e9n\u00e8rent de faible \u00e9mission de sous-produit pendant la vulcanisation. Leur temps de prise est tr\u00e8s rapide.[\/vc_column_text][\/vc_column][\/vc_row][\/vc_section][vc_section css=\u00a0\u00bb.vc_custom_1752579807249{background-color: #FFFFFF !important;}\u00a0\u00bb][vc_row][vc_column width=\u00a0\u00bb1\/2&Prime;][vc_column_text css=\u00a0\u00bb\u00a0\u00bb]Les Silicones de la gamme Snapsil\u00a0pr\u00e9sentent donc des propri\u00e9t\u00e9s uniques qui r\u00e9pondent aux besoins sp\u00e9cifiques de l\u2019automobile, de l\u2019\u00e9lectronique, du solaire et de l\u2019\u00e9nergie.[\/vc_column_text][\/vc_column][vc_column width=\u00a0\u00bb1\/2&Prime;][vc_single_image image=\u00a0\u00bb6506&Prime; img_size=\u00a0\u00bbfull\u00a0\u00bb css=\u00a0\u00bb\u00a0\u00bb][vc_single_image image=\u00a0\u00bb6565&Prime; img_size=\u00a0\u00bbfull\u00a0\u00bb css=\u00a0\u00bb\u00a0\u00bb][vc_column_text css=\u00a0\u00bb\u00a0\u00bb]Silicone sans \u00e9tain: Snapsil[\/vc_column_text][\/vc_column][\/vc_row][vc_row][vc_column][vc_column_text css=\u00a0\u00bb\u00a0\u00bb]<strong>Les silicones Snapsil sans sel d&rsquo;\u00e9tain:<\/strong>[\/vc_column_text]\n<div class=\"akt-table-wrapper akt-table-wrapper--style-standard akt-table-wrapper--mobile-scroll\" \n     id=\"akt-table-4865\"\n     data-initial-rows=\"5\">\n     \n    \n            <div class=\"akt-table__container\">\n            <div class=\"akt-table__scroll-wrapper\" >\n                <table class=\"akt-table\"\n                       role=\"table\"\n                       aria-label=\"Table\"\n                       data-columns=\"4\"\n                       data-sortable=\"false\">\n\n                                        <thead class=\"akt-table__head\">\n                        <tr class=\"akt-table__header-row\">\n                            \n                                                                                            <th class=\"akt-table__header\"\n                                    scope=\"col\"\n                                    data-column=\"0\"\n                                    >\n                                    <span class=\"akt-table__header-text\">\n                                        Silicone                                    <\/span>\n                                                                    <\/th>\n                                                                                            <th class=\"akt-table__header\"\n                                    scope=\"col\"\n                                    data-column=\"1\"\n                                    >\n                                    <span class=\"akt-table__header-text\">\n                                        Caract\u00e9ristique                                    <\/span>\n                                                                    <\/th>\n                                                                                            <th class=\"akt-table__header\"\n                                    scope=\"col\"\n                                    data-column=\"2\"\n                                    >\n                                    <span class=\"akt-table__header-text\">\n                                        Viscosit\u00e9                                    <\/span>\n                                                                    <\/th>\n                                                                                            <th class=\"akt-table__header\"\n                                    scope=\"col\"\n                                    data-column=\"3\"\n                                    >\n                                    <span class=\"akt-table__header-text\">\n                                        Couleurs                                    <\/span>\n                                                                    <\/th>\n                                                    <\/tr>\n                    <\/thead>\n                    \n                    <tbody class=\"akt-table__body\">\n                                                                                                                    <tr class=\"akt-table__row\">\n                                    \n                                                                                                                                                                    <td class=\"akt-table__cell\"\n                                                                                                    data-label=\"Silicone\"\n                                                >\n                                                                                                                                                        <a class=\"akt-table__cell-link\"\n                                                       href=\"https:\/\/www.hoenle-eleco.com\/fr\/silicones\/silicones-snapsil-tn-3005-tn-3305-et-tn-3705\/\"\n                                                                                                                                                                     >\n                                                        Snapsil TN 3005                                                    <\/a>\n                                                                                            <\/td>\n                                                                                                                                <td class=\"akt-table__cell\"\n                                                                                                    data-label=\"Caract\u00e9ristique\"\n                                                >\n                                                                                                    Mono-composant<br \/>\nFaible volatibilit\u00e9<br \/>\nPuret\u00e9 ionique<br \/>\nNorme UL                                                                                            <\/td>\n                                                                                                                                <td class=\"akt-table__cell\"\n                                                                                                    data-label=\"Viscosit\u00e9\"\n                                                >\n                                                                                                    Thixotrope                                                                                            <\/td>\n                                                                                                                                <td class=\"akt-table__cell\"\n                                                                                                    data-label=\"Couleurs\"\n                                                >\n                                                                                                    Blanc, noir et translucide                                                                                            <\/td>\n                                                                                                            <\/tr>\n                                                                                            <tr class=\"akt-table__row\">\n                                    \n                                                                                                                                                                    <td class=\"akt-table__cell\"\n                                                                                                    data-label=\"Silicone\"\n                                                >\n                                                                                                                                                        <a class=\"akt-table__cell-link\"\n                                                       href=\"https:\/\/www.hoenle-eleco.com\/fr\/silicones\/silicones-snapsil-tn-3005-tn-3305-et-tn-3705\/\"\n                                                                                                                                                                     >\n                                                        Snapsil TN 3305                                                    <\/a>\n                                                                                            <\/td>\n                                                                                                                                <td class=\"akt-table__cell\"\n                                                                                                    data-label=\"Caract\u00e9ristique\"\n                                                >\n                                                                                                    Mono-composant<br \/>\nFaible volatibilit\u00e9<br \/>\nPuret\u00e9 ionique<br \/>\nNorme UL                                                                                            <\/td>\n                                                                                                                                <td class=\"akt-table__cell\"\n                                                                                                    data-label=\"Viscosit\u00e9\"\n                                                >\n                                                                                                    Autonivelant                                                                                            <\/td>\n                                                                                                                                <td class=\"akt-table__cell\"\n                                                                                                    data-label=\"Couleurs\"\n                                                >\n                                                                                                    Blanc, noir et translucide                                                                                            <\/td>\n                                                                                                            <\/tr>\n                                                                                            <tr class=\"akt-table__row\">\n                                    \n                                                                                                                                                                    <td class=\"akt-table__cell\"\n                                                                                                    data-label=\"Silicone\"\n                                                >\n                                                                                                                                                        <a class=\"akt-table__cell-link\"\n                                                       href=\"https:\/\/www.hoenle-eleco.com\/fr\/silicones\/silicones-snapsil-tn-3005-tn-3305-et-tn-3705\/\"\n                                                                                                                                                                     >\n                                                        Snapsil TN 3705                                                    <\/a>\n                                                                                            <\/td>\n                                                                                                                                <td class=\"akt-table__cell\"\n                                                                                                    data-label=\"Caract\u00e9ristique\"\n                                                >\n                                                                                                    Mono-composant<br \/>\nFaible volatibilit\u00e9<br \/>\nPuret\u00e9 ionique<br \/>\nNorme UL                                                                                            <\/td>\n                                                                                                                                <td class=\"akt-table__cell\"\n                                                                                                    data-label=\"Viscosit\u00e9\"\n                                                >\n                                                                                                    Fluide                                                                                            <\/td>\n                                                                                                                                <td class=\"akt-table__cell\"\n                                                                                                    data-label=\"Couleurs\"\n                                                >\n                                                                                                    Blanc, noir et translucide                                                                                            <\/td>\n                                                                                                            <\/tr>\n                                                                                            <tr class=\"akt-table__row\">\n                                    \n                                                                                                                                                                    <td class=\"akt-table__cell\"\n                                                                                                    data-label=\"Silicone\"\n                                                >\n                                                                                                                                                        <a class=\"akt-table__cell-link\"\n                                                       href=\"https:\/\/www.hoenle-eleco.com\/fr\/silicones\/silicone-snapsil-tn-3085\/\"\n                                                                                                                                                                     >\n                                                        Snapsil TN 3085                                                    <\/a>\n                                                                                            <\/td>\n                                                                                                                                <td class=\"akt-table__cell\"\n                                                                                                    data-label=\"Caract\u00e9ristique\"\n                                                >\n                                                                                                    Mono-composant<br \/>\nFaible volatibilit\u00e9<br \/>\nPuret\u00e9 ionique<br \/>\nConducteur thermique<br \/>\nNorme UL                                                                                            <\/td>\n                                                                                                                                <td class=\"akt-table__cell\"\n                                                                                                    data-label=\"Viscosit\u00e9\"\n                                                >\n                                                                                                    Thixoptrope                                                                                            <\/td>\n                                                                                                                                <td class=\"akt-table__cell\"\n                                                                                                    data-label=\"Couleurs\"\n                                                >\n                                                                                                    Gris, blanc                                                                                            <\/td>\n                                                                                                            <\/tr>\n                                                                                            <tr class=\"akt-table__row\">\n                                    \n                                                                                                                                                                    <td class=\"akt-table__cell\"\n                                                                                                    data-label=\"Silicone\"\n                                                >\n                                                                                                                                                        <a class=\"akt-table__cell-link\"\n                                                       href=\"https:\/\/www.hoenle-eleco.com\/fr\/silicones\/silicone-snapsil-tn-8000\/\"\n                                                                                                                                                                     >\n                                                        Snapsil TN 8000                                                    <\/a>\n                                                                                            <\/td>\n                                                                                                                                <td class=\"akt-table__cell\"\n                                                                                                    data-label=\"Caract\u00e9ristique\"\n                                                >\n                                                                                                    Mono-composant<br \/>\nGrade industriel<br \/>\nTenue \u00e0 150\u00b0C<br \/>\nNorme UL<br \/>\nAllongement important                                                                                            <\/td>\n                                                                                                                                <td class=\"akt-table__cell\"\n                                                                                                    data-label=\"Viscosit\u00e9\"\n                                                >\n                                                                                                    Thixotrope                                                                                            <\/td>\n                                                                                                                                <td class=\"akt-table__cell\"\n                                                                                                    data-label=\"Couleurs\"\n                                                >\n                                                                                                    Blanc, gris, noir                                                                                            <\/td>\n                                                                                                            <\/tr>\n                                                                        <\/tbody>\n                <\/table>\n            <\/div>\n        <\/div>\n\n            <\/div>\n[\/vc_column][\/vc_row][\/vc_section][vc_section css=\u00a0\u00bb.vc_custom_1756368415759{background-color: #F2F4F6 !important;}\u00a0\u00bb][vc_row][vc_column width=\u00a0\u00bb1\/3&Prime;]\n<h2 class=\"akt-heading akt-heading--block akt-heading--h2 akt-heading--align-left\">\n            <span class=\"akt-heading__part akt-heading__part--light\">Contact<\/span>\n                <span class=\"akt-heading__part akt-heading__part--bold\">et assistance<\/span>\n    <\/h2>[vc_empty_space height=\u00a0\u00bb15px\u00a0\u00bb][\/vc_column][vc_column width=\u00a0\u00bb2\/3&Prime;][vc_column_text css=\u00a0\u00bb\u00a0\u00bb]Vous avez des questions ou besoin d&rsquo;aide concernant nos solutions de collage ? Nous sommes l\u00e0 pour vous aider.<\/p>\n<p>Contactez-nous par e-mail \u00e0\u00a0<a href=\"mailto:eleco@hoenle-eleco.com\">eleco@hoenle-eleco.com<\/a>\u00a0ou par t\u00e9l\u00e9phone: +33 (0)1 47 92 41 80.[\/vc_column_text][vc_empty_space height=\u00a0\u00bb15px\u00a0\u00bb]\n<div class=\"akt-button-wrapper akt-button-wrapper--align-left\">\n            <a href=\"\/contact\" \n           class=\"akt-button akt-button--medium akt-button--primary\" aria-label=\"Contactez-nous\"                      >\n            <span class=\"akt-button__text\">Contactez-nous<\/span>\n        <\/a>\n    <\/div>[\/vc_column][\/vc_row][\/vc_section]<\/p>\n<\/div>","protected":false},"excerpt":{"rendered":"<p>[vc_section css=\u00a0\u00bb.vc_custom_1752143461288{background-color: #F2F4F6 !important;}\u00a0\u00bb][vc_row][vc_column width=\u00a0\u00bb1\/2&Prime;][\/vc_column][vc_column width=\u00a0\u00bb1\/2&Prime;][vc_column_text css=\u00a0\u00bb\u00a0\u00bb]Les silicones mono-composants Snapsil se caract\u00e9risent par l\u2019absence de sel d\u2019\u00e9tain dans le catalyseur [&hellip;]<\/p>\n","protected":false},"author":1,"featured_media":0,"parent":6503,"menu_order":1,"comment_status":"closed","ping_status":"closed","template":"","meta":{"site-sidebar-layout":"no-sidebar","site-content-layout":"plain-container","ast-site-content-layout":"default","site-content-style":"default","site-sidebar-style":"default","ast-global-header-display":"","ast-banner-title-visibility":"","ast-main-header-display":"","ast-hfb-above-header-display":"","ast-hfb-below-header-display":"","ast-hfb-mobile-header-display":"","site-post-title":"disabled","ast-breadcrumbs-content":"","ast-featured-img":"disabled","footer-sml-layout":"","theme-transparent-header-meta":"default","adv-header-id-meta":"","stick-header-meta":"","header-above-stick-meta":"","header-main-stick-meta":"","header-below-stick-meta":"","astra-migrate-meta-layouts":"set","ast-page-background-enabled":"default","ast-page-background-meta":{"desktop":{"background-color":"var(--ast-global-color-5)","background-image":"","background-repeat":"repeat","background-position":"center center","background-size":"auto","background-attachment":"scroll","background-type":"","background-media":"","overlay-type":"","overlay-color":"","overlay-opacity":"","overlay-gradient":""},"tablet":{"background-color":"","background-image":"","background-repeat":"repeat","background-position":"center center","background-size":"auto","background-attachment":"scroll","background-type":"","background-media":"","overlay-type":"","overlay-color":"","overlay-opacity":"","overlay-gradient":""},"mobile":{"background-color":"","background-image":"","background-repeat":"repeat","background-position":"center center","background-size":"auto","background-attachment":"scroll","background-type":"","background-media":"","overlay-type":"","overlay-color":"","overlay-opacity":"","overlay-gradient":""}},"ast-content-background-meta":{"desktop":{"background-color":"var(--ast-global-color-4)","background-image":"","background-repeat":"repeat","background-position":"center center","background-size":"auto","background-attachment":"scroll","background-type":"","background-media":"","overlay-type":"","overlay-color":"","overlay-opacity":"","overlay-gradient":""},"tablet":{"background-color":"var(--ast-global-color-4)","background-image":"","background-repeat":"repeat","background-position":"center center","background-size":"auto","background-attachment":"scroll","background-type":"","background-media":"","overlay-type":"","overlay-color":"","overlay-opacity":"","overlay-gradient":""},"mobile":{"background-color":"var(--ast-global-color-4)","background-image":"","background-repeat":"repeat","background-position":"center center","background-size":"auto","background-attachment":"scroll","background-type":"","background-media":"","overlay-type":"","overlay-color":"","overlay-opacity":"","overlay-gradient":""}},"footnotes":""},"class_list":["post-6551","page","type-page","status-publish","hentry"],"_links":{"self":[{"href":"https:\/\/www.hoenle-eleco.com\/fr\/wp-json\/wp\/v2\/pages\/6551","targetHints":{"allow":["GET"]}}],"collection":[{"href":"https:\/\/www.hoenle-eleco.com\/fr\/wp-json\/wp\/v2\/pages"}],"about":[{"href":"https:\/\/www.hoenle-eleco.com\/fr\/wp-json\/wp\/v2\/types\/page"}],"author":[{"embeddable":true,"href":"https:\/\/www.hoenle-eleco.com\/fr\/wp-json\/wp\/v2\/users\/1"}],"replies":[{"embeddable":true,"href":"https:\/\/www.hoenle-eleco.com\/fr\/wp-json\/wp\/v2\/comments?post=6551"}],"version-history":[{"count":16,"href":"https:\/\/www.hoenle-eleco.com\/fr\/wp-json\/wp\/v2\/pages\/6551\/revisions"}],"predecessor-version":[{"id":10404,"href":"https:\/\/www.hoenle-eleco.com\/fr\/wp-json\/wp\/v2\/pages\/6551\/revisions\/10404"}],"up":[{"embeddable":true,"href":"https:\/\/www.hoenle-eleco.com\/fr\/wp-json\/wp\/v2\/pages\/6503"}],"wp:attachment":[{"href":"https:\/\/www.hoenle-eleco.com\/fr\/wp-json\/wp\/v2\/media?parent=6551"}],"curies":[{"name":"wp","href":"https:\/\/api.w.org\/{rel}","templated":true}]}}