{"id":6152,"date":"2025-09-14T19:48:54","date_gmt":"2025-09-14T17:48:54","guid":{"rendered":"https:\/\/www.hoenle-eleco.com\/?page_id=6152"},"modified":"2026-03-23T19:06:44","modified_gmt":"2026-03-23T18:06:44","slug":"certifications","status":"publish","type":"page","link":"https:\/\/www.hoenle-eleco.com\/fr\/home\/certifications\/","title":{"rendered":"Hoenle-Eleco Certifications et Qualit\u00e9"},"content":{"rendered":"<div class=\"wpb-content-wrapper\"><p>[vc_section][vc_row][vc_column width=\u00a0\u00bb1\/2&Prime;]\n<h1 class=\"akt-heading akt-heading--block akt-heading--h1 akt-heading--align-left\">\n            <span class=\"akt-heading__part akt-heading__part--light\">Nos engagements<\/span>\n                <span class=\"akt-heading__part akt-heading__part--bold\">qualit\u00e9<\/span>\n    <\/h1>\n<p class=\"akt-h1-subline akt-h1-subline--align-left\">\n    Certifications<\/p>[\/vc_column][vc_column width=\u00a0\u00bb1\/2&Prime;][vc_column_text css=\u00a0\u00bb\u00a0\u00bb]Notre politique Qualit\u00e9 vise la totale satisfaction de nos clients, en leur fournissant des produits et des services irr\u00e9prochables, en leur apportant une assistance technique et en respectant les sp\u00e9cifications produits, les d\u00e9lais et les livraisons.<\/p>\n<p>&nbsp;<\/p>\n<p><strong>Pour y parvenir, 3 axes sont privil\u00e9gi\u00e9s :<\/strong><\/p>\n<ul>\n<li>Respecter nos engagements afin de maintenir la confiance des clients,<\/li>\n<li>Favoriser notre croissance et d\u00e9veloppement commercial,<\/li>\n<li>Am\u00e9liorer les performances de l\u2019entreprise.<\/li>\n<\/ul>\n<p>Tous nos services : direction, recherche, vente, achat, comptabilit\u00e9, marketing, production et exp\u00e9dition, forment une \u00e9quipe qualifi\u00e9e enti\u00e8rement vou\u00e9e \u00e0 la satisfaction du client.[\/vc_column_text][\/vc_column][\/vc_row][\/vc_section][vc_section css=\u00a0\u00bb.vc_custom_1752579807249{background-color: #FFFFFF !important;}\u00a0\u00bb][vc_row][vc_column width=\u00a0\u00bb2\/3&Prime;]\n<h2 class=\"akt-heading akt-heading--inline akt-heading--h2 akt-heading--align-left\">\n            <span class=\"akt-heading__part akt-heading__part--light\">Communication<\/span>\n                <span class=\"akt-heading__part akt-heading__part--bold\">Importante<\/span>\n    <\/h2>[\/vc_column][vc_column width=\u00a0\u00bb1\/3&Prime;][\/vc_column][\/vc_row][vc_row][vc_column width=\u00a0\u00bb1\/2&Prime;][vc_column_text css=\u00a0\u00bb\u00a0\u00bb]Face \u00e0 la diversit\u00e9 de nos clients et de leurs domaines d\u2019activit\u00e9 (m\u00e9dical, automobile, a\u00e9ronautique, \u00e9lectronique, nucl\u00e9aire, cosm\u00e9tique\u2026) notre organisation se doit de reposer sur une gestion centralis\u00e9e de l\u2019information.<\/p>\n<p>Aussi pour toute demande de certificat (REACH, RoHS, Conflict minerals, \u2026), de FDS, de FT, de documents administratifs (Kbis, Attestations URSAFF, Responsabilit\u00e9 Civile\u2026) nous vous invitons \u00e0 nous \u00e9crire \u00e0 l\u2019adresse suivante : <a href=\"mailto:eleco@hoenle-eleco.com\">eleco@hoenle-eleco.com<\/a><\/p>\n<p>&nbsp;<\/p>\n<p>Nous vous r\u00e9pondrons dans les meilleurs d\u00e9lais, cependant veuillez noter que nous ne proc\u00e9dons pas \u00e0 la d\u00e9pose des documents directement sur les plateformes en ligne.[\/vc_column_text][\/vc_column][vc_column width=\u00a0\u00bb1\/2&Prime;][vc_column_text css=\u00a0\u00bb\u00a0\u00bb]De m\u00eame pour les commandes et demandes de devis, nous vous remercions de nous les transmettre exclusivement par e-mail.<\/p>\n<p>Enfin, afin de garantir la prise en compte de vos documents (Exigences Achats, Charte RSE, Code de conduite, Manuel Qualit\u00e9\u2026), merci de nous les transmettre via des supports durables tel que l\u2019e-mail ou le courrier postal. Aucun document ne pourra \u00eatre valid\u00e9 via des sites Internet ou des liens Web.[\/vc_column_text][\/vc_column][\/vc_row][\/vc_section][vc_section css=\u00a0\u00bb.vc_custom_1769701044774{background-color: #F2F4F6 !important;}\u00a0\u00bb][vc_row][vc_column width=\u00a0\u00bb2\/3&Prime;]\n<h2 class=\"akt-heading akt-heading--inline akt-heading--h2 akt-heading--align-left\">\n            <span class=\"akt-heading__part akt-heading__part--light\">Certification<\/span>\n                <span class=\"akt-heading__part akt-heading__part--bold\">ISO 9001<\/span>\n    <\/h2>[\/vc_column][vc_column width=\u00a0\u00bb1\/3&Prime;][\/vc_column][\/vc_row][vc_row][vc_column width=\u00a0\u00bb2\/3&Prime;][vc_column_text css=\u00a0\u00bb\u00a0\u00bb]Le SMQ est conforme \u00e0 la norme\u00a0ISO 9001\u00a0: 2015.<\/p>\n<p>Nous associons notre d\u00e9marche environnementale aux orientations de notre politique qualit\u00e9.<\/p>\n<ul>\n<li>Respecter les exigences l\u00e9gales qui s\u2019appliquent aux aspects environnementaux (suppression des produits type solvants, substances dangereuses, COV, RoHS, REACH\u2026)<\/li>\n<\/ul>\n<p>Nos produits sont assujettis \u00e0 l\u2019arr\u00eat\u00e9 minist\u00e9riel du 20 avril 1994 relatif \u00e0 la d\u00e9claration, la classification, l\u2019emballage et l\u2019\u00e9tiquetage des substances dangereuses. Nous nous appuyons sur la r\u00e9glementation communautaire europ\u00e9enne relative aux pr\u00e9parations dangereuses publi\u00e9e par le magazine \u00abEuropeconomic\u00bb auquel nous sommes abonn\u00e9s.<\/p>\n<p>Pour le recyclage de nos d\u00e9chets, nous les faisons \u00e9liminer par une soci\u00e9t\u00e9 sp\u00e9cialis\u00e9e.[\/vc_column_text]\n<div class=\"akt-button-wrapper akt-button-wrapper--align-left\">\n            <a href=\"https:\/\/www.hoenle-eleco.com\/wp-content\/uploads\/CERTIFICAT-9001-HOENLE-ELECO.pdf\" \n           class=\"akt-button akt-button--medium akt-button--primary\" title=\"ISO 9001\" aria-label=\"ISO 9001\"                      >\n            <span class=\"akt-button__text\">Certificat ISO 9001:2015<\/span>\n        <\/a>\n    <\/div>[\/vc_column][vc_column width=\u00a0\u00bb1\/3&Prime;][vc_single_image image=\u00a0\u00bb6153&Prime; img_size=\u00a0\u00bbmedium\u00a0\u00bb css=\u00a0\u00bb\u00a0\u00bb][vc_empty_space][\/vc_column][\/vc_row][\/vc_section][vc_section css=\u00a0\u00bb.vc_custom_1752579807249{background-color: #FFFFFF !important;}\u00a0\u00bb][vc_row][vc_column]\n<h2 class=\"akt-heading akt-heading--inline akt-heading--h2 akt-heading--align-left\">\n            <span class=\"akt-heading__part akt-heading__part--light\">Certification<\/span>\n                <span class=\"akt-heading__part akt-heading__part--bold\">Charte RSE<\/span>\n    <\/h2>[\/vc_column][\/vc_row][vc_row][vc_column width=\u00a0\u00bb2\/3&Prime;][vc_column_text css=\u00a0\u00bb\u00a0\u00bb]Hoenle-Eleco, sensible des actuelles pr\u00e9occupations sociales, environnementales, et \u00e9conomiques exprime ses valeurs dans la pr\u00e9sente <strong>charte \u00e9thique et sociale<\/strong>\u00a0en se r\u00e9f\u00e9rant aux trois principes fondamentaux du d\u00e9veloppement durable.<\/p>\n<p>&nbsp;<\/p>\n<p>Pour plus d&rsquo;information t\u00e9l\u00e9charger le PDF suivant :[\/vc_column_text][\/vc_column][vc_column width=\u00a0\u00bb1\/3&Prime;][vc_single_image image=\u00a0\u00bb6155&Prime; img_size=\u00a0\u00bbmedium\u00a0\u00bb css=\u00a0\u00bb\u00a0\u00bb][\/vc_column][\/vc_row][vc_row][vc_column width=\u00a0\u00bb1\/3&Prime;]\n<div class=\"akt-button-wrapper akt-button-wrapper--align-left\">\n            <a href=\"https:\/\/www.hoenle-eleco.com\/wp-content\/uploads\/CHARTE-RSE-HOENLE_ELECO_VF.pdf\" \n           class=\"akt-button akt-button--medium akt-button--primary\" title=\"Charte RSE\" aria-label=\"Charte RSE\"                      >\n            <span class=\"akt-button__text\">Charte RSE (fran\u00e7ais)<\/span>\n        <\/a>\n    <\/div>[\/vc_column][vc_column width=\u00a0\u00bb1\/3&Prime;]\n<div class=\"akt-button-wrapper akt-button-wrapper--align-left\">\n            <a href=\"https:\/\/www.hoenle-eleco.com\/wp-content\/uploads\/HOENLE_ELECO_CSR-CHARTER_E.pdf\" \n           class=\"akt-button akt-button--medium akt-button--primary\" title=\"Charter CSR\" aria-label=\"Charter CSR\"                      >\n            <span class=\"akt-button__text\">Charter CSR (anglais)<\/span>\n        <\/a>\n    <\/div>[\/vc_column][vc_column width=\u00a0\u00bb1\/3&Prime;][\/vc_column][\/vc_row][\/vc_section][vc_section css=\u00a0\u00bb.vc_custom_1769701065240{background-color: #F2F4F6 !important;}\u00a0\u00bb][vc_row][vc_column]\n<h2 class=\"akt-heading akt-heading--block akt-heading--h2 akt-heading--align-left\">\n            <span class=\"akt-heading__part akt-heading__part--light\">R\u00e8glement sur l\u2019enregistrement, l\u2019\u00e9valuation, l\u2019autorisation et les restrictions des substances chimiques<\/span>\n                <span class=\"akt-heading__part akt-heading__part--bold\">REACH<\/span>\n    <\/h2>[\/vc_column][\/vc_row][vc_row css=\u00a0\u00bb.vc_custom_1770113126711{background-color: #F2F4F6 !important;}\u00a0\u00bb][vc_column width=\u00a0\u00bb2\/3&Prime;][vc_column_text css=\u00a0\u00bb\u00a0\u00bb]Le r\u00e8glement europ\u00e9en REACH (<strong>R<\/strong>egistration, <strong>E<\/strong>valuation, <strong>A<\/strong>uthorisation and restriction of <strong>Ch<\/strong>emical substances) est entr\u00e9 en vigueur le 1er Juin 2007 et s\u2019applique sur l&rsquo;ensemble de l&rsquo;industrie chimique, aussi bien aux fabricants qu\u2019aux exportateurs et utilisateurs L\u2019Union europ\u00e9enne a cr\u00e9\u00e9 une agence charg\u00e9e des aspects techniques et administratifs li\u00e9s au dispositif : l\u2019<strong>E<\/strong>uropean\u00a0<strong>CH<\/strong>emicals<strong>\u00a0A<\/strong>gency (ECHA), bas\u00e9e \u00e0 Helsinki (Finlande).<\/p>\n<p>&nbsp;<\/p>\n<p>Dans sa cha\u00eene d&rsquo;approvisionnement, notre groupe Eleco &#8211; Hoenle\u00a0prend la position d\u2019utilisateur, c\u2019est \u00e0 dire que nous ne produisons pas les produits chimiques. Nous n\u2019utilisons que les ingr\u00e9dients pour nos colles. Pour s\u2019assurer que nous serons en mesure de continuer \u00e0 pr\u00e9parer nos formulations, nous avons clarifi\u00e9 l&rsquo;enregistrement pr\u00e9alable des substances utilis\u00e9es avec nos fournisseurs.<\/p>\n<p>Parce que REACH couvre l&rsquo;ensemble du cycle de vie d&rsquo;une substance, chaque utilisation au sein de la cha\u00eene d&rsquo;approvisionnement doit \u00eatre consid\u00e9r\u00e9e. Le groupe Eleco Hoenle communique donc constamment avec les utilisateurs de ses pr\u00e9paratifs.<\/p>\n<p>&nbsp;<\/p>\n<p>REACH est compl\u00e9t\u00e9 par le\u00a0<b>r\u00e8glement CLP<\/b>\u00a0(Classification, Labelling and Packaging) relatif \u00e0 la classification, l\u2019\u00e9tiquetage et \u00e0 l\u2019emballage des substances et m\u00e9langes.<\/p>\n<p>&nbsp;<\/p>\n<p>D\u2019autre part, <b>Hoenle-Eleco<\/b>\u00a0confirme que ses produits ne contiennent aucune substance chimique identifi\u00e9e dans la liste candidate des substances extr\u00eamement pr\u00e9occupantes SVHC (substances of very high concern) en concentration sup\u00e9rieure \u00e0 0,1% de la masse.[\/vc_column_text][\/vc_column][vc_column width=\u00a0\u00bb1\/3&Prime; css=\u00a0\u00bb.vc_custom_1770113139391{background-color: #FFFFFF !important;}\u00a0\u00bb][vc_column_text css=\u00a0\u00bb\u00a0\u00bb]Si vous avez des questions sur REACH contactez nous:<\/p>\n<p>T\u00e9l. : 01 47 92 41 80<br \/>\nE-mail : <a href=\"mailto:eleco@hoenle-eleco.com\">eleco@hoenle-eleco.com<\/a>[\/vc_column_text][\/vc_column][\/vc_row][\/vc_section]<\/p>\n<\/div>","protected":false},"excerpt":{"rendered":"<p>[vc_section][vc_row][vc_column width=\u00a0\u00bb1\/2&Prime;][\/vc_column][vc_column width=\u00a0\u00bb1\/2&Prime;][vc_column_text css=\u00a0\u00bb\u00a0\u00bb]Notre politique Qualit\u00e9 vise la totale satisfaction de nos clients, en leur fournissant des produits et des [&hellip;]<\/p>\n","protected":false},"author":9,"featured_media":0,"parent":6060,"menu_order":4,"comment_status":"closed","ping_status":"closed","template":"","meta":{"site-sidebar-layout":"no-sidebar","site-content-layout":"plain-container","ast-site-content-layout":"default","site-content-style":"default","site-sidebar-style":"default","ast-global-header-display":"","ast-banner-title-visibility":"","ast-main-header-display":"","ast-hfb-above-header-display":"","ast-hfb-below-header-display":"","ast-hfb-mobile-header-display":"","site-post-title":"disabled","ast-breadcrumbs-content":"","ast-featured-img":"disabled","footer-sml-layout":"","theme-transparent-header-meta":"default","adv-header-id-meta":"","stick-header-meta":"","header-above-stick-meta":"","header-main-stick-meta":"","header-below-stick-meta":"","astra-migrate-meta-layouts":"set","ast-page-background-enabled":"default","ast-page-background-meta":{"desktop":{"background-color":"var(--ast-global-color-5)","background-image":"","background-repeat":"repeat","background-position":"center center","background-size":"auto","background-attachment":"scroll","background-type":"","background-media":"","overlay-type":"","overlay-color":"","overlay-opacity":"","overlay-gradient":""},"tablet":{"background-color":"","background-image":"","background-repeat":"repeat","background-position":"center center","background-size":"auto","background-attachment":"scroll","background-type":"","background-media":"","overlay-type":"","overlay-color":"","overlay-opacity":"","overlay-gradient":""},"mobile":{"background-color":"","background-image":"","background-repeat":"repeat","background-position":"center center","background-size":"auto","background-attachment":"scroll","background-type":"","background-media":"","overlay-type":"","overlay-color":"","overlay-opacity":"","overlay-gradient":""}},"ast-content-background-meta":{"desktop":{"background-color":"var(--ast-global-color-4)","background-image":"","background-repeat":"repeat","background-position":"center center","background-size":"auto","background-attachment":"scroll","background-type":"","background-media":"","overlay-type":"","overlay-color":"","overlay-opacity":"","overlay-gradient":""},"tablet":{"background-color":"var(--ast-global-color-4)","background-image":"","background-repeat":"repeat","background-position":"center center","background-size":"auto","background-attachment":"scroll","background-type":"","background-media":"","overlay-type":"","overlay-color":"","overlay-opacity":"","overlay-gradient":""},"mobile":{"background-color":"var(--ast-global-color-4)","background-image":"","background-repeat":"repeat","background-position":"center center","background-size":"auto","background-attachment":"scroll","background-type":"","background-media":"","overlay-type":"","overlay-color":"","overlay-opacity":"","overlay-gradient":""}},"footnotes":""},"class_list":["post-6152","page","type-page","status-publish","hentry"],"_links":{"self":[{"href":"https:\/\/www.hoenle-eleco.com\/fr\/wp-json\/wp\/v2\/pages\/6152","targetHints":{"allow":["GET"]}}],"collection":[{"href":"https:\/\/www.hoenle-eleco.com\/fr\/wp-json\/wp\/v2\/pages"}],"about":[{"href":"https:\/\/www.hoenle-eleco.com\/fr\/wp-json\/wp\/v2\/types\/page"}],"author":[{"embeddable":true,"href":"https:\/\/www.hoenle-eleco.com\/fr\/wp-json\/wp\/v2\/users\/9"}],"replies":[{"embeddable":true,"href":"https:\/\/www.hoenle-eleco.com\/fr\/wp-json\/wp\/v2\/comments?post=6152"}],"version-history":[{"count":27,"href":"https:\/\/www.hoenle-eleco.com\/fr\/wp-json\/wp\/v2\/pages\/6152\/revisions"}],"predecessor-version":[{"id":10710,"href":"https:\/\/www.hoenle-eleco.com\/fr\/wp-json\/wp\/v2\/pages\/6152\/revisions\/10710"}],"up":[{"embeddable":true,"href":"https:\/\/www.hoenle-eleco.com\/fr\/wp-json\/wp\/v2\/pages\/6060"}],"wp:attachment":[{"href":"https:\/\/www.hoenle-eleco.com\/fr\/wp-json\/wp\/v2\/media?parent=6152"}],"curies":[{"name":"wp","href":"https:\/\/api.w.org\/{rel}","templated":true}]}}