{"id":6136,"date":"2025-09-14T18:19:12","date_gmt":"2025-09-14T16:19:12","guid":{"rendered":"https:\/\/www.hoenle-eleco.com\/?page_id=6136"},"modified":"2026-01-29T10:39:24","modified_gmt":"2026-01-29T09:39:24","slug":"innovations","status":"publish","type":"page","link":"https:\/\/www.hoenle-eleco.com\/fr\/home\/innovations\/","title":{"rendered":"Hoenle-Eleco Innovations"},"content":{"rendered":"<div class=\"wpb-content-wrapper\"><p>[vc_section][vc_row][vc_column width=\u00a0\u00bb1\/2&Prime;]\n<h1 class=\"akt-heading akt-heading--block akt-heading--h1 akt-heading--align-left\">\n            <span class=\"akt-heading__part akt-heading__part--light\">Une innovation<\/span>\n                <span class=\"akt-heading__part akt-heading__part--bold\">permanente<\/span>\n    <\/h1>[\/vc_column][vc_column width=\u00a0\u00bb1\/2&Prime;][vc_column_text css=\u00a0\u00bb\u00a0\u00bb]De la colle en passant par le dosage et l\u2019insolation UV, nous vous offrons des technologies adapt\u00e9es et adaptables \u00e0 vos besoins.<\/p>\n<p>Des ressources \u00e0 votre disposition :<\/p>\n<ul>\n<li>En r\u00e9gion parisienne, nos laboratoires d\u2019applications pour les essais de collage et de dosage.<\/li>\n<li>En Allemagne \u00e0 Francfort nos laboratoires d\u2019analyses et de d\u00e9veloppement pour optimiser voire personnaliser la bonne formulation pour vos applications.<\/li>\n<\/ul>\n<p>[\/vc_column_text][\/vc_column][\/vc_row][\/vc_section][vc_section css=\u00a0\u00bb.vc_custom_1752579807249{background-color: #FFFFFF !important;}\u00a0\u00bb][vc_row][vc_column width=\u00a0\u00bb1\/3&Prime;]\n<h2 class=\"akt-heading akt-heading--inline akt-heading--h2 akt-heading--align-left\">\n            <span class=\"akt-heading__part akt-heading__part--light\">Nos laboratoires<\/span>\n                <span class=\"akt-heading__part akt-heading__part--bold\">chez Hoenle-Eleco<\/span>\n    <\/h2>[\/vc_column][vc_column width=\u00a0\u00bb1\/3&Prime;][vc_column_text css=\u00a0\u00bb\u00a0\u00bb]Nos laboratoires proposent les services suivants :<\/p>\n<p>Essai des propri\u00e9t\u00e9s m\u00e9caniques, test de quadrillage, indice de r\u00e9fraction, spectroscopie UV, FTIR, la spectroscopie infrarouge, mesure de viscosit\u00e9, TGA, DSC, TMA, contr\u00f4les qualit\u00e9, essais de duret\u00e9, mesure de r\u00e9sistance \u00e0 quatre points, test de vieillissement, test de chaleur humide, chocs thermiques\u2026[\/vc_column_text][\/vc_column][vc_column width=\u00a0\u00bb1\/3&Prime;][vc_single_image image=\u00a0\u00bb6145&Prime; img_size=\u00a0\u00bb400&#215;533&Prime; css=\u00a0\u00bb\u00a0\u00bb][\/vc_column][\/vc_row][\/vc_section][vc_section css=\u00a0\u00bb.vc_custom_1757868595455{background-color: #FFFFFF !important;border-color: #F2F4F6 !important;}\u00a0\u00bb][vc_row][vc_column width=\u00a0\u00bb1\/3&Prime;]\n<h2 class=\"akt-heading akt-heading--inline akt-heading--h2 akt-heading--align-left\">\n            <span class=\"akt-heading__part akt-heading__part--light\">Nos laboratoires<\/span>\n                <span class=\"akt-heading__part akt-heading__part--bold\">chez Hoenle Adhesives<\/span>\n    <\/h2>[\/vc_column][vc_column width=\u00a0\u00bb1\/3&Prime;][vc_column_text css=\u00a0\u00bb\u00a0\u00bb]Le laboratoire Adhesive Systems, o\u00f9 bon nombre de nos colles ont \u00e9t\u00e9 d\u00e9velopp\u00e9s, a \u00e9t\u00e9 cr\u00e9\u00e9 en 1987. Certains colles, telles que Vitralit\u00ae ou Elecolit\u00ae, sont devenues des articles de marque et sont d\u00e9sormais disponibles dans de nombreuses versions optimis\u00e9es pour diverses applications. Aujourd&rsquo;hui, nos laboratoires sont \u00e9quip\u00e9s des derniers appareils permettant d&rsquo;utiliser toutes les techniques et mesures courantes pour d\u00e9velopper et tester de nouveaux produits et assurer un contr\u00f4le qualit\u00e9 continu. Au total, Hoenle Adhesives GmbH exploite d\u00e9sormais quatre laboratoires dans ses installations de Steinbach\/Allemagne, dans lesquels les ing\u00e9nieurs de Hoenle Adhesives GmbH peuvent travailler sous une lumi\u00e8re jaune afin d&rsquo;\u00e9viter un durcissement pr\u00e9matur\u00e9 des adh\u00e9sifs \u00e0 la lumi\u00e8re du jour ou au n\u00e9on. Les clients disposent d&rsquo;un centre technique s\u00e9par\u00e9 pour les premiers essais d&rsquo;adh\u00e9sifs sur leur application individuelle.[\/vc_column_text][\/vc_column][vc_column width=\u00a0\u00bb1\/3&Prime;][vc_single_image image=\u00a0\u00bb6147&Prime; img_size=\u00a0\u00bbfull\u00a0\u00bb css=\u00a0\u00bb\u00a0\u00bb][\/vc_column][\/vc_row][\/vc_section]<\/p>\n<\/div>","protected":false},"excerpt":{"rendered":"<p>[vc_section][vc_row][vc_column width=\u00a0\u00bb1\/2&Prime;][\/vc_column][vc_column width=\u00a0\u00bb1\/2&Prime;][vc_column_text css=\u00a0\u00bb\u00a0\u00bb]De la colle en passant par le dosage et l\u2019insolation UV, nous vous offrons des technologies adapt\u00e9es [&hellip;]<\/p>\n","protected":false},"author":9,"featured_media":0,"parent":6060,"menu_order":3,"comment_status":"closed","ping_status":"closed","template":"","meta":{"site-sidebar-layout":"no-sidebar","site-content-layout":"plain-container","ast-site-content-layout":"default","site-content-style":"default","site-sidebar-style":"default","ast-global-header-display":"","ast-banner-title-visibility":"","ast-main-header-display":"","ast-hfb-above-header-display":"","ast-hfb-below-header-display":"","ast-hfb-mobile-header-display":"","site-post-title":"disabled","ast-breadcrumbs-content":"","ast-featured-img":"disabled","footer-sml-layout":"","theme-transparent-header-meta":"default","adv-header-id-meta":"","stick-header-meta":"","header-above-stick-meta":"","header-main-stick-meta":"","header-below-stick-meta":"","astra-migrate-meta-layouts":"set","ast-page-background-enabled":"default","ast-page-background-meta":{"desktop":{"background-color":"var(--ast-global-color-5)","background-image":"","background-repeat":"repeat","background-position":"center center","background-size":"auto","background-attachment":"scroll","background-type":"","background-media":"","overlay-type":"","overlay-color":"","overlay-opacity":"","overlay-gradient":""},"tablet":{"background-color":"","background-image":"","background-repeat":"repeat","background-position":"center center","background-size":"auto","background-attachment":"scroll","background-type":"","background-media":"","overlay-type":"","overlay-color":"","overlay-opacity":"","overlay-gradient":""},"mobile":{"background-color":"","background-image":"","background-repeat":"repeat","background-position":"center center","background-size":"auto","background-attachment":"scroll","background-type":"","background-media":"","overlay-type":"","overlay-color":"","overlay-opacity":"","overlay-gradient":""}},"ast-content-background-meta":{"desktop":{"background-color":"var(--ast-global-color-4)","background-image":"","background-repeat":"repeat","background-position":"center center","background-size":"auto","background-attachment":"scroll","background-type":"","background-media":"","overlay-type":"","overlay-color":"","overlay-opacity":"","overlay-gradient":""},"tablet":{"background-color":"var(--ast-global-color-4)","background-image":"","background-repeat":"repeat","background-position":"center center","background-size":"auto","background-attachment":"scroll","background-type":"","background-media":"","overlay-type":"","overlay-color":"","overlay-opacity":"","overlay-gradient":""},"mobile":{"background-color":"var(--ast-global-color-4)","background-image":"","background-repeat":"repeat","background-position":"center center","background-size":"auto","background-attachment":"scroll","background-type":"","background-media":"","overlay-type":"","overlay-color":"","overlay-opacity":"","overlay-gradient":""}},"footnotes":""},"class_list":["post-6136","page","type-page","status-publish","hentry"],"_links":{"self":[{"href":"https:\/\/www.hoenle-eleco.com\/fr\/wp-json\/wp\/v2\/pages\/6136","targetHints":{"allow":["GET"]}}],"collection":[{"href":"https:\/\/www.hoenle-eleco.com\/fr\/wp-json\/wp\/v2\/pages"}],"about":[{"href":"https:\/\/www.hoenle-eleco.com\/fr\/wp-json\/wp\/v2\/types\/page"}],"author":[{"embeddable":true,"href":"https:\/\/www.hoenle-eleco.com\/fr\/wp-json\/wp\/v2\/users\/9"}],"replies":[{"embeddable":true,"href":"https:\/\/www.hoenle-eleco.com\/fr\/wp-json\/wp\/v2\/comments?post=6136"}],"version-history":[{"count":7,"href":"https:\/\/www.hoenle-eleco.com\/fr\/wp-json\/wp\/v2\/pages\/6136\/revisions"}],"predecessor-version":[{"id":6151,"href":"https:\/\/www.hoenle-eleco.com\/fr\/wp-json\/wp\/v2\/pages\/6136\/revisions\/6151"}],"up":[{"embeddable":true,"href":"https:\/\/www.hoenle-eleco.com\/fr\/wp-json\/wp\/v2\/pages\/6060"}],"wp:attachment":[{"href":"https:\/\/www.hoenle-eleco.com\/fr\/wp-json\/wp\/v2\/media?parent=6136"}],"curies":[{"name":"wp","href":"https:\/\/api.w.org\/{rel}","templated":true}]}}