{"id":6100,"date":"2025-09-14T16:47:13","date_gmt":"2025-09-14T14:47:13","guid":{"rendered":"https:\/\/www.hoenle-eleco.com\/?page_id=6100"},"modified":"2025-12-15T11:23:38","modified_gmt":"2025-12-15T10:23:38","slug":"case-study-needle-bonding","status":"publish","type":"page","link":"https:\/\/www.hoenle-eleco.com\/fr\/applications\/case-studies\/case-study-needle-bonding\/","title":{"rendered":"Case Study Needle Bonding"},"content":{"rendered":"<div class=\"wpb-content-wrapper\"><p>[vc_section][vc_row][vc_column width=\u00a0\u00bb1\/2&Prime;]\n<h1 class=\"akt-heading akt-heading--inline akt-heading--h1 akt-heading--align-left\">\n            <span class=\"akt-heading__part akt-heading__part--light\">Case Study<\/span>\n                <span class=\"akt-heading__part akt-heading__part--bold\">Comment coller des aiguilles<\/span>\n    <\/h1>[\/vc_column][vc_column width=\u00a0\u00bb1\/2&Prime;][vc_column_text css=\u00a0\u00bb\u00a0\u00bb]L&rsquo;un des principaux domaines d&rsquo;application des colles dans les syst\u00e8mes m\u00e9dicaux est le collage d&rsquo;aiguilles et l&rsquo;assemblage de seringues, c&rsquo;est-\u00e0-dire le collage d&rsquo;aiguilles ou de canules en acier inoxydable dans des seringues en verre ou en plastique. Ces aiguilles sont produites en grandes quantit\u00e9s, ce qui n\u00e9cessite un collage rapide et fiable dans le cadre d&rsquo;une production \u00e0 grand volume. Outre leur r\u00e9sistance m\u00e9canique, les colles utilis\u00e9es doivent permettre une production de haute pr\u00e9cision et un assemblage permanent, et doivent r\u00e9sister \u00e0 diverses m\u00e9thodes de st\u00e9rilisation.[\/vc_column_text][\/vc_column][\/vc_row][\/vc_section][vc_section css=\u00a0\u00bb.vc_custom_1756467838007{background-color: #FFFFFF !important;}\u00a0\u00bb][vc_row][vc_column width=\u00a0\u00bb1\/2&Prime;][vc_column_text css=\u00a0\u00bb\u00a0\u00bb]Les colles Vitralit\u00ae polym\u00e9risables aux UV de Hoenle r\u00e9pondent exactement \u00e0 ces exigences. Les colles Vitralit\u00ae sont disponibles dans diff\u00e9rentes gammes de viscosit\u00e9 afin de s&rsquo;adapter parfaitement \u00e0 la conception du moyeu de l&rsquo;aiguille et de combler l&rsquo;espace entre le moyeu et l&rsquo;aiguille. Le mat\u00e9riau du moyeu et de l&rsquo;aiguille influe \u00e9galement sur le choix de la colle : de nombreuses colles sont polym\u00e9risables aux UV, ce qui n\u00e9cessite l&rsquo;utilisation de mat\u00e9riaux transparents et perm\u00e9ables aux UV. Pour les mat\u00e9riaux qui bloquent les rayons UV, tels que les polycarbonates, il est recommand\u00e9 d&rsquo;utiliser des colles durcissables par LED \u00e0 ondes longues. Tous les adh\u00e9sifs Vitralit\u00ae recommand\u00e9s pour le collage d&rsquo;aiguilles sont sans solvant et certifi\u00e9s USP Classe VI et\/ou ISO 10993 pour une utilisation dans les \u00e9quipements m\u00e9dicaux. De plus, des forces d&rsquo;extraction \u00e9lev\u00e9es ont \u00e9t\u00e9 mesur\u00e9es avec tous les adh\u00e9sifs de collage d&rsquo;aiguilles, m\u00eame apr\u00e8s plusieurs cycles de st\u00e9rilisation. Pour le contr\u00f4le visuel de la qualit\u00e9, des versions fluorescentes de nos colles de qualit\u00e9 m\u00e9dicale sont \u00e9galement disponibles.<\/p>\n<p>Le choix des colles n\u00e9cessite un syst\u00e8me de distribution adapt\u00e9 pour une distribution fiable et pr\u00e9cise dans un environnement de production rapide. Les exigences de qualit\u00e9 \u00e9lev\u00e9es requises pour les appareils m\u00e9dicaux, comme cette application de collage d&rsquo;aiguilles, confirment le choix des \u00e9quipements de distribution volum\u00e9trique de bdtronic.<\/p>\n<p>Gr\u00e2ce \u00e0 la solution mini-dis fournie par bdtronic, le dosage en microlitres est facilit\u00e9, quelle que soit la viscosit\u00e9 de la colle. Gr\u00e2ce au dosage volum\u00e9trique continu, le dosage est exempt de pulsations, ce qui garantit une vitesse de traitement, une r\u00e9p\u00e9tabilit\u00e9 et une pr\u00e9cision optimales.<\/p>\n<p>Enfin, le choix de l&rsquo;\u00e9quipement de polym\u00e9risation UV d\u00e9pend de la colle et de la longueur d&rsquo;onde qui d\u00e9clenche la polym\u00e9risation. Pour le collage \u00e0 l&rsquo;aiguille avec les produits Vitralit\u00ae, vous pouvez utiliser soit une lumi\u00e8re UV-A, soit une lumi\u00e8re LED visible. Gr\u00e2ce \u00e0 un assemblage LED sp\u00e9cial et \u00e0 une alimentation \u00e9lectrique optimis\u00e9e, Hoenle LED Powerline LC garantit une irradiation \u00e0 haute intensit\u00e9 pour une polym\u00e9risation rapide et des temps de cycle courts. De plus, le temps d&rsquo;irradiation peut \u00eatre s\u00e9lectionn\u00e9 dans une plage de 0,01 \u00e0 99,99 secondes et ainsi adapt\u00e9 avec pr\u00e9cision aux exigences du processus.<\/p>\n<p>Les t\u00eates Hoenle LED Powerline ont un design compact pour une int\u00e9gration facile dans n&rsquo;importe quelle ligne de production. La LED-UV \u00e0 haute intensit\u00e9 et refroidie \u00e0 l&rsquo;eau est adapt\u00e9e \u00e0 une utilisation en salle blanche.<\/p>\n<p>[\/vc_column_text][\/vc_column][vc_column width=\u00a0\u00bb1\/2&Prime;]\n<div id=\"akt-video-player-6a096d3fe96df\" class=\"akt-video-player akt-video-player--width-full akt-video-player--align-center akt-video-player--aspect-16-9\">\n    \n    \n    <div class=\"akt-video-player__container\">\n                    <video class=\"akt-video-player__video\" \n                   controls poster=\"https:\/\/www.hoenle-eleco.com\/wp-content\/uploads\/Needle-Bonding-with-Hoenle-LEDs.jpg\"                   preload=\"metadata\"\n                   playsinline\n                   data-element-id=\"akt-video-player-6a096d3fe96df\">\n                \n                <!-- Primary video source -->\n                <source src=\"https:\/\/www.hoenle-eleco.com\/wp-content\/uploads\/Needle-Bonding-with-bdtronic-and-Hoenle.mp4\" \n                        type=\"video\/mp4\">\n                \n                <!-- Fallback message for unsupported browsers -->\n                <div class=\"akt-video-player__fallback\">\n                    <p>Your browser does not support the video tag. Please \n                       <a href=\"https:\/\/www.hoenle-eleco.com\/wp-content\/uploads\/Needle-Bonding-with-bdtronic-and-Hoenle.mp4\" \n                          target=\"_blank\" \n                          rel=\"noopener noreferrer\">\n                          download the video file                       <\/a> to watch it.                    <\/p>\n                    \n                                            <img decoding=\"async\" src=\"https:\/\/www.hoenle-eleco.com\/wp-content\/uploads\/Needle-Bonding-with-Hoenle-LEDs.jpg\" \n                             alt=\"Video preview\" \n                             class=\"akt-video-player__fallback-image\" \/>\n                                    <\/div>\n            <\/video>\n\n            <!-- Custom Play Button Overlay (optional, controlled by CSS\/JS) -->\n            <div class=\"akt-video-player__play-overlay\" \n                 data-video-target=\"akt-video-player-6a096d3fe96df\" \n                 role=\"button\" \n                 tabindex=\"0\"\n                 aria-label=\"Play video\"\n                 style=\"display: none;\">\n                <span class=\"akt-video-player__play-icon\" aria-hidden=\"true\">\n                    <svg width=\"64\" height=\"64\" viewBox=\"0 0 24 24\" fill=\"currentColor\">\n                        <path d=\"M8 5v14l11-7z\"\/>\n                    <\/svg>\n                <\/span>\n            <\/div>\n\n            <!-- Loading Indicator -->\n            <div class=\"akt-video-player__loading\" style=\"display: none;\">\n                <span class=\"akt-video-player__loading-spinner\" aria-hidden=\"true\"><\/span>\n                <span class=\"akt-video-player__loading-text\">\n                    Loading video...                <\/span>\n            <\/div>\n\n            <\/div>\n\n    \n    <!-- Video Metadata (hidden, for accessibility and SEO) -->\n            <script type=\"application\/ld+json\">\n        {\n            \"@context\": \"https:\/\/schema.org\",\n            \"@type\": \"VideoObject\",\n            \"name\": \"Case Study Needle Bonding\",\n            \"contentUrl\": \"https:\/\/www.hoenle-eleco.com\/wp-content\/uploads\/Needle-Bonding-with-bdtronic-and-Hoenle.mp4\",\n                                    \"thumbnailUrl\": \"https:\/\/www.hoenle-eleco.com\/wp-content\/uploads\/Needle-Bonding-with-Hoenle-LEDs.jpg\",\n                        \"uploadDate\": \"2025-09-14T16:47:13+02:00\",\n            \"embedUrl\": \"https:\/\/www.hoenle-eleco.com\/wp-content\/uploads\/Needle-Bonding-with-bdtronic-and-Hoenle.mp4\"\n        }\n        <\/script>\n    \n<\/div>[vc_empty_space][vc_column_text css=\u00a0\u00bb\u00a0\u00bb]<strong>Downloads<\/strong><\/p>\n<p><a href=\"https:\/\/www.hoenle-eleco.com\/wp-content\/uploads\/Hoenle-Brochure-Medical-Grade-Adhesives.pdf\">Medical Grade Adhesives (pdf)<\/a><\/p>\n<p><a href=\"https:\/\/www.hoenle.com\/wp-content\/uploads\/LED-Powerline-ACIC_d.pdf\" target=\"_blank\" rel=\"noopener\">LED Powerline AC\/IC (pdf)<\/a>[\/vc_column_text][\/vc_column][\/vc_row][\/vc_section][vc_section css=\u00a0\u00bb.vc_custom_1756467927831{background-color: #F2F4F6 !important;}\u00a0\u00bb][vc_row][vc_column]\n<h2 class=\"akt-heading akt-heading--inline akt-heading--h2 akt-heading--align-left\">\n            <span class=\"akt-heading__part akt-heading__part--light\">Read more about our<\/span>\n                <span class=\"akt-heading__part akt-heading__part--bold\">Needle Bonding Solutions<\/span>\n    <\/h2>[vc_empty_space height=\u00a0\u00bb15px\u00a0\u00bb]\n<div class=\"akt-grid akt-grid--columns-3 akt-grid--align-center akt-grid--aspect-16_9 akt-grid--hover akt-grid--fit-cover akt-grid--animation-fade_in\" \n     id=\"akt-grid-6a096d3fe9931\"\n     data-columns=\"3\"\n     data-animation=\"fade-in\">\n\n            <style>@media (max-width: 768px) { #akt-grid-6a096d3fe9931 .akt-grid__content { background-color: #ffffff; } }<\/style>\n         \n    \n            <div class=\"akt-grid__container\">\n                                            \n                <div class=\"akt-grid__item\" \n                     data-index=\"0\"\n                     style=\"--animation-delay: 0s\">\n                    \n                                            <a href=\"https:\/\/www.hoenle-eleco.com\/products-solutions\/applications\/bonding-potting\/medical-grade-adhesive\/\" title=\"Medical Grade Adhesive\" class=\"akt-grid__item-link\">\n                                        \n                                            <div class=\"akt-grid__image akt-grid__image--16_9\">\n                            <img decoding=\"async\" src=\"https:\/\/www.hoenle-eleco.com\/wp-content\/uploads\/Medical-Grade-Adhesives-Overview-400.jpg\" \n                                 alt=\"Our medical grade adhesives\" \n                                 class=\"akt-grid__image-element\"\n                                 loading=\"lazy\"\n                                 width=\"400\"\n                                 height=\"307\">\n                        <\/div>\n                                        \n                                            <div class=\"akt-grid__content\">\n                                                            <h3 class=\"akt-grid__title\">Our medical grade adhesives<\/h3>\n                                                        \n                                                            <p class=\"akt-grid__description\">Our medical grade adhesives are certified according to USP VI and\/or ISO 10993 standards. They can be used for a wide variety of applications, such as needle bonding, bonding of endoscopes and medical devices, wearable devices, or tube sets and connectors.<\/p>\n                                                    <\/div>\n                                        \n                                            <\/a>\n                                    <\/div>\n                \n                                            \n                <div class=\"akt-grid__item\" \n                     data-index=\"1\"\n                     style=\"--animation-delay: 0s\">\n                    \n                                            <a href=\"https:\/\/www.hoenle-eleco.com\/products-solutions\/applications\/bonding-potting\/medical-grade-adhesive\/needle-bonding\/\" title=\"Needle Bonding\" class=\"akt-grid__item-link\">\n                                        \n                                            <div class=\"akt-grid__image akt-grid__image--16_9\">\n                            <img decoding=\"async\" src=\"https:\/\/www.hoenle-eleco.com\/wp-content\/uploads\/nadelverklebung-needle-bonding-system-solution.jpeg\" \n                                 alt=\"Needle Bonding\" \n                                 class=\"akt-grid__image-element\"\n                                 loading=\"lazy\"\n                                 width=\"1000\"\n                                 height=\"647\">\n                        <\/div>\n                                        \n                                            <div class=\"akt-grid__content\">\n                                                            <h3 class=\"akt-grid__title\">Needle Bonding<\/h3>\n                                                        \n                                                            <p class=\"akt-grid__description\">A main field of application for adhesives in medical systems is needle bonding and syringe assembly - the bonding of stainless steel needles or cannulas into glass or plastic syringes.<\/p>\n                                                    <\/div>\n                                        \n                                            <\/a>\n                                    <\/div>\n                \n                                            \n                <div class=\"akt-grid__item\" \n                     data-index=\"2\"\n                     style=\"--animation-delay: 0s\">\n                    \n                                            <a href=\"https:\/\/www.hoenle-eleco.com\/products-solutions\/product-categories\/led-uv-equipment\/hoenle-led-powerline-ac-ic-hp\/\" title=\"Coating \/ Finishing\" class=\"akt-grid__item-link\">\n                                        \n                                            <div class=\"akt-grid__image akt-grid__image--16_9\">\n                            <img decoding=\"async\" src=\"https:\/\/www.hoenle-eleco.com\/wp-content\/uploads\/uv-led-large-area-curing-systems-by-honle-led-powerline-ac-ic-panacol-usa.jpeg\" \n                                 alt=\"LED uv curing system\" \n                                 class=\"akt-grid__image-element\"\n                                 loading=\"lazy\"\n                                 width=\"468\"\n                                 height=\"396\">\n                        <\/div>\n                                        \n                                            <div class=\"akt-grid__content\">\n                                                            <h3 class=\"akt-grid__title\">LED Powerline AC\/IC curing system<\/h3>\n                                                        \n                                                            <p class=\"akt-grid__description\">The Hoenle Powerline AC\/IC HP with LED Powerdrive IC is a high intensity, air cooled LED curing system that is ideal for hardening UV and visible light curable adhesives and coatings. Producing intensity up to 16,000 mW\/cm\u00b2, the AC\/IC HP contributes to very fast curing cycles.<\/p>\n                                                    <\/div>\n                                        \n                                            <\/a>\n                                    <\/div>\n                \n                    <\/div>\n        \n<\/div>[\/vc_column][\/vc_row][\/vc_section][vc_section css=\u00a0\u00bb.vc_custom_1757429652602{background-color: #FFFFFF !important;}\u00a0\u00bb][vc_row][vc_column width=\u00a0\u00bb1\/3&Prime;]\n<h2 class=\"akt-heading akt-heading--block akt-heading--h2 akt-heading--align-left\">\n            <span class=\"akt-heading__part akt-heading__part--light\">Contact<\/span>\n                <span class=\"akt-heading__part akt-heading__part--bold\">And Support<\/span>\n    <\/h2>[vc_empty_space height=\u00a0\u00bb15px\u00a0\u00bb][\/vc_column][vc_column width=\u00a0\u00bb2\/3&Prime;][vc_column_text css=\u00a0\u00bb\u00a0\u00bb]Do you have any questions or need support for our bonding solutions? We are happy to help you.[\/vc_column_text][vc_empty_space height=\u00a0\u00bb15px\u00a0\u00bb]\n<div class=\"akt-button-wrapper akt-button-wrapper--align-left\">\n            <a href=\"\/contact\" \n           class=\"akt-button akt-button--medium akt-button--primary\" aria-label=\"Request consultation\"                      >\n            <span class=\"akt-button__text\">Request consultation<\/span>\n        <\/a>\n    <\/div>[\/vc_column][\/vc_row][\/vc_section]<\/p>\n<\/div>","protected":false},"excerpt":{"rendered":"<p>[vc_section][vc_row][vc_column width=\u00a0\u00bb1\/2&Prime;][\/vc_column][vc_column width=\u00a0\u00bb1\/2&Prime;][vc_column_text css=\u00a0\u00bb\u00a0\u00bb]L&rsquo;un des principaux domaines d&rsquo;application des colles dans les syst\u00e8mes m\u00e9dicaux est le collage d&rsquo;aiguilles et l&rsquo;assemblage [&hellip;]<\/p>\n","protected":false},"author":9,"featured_media":0,"parent":6303,"menu_order":1,"comment_status":"closed","ping_status":"closed","template":"","meta":{"site-sidebar-layout":"no-sidebar","site-content-layout":"plain-container","ast-site-content-layout":"default","site-content-style":"default","site-sidebar-style":"default","ast-global-header-display":"","ast-banner-title-visibility":"","ast-main-header-display":"","ast-hfb-above-header-display":"","ast-hfb-below-header-display":"","ast-hfb-mobile-header-display":"","site-post-title":"disabled","ast-breadcrumbs-content":"","ast-featured-img":"disabled","footer-sml-layout":"","theme-transparent-header-meta":"default","adv-header-id-meta":"","stick-header-meta":"","header-above-stick-meta":"","header-main-stick-meta":"","header-below-stick-meta":"","astra-migrate-meta-layouts":"set","ast-page-background-enabled":"default","ast-page-background-meta":{"desktop":{"background-color":"var(--ast-global-color-5)","background-image":"","background-repeat":"repeat","background-position":"center center","background-size":"auto","background-attachment":"scroll","background-type":"","background-media":"","overlay-type":"","overlay-color":"","overlay-opacity":"","overlay-gradient":""},"tablet":{"background-color":"","background-image":"","background-repeat":"repeat","background-position":"center center","background-size":"auto","background-attachment":"scroll","background-type":"","background-media":"","overlay-type":"","overlay-color":"","overlay-opacity":"","overlay-gradient":""},"mobile":{"background-color":"","background-image":"","background-repeat":"repeat","background-position":"center center","background-size":"auto","background-attachment":"scroll","background-type":"","background-media":"","overlay-type":"","overlay-color":"","overlay-opacity":"","overlay-gradient":""}},"ast-content-background-meta":{"desktop":{"background-color":"var(--ast-global-color-4)","background-image":"","background-repeat":"repeat","background-position":"center center","background-size":"auto","background-attachment":"scroll","background-type":"","background-media":"","overlay-type":"","overlay-color":"","overlay-opacity":"","overlay-gradient":""},"tablet":{"background-color":"var(--ast-global-color-4)","background-image":"","background-repeat":"repeat","background-position":"center center","background-size":"auto","background-attachment":"scroll","background-type":"","background-media":"","overlay-type":"","overlay-color":"","overlay-opacity":"","overlay-gradient":""},"mobile":{"background-color":"var(--ast-global-color-4)","background-image":"","background-repeat":"repeat","background-position":"center center","background-size":"auto","background-attachment":"scroll","background-type":"","background-media":"","overlay-type":"","overlay-color":"","overlay-opacity":"","overlay-gradient":""}},"footnotes":""},"class_list":["post-6100","page","type-page","status-publish","hentry"],"_links":{"self":[{"href":"https:\/\/www.hoenle-eleco.com\/fr\/wp-json\/wp\/v2\/pages\/6100","targetHints":{"allow":["GET"]}}],"collection":[{"href":"https:\/\/www.hoenle-eleco.com\/fr\/wp-json\/wp\/v2\/pages"}],"about":[{"href":"https:\/\/www.hoenle-eleco.com\/fr\/wp-json\/wp\/v2\/types\/page"}],"author":[{"embeddable":true,"href":"https:\/\/www.hoenle-eleco.com\/fr\/wp-json\/wp\/v2\/users\/9"}],"replies":[{"embeddable":true,"href":"https:\/\/www.hoenle-eleco.com\/fr\/wp-json\/wp\/v2\/comments?post=6100"}],"version-history":[{"count":6,"href":"https:\/\/www.hoenle-eleco.com\/fr\/wp-json\/wp\/v2\/pages\/6100\/revisions"}],"predecessor-version":[{"id":9973,"href":"https:\/\/www.hoenle-eleco.com\/fr\/wp-json\/wp\/v2\/pages\/6100\/revisions\/9973"}],"up":[{"embeddable":true,"href":"https:\/\/www.hoenle-eleco.com\/fr\/wp-json\/wp\/v2\/pages\/6303"}],"wp:attachment":[{"href":"https:\/\/www.hoenle-eleco.com\/fr\/wp-json\/wp\/v2\/media?parent=6100"}],"curies":[{"name":"wp","href":"https:\/\/api.w.org\/{rel}","templated":true}]}}