{"id":6052,"date":"2025-09-10T19:59:55","date_gmt":"2025-09-10T17:59:55","guid":{"rendered":"https:\/\/www.hoenle-eleco.com\/?page_id=6052"},"modified":"2026-03-19T11:09:39","modified_gmt":"2026-03-19T10:09:39","slug":"convoyeur-convey-led","status":"publish","type":"page","link":"https:\/\/www.hoenle-eleco.com\/fr\/produits-solutions\/categories-produits\/equipements-dinsolation-uv\/convoyeur-convey-led\/","title":{"rendered":"Convoyeur ConVey LED"},"content":{"rendered":"<div class=\"wpb-content-wrapper\"><p>[vc_section css=\u00a0\u00bb.vc_custom_1752143461288{background-color: #F2F4F6 !important;}\u00a0\u00bb][vc_row][vc_column width=\u00a0\u00bb1\/2&Prime;]\n<h1 class=\"akt-heading akt-heading--inline akt-heading--h1 akt-heading--align-left\">\n            <span class=\"akt-heading__part akt-heading__part--light\">Convoyeur<\/span>\n                <span class=\"akt-heading__part akt-heading__part--bold\">ConVey LED<\/span>\n    <\/h1>[\/vc_column][vc_column width=\u00a0\u00bb1\/2&Prime;][vc_column_text css=\u00a0\u00bb\u00a0\u00bb]Combinez les syst\u00e8mes de polym\u00e9risation UV\/LED de Hoenle avec un convoyeur polyvalent. Le ConVey LED est un convoyeur de table qui peut \u00eatre associ\u00e9 \u00e0 divers syst\u00e8mes de s\u00e9chage UV\/LED de Hoenle.\u00a0 Cette flexibilit\u00e9 permet aux fabricants de concevoir un processus de s\u00e9chage optimal pour leurs produits et leurs mat\u00e9riaux s\u00e9chables aux UV.[\/vc_column_text]\n<div class=\"akt-button-wrapper akt-button-wrapper--align-left\">\n            <a href=\"#\" \n           class=\"akt-button akt-button--medium akt-button--primary\" aria-label=\"Contactez-nous\"                      >\n            <span class=\"akt-button__text\">Contactez-nous<\/span>\n        <\/a>\n    <\/div>[\/vc_column][\/vc_row][\/vc_section][vc_section css=\u00a0\u00bb.vc_custom_1752579807249{background-color: #FFFFFF !important;}\u00a0\u00bb][vc_row][vc_column width=\u00a0\u00bb2\/3&Prime;][vc_column_text css=\u00a0\u00bb\u00a0\u00bb]La taille compacte du convoyeur est parfaitement adapt\u00e9e aux salles blanches, aux laboratoires et \u00e0 d&rsquo;autres endroits o\u00f9 l&rsquo;espace est limit\u00e9. Le Covey LED est \u00e9quip\u00e9 d&rsquo;un panneau de commande \u00e0 affichage num\u00e9rique simple \u00e0 utiliser qui utilise un potentiom\u00e8tre pour r\u00e9gler la vitesse de la bande. Les lampes UV conventionnelles peuvent \u00eatre utilis\u00e9es, mais le ConVey LED est particuli\u00e8rement adapt\u00e9 aux unit\u00e9s LED de Hoenle, notamment les LED SPOT 100 IC\/HP IC, LED Spot 40 IC et LED Powerline AC\/IC 820 HP.\u00a0 Ces syst\u00e8mes de contr\u00f4le int\u00e9gr\u00e9 (IC) s&rsquo;int\u00e8grent directement \u00e0 l&rsquo;alimentation \u00e9lectrique interne du convoyeur et ne n\u00e9cessitent pas de contr\u00f4leurs s\u00e9par\u00e9s.[\/vc_column_text][vc_empty_space]\n<h2 class=\"akt-heading akt-heading--inline akt-heading--h2 akt-heading--align-left\">\n            <span class=\"akt-heading__part akt-heading__part--light\">Caract\u00e9ristiques techniques<\/span>\n                <span class=\"akt-heading__part akt-heading__part--bold\">et sp\u00e9cifications<\/span>\n    <\/h2>[vc_column_text css=\u00a0\u00bb\u00a0\u00bb]<\/p>\n<ul>\n<li>Arr\u00eat de s\u00e9curit\u00e9 int\u00e9gr\u00e9 pour la bande et les lampes de s\u00e9chage<\/li>\n<li>Bande r\u00e9sistante \u00e0 la temp\u00e9rature et aux UV<\/li>\n<li>Aspiration de la bande pour maintenir les composants en place<\/li>\n<li>Hauteur du tunnel r\u00e9glable<\/li>\n<li>Options de largeur de bande :\u00a0 de 110 \u00e0 520 mm<\/li>\n<li>Longueur de la bande : s\u00e9lectionnable<\/li>\n<li>Vitesse de la bande :\u00a0 0,1 m\u00e8tre \u2013 20,0 m\u00e8tres\/minute<\/li>\n<li>Dimensions globales du convoyeur :<br \/>\n\u2022 Minimum configuration: 252 mm wide x 750 mm long<br \/>\n\u2022 Maximum configuration: 645 mm wide x 1487 mm long<\/li>\n<li>Options de longueur d&rsquo;onde de durcissement :<br \/>\n\u2022 \u00a0Broad spectrum UV: 320-460 nm<br \/>\n\u2022 \u00a0LED:\u00a0 365, 385, 395, 405, 460 nm<\/li>\n<\/ul>\n<p>[\/vc_column_text][\/vc_column][vc_column width=\u00a0\u00bb1\/3&Prime;][vc_single_image image=\u00a0\u00bb2713&Prime; img_size=\u00a0\u00bb500&Prime; css=\u00a0\u00bb\u00a0\u00bb][vc_column_text css=\u00a0\u00bb\u00a0\u00bb]Le ConVey LED est un convoyeur de table destin\u00e9 aux syst\u00e8mes de s\u00e9chage UV[\/vc_column_text][vc_column_text css=\u00a0\u00bb\u00a0\u00bb]Download:<\/p>\n<p><a href=\"https:\/\/www.hoenle-eleco.com\/wp-content\/uploads\/hoenle-eleco-equipment-flyer-convey-led.pdf\">Brochure\u00a0ConVey LED\u00a0<\/a>[\/vc_column_text][\/vc_column][\/vc_row][vc_row][vc_column]\n<h2 class=\"akt-heading akt-heading--inline akt-heading--h2 akt-heading--align-left\">\n            <span class=\"akt-heading__part akt-heading__part--light\">Options de polym\u00e9risation LED<\/span>\n                <span class=\"akt-heading__part akt-heading__part--bold\">pour le convoyeur LED ConVey<\/span>\n    <\/h2>[\/vc_column][\/vc_row][vc_row][vc_column][vc_row_inner][vc_column_inner]\n<div class=\"akt-grid akt-grid--columns-3 akt-grid--align-center akt-grid--aspect-16_9 akt-grid--hover akt-grid--fit-cover akt-grid--animation-fade_in\" \n     id=\"akt-grid-6a0984f7a0ea8\"\n     data-columns=\"3\"\n     data-animation=\"fade-in\">\n\n            <style>@media (max-width: 768px) { #akt-grid-6a0984f7a0ea8 .akt-grid__content { background-color: #ffffff; } }<\/style>\n         \n    \n            <div class=\"akt-grid__container\">\n                                            \n                <div class=\"akt-grid__item\" \n                     data-index=\"0\"\n                     style=\"--animation-delay: 0s\">\n                    \n                                            <a href=\"https:\/\/www.hoenle-eleco.com\/products-solutions\/product-categories\/led-uv-equipment\/hoenle-led-spot-40-ic\/\"\n                                                                                     title=\"Hoenle LED Spot 40 IC\"\n                                                      class=\"akt-grid__item-link\">\n                                        \n                                            <div class=\"akt-grid__image akt-grid__image--16_9\">\n                            <img decoding=\"async\" src=\"https:\/\/www.hoenle-eleco.com\/wp-content\/uploads\/uv-flood-lamps-by-honle-led-spot-40-ic-panacol-usa.jpeg\" \n                                 alt=\"LED Spot 40 IC\" \n                                 class=\"akt-grid__image-element\"\n                                 loading=\"lazy\"\n                                 width=\"400\"\n                                 height=\"302\">\n                        <\/div>\n                                        \n                                            <div class=\"akt-grid__content\">\n                                                            <h3 class=\"akt-grid__title\">LED Spot 40 IC<\/h3>\n                                                        \n                                                            <p class=\"akt-grid__description\">Compact UV-LED flood unit for small areas<\/p>\n                                                    <\/div>\n                                        \n                                            <\/a>\n                                    <\/div>\n                \n                                            \n                <div class=\"akt-grid__item\" \n                     data-index=\"1\"\n                     style=\"--animation-delay: 0s\">\n                    \n                                            <a href=\"https:\/\/www.hoenle-eleco.com\/products-solutions\/product-categories\/led-uv-equipment\/hoenle-led-spot-100-ic-hp-ic\/\"\n                                                                                     title=\"Hoenle LED Spot 100 IC\/HP IC\"\n                                                      class=\"akt-grid__item-link\">\n                                        \n                                            <div class=\"akt-grid__image akt-grid__image--16_9\">\n                            <img decoding=\"async\" src=\"https:\/\/www.hoenle-eleco.com\/wp-content\/uploads\/uv-flood-lamps-by-honle-led-spot-100-ic-hp-ic-panacol-usa.jpeg\" \n                                 alt=\"LED Spot 100 IC\" \n                                 class=\"akt-grid__image-element\"\n                                 loading=\"lazy\"\n                                 width=\"262\"\n                                 height=\"195\">\n                        <\/div>\n                                        \n                                            <div class=\"akt-grid__content\">\n                                                            <h3 class=\"akt-grid__title\">LED Spot 100 IC<\/h3>\n                                                        \n                                                            <p class=\"akt-grid__description\">UV-LED flood unit for larger areas<\/p>\n                                                    <\/div>\n                                        \n                                            <\/a>\n                                    <\/div>\n                \n                                            \n                <div class=\"akt-grid__item\" \n                     data-index=\"2\"\n                     style=\"--animation-delay: 0s\">\n                    \n                                            <a href=\"https:\/\/www.hoenle-eleco.com\/products-solutions\/product-categories\/led-uv-equipment\/hoenle-led-powerline-ac-ic-hp\/\"\n                                                                                     title=\"Hoenle LED Powerline AC\/IC HP\"\n                                                      class=\"akt-grid__item-link\">\n                                        \n                                            <div class=\"akt-grid__image akt-grid__image--16_9\">\n                            <img decoding=\"async\" src=\"https:\/\/www.hoenle-eleco.com\/wp-content\/uploads\/uv-led-large-area-curing-systems-by-honle-led-powerline-ac-ic-panacol-usa.jpeg\" \n                                 alt=\"LED Powerline AC\/IC HP\" \n                                 class=\"akt-grid__image-element\"\n                                 loading=\"lazy\"\n                                 width=\"468\"\n                                 height=\"396\">\n                        <\/div>\n                                        \n                                            <div class=\"akt-grid__content\">\n                                                            <h3 class=\"akt-grid__title\">LED Powerline AC\/IC HP<\/h3>\n                                                        \n                                                            <p class=\"akt-grid__description\">Air-cooled UV-LED array with high intensity for large area curing<\/p>\n                                                    <\/div>\n                                        \n                                            <\/a>\n                                    <\/div>\n                \n                                            \n                <div class=\"akt-grid__item\" \n                     data-index=\"3\"\n                     style=\"--animation-delay: 0s\">\n                    \n                                            <a href=\"https:\/\/www.hoenle-eleco.com\/products-solutions\/product-categories\/led-uv-equipment\/hoenle-led-powerline-lc-led-powerdrive\/\"\n                                                                                     title=\"Hoenle LED Powerline LC &amp; LED powerdrive\"\n                                                      class=\"akt-grid__item-link\">\n                                        \n                                            <div class=\"akt-grid__image akt-grid__image--16_9\">\n                            <img decoding=\"async\" src=\"https:\/\/www.hoenle-eleco.com\/wp-content\/uploads\/uv-led-large-area-curing-systems-by-honle-led-powerline-lc-panacol-usa.jpeg\" \n                                 alt=\"LED Powerline LC\" \n                                 class=\"akt-grid__image-element\"\n                                 loading=\"lazy\"\n                                 width=\"272\"\n                                 height=\"230\">\n                        <\/div>\n                                        \n                                            <div class=\"akt-grid__content\">\n                                                            <h3 class=\"akt-grid__title\">LED Powerline LC<\/h3>\n                                                        \n                                                            <p class=\"akt-grid__description\">Water-cooled UV-LED curing system for highest intensity<\/p>\n                                                    <\/div>\n                                        \n                                            <\/a>\n                                    <\/div>\n                \n                    <\/div>\n        \n<\/div>[\/vc_column_inner][\/vc_row_inner][\/vc_column][\/vc_row][\/vc_section][vc_section css=\u00a0\u00bb.vc_custom_1756368415759{background-color: #F2F4F6 !important;}\u00a0\u00bb][vc_row][vc_column width=\u00a0\u00bb1\/3&Prime;]\n<h2 class=\"akt-heading akt-heading--block akt-heading--h2 akt-heading--align-left\">\n            <span class=\"akt-heading__part akt-heading__part--light\">Contact<\/span>\n                <span class=\"akt-heading__part akt-heading__part--bold\">et assistance<\/span>\n    <\/h2>[vc_empty_space height=\u00a0\u00bb15px\u00a0\u00bb][\/vc_column][vc_column width=\u00a0\u00bb2\/3&Prime;][vc_column_text css=\u00a0\u00bb\u00a0\u00bb]Vous avez des questions ou besoin d&rsquo;aide concernant nos solutions de collage ?<\/p>\n<p>Nous sommes l\u00e0 pour vous aider.<\/p>\n<p>Contactez-nous par e-mail \u00e0 <a href=\"mailto:eleco@hoenle-eleco.com\">eleco@hoenle-eleco.com<\/a> ou par t\u00e9l\u00e9phone: +33 (0)1 47 92 41 80.[\/vc_column_text]\n<div class=\"akt-button-wrapper akt-button-wrapper--align-left\">\n            <a href=\"\/contact\" \n           class=\"akt-button akt-button--medium akt-button--primary\" aria-label=\"Contactez-nous\"                      >\n            <span class=\"akt-button__text\">Contactez-nous<\/span>\n        <\/a>\n    <\/div>[\/vc_column][\/vc_row][\/vc_section][vc_section css=\u00a0\u00bb.vc_custom_1773914974088{background-color: #FFFFFF !important;}\u00a0\u00bb][vc_row][vc_column width=\u00a0\u00bb1\/3&Prime;]\n<h2 class=\"akt-heading akt-heading--block akt-heading--h2 akt-heading--align-left\">\n            <span class=\"akt-heading__part akt-heading__part--light\">Les solutions compl\u00e8tes<\/span>\n                <span class=\"akt-heading__part akt-heading__part--bold\">de Hoenle-Eleco<\/span>\n    <\/h2>[vc_empty_space height=\u00a0\u00bb15px\u00a0\u00bb][\/vc_column][vc_column width=\u00a0\u00bb2\/3&Prime;][vc_row_inner][vc_column_inner width=\u00a0\u00bb1\/3&Prime;]\n<div id=\"akt-image-text-6262\" class=\"akt-image-text-single akt-image-text-single--aspect-landscape akt-image-text-single--align-center akt-image-text-single--clickable akt-image-text-single--has-overlay akt-image-text-single--animate-fade-in\">\n    \n                        <a href=\"https:\/\/hoenle-eleco.akt-d.de\/fr\/products-solutions\/categories-produits\/colles-industrielles\/vitralit\/\" class=\"akt-image-text-single__image-link\" title=\"Vitralit\u00ae\" aria-label=\"Colles UV Vitralit\u00ae\" target=\"_blank\" rel=\"noopener\">\n                \n        <div class=\"akt-image-text-single__image-container\">\n            <img decoding=\"async\" src=\"https:\/\/www.hoenle-eleco.com\/wp-content\/uploads\/Cell-Contact-Systems.jpg\" \n                 srcset=\"https:\/\/www.hoenle-eleco.com\/wp-content\/uploads\/Cell-Contact-Systems.jpg 400w, https:\/\/www.hoenle-eleco.com\/wp-content\/uploads\/Cell-Contact-Systems-300x225.jpg 300w\"                 sizes=\"(max-width: 768px) 100vw, (max-width: 1024px) 50vw, 33vw\"\n                 alt=\"Cell contacting systems for e-mobility\" \n                 class=\"akt-image-text-single__image\" \n                 loading=\"lazy\" \/>\n        <\/div>\n        \n                    <\/a>\n            \n            <div class=\"akt-image-text-single__text-container\">\n                            <a href=\"https:\/\/hoenle-eleco.akt-d.de\/fr\/products-solutions\/categories-produits\/colles-industrielles\/vitralit\/\" class=\"akt-image-text-single__text-link\" title=\"Vitralit\u00ae\" aria-label=\"Colles UV Vitralit\u00ae\" target=\"_blank\" rel=\"noopener\">\n                        \n            <h3 class=\"akt-image-text-single__text\">Colles UV Vitralit\u00ae<\/h3>\n            \n                            <\/a>\n                    <\/div>\n    \n<\/div>[\/vc_column_inner][vc_column_inner width=\u00a0\u00bb1\/3&Prime;]\n<div id=\"akt-image-text-1365\" class=\"akt-image-text-single akt-image-text-single--aspect-landscape akt-image-text-single--align-center akt-image-text-single--clickable akt-image-text-single--has-overlay akt-image-text-single--animate-fade-in\">\n    \n                        <a href=\"https:\/\/hoenle-eleco.akt-d.de\/fr\/products-solutions\/categories-produits\/doseurs\/\" class=\"akt-image-text-single__image-link\" title=\"Bonding &amp; Potting\" aria-label=\"Dosage\" target=\"_blank\" rel=\"noopener\">\n                \n        <div class=\"akt-image-text-single__image-container\">\n            <img decoding=\"async\" src=\"https:\/\/www.hoenle-eleco.com\/wp-content\/uploads\/Dosage.jpg\" \n                 srcset=\"https:\/\/www.hoenle-eleco.com\/wp-content\/uploads\/Dosage.jpg 400w, https:\/\/www.hoenle-eleco.com\/wp-content\/uploads\/Dosage-300x196.jpg 300w\"                 sizes=\"(max-width: 768px) 100vw, (max-width: 1024px) 50vw, 33vw\"\n                 alt=\"Dosage\" \n                 class=\"akt-image-text-single__image\" \n                 loading=\"lazy\" \/>\n        <\/div>\n        \n                    <\/a>\n            \n            <div class=\"akt-image-text-single__text-container\">\n                            <a href=\"https:\/\/hoenle-eleco.akt-d.de\/fr\/products-solutions\/categories-produits\/doseurs\/\" class=\"akt-image-text-single__text-link\" title=\"Bonding &amp; Potting\" aria-label=\"Dosage\" target=\"_blank\" rel=\"noopener\">\n                        \n            <h3 class=\"akt-image-text-single__text\">Dosage<\/h3>\n            \n                            <\/a>\n                    <\/div>\n    \n<\/div>[\/vc_column_inner][vc_column_inner width=\u00a0\u00bb1\/3&Prime;]\n<div id=\"akt-image-text-4601\" class=\"akt-image-text-single akt-image-text-single--aspect-landscape akt-image-text-single--align-center akt-image-text-single--clickable akt-image-text-single--has-overlay akt-image-text-single--animate-fade-in\">\n    \n                        <a href=\"https:\/\/hoenle-eleco.akt-d.de\/fr\/products-solutions\/categories-produits\/equipements-dinsolation-uv\/\" class=\"akt-image-text-single__image-link\" title=\"Bonding &amp; Potting\" aria-label=\"\u00c9quipements d&#039;insolation\" target=\"_blank\" rel=\"noopener\">\n                \n        <div class=\"akt-image-text-single__image-container\">\n            <img decoding=\"async\" src=\"https:\/\/www.hoenle-eleco.com\/wp-content\/uploads\/Connector-Bonding.jpg\" \n                 srcset=\"https:\/\/www.hoenle-eleco.com\/wp-content\/uploads\/Connector-Bonding.jpg 400w, https:\/\/www.hoenle-eleco.com\/wp-content\/uploads\/Connector-Bonding-300x225.jpg 300w\"                 sizes=\"(max-width: 768px) 100vw, (max-width: 1024px) 50vw, 33vw\"\n                 alt=\"Connector Bonding\" \n                 class=\"akt-image-text-single__image\" \n                 loading=\"lazy\" \/>\n        <\/div>\n        \n                    <\/a>\n            \n            <div class=\"akt-image-text-single__text-container\">\n                            <a href=\"https:\/\/hoenle-eleco.akt-d.de\/fr\/products-solutions\/categories-produits\/equipements-dinsolation-uv\/\" class=\"akt-image-text-single__text-link\" title=\"Bonding &amp; Potting\" aria-label=\"\u00c9quipements d&#039;insolation\" target=\"_blank\" rel=\"noopener\">\n                        \n            <h3 class=\"akt-image-text-single__text\">\u00c9quipements d&#039;insolation<\/h3>\n            \n                            <\/a>\n                    <\/div>\n    \n<\/div>[\/vc_column_inner][\/vc_row_inner][\/vc_column][\/vc_row][\/vc_section]<\/p>\n<\/div>","protected":false},"excerpt":{"rendered":"<p>[vc_section css=\u00a0\u00bb.vc_custom_1752143461288{background-color: #F2F4F6 !important;}\u00a0\u00bb][vc_row][vc_column width=\u00a0\u00bb1\/2&Prime;][\/vc_column][vc_column width=\u00a0\u00bb1\/2&Prime;][vc_column_text css=\u00a0\u00bb\u00a0\u00bb]Combinez les syst\u00e8mes de polym\u00e9risation UV\/LED de Hoenle avec un convoyeur polyvalent. Le ConVey [&hellip;]<\/p>\n","protected":false},"author":9,"featured_media":0,"parent":6021,"menu_order":5,"comment_status":"closed","ping_status":"closed","template":"","meta":{"site-sidebar-layout":"no-sidebar","site-content-layout":"plain-container","ast-site-content-layout":"default","site-content-style":"default","site-sidebar-style":"default","ast-global-header-display":"","ast-banner-title-visibility":"","ast-main-header-display":"","ast-hfb-above-header-display":"","ast-hfb-below-header-display":"","ast-hfb-mobile-header-display":"","site-post-title":"disabled","ast-breadcrumbs-content":"","ast-featured-img":"disabled","footer-sml-layout":"","theme-transparent-header-meta":"default","adv-header-id-meta":"","stick-header-meta":"","header-above-stick-meta":"","header-main-stick-meta":"","header-below-stick-meta":"","astra-migrate-meta-layouts":"set","ast-page-background-enabled":"default","ast-page-background-meta":{"desktop":{"background-color":"var(--ast-global-color-5)","background-image":"","background-repeat":"repeat","background-position":"center center","background-size":"auto","background-attachment":"scroll","background-type":"","background-media":"","overlay-type":"","overlay-color":"","overlay-opacity":"","overlay-gradient":""},"tablet":{"background-color":"","background-image":"","background-repeat":"repeat","background-position":"center center","background-size":"auto","background-attachment":"scroll","background-type":"","background-media":"","overlay-type":"","overlay-color":"","overlay-opacity":"","overlay-gradient":""},"mobile":{"background-color":"","background-image":"","background-repeat":"repeat","background-position":"center center","background-size":"auto","background-attachment":"scroll","background-type":"","background-media":"","overlay-type":"","overlay-color":"","overlay-opacity":"","overlay-gradient":""}},"ast-content-background-meta":{"desktop":{"background-color":"var(--ast-global-color-4)","background-image":"","background-repeat":"repeat","background-position":"center center","background-size":"auto","background-attachment":"scroll","background-type":"","background-media":"","overlay-type":"","overlay-color":"","overlay-opacity":"","overlay-gradient":""},"tablet":{"background-color":"var(--ast-global-color-4)","background-image":"","background-repeat":"repeat","background-position":"center center","background-size":"auto","background-attachment":"scroll","background-type":"","background-media":"","overlay-type":"","overlay-color":"","overlay-opacity":"","overlay-gradient":""},"mobile":{"background-color":"var(--ast-global-color-4)","background-image":"","background-repeat":"repeat","background-position":"center center","background-size":"auto","background-attachment":"scroll","background-type":"","background-media":"","overlay-type":"","overlay-color":"","overlay-opacity":"","overlay-gradient":""}},"footnotes":""},"class_list":["post-6052","page","type-page","status-publish","hentry"],"_links":{"self":[{"href":"https:\/\/www.hoenle-eleco.com\/fr\/wp-json\/wp\/v2\/pages\/6052","targetHints":{"allow":["GET"]}}],"collection":[{"href":"https:\/\/www.hoenle-eleco.com\/fr\/wp-json\/wp\/v2\/pages"}],"about":[{"href":"https:\/\/www.hoenle-eleco.com\/fr\/wp-json\/wp\/v2\/types\/page"}],"author":[{"embeddable":true,"href":"https:\/\/www.hoenle-eleco.com\/fr\/wp-json\/wp\/v2\/users\/9"}],"replies":[{"embeddable":true,"href":"https:\/\/www.hoenle-eleco.com\/fr\/wp-json\/wp\/v2\/comments?post=6052"}],"version-history":[{"count":8,"href":"https:\/\/www.hoenle-eleco.com\/fr\/wp-json\/wp\/v2\/pages\/6052\/revisions"}],"predecessor-version":[{"id":10690,"href":"https:\/\/www.hoenle-eleco.com\/fr\/wp-json\/wp\/v2\/pages\/6052\/revisions\/10690"}],"up":[{"embeddable":true,"href":"https:\/\/www.hoenle-eleco.com\/fr\/wp-json\/wp\/v2\/pages\/6021"}],"wp:attachment":[{"href":"https:\/\/www.hoenle-eleco.com\/fr\/wp-json\/wp\/v2\/media?parent=6052"}],"curies":[{"name":"wp","href":"https:\/\/api.w.org\/{rel}","templated":true}]}}