{"id":6037,"date":"2025-09-10T19:25:05","date_gmt":"2025-09-10T17:25:05","guid":{"rendered":"https:\/\/www.hoenle-eleco.com\/?page_id=6037"},"modified":"2026-03-19T11:01:38","modified_gmt":"2026-03-19T10:01:38","slug":"uv-flood","status":"publish","type":"page","link":"https:\/\/www.hoenle-eleco.com\/fr\/produits-solutions\/categories-produits\/equipements-dinsolation-uv\/uv-flood\/","title":{"rendered":"Equipement d\u2019insolations UV Flood"},"content":{"rendered":"<div class=\"wpb-content-wrapper\"><p>[vc_section css=\u00a0\u00bb.vc_custom_1752143461288{background-color: #F2F4F6 !important;}\u00a0\u00bb][vc_row][vc_column width=\u00a0\u00bb1\/2&Prime;]\n<h1 class=\"akt-heading akt-heading--block akt-heading--h1 akt-heading--align-left\">\n            <span class=\"akt-heading__part akt-heading__part--light\">Equipement d\u2019insolations<\/span>\n                <span class=\"akt-heading__part akt-heading__part--bold\">UV Flood<\/span>\n    <\/h1>[\/vc_column][vc_column width=\u00a0\u00bb1\/2&Prime;][vc_column_text css=\u00a0\u00bb\u00a0\u00bb]Pour les applications o\u00f9 la faible empreinte lumineuse d&rsquo;un syst\u00e8me de polym\u00e9risation UV spot n&rsquo;est tout simplement pas suffisante, mais o\u00f9 une unit\u00e9 de polym\u00e9risation de grande surface serait surdimensionn\u00e9e, Hoenle a d\u00e9velopp\u00e9 une gamme compacte de syst\u00e8mes de polym\u00e9risation UV et UV-LED \u00e0 large spectre. Leur puissance \u00e9lev\u00e9e permet un durcissement tr\u00e8s efficace de plusieurs pi\u00e8ces \u00e0 la fois. Les lampes \u00e0 rayonnement UV Hoenle peuvent \u00e9galement \u00eatre mont\u00e9es au-dessus de convoyeurs ou de tables d&rsquo;indexation pour un traitement en continu des pi\u00e8ces. Chaque unit\u00e9 \u00e0 rayonnement est disponible dans diff\u00e9rentes longueurs d&rsquo;onde, allant de 365 nm \u00e0 460 nm.[\/vc_column_text]\n<div class=\"akt-button-wrapper akt-button-wrapper--align-left\">\n            <button class=\"akt-button akt-button--medium akt-button--primary\" aria-label=\"Contactez-nous\" type=\"button\">\n            <span class=\"akt-button__text\">Contactez-nous<\/span>\n        <\/button>\n    <\/div>[\/vc_column][\/vc_row][\/vc_section][vc_section css=\u00a0\u00bb.vc_custom_1752579807249{background-color: #FFFFFF !important;}\u00a0\u00bb][vc_row][vc_column][vc_row_inner][vc_column_inner]\n<div class=\"akt-grid akt-grid--columns-3 akt-grid--align-center akt-grid--aspect-16_9 akt-grid--hover akt-grid--fit-cover akt-grid--animation-fade_in\" \n     id=\"akt-grid-6a09852960b5b\"\n     data-columns=\"3\"\n     data-animation=\"fade-in\">\n\n            <style>@media (max-width: 768px) { #akt-grid-6a09852960b5b .akt-grid__content { background-color: #ffffff; } }<\/style>\n         \n    \n            <div class=\"akt-grid__container\">\n                                            \n                <div class=\"akt-grid__item\" \n                     data-index=\"0\"\n                     style=\"--animation-delay: 0s\">\n                    \n                                            <a href=\"https:\/\/www.hoenle-eleco.com\/fr\/produits-solutions\/categories-produits\/equipements-dinsolation-uv\/led-uv-equipement\/hoenle-led-spot-40-ic\/\"\n                                                                                     title=\"Hoenle LED Spot 40 IC\"\n                                                      class=\"akt-grid__item-link\">\n                                        \n                                            <div class=\"akt-grid__image akt-grid__image--16_9\">\n                            <img decoding=\"async\" src=\"https:\/\/www.hoenle-eleco.com\/wp-content\/uploads\/uv-flood-lamps-by-honle-led-spot-40-ic-panacol-usa.jpeg\" \n                                 alt=\"LED Spot 40 IC\" \n                                 class=\"akt-grid__image-element\"\n                                 loading=\"lazy\"\n                                 width=\"400\"\n                                 height=\"302\">\n                        <\/div>\n                                        \n                                            <div class=\"akt-grid__content\">\n                                                            <h3 class=\"akt-grid__title\">LED Spot 40 IC<\/h3>\n                                                        \n                                                            <p class=\"akt-grid__description\">Compact UV-LED flood unit for small areas<\/p>\n                                                    <\/div>\n                                        \n                                            <\/a>\n                                    <\/div>\n                \n                                            \n                <div class=\"akt-grid__item\" \n                     data-index=\"1\"\n                     style=\"--animation-delay: 0s\">\n                    \n                                            <a href=\"https:\/\/www.hoenle-eleco.com\/fr\/produits-solutions\/categories-produits\/equipements-dinsolation-uv\/led-uv-equipement\/hoenle-led-spot-100-ic-hp-ic\/\"\n                                                                                     title=\"Hoenle LED Spot 100 IC\/HP IC\"\n                                                      class=\"akt-grid__item-link\">\n                                        \n                                            <div class=\"akt-grid__image akt-grid__image--16_9\">\n                            <img decoding=\"async\" src=\"https:\/\/www.hoenle-eleco.com\/wp-content\/uploads\/uv-flood-lamps-by-honle-led-spot-100-ic-hp-ic-panacol-usa.jpeg\" \n                                 alt=\"LED Spot 100 IC\" \n                                 class=\"akt-grid__image-element\"\n                                 loading=\"lazy\"\n                                 width=\"262\"\n                                 height=\"195\">\n                        <\/div>\n                                        \n                                            <div class=\"akt-grid__content\">\n                                                            <h3 class=\"akt-grid__title\">LED Spot 100 IC<\/h3>\n                                                        \n                                                            <p class=\"akt-grid__description\">UV-LED flood unit for larger areas<\/p>\n                                                    <\/div>\n                                        \n                                            <\/a>\n                                    <\/div>\n                \n                                            \n                <div class=\"akt-grid__item\" \n                     data-index=\"2\"\n                     style=\"--animation-delay: 0s\">\n                    \n                                            <a href=\"https:\/\/www.hoenle-eleco.com\/fr\/produits-solutions\/categories-produits\/equipements-dinsolation-uv\/led-uv-equipement\/led-spot-200-hp-ic\/\"\n                                                                                     title=\"Hoenle LED Spot 200 HP IC\"\n                                                      class=\"akt-grid__item-link\">\n                                        \n                                            <div class=\"akt-grid__image akt-grid__image--16_9\">\n                            <img decoding=\"async\" src=\"https:\/\/www.hoenle-eleco.com\/wp-content\/uploads\/led-spot-200-imgp1782-500.jpeg\" \n                                 alt=\"LED Spot 200 HP IC\" \n                                 class=\"akt-grid__image-element\"\n                                 loading=\"lazy\"\n                                 width=\"500\"\n                                 height=\"352\">\n                        <\/div>\n                                        \n                                            <div class=\"akt-grid__content\">\n                                                            <h3 class=\"akt-grid__title\">LED Spot 200 HP IC<\/h3>\n                                                        \n                                                            <p class=\"akt-grid__description\">Large high intensity UV flood light LED Spot 200 from Hoenle<\/p>\n                                                    <\/div>\n                                        \n                                            <\/a>\n                                    <\/div>\n                \n                                            \n                <div class=\"akt-grid__item\" \n                     data-index=\"3\"\n                     style=\"--animation-delay: 0s\">\n                    \n                                            <a href=\"https:\/\/www.hoenle-eleco.com\/fr\/produits-solutions\/categories-produits\/equipements-dinsolation-uv\/lampes-uv\/uva-spot\/\"\n                                                                                     title=\"Hoenle UVA SPOT\"\n                                                      class=\"akt-grid__item-link\">\n                                        \n                                            <div class=\"akt-grid__image akt-grid__image--16_9\">\n                            <img decoding=\"async\" src=\"https:\/\/www.hoenle-eleco.com\/wp-content\/uploads\/uv-flood-lamps-by-honle-uvaspot-panacol-usa.jpeg\" \n                                 alt=\"UVA spot\" \n                                 class=\"akt-grid__image-element\"\n                                 loading=\"lazy\"\n                                 width=\"272\"\n                                 height=\"185\">\n                        <\/div>\n                                        \n                                            <div class=\"akt-grid__content\">\n                                                            <h3 class=\"akt-grid__title\">UVA spot<\/h3>\n                                                        \n                                                            <p class=\"akt-grid__description\">Conventional full-spectrum UVA flood light<\/p>\n                                                    <\/div>\n                                        \n                                            <\/a>\n                                    <\/div>\n                \n                                            \n                <div class=\"akt-grid__item\" \n                     data-index=\"4\"\n                     style=\"--animation-delay: 0s\">\n                    \n                                            <a href=\"https:\/\/www.hoenle-eleco.com\/fr\/produits-solutions\/categories-produits\/equipements-dinsolation-uv\/led-uv-equipement\/hoenle-led-spot-w\/\"\n                                                                                     title=\"Hoenle LED Spot W\"\n                                                      class=\"akt-grid__item-link\">\n                                        \n                                            <div class=\"akt-grid__image akt-grid__image--16_9\">\n                            <img decoding=\"async\" src=\"https:\/\/www.hoenle-eleco.com\/wp-content\/uploads\/uv-flood-lamps-by-honle-led-spot-w-panacol-usa.jpeg\" \n                                 alt=\"LED Spot W\" \n                                 class=\"akt-grid__image-element\"\n                                 loading=\"lazy\"\n                                 width=\"358\"\n                                 height=\"266\">\n                        <\/div>\n                                        \n                                            <div class=\"akt-grid__content\">\n                                                            <h3 class=\"akt-grid__title\">LED Spot W<\/h3>\n                                                        \n                                                            <p class=\"akt-grid__description\">Compact water-cooled UV-LED flood unit with highest intensity<\/p>\n                                                    <\/div>\n                                        \n                                            <\/a>\n                                    <\/div>\n                \n                    <\/div>\n        \n<\/div>[\/vc_column_inner][\/vc_row_inner][\/vc_column][\/vc_row][\/vc_section][vc_section css=\u00a0\u00bb.vc_custom_1756368415759{background-color: #F2F4F6 !important;}\u00a0\u00bb][vc_row][vc_column width=\u00a0\u00bb1\/3&Prime;]\n<h2 class=\"akt-heading akt-heading--block akt-heading--h2 akt-heading--align-left\">\n            <span class=\"akt-heading__part akt-heading__part--light\">Contact<\/span>\n                <span class=\"akt-heading__part akt-heading__part--bold\">et assistance<\/span>\n    <\/h2>[vc_empty_space height=\u00a0\u00bb15px\u00a0\u00bb][\/vc_column][vc_column width=\u00a0\u00bb2\/3&Prime;][vc_column_text css=\u00a0\u00bb\u00a0\u00bb]Vous avez des questions ou besoin d&rsquo;aide concernant nos solutions de collage ?<\/p>\n<p>Nous sommes l\u00e0 pour vous aider.<\/p>\n<p>Contactez-nous par e-mail \u00e0 <a href=\"mailto:eleco@hoenle-eleco.com\">eleco@hoenle-eleco.com<\/a> ou par t\u00e9l\u00e9phone: +33 (0)1 47 92 41 80.[\/vc_column_text]\n<div class=\"akt-button-wrapper akt-button-wrapper--align-left\">\n            <a href=\"\/contact\" \n           class=\"akt-button akt-button--medium akt-button--primary\" aria-label=\"Contactez-nous\"                      >\n            <span class=\"akt-button__text\">Contactez-nous<\/span>\n        <\/a>\n    <\/div>[\/vc_column][\/vc_row][\/vc_section][vc_section css=\u00a0\u00bb.vc_custom_1773914063706{background-color: #FFFFFF !important;}\u00a0\u00bb][vc_row][vc_column][vc_empty_space height=\u00a0\u00bb80px\u00a0\u00bb][\/vc_column][\/vc_row][vc_row][vc_column width=\u00a0\u00bb1\/3&Prime;]\n<h2 class=\"akt-heading akt-heading--block akt-heading--h2 akt-heading--align-left\">\n            <span class=\"akt-heading__part akt-heading__part--light\">Les solutions compl\u00e8tes<\/span>\n                <span class=\"akt-heading__part akt-heading__part--bold\">de Hoenle-Eleco<\/span>\n    <\/h2>[vc_empty_space height=\u00a0\u00bb15px\u00a0\u00bb][\/vc_column][vc_column width=\u00a0\u00bb2\/3&Prime;][vc_row_inner][vc_column_inner width=\u00a0\u00bb1\/3&Prime;]\n<div id=\"akt-image-text-1042\" class=\"akt-image-text-single akt-image-text-single--aspect-landscape akt-image-text-single--align-center akt-image-text-single--clickable akt-image-text-single--has-overlay akt-image-text-single--animate-fade-in\">\n    \n                        <a href=\"https:\/\/hoenle-eleco.akt-d.de\/fr\/products-solutions\/categories-produits\/colles-industrielles\/vitralit\/\" class=\"akt-image-text-single__image-link\" title=\"Vitralit\u00ae\" aria-label=\"Colles UV Vitralit\u00ae\" target=\"_blank\" rel=\"noopener\">\n                \n        <div class=\"akt-image-text-single__image-container\">\n            <img decoding=\"async\" src=\"https:\/\/www.hoenle-eleco.com\/wp-content\/uploads\/Cell-Contact-Systems.jpg\" \n                 srcset=\"https:\/\/www.hoenle-eleco.com\/wp-content\/uploads\/Cell-Contact-Systems.jpg 400w, https:\/\/www.hoenle-eleco.com\/wp-content\/uploads\/Cell-Contact-Systems-300x225.jpg 300w\"                 sizes=\"(max-width: 768px) 100vw, (max-width: 1024px) 50vw, 33vw\"\n                 alt=\"Cell contacting systems for e-mobility\" \n                 class=\"akt-image-text-single__image\" \n                 loading=\"lazy\" \/>\n        <\/div>\n        \n                    <\/a>\n            \n            <div class=\"akt-image-text-single__text-container\">\n                            <a href=\"https:\/\/hoenle-eleco.akt-d.de\/fr\/products-solutions\/categories-produits\/colles-industrielles\/vitralit\/\" class=\"akt-image-text-single__text-link\" title=\"Vitralit\u00ae\" aria-label=\"Colles UV Vitralit\u00ae\" target=\"_blank\" rel=\"noopener\">\n                        \n            <h3 class=\"akt-image-text-single__text\">Colles UV Vitralit\u00ae<\/h3>\n            \n                            <\/a>\n                    <\/div>\n    \n<\/div>[\/vc_column_inner][vc_column_inner width=\u00a0\u00bb1\/3&Prime;]\n<div id=\"akt-image-text-1575\" class=\"akt-image-text-single akt-image-text-single--aspect-landscape akt-image-text-single--align-center akt-image-text-single--clickable akt-image-text-single--has-overlay akt-image-text-single--animate-fade-in\">\n    \n                        <a href=\"https:\/\/hoenle-eleco.akt-d.de\/fr\/products-solutions\/categories-produits\/doseurs\/\" class=\"akt-image-text-single__image-link\" title=\"Bonding &amp; Potting\" aria-label=\"Dosage\" target=\"_blank\" rel=\"noopener\">\n                \n        <div class=\"akt-image-text-single__image-container\">\n            <img decoding=\"async\" src=\"https:\/\/www.hoenle-eleco.com\/wp-content\/uploads\/Dosage.jpg\" \n                 srcset=\"https:\/\/www.hoenle-eleco.com\/wp-content\/uploads\/Dosage.jpg 400w, https:\/\/www.hoenle-eleco.com\/wp-content\/uploads\/Dosage-300x196.jpg 300w\"                 sizes=\"(max-width: 768px) 100vw, (max-width: 1024px) 50vw, 33vw\"\n                 alt=\"Dosage\" \n                 class=\"akt-image-text-single__image\" \n                 loading=\"lazy\" \/>\n        <\/div>\n        \n                    <\/a>\n            \n            <div class=\"akt-image-text-single__text-container\">\n                            <a href=\"https:\/\/hoenle-eleco.akt-d.de\/fr\/products-solutions\/categories-produits\/doseurs\/\" class=\"akt-image-text-single__text-link\" title=\"Bonding &amp; Potting\" aria-label=\"Dosage\" target=\"_blank\" rel=\"noopener\">\n                        \n            <h3 class=\"akt-image-text-single__text\">Dosage<\/h3>\n            \n                            <\/a>\n                    <\/div>\n    \n<\/div>[\/vc_column_inner][vc_column_inner width=\u00a0\u00bb1\/3&Prime;]\n<div id=\"akt-image-text-7974\" class=\"akt-image-text-single akt-image-text-single--aspect-landscape akt-image-text-single--align-center akt-image-text-single--clickable akt-image-text-single--has-overlay akt-image-text-single--animate-fade-in\">\n    \n                        <a href=\"https:\/\/hoenle-eleco.akt-d.de\/fr\/products-solutions\/categories-produits\/equipements-dinsolation-uv\/\" class=\"akt-image-text-single__image-link\" title=\"Bonding &amp; Potting\" aria-label=\"\u00c9quipements d&#039;insolation\" target=\"_blank\" rel=\"noopener\">\n                \n        <div class=\"akt-image-text-single__image-container\">\n            <img decoding=\"async\" src=\"https:\/\/www.hoenle-eleco.com\/wp-content\/uploads\/Connector-Bonding.jpg\" \n                 srcset=\"https:\/\/www.hoenle-eleco.com\/wp-content\/uploads\/Connector-Bonding.jpg 400w, https:\/\/www.hoenle-eleco.com\/wp-content\/uploads\/Connector-Bonding-300x225.jpg 300w\"                 sizes=\"(max-width: 768px) 100vw, (max-width: 1024px) 50vw, 33vw\"\n                 alt=\"Connector Bonding\" \n                 class=\"akt-image-text-single__image\" \n                 loading=\"lazy\" \/>\n        <\/div>\n        \n                    <\/a>\n            \n            <div class=\"akt-image-text-single__text-container\">\n                            <a href=\"https:\/\/hoenle-eleco.akt-d.de\/fr\/products-solutions\/categories-produits\/equipements-dinsolation-uv\/\" class=\"akt-image-text-single__text-link\" title=\"Bonding &amp; Potting\" aria-label=\"\u00c9quipements d&#039;insolation\" target=\"_blank\" rel=\"noopener\">\n                        \n            <h3 class=\"akt-image-text-single__text\">\u00c9quipements d&#039;insolation<\/h3>\n            \n                            <\/a>\n                    <\/div>\n    \n<\/div>[\/vc_column_inner][\/vc_row_inner][\/vc_column][\/vc_row][\/vc_section]<\/p>\n<\/div>","protected":false},"excerpt":{"rendered":"<p>[vc_section css=\u00a0\u00bb.vc_custom_1752143461288{background-color: #F2F4F6 !important;}\u00a0\u00bb][vc_row][vc_column width=\u00a0\u00bb1\/2&Prime;][\/vc_column][vc_column width=\u00a0\u00bb1\/2&Prime;][vc_column_text css=\u00a0\u00bb\u00a0\u00bb]Pour les applications o\u00f9 la faible empreinte lumineuse d&rsquo;un syst\u00e8me de polym\u00e9risation UV spot [&hellip;]<\/p>\n","protected":false},"author":9,"featured_media":0,"parent":6021,"menu_order":2,"comment_status":"closed","ping_status":"closed","template":"","meta":{"site-sidebar-layout":"no-sidebar","site-content-layout":"plain-container","ast-site-content-layout":"default","site-content-style":"default","site-sidebar-style":"default","ast-global-header-display":"","ast-banner-title-visibility":"","ast-main-header-display":"","ast-hfb-above-header-display":"","ast-hfb-below-header-display":"","ast-hfb-mobile-header-display":"","site-post-title":"disabled","ast-breadcrumbs-content":"","ast-featured-img":"disabled","footer-sml-layout":"","theme-transparent-header-meta":"default","adv-header-id-meta":"","stick-header-meta":"","header-above-stick-meta":"","header-main-stick-meta":"","header-below-stick-meta":"","astra-migrate-meta-layouts":"set","ast-page-background-enabled":"default","ast-page-background-meta":{"desktop":{"background-color":"var(--ast-global-color-5)","background-image":"","background-repeat":"repeat","background-position":"center center","background-size":"auto","background-attachment":"scroll","background-type":"","background-media":"","overlay-type":"","overlay-color":"","overlay-opacity":"","overlay-gradient":""},"tablet":{"background-color":"","background-image":"","background-repeat":"repeat","background-position":"center center","background-size":"auto","background-attachment":"scroll","background-type":"","background-media":"","overlay-type":"","overlay-color":"","overlay-opacity":"","overlay-gradient":""},"mobile":{"background-color":"","background-image":"","background-repeat":"repeat","background-position":"center center","background-size":"auto","background-attachment":"scroll","background-type":"","background-media":"","overlay-type":"","overlay-color":"","overlay-opacity":"","overlay-gradient":""}},"ast-content-background-meta":{"desktop":{"background-color":"var(--ast-global-color-4)","background-image":"","background-repeat":"repeat","background-position":"center center","background-size":"auto","background-attachment":"scroll","background-type":"","background-media":"","overlay-type":"","overlay-color":"","overlay-opacity":"","overlay-gradient":""},"tablet":{"background-color":"var(--ast-global-color-4)","background-image":"","background-repeat":"repeat","background-position":"center center","background-size":"auto","background-attachment":"scroll","background-type":"","background-media":"","overlay-type":"","overlay-color":"","overlay-opacity":"","overlay-gradient":""},"mobile":{"background-color":"var(--ast-global-color-4)","background-image":"","background-repeat":"repeat","background-position":"center center","background-size":"auto","background-attachment":"scroll","background-type":"","background-media":"","overlay-type":"","overlay-color":"","overlay-opacity":"","overlay-gradient":""}},"footnotes":""},"class_list":["post-6037","page","type-page","status-publish","hentry"],"_links":{"self":[{"href":"https:\/\/www.hoenle-eleco.com\/fr\/wp-json\/wp\/v2\/pages\/6037","targetHints":{"allow":["GET"]}}],"collection":[{"href":"https:\/\/www.hoenle-eleco.com\/fr\/wp-json\/wp\/v2\/pages"}],"about":[{"href":"https:\/\/www.hoenle-eleco.com\/fr\/wp-json\/wp\/v2\/types\/page"}],"author":[{"embeddable":true,"href":"https:\/\/www.hoenle-eleco.com\/fr\/wp-json\/wp\/v2\/users\/9"}],"replies":[{"embeddable":true,"href":"https:\/\/www.hoenle-eleco.com\/fr\/wp-json\/wp\/v2\/comments?post=6037"}],"version-history":[{"count":5,"href":"https:\/\/www.hoenle-eleco.com\/fr\/wp-json\/wp\/v2\/pages\/6037\/revisions"}],"predecessor-version":[{"id":10688,"href":"https:\/\/www.hoenle-eleco.com\/fr\/wp-json\/wp\/v2\/pages\/6037\/revisions\/10688"}],"up":[{"embeddable":true,"href":"https:\/\/www.hoenle-eleco.com\/fr\/wp-json\/wp\/v2\/pages\/6021"}],"wp:attachment":[{"href":"https:\/\/www.hoenle-eleco.com\/fr\/wp-json\/wp\/v2\/media?parent=6037"}],"curies":[{"name":"wp","href":"https:\/\/api.w.org\/{rel}","templated":true}]}}