{"id":6021,"date":"2025-09-09T20:05:38","date_gmt":"2025-09-09T18:05:38","guid":{"rendered":"https:\/\/www.hoenle-eleco.com\/?page_id=6021"},"modified":"2026-01-29T11:48:21","modified_gmt":"2026-01-29T10:48:21","slug":"equipements-dinsolation-uv","status":"publish","type":"page","link":"https:\/\/www.hoenle-eleco.com\/fr\/produits-solutions\/categories-produits\/equipements-dinsolation-uv\/","title":{"rendered":"\u00c9quipements d&rsquo;insolation UV"},"content":{"rendered":"<div class=\"wpb-content-wrapper\"><p>[vc_section css=\u00a0\u00bb.vc_custom_1752143461288{background-color: #F2F4F6 !important;}\u00a0\u00bb][vc_row][vc_column width=\u00a0\u00bb1\/2&Prime;]\n<h1 class=\"akt-heading akt-heading--block akt-heading--h1 akt-heading--align-left\">\n            <span class=\"akt-heading__part akt-heading__part--light\">\u00c9quipements<\/span>\n                <span class=\"akt-heading__part akt-heading__part--bold\">d&#039;insolation UV<\/span>\n    <\/h1>[\/vc_column][vc_column width=\u00a0\u00bb1\/2&Prime;][vc_column_text css=\u00a0\u00bb\u00a0\u00bb]Hoenle propose une gamme compl\u00e8te de syst\u00e8mes de polym\u00e9risation UV pour la polym\u00e9risation ou la solidification des colles UV. Ces syst\u00e8mes de polym\u00e9risation UV et \u00e0 la lumi\u00e8re sont con\u00e7us et fabriqu\u00e9s par Hoenle AG, dont le si\u00e8ge social est situ\u00e9 pr\u00e8s de Munich, en Allemagne. Hoenle est un leader reconnu dans le d\u00e9veloppement mondial de la technologie UV pour les applications d&rsquo;assemblage industriel.<\/p>\n<p>&nbsp;<\/p>\n<p>Faisant partie de la division Adhesive Systems de Hoenle, les colles polym\u00e9risables aux UV de Hoenle Adhesives sont parfaitement adapt\u00e9es aux longueurs d&rsquo;onde des \u00e9quipements de polym\u00e9risation UV de Hoenle. Les syst\u00e8mes de polym\u00e9risation UV Hoenle sont utilis\u00e9s dans le monde entier dans la fabrication de composants \u00e9lectroniques, micro\u00e9lectroniques, optiques et m\u00e9dicaux, ainsi que dans l&rsquo;industrie automobile et a\u00e9rospatiale.<\/p>\n<p>&nbsp;<\/p>\n<p>Vous trouverez ci-dessous des liens vers les syst\u00e8mes de polym\u00e9risation UV et LED-UV Hoenle. Veuillez nous contacter pour plus d&rsquo;informations sur les \u00e9quipements de polym\u00e9risation, y compris les prix et la disponibilit\u00e9. Nos ing\u00e9nieurs commerciaux et d&rsquo;application chez Hoenle vous aideront \u00e0 choisir les colles et les \u00e9quipements de polym\u00e9risation adapt\u00e9s. Gr\u00e2ce \u00e0 notre vaste exp\u00e9rience dans ces deux domaines, nous pouvons vous proposer une solution syst\u00e8me parfaitement adapt\u00e9e \u00e0 vos besoins individuels et garantissant une productivit\u00e9 et une efficacit\u00e9 maximales dans vos processus de collage.[\/vc_column_text][\/vc_column][\/vc_row][\/vc_section][vc_section css=\u00a0\u00bb.vc_custom_1752579807249{background-color: #FFFFFF !important;}\u00a0\u00bb][vc_row][vc_column]\n<div class=\"akt-grid akt-grid--columns-2 akt-grid--align-center akt-grid--aspect-16_9 akt-grid--hover akt-grid--fit-cover akt-grid--animation-fade_in\" \n     id=\"akt-grid-6a0973469042b\"\n     data-columns=\"2\"\n     data-animation=\"fade-in\">\n\n            <style>@media (max-width: 768px) { #akt-grid-6a0973469042b .akt-grid__content { background-color: #ffffff; } }<\/style>\n         \n    \n            <div class=\"akt-grid__container\">\n                                            \n                <div class=\"akt-grid__item\" \n                     data-index=\"0\"\n                     style=\"--animation-delay: 0s\">\n                    \n                                            <a href=\"https:\/\/www.hoenle-eleco.com\/fr\/products-solutions\/categories-produits\/equipements-dinsolation-uv\/led-uv-equipement\/\"\n                                                                                     title=\"LED-UV Equipement\"\n                                                      class=\"akt-grid__item-link\">\n                                        \n                                            <div class=\"akt-grid__image akt-grid__image--16_9\">\n                            <img decoding=\"async\" src=\"https:\/\/www.hoenle-eleco.com\/wp-content\/uploads\/icon-uv-led-equipment-hoenle-uv-technology.jpeg\" \n                                 alt=\"Equipement LED-UV\" \n                                 class=\"akt-grid__image-element\"\n                                 loading=\"lazy\"\n                                 width=\"550\"\n                                 height=\"369\">\n                        <\/div>\n                                        \n                                            <div class=\"akt-grid__content\">\n                                                            <h3 class=\"akt-grid__title\">Equipement LED-UV<\/h3>\n                                                        \n                                                            <p class=\"akt-grid__description\">Une large gamme d&#039;\u00e9quipements LED-UV de Hoenle est disponible.<\/p>\n                                                    <\/div>\n                                        \n                                            <\/a>\n                                    <\/div>\n                \n                                            \n                <div class=\"akt-grid__item\" \n                     data-index=\"1\"\n                     style=\"--animation-delay: 0s\">\n                    \n                                            <a href=\"https:\/\/www.hoenle-eleco.com\/fr\/products-solutions\/categories-produits\/equipements-dinsolation-uv\/lampes-uv\/\"\n                                                                                     title=\"Lampes UV traditionelles\"\n                                                      class=\"akt-grid__item-link\">\n                                        \n                                            <div class=\"akt-grid__image akt-grid__image--16_9\">\n                            <img decoding=\"async\" src=\"https:\/\/www.hoenle-eleco.com\/wp-content\/uploads\/icon-hoenle-conventional-uv-lamps.jpg\" \n                                 alt=\"Lampes UV traditionelles\" \n                                 class=\"akt-grid__image-element\"\n                                 loading=\"lazy\"\n                                 width=\"550\"\n                                 height=\"365\">\n                        <\/div>\n                                        \n                                            <div class=\"akt-grid__content\">\n                                                            <h3 class=\"akt-grid__title\">Lampes UV traditionelles<\/h3>\n                                                        \n                                                            <p class=\"akt-grid__description\">Les syst\u00e8mes de polym\u00e9risation UV conventionnels et les lampes \u00e0 d\u00e9charge UV de Hoenle offrent un large spectre lumineux pour garantir une polym\u00e9risation rapide et fiable des colles et rev\u00eatements UV.<\/p>\n                                                    <\/div>\n                                        \n                                            <\/a>\n                                    <\/div>\n                \n                    <\/div>\n        \n<\/div>[\/vc_column][\/vc_row][\/vc_section][vc_section css=\u00a0\u00bb.vc_custom_1758483041975{background-color: #F2F4F6 !important;}\u00a0\u00bb][vc_row][vc_column width=\u00a0\u00bb1\/3&Prime;]\n<h2 class=\"akt-heading akt-heading--block akt-heading--h2 akt-heading--align-left\">\n            <span class=\"akt-heading__part akt-heading__part--light\">Contact<\/span>\n                <span class=\"akt-heading__part akt-heading__part--bold\">et assistance<\/span>\n    <\/h2>[vc_empty_space height=\u00a0\u00bb15px\u00a0\u00bb][\/vc_column][vc_column width=\u00a0\u00bb2\/3&Prime;][vc_column_text css=\u00a0\u00bb\u00a0\u00bb]Vous avez des questions ou besoin d&rsquo;aide concernant nos solutions de collage ?<\/p>\n<p>Nous sommes l\u00e0 pour vous aider.<\/p>\n<p>Contactez-nous par e-mail \u00e0 <a href=\"mailto:eleco@hoenle-eleco.com\">eleco@hoenle-eleco.com<\/a> ou par t\u00e9l\u00e9phone: +33 (0)1 47 92 41 80.[\/vc_column_text]\n<div class=\"akt-button-wrapper akt-button-wrapper--align-left\">\n            <a href=\"\/contact\" \n           class=\"akt-button akt-button--medium akt-button--primary\" aria-label=\"Contactez-nous\"                      >\n            <span class=\"akt-button__text\">Contactez-nous<\/span>\n        <\/a>\n    <\/div>[\/vc_column][\/vc_row][vc_row][vc_column width=\u00a0\u00bb1\/3&Prime;]\n<h2 class=\"akt-heading akt-heading--block akt-heading--h2 akt-heading--align-left\">\n            <span class=\"akt-heading__part akt-heading__part--light\">Les solutions compl\u00e8tes<\/span>\n                <span class=\"akt-heading__part akt-heading__part--bold\">de Hoenle-Eleco<\/span>\n    <\/h2>[vc_empty_space height=\u00a0\u00bb15px\u00a0\u00bb][\/vc_column][vc_column width=\u00a0\u00bb2\/3&Prime;][vc_row_inner][vc_column_inner width=\u00a0\u00bb1\/3&Prime;]\n<div id=\"akt-image-text-5403\" class=\"akt-image-text-single akt-image-text-single--aspect-landscape akt-image-text-single--align-center akt-image-text-single--clickable akt-image-text-single--has-overlay akt-image-text-single--animate-fade-in\">\n    \n                        <a href=\"https:\/\/www.hoenle-eleco.com\/fr\/products-solutions\/categories-produits\/colles-industrielles\/vitralit\/\" \n               class=\"akt-image-text-single__image-link\"\n                                             title=\"Vitralit\u00ae\"               aria-label=\"Colles UV Vitralit\u00ae\">\n                \n        <div class=\"akt-image-text-single__image-container\">\n            <img decoding=\"async\" src=\"https:\/\/www.hoenle-eleco.com\/wp-content\/uploads\/Cell-Contact-Systems.jpg\" \n                 srcset=\"https:\/\/www.hoenle-eleco.com\/wp-content\/uploads\/Cell-Contact-Systems.jpg 400w, https:\/\/www.hoenle-eleco.com\/wp-content\/uploads\/Cell-Contact-Systems-300x225.jpg 300w\"                 sizes=\"(max-width: 768px) 100vw, (max-width: 1024px) 50vw, 33vw\"\n                 alt=\"Cell contacting systems for e-mobility\" \n                 class=\"akt-image-text-single__image\" \n                 loading=\"lazy\" \/>\n        <\/div>\n        \n                    <\/a>\n            \n            <div class=\"akt-image-text-single__text-container\">\n                            <a href=\"https:\/\/www.hoenle-eleco.com\/fr\/products-solutions\/categories-produits\/colles-industrielles\/vitralit\/\" \n                   class=\"akt-image-text-single__text-link\"\n                                                         title=\"Vitralit\u00ae\"                   aria-label=\"Colles UV Vitralit\u00ae\">\n                        \n            <h3 class=\"akt-image-text-single__text\">Colles UV Vitralit\u00ae<\/h3>\n            \n                            <\/a>\n                    <\/div>\n    \n<\/div>[\/vc_column_inner][vc_column_inner width=\u00a0\u00bb1\/3&Prime;]\n<div id=\"akt-image-text-3874\" class=\"akt-image-text-single akt-image-text-single--aspect-landscape akt-image-text-single--align-center akt-image-text-single--clickable akt-image-text-single--has-overlay akt-image-text-single--animate-fade-in\">\n    \n                        <a href=\"https:\/\/www.hoenle-eleco.com\/fr\/products-solutions\/categories-produits\/doseurs\/\" \n               class=\"akt-image-text-single__image-link\"\n                                             title=\"Bonding &amp; Potting\"               aria-label=\"Dosage\">\n                \n        <div class=\"akt-image-text-single__image-container\">\n            <img decoding=\"async\" src=\"https:\/\/www.hoenle-eleco.com\/wp-content\/uploads\/Dosage.jpg\" \n                 srcset=\"https:\/\/www.hoenle-eleco.com\/wp-content\/uploads\/Dosage.jpg 400w, https:\/\/www.hoenle-eleco.com\/wp-content\/uploads\/Dosage-300x196.jpg 300w\"                 sizes=\"(max-width: 768px) 100vw, (max-width: 1024px) 50vw, 33vw\"\n                 alt=\"Dosage\" \n                 class=\"akt-image-text-single__image\" \n                 loading=\"lazy\" \/>\n        <\/div>\n        \n                    <\/a>\n            \n            <div class=\"akt-image-text-single__text-container\">\n                            <a href=\"https:\/\/www.hoenle-eleco.com\/fr\/products-solutions\/categories-produits\/doseurs\/\" \n                   class=\"akt-image-text-single__text-link\"\n                                                         title=\"Bonding &amp; Potting\"                   aria-label=\"Dosage\">\n                        \n            <h3 class=\"akt-image-text-single__text\">Dosage<\/h3>\n            \n                            <\/a>\n                    <\/div>\n    \n<\/div>[\/vc_column_inner][vc_column_inner width=\u00a0\u00bb1\/3&Prime;]\n<div id=\"akt-image-text-2405\" class=\"akt-image-text-single akt-image-text-single--aspect-landscape akt-image-text-single--align-center akt-image-text-single--clickable akt-image-text-single--has-overlay akt-image-text-single--animate-fade-in\">\n    \n                        <a href=\"https:\/\/www.hoenle-eleco.com\/fr\/products-solutions\/categories-produits\/equipements-dinsolation-uv\/\" \n               class=\"akt-image-text-single__image-link\"\n                                             title=\"Bonding &amp; Potting\"               aria-label=\"\u00c9quipements d&#039;insolation\">\n                \n        <div class=\"akt-image-text-single__image-container\">\n            <img decoding=\"async\" src=\"https:\/\/www.hoenle-eleco.com\/wp-content\/uploads\/LED-Conventional-UV-Lamps-from-Hoenle.png\" \n                 srcset=\"https:\/\/www.hoenle-eleco.com\/wp-content\/uploads\/LED-Conventional-UV-Lamps-from-Hoenle.png 1000w, https:\/\/www.hoenle-eleco.com\/wp-content\/uploads\/LED-Conventional-UV-Lamps-from-Hoenle-300x200.png 300w, https:\/\/www.hoenle-eleco.com\/wp-content\/uploads\/LED-Conventional-UV-Lamps-from-Hoenle-768x511.png 768w\"                 sizes=\"(max-width: 768px) 100vw, (max-width: 1024px) 50vw, 33vw\"\n                 alt=\"\u00c9quipements d&#039;insolation\" \n                 class=\"akt-image-text-single__image\" \n                 loading=\"lazy\" \/>\n        <\/div>\n        \n                    <\/a>\n            \n            <div class=\"akt-image-text-single__text-container\">\n                            <a href=\"https:\/\/www.hoenle-eleco.com\/fr\/products-solutions\/categories-produits\/equipements-dinsolation-uv\/\" \n                   class=\"akt-image-text-single__text-link\"\n                                                         title=\"Bonding &amp; Potting\"                   aria-label=\"\u00c9quipements d&#039;insolation\">\n                        \n            <h3 class=\"akt-image-text-single__text\">\u00c9quipements d&#039;insolation<\/h3>\n            \n                            <\/a>\n                    <\/div>\n    \n<\/div>[\/vc_column_inner][\/vc_row_inner][\/vc_column][\/vc_row][\/vc_section]<\/p>\n<\/div>","protected":false},"excerpt":{"rendered":"<p>[vc_section css=\u00a0\u00bb.vc_custom_1752143461288{background-color: #F2F4F6 !important;}\u00a0\u00bb][vc_row][vc_column width=\u00a0\u00bb1\/2&Prime;][\/vc_column][vc_column width=\u00a0\u00bb1\/2&Prime;][vc_column_text css=\u00a0\u00bb\u00a0\u00bb]Hoenle propose une gamme compl\u00e8te de syst\u00e8mes de polym\u00e9risation UV pour la polym\u00e9risation ou [&hellip;]<\/p>\n","protected":false},"author":9,"featured_media":0,"parent":5759,"menu_order":2,"comment_status":"closed","ping_status":"closed","template":"","meta":{"site-sidebar-layout":"no-sidebar","site-content-layout":"plain-container","ast-site-content-layout":"default","site-content-style":"default","site-sidebar-style":"default","ast-global-header-display":"","ast-banner-title-visibility":"","ast-main-header-display":"","ast-hfb-above-header-display":"","ast-hfb-below-header-display":"","ast-hfb-mobile-header-display":"","site-post-title":"disabled","ast-breadcrumbs-content":"","ast-featured-img":"disabled","footer-sml-layout":"","theme-transparent-header-meta":"default","adv-header-id-meta":"","stick-header-meta":"","header-above-stick-meta":"","header-main-stick-meta":"","header-below-stick-meta":"","astra-migrate-meta-layouts":"set","ast-page-background-enabled":"default","ast-page-background-meta":{"desktop":{"background-color":"var(--ast-global-color-5)","background-image":"","background-repeat":"repeat","background-position":"center center","background-size":"auto","background-attachment":"scroll","background-type":"","background-media":"","overlay-type":"","overlay-color":"","overlay-opacity":"","overlay-gradient":""},"tablet":{"background-color":"","background-image":"","background-repeat":"repeat","background-position":"center center","background-size":"auto","background-attachment":"scroll","background-type":"","background-media":"","overlay-type":"","overlay-color":"","overlay-opacity":"","overlay-gradient":""},"mobile":{"background-color":"","background-image":"","background-repeat":"repeat","background-position":"center center","background-size":"auto","background-attachment":"scroll","background-type":"","background-media":"","overlay-type":"","overlay-color":"","overlay-opacity":"","overlay-gradient":""}},"ast-content-background-meta":{"desktop":{"background-color":"var(--ast-global-color-4)","background-image":"","background-repeat":"repeat","background-position":"center center","background-size":"auto","background-attachment":"scroll","background-type":"","background-media":"","overlay-type":"","overlay-color":"","overlay-opacity":"","overlay-gradient":""},"tablet":{"background-color":"var(--ast-global-color-4)","background-image":"","background-repeat":"repeat","background-position":"center center","background-size":"auto","background-attachment":"scroll","background-type":"","background-media":"","overlay-type":"","overlay-color":"","overlay-opacity":"","overlay-gradient":""},"mobile":{"background-color":"var(--ast-global-color-4)","background-image":"","background-repeat":"repeat","background-position":"center center","background-size":"auto","background-attachment":"scroll","background-type":"","background-media":"","overlay-type":"","overlay-color":"","overlay-opacity":"","overlay-gradient":""}},"footnotes":""},"class_list":["post-6021","page","type-page","status-publish","hentry"],"_links":{"self":[{"href":"https:\/\/www.hoenle-eleco.com\/fr\/wp-json\/wp\/v2\/pages\/6021","targetHints":{"allow":["GET"]}}],"collection":[{"href":"https:\/\/www.hoenle-eleco.com\/fr\/wp-json\/wp\/v2\/pages"}],"about":[{"href":"https:\/\/www.hoenle-eleco.com\/fr\/wp-json\/wp\/v2\/types\/page"}],"author":[{"embeddable":true,"href":"https:\/\/www.hoenle-eleco.com\/fr\/wp-json\/wp\/v2\/users\/9"}],"replies":[{"embeddable":true,"href":"https:\/\/www.hoenle-eleco.com\/fr\/wp-json\/wp\/v2\/comments?post=6021"}],"version-history":[{"count":11,"href":"https:\/\/www.hoenle-eleco.com\/fr\/wp-json\/wp\/v2\/pages\/6021\/revisions"}],"predecessor-version":[{"id":10265,"href":"https:\/\/www.hoenle-eleco.com\/fr\/wp-json\/wp\/v2\/pages\/6021\/revisions\/10265"}],"up":[{"embeddable":true,"href":"https:\/\/www.hoenle-eleco.com\/fr\/wp-json\/wp\/v2\/pages\/5759"}],"wp:attachment":[{"href":"https:\/\/www.hoenle-eleco.com\/fr\/wp-json\/wp\/v2\/media?parent=6021"}],"curies":[{"name":"wp","href":"https:\/\/api.w.org\/{rel}","templated":true}]}}