{"id":6016,"date":"2025-09-09T19:57:50","date_gmt":"2025-09-09T17:57:50","guid":{"rendered":"https:\/\/www.hoenle-eleco.com\/?page_id=6016"},"modified":"2026-01-29T12:12:57","modified_gmt":"2026-01-29T11:12:57","slug":"lampes-uv","status":"publish","type":"page","link":"https:\/\/www.hoenle-eleco.com\/fr\/produits-solutions\/categories-produits\/equipements-dinsolation-uv\/lampes-uv\/","title":{"rendered":"Lampes UV traditionelles"},"content":{"rendered":"<div class=\"wpb-content-wrapper\"><p>[vc_section css=\u00a0\u00bb.vc_custom_1752143461288{background-color: #F2F4F6 !important;}\u00a0\u00bb][vc_row][vc_column width=\u00a0\u00bb1\/2&Prime;]\n<h1 class=\"akt-heading akt-heading--block akt-heading--h1 akt-heading--align-left\">\n            <span class=\"akt-heading__part akt-heading__part--light\">Lampes UV<\/span>\n                <span class=\"akt-heading__part akt-heading__part--bold\">traditionelles<\/span>\n    <\/h1>[\/vc_column][vc_column width=\u00a0\u00bb1\/2&Prime;][vc_column_text css=\u00a0\u00bb\u00a0\u00bb]Hoenle propose une gamme compl\u00e8te de lampes UV traditionnelles id\u00e9ales pour le polym\u00e9risation des colles et des mastics. Ces lampes UV comprennent des unit\u00e9s ponctuelles, des projecteurs et des syst\u00e8mes de polym\u00e9risation \u00e0 grande surface. Les longueurs d&rsquo;onde UV courtes (&gt; 320 nm) contribuent g\u00e9n\u00e9ralement \u00e0 obtenir des surfaces plus s\u00e8ches et non collantes. L&rsquo;\u00e9nergie lumineuse visible (dans la gamme 400-420 nm) peut augmenter la vitesse de polym\u00e9risation des colles poss\u00e9dant une combinaison de photo-initiateurs UV et de lumi\u00e8re visible. La lumi\u00e8re visible peut \u00e9galement p\u00e9n\u00e9trer les substances contenant des inhibiteurs d&rsquo;UV. Tout cela peut \u00eatre obtenu en utilisant une lampe UV \u00e0 large spectre.<\/p>\n<p>Vous trouverez ci-dessous des liens vers les lampes UV Hoenle et les accessoires avec spectres UVA. Veuillez nous contacter pour plus d&rsquo;informations sur les lampes UV Hoenle, y compris les prix et la disponibilit\u00e9. Le service d&rsquo;ing\u00e9nierie d&rsquo;application vous aidera \u00e0 choisir les colles et les \u00e9quipements adapt\u00e9s et \u00e0 optimiser votre processus de polym\u00e9risation UV pour une productivit\u00e9 et une efficacit\u00e9 maximales.[\/vc_column_text]\n<div class=\"akt-button-wrapper akt-button-wrapper--align-left\">\n            <a href=\"\/contact\" \n           class=\"akt-button akt-button--medium akt-button--primary\" aria-label=\"Click Here\"                      >\n            <span class=\"akt-button__text\">Click Here<\/span>\n        <\/a>\n    <\/div>[\/vc_column][\/vc_row][\/vc_section][vc_section css=\u00a0\u00bb.vc_custom_1752579807249{background-color: #FFFFFF !important;}\u00a0\u00bb][vc_row][vc_column][vc_row_inner][vc_column_inner]\n<div class=\"akt-grid akt-grid--columns-3 akt-grid--align-center akt-grid--aspect-16_9 akt-grid--hover akt-grid--fit-cover akt-grid--animation-fade_in\" \n     id=\"akt-grid-6a097278d022c\"\n     data-columns=\"3\"\n     data-animation=\"fade-in\">\n\n            <style>@media (max-width: 768px) { #akt-grid-6a097278d022c .akt-grid__content { background-color: #ffffff; } }<\/style>\n         \n    \n            <div class=\"akt-grid__container\">\n                                            \n                <div class=\"akt-grid__item\" \n                     data-index=\"0\"\n                     style=\"--animation-delay: 0s\">\n                    \n                                            <a href=\"https:\/\/www.hoenle-eleco.com\/fr\/produits-solutions\/categories-produits\/equipements-dinsolation-uv\/lampes-uv\/uva-hand-250\/\"\n                                                                                     title=\"Hoenle UVA HAND 250\"\n                                                      class=\"akt-grid__item-link\">\n                                        \n                                            <div class=\"akt-grid__image akt-grid__image--16_9\">\n                            <img decoding=\"async\" src=\"https:\/\/www.hoenle-eleco.com\/wp-content\/uploads\/handheld-uv-curing-systems-uva-hand-250-panacol-usa.jpeg\" \n                                 alt=\"UVAHAND 250\" \n                                 class=\"akt-grid__image-element\"\n                                 loading=\"lazy\"\n                                 width=\"272\"\n                                 height=\"185\">\n                        <\/div>\n                                        \n                                            <div class=\"akt-grid__content\">\n                                                            <h3 class=\"akt-grid__title\">UVAHAND 250<\/h3>\n                                                        \n                                                            <p class=\"akt-grid__description\">Handheld UVA curing system<\/p>\n                                                    <\/div>\n                                        \n                                            <\/a>\n                                    <\/div>\n                \n                                            \n                <div class=\"akt-grid__item\" \n                     data-index=\"1\"\n                     style=\"--animation-delay: 0s\">\n                    \n                                            <a href=\"https:\/\/www.hoenle-eleco.com\/fr\/produits-solutions\/categories-produits\/equipements-dinsolation-uv\/lampes-uv\/bluepoint-4\/\"\n                                                                                     title=\"Hoenle Bluepoint 4\"\n                                                      class=\"akt-grid__item-link\">\n                                        \n                                            <div class=\"akt-grid__image akt-grid__image--16_9\">\n                            <img decoding=\"async\" src=\"https:\/\/www.hoenle-eleco.com\/wp-content\/uploads\/uv-spot-lamps-by-honle-bluepoint-4-panacol-usa.jpeg\" \n                                 alt=\"Bluepoint 4\" \n                                 class=\"akt-grid__image-element\"\n                                 loading=\"lazy\"\n                                 width=\"1000\"\n                                 height=\"1000\">\n                        <\/div>\n                                        \n                                            <div class=\"akt-grid__content\">\n                                                            <h3 class=\"akt-grid__title\">Bluepoint 4<\/h3>\n                                                        \n                                                            <p class=\"akt-grid__description\">UVA spot curing unit<\/p>\n                                                    <\/div>\n                                        \n                                            <\/a>\n                                    <\/div>\n                \n                                            \n                <div class=\"akt-grid__item\" \n                     data-index=\"2\"\n                     style=\"--animation-delay: 0s\">\n                    \n                                            <a href=\"https:\/\/www.hoenle-eleco.com\/fr\/produits-solutions\/categories-produits\/equipements-dinsolation-uv\/lampes-uv\/bluepoint-4-ecocure\/\"\n                                                                                     title=\"Hoenle Bluepoint 4 ecocure\"\n                                                      class=\"akt-grid__item-link\">\n                                        \n                                            <div class=\"akt-grid__image akt-grid__image--16_9\">\n                            <img decoding=\"async\" src=\"https:\/\/www.hoenle-eleco.com\/wp-content\/uploads\/uv-spot-curing-systems-by-honle-bluepoint-4-ecocure-panacol-usa.jpeg\" \n                                 alt=\"Bluepoint 4 ecocure\" \n                                 class=\"akt-grid__image-element\"\n                                 loading=\"lazy\"\n                                 width=\"272\"\n                                 height=\"185\">\n                        <\/div>\n                                        \n                                            <div class=\"akt-grid__content\">\n                                                            <h3 class=\"akt-grid__title\">Bluepoint 4 ecocure<\/h3>\n                                                        \n                                                            <p class=\"akt-grid__description\">UVA spot curing unit<\/p>\n                                                    <\/div>\n                                        \n                                            <\/a>\n                                    <\/div>\n                \n                                            \n                <div class=\"akt-grid__item\" \n                     data-index=\"3\"\n                     style=\"--animation-delay: 0s\">\n                    \n                                            <a href=\"https:\/\/www.hoenle-eleco.com\/fr\/produits-solutions\/categories-produits\/equipements-dinsolation-uv\/lampes-uv\/uva-spot\/\"\n                                                                                     title=\"Hoenle UVA SPOT\"\n                                                      class=\"akt-grid__item-link\">\n                                        \n                                            <div class=\"akt-grid__image akt-grid__image--16_9\">\n                            <img decoding=\"async\" src=\"https:\/\/www.hoenle-eleco.com\/wp-content\/uploads\/uv-flood-lamps-by-honle-uvaspot-panacol-usa.jpeg\" \n                                 alt=\"UVA Spot\" \n                                 class=\"akt-grid__image-element\"\n                                 loading=\"lazy\"\n                                 width=\"272\"\n                                 height=\"185\">\n                        <\/div>\n                                        \n                                            <div class=\"akt-grid__content\">\n                                                            <h3 class=\"akt-grid__title\">UVA Spot<\/h3>\n                                                        \n                                                            <p class=\"akt-grid__description\">Conventional full-spectrum UVA flood light<\/p>\n                                                    <\/div>\n                                        \n                                            <\/a>\n                                    <\/div>\n                \n                                            \n                <div class=\"akt-grid__item\" \n                     data-index=\"4\"\n                     style=\"--animation-delay: 0s\">\n                    \n                                            <a href=\"https:\/\/www.hoenle-eleco.com\/fr\/produits-solutions\/categories-produits\/equipements-dinsolation-uv\/lampes-uv\/uva-print-100-200-hpv\/\"\n                                                                                     title=\"Hoenle UVAPRINT 100-200 HPV\"\n                                                      class=\"akt-grid__item-link\">\n                                        \n                                            <div class=\"akt-grid__image akt-grid__image--16_9\">\n                            <img decoding=\"async\" src=\"https:\/\/www.hoenle-eleco.com\/wp-content\/uploads\/uv-led-large-area-curing-systems-by-honle-uva-print-100-200-hpv-panacol-usa.jpeg\" \n                                 alt=\"UVAPRINT 100-200 HPV\" \n                                 class=\"akt-grid__image-element\"\n                                 loading=\"lazy\"\n                                 width=\"272\"\n                                 height=\"185\">\n                        <\/div>\n                                        \n                                            <div class=\"akt-grid__content\">\n                                                            <h3 class=\"akt-grid__title\">UVAPRINT 100-200 HPV<\/h3>\n                                                        \n                                                            <p class=\"akt-grid__description\">UVA large area curing system with full spectrum<\/p>\n                                                    <\/div>\n                                        \n                                            <\/a>\n                                    <\/div>\n                \n                    <\/div>\n        \n<\/div>[\/vc_column_inner][\/vc_row_inner][\/vc_column][\/vc_row][\/vc_section][vc_section css=\u00a0\u00bb.vc_custom_1758483041975{background-color: #F2F4F6 !important;}\u00a0\u00bb][vc_row][vc_column width=\u00a0\u00bb1\/3&Prime;]\n<h2 class=\"akt-heading akt-heading--block akt-heading--h2 akt-heading--align-left\">\n            <span class=\"akt-heading__part akt-heading__part--light\">Contact<\/span>\n                <span class=\"akt-heading__part akt-heading__part--bold\">et assistance<\/span>\n    <\/h2>[vc_empty_space height=\u00a0\u00bb15px\u00a0\u00bb][\/vc_column][vc_column width=\u00a0\u00bb2\/3&Prime;][vc_column_text css=\u00a0\u00bb\u00a0\u00bb]Vous avez des questions ou besoin d&rsquo;aide concernant nos solutions de collage ?<\/p>\n<p>Nous sommes l\u00e0 pour vous aider.<\/p>\n<p>Contactez-nous par e-mail \u00e0 <a href=\"mailto:eleco@hoenle-eleco.com\">eleco@hoenle-eleco.com<\/a> ou par t\u00e9l\u00e9phone: +33 (0)1 47 92 41 80.[\/vc_column_text]\n<div class=\"akt-button-wrapper akt-button-wrapper--align-left\">\n            <a href=\"\/contact\" \n           class=\"akt-button akt-button--medium akt-button--primary\" aria-label=\"Contactez-nous\"                      >\n            <span class=\"akt-button__text\">Contactez-nous<\/span>\n        <\/a>\n    <\/div>[\/vc_column][\/vc_row][vc_row][vc_column width=\u00a0\u00bb1\/3&Prime;]\n<h2 class=\"akt-heading akt-heading--block akt-heading--h2 akt-heading--align-left\">\n            <span class=\"akt-heading__part akt-heading__part--light\">Les solutions compl\u00e8tes<\/span>\n                <span class=\"akt-heading__part akt-heading__part--bold\">de Hoenle-Eleco<\/span>\n    <\/h2>[vc_empty_space height=\u00a0\u00bb15px\u00a0\u00bb][\/vc_column][vc_column width=\u00a0\u00bb2\/3&Prime;][vc_row_inner][vc_column_inner width=\u00a0\u00bb1\/3&Prime;]\n<div id=\"akt-image-text-4289\" class=\"akt-image-text-single akt-image-text-single--aspect-landscape akt-image-text-single--align-center akt-image-text-single--clickable akt-image-text-single--has-overlay akt-image-text-single--animate-fade-in\">\n    \n                        <a href=\"https:\/\/www.hoenle-eleco.com\/fr\/products-solutions\/categories-produits\/colles-industrielles\/vitralit\/\" \n               class=\"akt-image-text-single__image-link\"\n                                             title=\"Vitralit\u00ae\"               aria-label=\"Colles UV Vitralit\u00ae\">\n                \n        <div class=\"akt-image-text-single__image-container\">\n            <img decoding=\"async\" src=\"https:\/\/www.hoenle-eleco.com\/wp-content\/uploads\/Cell-Contact-Systems.jpg\" \n                 srcset=\"https:\/\/www.hoenle-eleco.com\/wp-content\/uploads\/Cell-Contact-Systems.jpg 400w, https:\/\/www.hoenle-eleco.com\/wp-content\/uploads\/Cell-Contact-Systems-300x225.jpg 300w\"                 sizes=\"(max-width: 768px) 100vw, (max-width: 1024px) 50vw, 33vw\"\n                 alt=\"Cell contacting systems for e-mobility\" \n                 class=\"akt-image-text-single__image\" \n                 loading=\"lazy\" \/>\n        <\/div>\n        \n                    <\/a>\n            \n            <div class=\"akt-image-text-single__text-container\">\n                            <a href=\"https:\/\/www.hoenle-eleco.com\/fr\/products-solutions\/categories-produits\/colles-industrielles\/vitralit\/\" \n                   class=\"akt-image-text-single__text-link\"\n                                                         title=\"Vitralit\u00ae\"                   aria-label=\"Colles UV Vitralit\u00ae\">\n                        \n            <h3 class=\"akt-image-text-single__text\">Colles UV Vitralit\u00ae<\/h3>\n            \n                            <\/a>\n                    <\/div>\n    \n<\/div>[\/vc_column_inner][vc_column_inner width=\u00a0\u00bb1\/3&Prime;]\n<div id=\"akt-image-text-2881\" class=\"akt-image-text-single akt-image-text-single--aspect-landscape akt-image-text-single--align-center akt-image-text-single--clickable akt-image-text-single--has-overlay akt-image-text-single--animate-fade-in\">\n    \n                        <a href=\"https:\/\/www.hoenle-eleco.com\/fr\/products-solutions\/categories-produits\/doseurs\/\" \n               class=\"akt-image-text-single__image-link\"\n                                             title=\"Bonding &amp; Potting\"               aria-label=\"Dosage\">\n                \n        <div class=\"akt-image-text-single__image-container\">\n            <img decoding=\"async\" src=\"https:\/\/www.hoenle-eleco.com\/wp-content\/uploads\/Dosage.jpg\" \n                 srcset=\"https:\/\/www.hoenle-eleco.com\/wp-content\/uploads\/Dosage.jpg 400w, https:\/\/www.hoenle-eleco.com\/wp-content\/uploads\/Dosage-300x196.jpg 300w\"                 sizes=\"(max-width: 768px) 100vw, (max-width: 1024px) 50vw, 33vw\"\n                 alt=\"Dosage\" \n                 class=\"akt-image-text-single__image\" \n                 loading=\"lazy\" \/>\n        <\/div>\n        \n                    <\/a>\n            \n            <div class=\"akt-image-text-single__text-container\">\n                            <a href=\"https:\/\/www.hoenle-eleco.com\/fr\/products-solutions\/categories-produits\/doseurs\/\" \n                   class=\"akt-image-text-single__text-link\"\n                                                         title=\"Bonding &amp; Potting\"                   aria-label=\"Dosage\">\n                        \n            <h3 class=\"akt-image-text-single__text\">Dosage<\/h3>\n            \n                            <\/a>\n                    <\/div>\n    \n<\/div>[\/vc_column_inner][vc_column_inner width=\u00a0\u00bb1\/3&Prime;]\n<div id=\"akt-image-text-1978\" class=\"akt-image-text-single akt-image-text-single--aspect-landscape akt-image-text-single--align-center akt-image-text-single--clickable akt-image-text-single--has-overlay akt-image-text-single--animate-fade-in\">\n    \n                        <a href=\"https:\/\/www.hoenle-eleco.com\/fr\/products-solutions\/categories-produits\/equipements-dinsolation-uv\/\" \n               class=\"akt-image-text-single__image-link\"\n                                             title=\"Bonding &amp; Potting\"               aria-label=\"\u00c9quipements d&#039;insolation\">\n                \n        <div class=\"akt-image-text-single__image-container\">\n            <img decoding=\"async\" src=\"https:\/\/www.hoenle-eleco.com\/wp-content\/uploads\/Connector-Bonding.jpg\" \n                 srcset=\"https:\/\/www.hoenle-eleco.com\/wp-content\/uploads\/Connector-Bonding.jpg 400w, https:\/\/www.hoenle-eleco.com\/wp-content\/uploads\/Connector-Bonding-300x225.jpg 300w\"                 sizes=\"(max-width: 768px) 100vw, (max-width: 1024px) 50vw, 33vw\"\n                 alt=\"Connector Bonding\" \n                 class=\"akt-image-text-single__image\" \n                 loading=\"lazy\" \/>\n        <\/div>\n        \n                    <\/a>\n            \n            <div class=\"akt-image-text-single__text-container\">\n                            <a href=\"https:\/\/www.hoenle-eleco.com\/fr\/products-solutions\/categories-produits\/equipements-dinsolation-uv\/\" \n                   class=\"akt-image-text-single__text-link\"\n                                                         title=\"Bonding &amp; Potting\"                   aria-label=\"\u00c9quipements d&#039;insolation\">\n                        \n            <h3 class=\"akt-image-text-single__text\">\u00c9quipements d&#039;insolation<\/h3>\n            \n                            <\/a>\n                    <\/div>\n    \n<\/div>[\/vc_column_inner][\/vc_row_inner][\/vc_column][\/vc_row][\/vc_section]<\/p>\n<\/div>","protected":false},"excerpt":{"rendered":"<p>[vc_section css=\u00a0\u00bb.vc_custom_1752143461288{background-color: #F2F4F6 !important;}\u00a0\u00bb][vc_row][vc_column width=\u00a0\u00bb1\/2&Prime;][\/vc_column][vc_column width=\u00a0\u00bb1\/2&Prime;][vc_column_text css=\u00a0\u00bb\u00a0\u00bb]Hoenle propose une gamme compl\u00e8te de lampes UV traditionnelles id\u00e9ales pour le polym\u00e9risation des [&hellip;]<\/p>\n","protected":false},"author":9,"featured_media":0,"parent":6021,"menu_order":0,"comment_status":"closed","ping_status":"closed","template":"","meta":{"site-sidebar-layout":"no-sidebar","site-content-layout":"plain-container","ast-site-content-layout":"default","site-content-style":"default","site-sidebar-style":"default","ast-global-header-display":"","ast-banner-title-visibility":"","ast-main-header-display":"","ast-hfb-above-header-display":"","ast-hfb-below-header-display":"","ast-hfb-mobile-header-display":"","site-post-title":"disabled","ast-breadcrumbs-content":"","ast-featured-img":"disabled","footer-sml-layout":"","theme-transparent-header-meta":"default","adv-header-id-meta":"","stick-header-meta":"","header-above-stick-meta":"","header-main-stick-meta":"","header-below-stick-meta":"","astra-migrate-meta-layouts":"set","ast-page-background-enabled":"default","ast-page-background-meta":{"desktop":{"background-color":"var(--ast-global-color-5)","background-image":"","background-repeat":"repeat","background-position":"center center","background-size":"auto","background-attachment":"scroll","background-type":"","background-media":"","overlay-type":"","overlay-color":"","overlay-opacity":"","overlay-gradient":""},"tablet":{"background-color":"","background-image":"","background-repeat":"repeat","background-position":"center center","background-size":"auto","background-attachment":"scroll","background-type":"","background-media":"","overlay-type":"","overlay-color":"","overlay-opacity":"","overlay-gradient":""},"mobile":{"background-color":"","background-image":"","background-repeat":"repeat","background-position":"center center","background-size":"auto","background-attachment":"scroll","background-type":"","background-media":"","overlay-type":"","overlay-color":"","overlay-opacity":"","overlay-gradient":""}},"ast-content-background-meta":{"desktop":{"background-color":"var(--ast-global-color-4)","background-image":"","background-repeat":"repeat","background-position":"center center","background-size":"auto","background-attachment":"scroll","background-type":"","background-media":"","overlay-type":"","overlay-color":"","overlay-opacity":"","overlay-gradient":""},"tablet":{"background-color":"var(--ast-global-color-4)","background-image":"","background-repeat":"repeat","background-position":"center center","background-size":"auto","background-attachment":"scroll","background-type":"","background-media":"","overlay-type":"","overlay-color":"","overlay-opacity":"","overlay-gradient":""},"mobile":{"background-color":"var(--ast-global-color-4)","background-image":"","background-repeat":"repeat","background-position":"center center","background-size":"auto","background-attachment":"scroll","background-type":"","background-media":"","overlay-type":"","overlay-color":"","overlay-opacity":"","overlay-gradient":""}},"footnotes":""},"class_list":["post-6016","page","type-page","status-publish","hentry"],"_links":{"self":[{"href":"https:\/\/www.hoenle-eleco.com\/fr\/wp-json\/wp\/v2\/pages\/6016","targetHints":{"allow":["GET"]}}],"collection":[{"href":"https:\/\/www.hoenle-eleco.com\/fr\/wp-json\/wp\/v2\/pages"}],"about":[{"href":"https:\/\/www.hoenle-eleco.com\/fr\/wp-json\/wp\/v2\/types\/page"}],"author":[{"embeddable":true,"href":"https:\/\/www.hoenle-eleco.com\/fr\/wp-json\/wp\/v2\/users\/9"}],"replies":[{"embeddable":true,"href":"https:\/\/www.hoenle-eleco.com\/fr\/wp-json\/wp\/v2\/comments?post=6016"}],"version-history":[{"count":6,"href":"https:\/\/www.hoenle-eleco.com\/fr\/wp-json\/wp\/v2\/pages\/6016\/revisions"}],"predecessor-version":[{"id":9389,"href":"https:\/\/www.hoenle-eleco.com\/fr\/wp-json\/wp\/v2\/pages\/6016\/revisions\/9389"}],"up":[{"embeddable":true,"href":"https:\/\/www.hoenle-eleco.com\/fr\/wp-json\/wp\/v2\/pages\/6021"}],"wp:attachment":[{"href":"https:\/\/www.hoenle-eleco.com\/fr\/wp-json\/wp\/v2\/media?parent=6016"}],"curies":[{"name":"wp","href":"https:\/\/api.w.org\/{rel}","templated":true}]}}