{"id":5900,"date":"2025-09-07T17:18:44","date_gmt":"2025-09-07T15:18:44","guid":{"rendered":"https:\/\/www.hoenle-eleco.com\/?page_id=5900"},"modified":"2025-11-13T08:58:26","modified_gmt":"2025-11-13T07:58:26","slug":"pistolet-pneumatique-ts510-a-verin","status":"publish","type":"page","link":"https:\/\/www.hoenle-eleco.com\/fr\/produits-solutions\/categories-produits\/doseurs\/pistolets-de-depose\/pistolet-pneumatique-ts510-a-verin\/","title":{"rendered":"Pistolet pneumatique TS510 \u00e0 v\u00e9rin"},"content":{"rendered":"<div class=\"wpb-content-wrapper\"><p>[vc_section][vc_row][vc_column width=\u00a0\u00bb1\/2&Prime;]\n<h1 class=\"akt-heading akt-heading--inline akt-heading--h1 akt-heading--align-left\">\n                <span class=\"akt-heading__part akt-heading__part--bold\">Pistolet pneumatique TS510 \u00e0 v\u00e9rin<\/span>\n    <\/h1>[\/vc_column][vc_column width=\u00a0\u00bb1\/2&Prime;][vc_column_text css=\u00a0\u00bb\u00a0\u00bb]Le pistolet\u00a0pneumatique\u00a0TS510\u00a0est un pistolet\u00a0<strong>pneumatique haute pression<\/strong>\u00a0con\u00e7u pour\u00a0<strong>les cartouches de 310 ml type Europe.<br \/>\n<\/strong>La pression d\u2019air est appliqu\u00e9e sur un v\u00e9rin qui pousse m\u00e9caniquement le piston de la cartouche.[\/vc_column_text]\n<div class=\"akt-button-wrapper akt-button-wrapper--align-left\">\n            <a href=\"\/fr\/contact\" \n           class=\"akt-button akt-button--medium akt-button--primary\" aria-label=\"Demander une consultation\"                      >\n            <span class=\"akt-button__text\">Demander une consultation<\/span>\n        <\/a>\n    <\/div>[\/vc_column][\/vc_row][\/vc_section][vc_section css=\u00a0\u00bb.vc_custom_1757147959414{background-color: #FFFFFF !important;}\u00a0\u00bb][vc_row][vc_column width=\u00a0\u00bb2\/3&Prime;][vc_column_text css=\u00a0\u00bb\u00a0\u00bb]Le fourreau en aluminium anodis\u00e9 et le capuchon en nylon assurent une pression de distribution s\u00fbre allant jusqu\u2019\u00e0 6,8 bars (100 psi).<br \/>\nSon capuchon \u00e0 visser permet une utilisation facile et assure une protection totale pour l\u2019op\u00e9rateur.<\/p>\n<p>Il permet d\u2019appliquer une quantit\u00e9 d\u2019adh\u00e9sif avec pr\u00e9cision, sans effort et avec un minimum de pertes. Il est utilis\u00e9 pour des produits tels que les colles polyur\u00e9thanes, les silicones.<\/p>\n<p><u><strong>Fonctions et b\u00e9n\u00e9fices<\/strong><\/u>\u00a0:<\/p>\n<ul>\n<li>Pour les cartouches de 310 ml.<\/li>\n<li>R\u00e9gulateur incorpor\u00e9.<\/li>\n<li>Contr\u00f4le de l\u2019\u00e9coulement du produit par le r\u00e9gulateur de pression.<\/li>\n<li>Changement facile du d\u00e9bit par la g\u00e2chette.<\/li>\n<li>Arr\u00eat net de l\u2019\u00e9coulement du produit par la d\u00e9tente de la g\u00e2chette.<\/li>\n<li>Chargement facile de la cartouche par l\u2019avant.<\/li>\n<li>Robuste.<\/li>\n<li>Compact, l\u00e9ger.<\/li>\n<\/ul>\n<p>[\/vc_column_text][\/vc_column][vc_column width=\u00a0\u00bb1\/3&Prime;][vc_single_image image=\u00a0\u00bb5901&Prime; img_size=\u00a0\u00bbfull\u00a0\u00bb css=\u00a0\u00bb\u00a0\u00bb][\/vc_column][\/vc_row][\/vc_section]<\/p>\n<\/div>","protected":false},"excerpt":{"rendered":"<p>[vc_section][vc_row][vc_column width=\u00a0\u00bb1\/2&Prime;][\/vc_column][vc_column width=\u00a0\u00bb1\/2&Prime;][vc_column_text css=\u00a0\u00bb\u00a0\u00bb]Le pistolet\u00a0pneumatique\u00a0TS510\u00a0est un pistolet\u00a0pneumatique haute pression\u00a0con\u00e7u pour\u00a0les cartouches de 310 ml type Europe. La pression d\u2019air est [&hellip;]<\/p>\n","protected":false},"author":1,"featured_media":0,"parent":5870,"menu_order":7,"comment_status":"closed","ping_status":"closed","template":"","meta":{"site-sidebar-layout":"no-sidebar","site-content-layout":"plain-container","ast-site-content-layout":"default","site-content-style":"default","site-sidebar-style":"default","ast-global-header-display":"","ast-banner-title-visibility":"","ast-main-header-display":"","ast-hfb-above-header-display":"","ast-hfb-below-header-display":"","ast-hfb-mobile-header-display":"","site-post-title":"disabled","ast-breadcrumbs-content":"","ast-featured-img":"disabled","footer-sml-layout":"","theme-transparent-header-meta":"default","adv-header-id-meta":"","stick-header-meta":"","header-above-stick-meta":"","header-main-stick-meta":"","header-below-stick-meta":"","astra-migrate-meta-layouts":"set","ast-page-background-enabled":"default","ast-page-background-meta":{"desktop":{"background-color":"var(--ast-global-color-5)","background-image":"","background-repeat":"repeat","background-position":"center center","background-size":"auto","background-attachment":"scroll","background-type":"","background-media":"","overlay-type":"","overlay-color":"","overlay-opacity":"","overlay-gradient":""},"tablet":{"background-color":"","background-image":"","background-repeat":"repeat","background-position":"center center","background-size":"auto","background-attachment":"scroll","background-type":"","background-media":"","overlay-type":"","overlay-color":"","overlay-opacity":"","overlay-gradient":""},"mobile":{"background-color":"","background-image":"","background-repeat":"repeat","background-position":"center center","background-size":"auto","background-attachment":"scroll","background-type":"","background-media":"","overlay-type":"","overlay-color":"","overlay-opacity":"","overlay-gradient":""}},"ast-content-background-meta":{"desktop":{"background-color":"var(--ast-global-color-4)","background-image":"","background-repeat":"repeat","background-position":"center center","background-size":"auto","background-attachment":"scroll","background-type":"","background-media":"","overlay-type":"","overlay-color":"","overlay-opacity":"","overlay-gradient":""},"tablet":{"background-color":"var(--ast-global-color-4)","background-image":"","background-repeat":"repeat","background-position":"center center","background-size":"auto","background-attachment":"scroll","background-type":"","background-media":"","overlay-type":"","overlay-color":"","overlay-opacity":"","overlay-gradient":""},"mobile":{"background-color":"var(--ast-global-color-4)","background-image":"","background-repeat":"repeat","background-position":"center center","background-size":"auto","background-attachment":"scroll","background-type":"","background-media":"","overlay-type":"","overlay-color":"","overlay-opacity":"","overlay-gradient":""}},"footnotes":""},"class_list":["post-5900","page","type-page","status-publish","hentry"],"_links":{"self":[{"href":"https:\/\/www.hoenle-eleco.com\/fr\/wp-json\/wp\/v2\/pages\/5900","targetHints":{"allow":["GET"]}}],"collection":[{"href":"https:\/\/www.hoenle-eleco.com\/fr\/wp-json\/wp\/v2\/pages"}],"about":[{"href":"https:\/\/www.hoenle-eleco.com\/fr\/wp-json\/wp\/v2\/types\/page"}],"author":[{"embeddable":true,"href":"https:\/\/www.hoenle-eleco.com\/fr\/wp-json\/wp\/v2\/users\/1"}],"replies":[{"embeddable":true,"href":"https:\/\/www.hoenle-eleco.com\/fr\/wp-json\/wp\/v2\/comments?post=5900"}],"version-history":[{"count":2,"href":"https:\/\/www.hoenle-eleco.com\/fr\/wp-json\/wp\/v2\/pages\/5900\/revisions"}],"predecessor-version":[{"id":9510,"href":"https:\/\/www.hoenle-eleco.com\/fr\/wp-json\/wp\/v2\/pages\/5900\/revisions\/9510"}],"up":[{"embeddable":true,"href":"https:\/\/www.hoenle-eleco.com\/fr\/wp-json\/wp\/v2\/pages\/5870"}],"wp:attachment":[{"href":"https:\/\/www.hoenle-eleco.com\/fr\/wp-json\/wp\/v2\/media?parent=5900"}],"curies":[{"name":"wp","href":"https:\/\/api.w.org\/{rel}","templated":true}]}}