{"id":5870,"date":"2025-09-06T14:45:19","date_gmt":"2025-09-06T12:45:19","guid":{"rendered":"https:\/\/www.hoenle-eleco.com\/?page_id=5870"},"modified":"2026-02-13T14:13:59","modified_gmt":"2026-02-13T13:13:59","slug":"pistolets-de-depose","status":"publish","type":"page","link":"https:\/\/www.hoenle-eleco.com\/fr\/produits-solutions\/categories-produits\/doseurs\/pistolets-de-depose\/","title":{"rendered":"Pistolets de d\u00e9pose"},"content":{"rendered":"<div class=\"wpb-content-wrapper\"><p>[vc_section][vc_row][vc_column width=\u00a0\u00bb1\/2&Prime;]\n<h2 class=\"akt-heading akt-heading--inline akt-heading--h2 akt-heading--align-left\">\n                <span class=\"akt-heading__part akt-heading__part--bold\">PISTOLETS DE D\u00c9POSE<\/span>\n    <\/h2>[\/vc_column][vc_column width=\u00a0\u00bb1\/2&Prime;][vc_row_inner][vc_column_inner][vc_column_text css=\u00a0\u00bb\u00a0\u00bb]Gr\u00e2ce \u00e0 leur syst\u00e8me de compression m\u00e9canique \u00e0 cr\u00e9maill\u00e8re, les pistolets manuels facilitent la d\u00e9pose de produits mono ou bi composants (ratios 1 pour 1, 1 pour 2 et 1 pour 10). Leur construction robuste permet une utilisation intensive en milieu industriel.[\/vc_column_text][\/vc_column_inner][\/vc_row_inner][\/vc_column][\/vc_row][\/vc_section][vc_section css=\u00a0\u00bb.vc_custom_1770825692433{background-color: #FFFFFF !important;}\u00a0\u00bb][vc_row][vc_column][vc_column_text css=\u00a0\u00bb\u00a0\u00bb]<\/p>\n<h2>PISTOLETS MANUELS<\/h2>\n<p>[\/vc_column_text][\/vc_column][\/vc_row][vc_row][vc_column][vc_row_inner][vc_column_inner width=\u00a0\u00bb1\/3&Prime;][vc_single_image image=\u00a0\u00bb7031&Prime; img_size=\u00a0\u00bbfull\u00a0\u00bb css=\u00a0\u00bb\u00a0\u00bb][vc_column_text css=\u00a0\u00bb\u00a0\u00bb]<a href=\"https:\/\/www.hoenle-eleco.com\/fr\/products-solutions\/categories-produits\/pistolets-de-depose\/pistolet-lecamatic-70m\/\">LECAMATIC 70M<\/a><br \/>\npour cartouche 5190CP[\/vc_column_text][\/vc_column_inner][vc_column_inner width=\u00a0\u00bb1\/3&Prime;][vc_single_image image=\u00a0\u00bb7033&Prime; img_size=\u00a0\u00bbfull\u00a0\u00bb css=\u00a0\u00bb\u00a0\u00bb][vc_column_text css=\u00a0\u00bb\u00a0\u00bb]<a href=\"https:\/\/www.hoenle-eleco.com\/fr\/products-solutions\/categories-produits\/pistolets-de-depose\/pistolet-lecamatic-180m\/\">LECAMATIC 180M<\/a><br \/>\npour cartouche 5192CP<\/p>\n<p><a href=\"https:\/\/www.hoenle-eleco.com\/fr\/products-solutions\/categories-produits\/pistolets-de-depose\/pistolet-lecamatic-50-m\/\">LECAMATIC 50M<\/a><br \/>\npour seringue 2X25 ml[\/vc_column_text][\/vc_column_inner][vc_column_inner width=\u00a0\u00bb1\/3&Prime;][vc_single_image image=\u00a0\u00bb7036&Prime; img_size=\u00a0\u00bbfull\u00a0\u00bb css=\u00a0\u00bb\u00a0\u00bb][vc_column_text css=\u00a0\u00bb\u00a0\u00bb]<a href=\"https:\/\/www.hoenle-eleco.com\/fr\/products-solutions\/categories-produits\/pistolets-de-depose\/pistolets-lecamatic-sg-m\/\">LECAMATIC 5SG\/M<\/a><br \/>\n<a href=\"https:\/\/www.hoenle-eleco.com\/fr\/products-solutions\/categories-produits\/pistolets-de-depose\/pistolets-lecamatic-sg-m\/\">LECAMATIC 10SG\/M<\/a><br \/>\n<a href=\"https:\/\/www.hoenle-eleco.com\/fr\/products-solutions\/categories-produits\/pistolets-de-depose\/pistolets-lecamatic-sg-m\/\">LECAMATIC 30SG\/M<br \/>\nLECAMATIC 55SG\/M<\/a><br \/>\npour seringues 5, 10, 30 et 50 cc[\/vc_column_text][\/vc_column_inner][\/vc_row_inner][vc_empty_space][vc_row_inner][vc_column_inner width=\u00a0\u00bb1\/3&Prime;][vc_single_image image=\u00a0\u00bb7038&Prime; img_size=\u00a0\u00bbfull\u00a0\u00bb css=\u00a0\u00bb\u00a0\u00bb][vc_column_text css=\u00a0\u00bb\u00a0\u00bb]<a href=\"https:\/\/www.hoenle-eleco.com\/fr\/products-solutions\/categories-produits\/pistolets-de-depose\/pistolet-lecamatic-50-gti-m\/\">LECAMATIC 50GTI\/M<\/a><br \/>\npour seringue 2X25 ml GTI[\/vc_column_text][\/vc_column_inner][vc_column_inner width=\u00a0\u00bb1\/3&Prime;][vc_single_image image=\u00a0\u00bb7040&Prime; img_size=\u00a0\u00bbfull\u00a0\u00bb css=\u00a0\u00bb\u00a0\u00bb][vc_column_text css=\u00a0\u00bb\u00a0\u00bb]<a href=\"https:\/\/www.hoenle-eleco.com\/fr\/products-solutions\/categories-produits\/pistolets-de-depose\/pistolets-lecamatic-200-m\/\">LECAMATIC 200M<\/a><br \/>\npour cartouche 2X100 ml<\/p>\n<p><a href=\"https:\/\/www.hoenle-eleco.com\/fr\/products-solutions\/categories-produits\/pistolets-de-depose\/pistolets-lecamatic-400m\/\">LECAMATIC 400M<\/a><br \/>\npour cartouche 2X200 ml Multi Ratio[\/vc_column_text][\/vc_column_inner][vc_column_inner width=\u00a0\u00bb1\/3&Prime;][\/vc_column_inner][\/vc_row_inner][\/vc_column][\/vc_row][vc_row][vc_column][vc_empty_space][vc_empty_space][vc_row_inner][vc_column_inner][vc_column_text css=\u00a0\u00bb\u00a0\u00bb]<\/p>\n<h2>PISTOLETS PNEUMATIQUES<\/h2>\n<p>[\/vc_column_text][vc_column_text css=\u00a0\u00bb\u00a0\u00bb]Gr\u00e2ce \u00e0 leur syst\u00e8me de compression pneumatique, les pistolets pneumatiques facilitent la d\u00e9pose de produits mono ou bi composants (ratios 1 pour 1, 1 pour 2 et 1 pour 10). Leur construction robuste permet une utilisation intensive en milieu industriel.[\/vc_column_text][\/vc_column_inner][\/vc_row_inner][vc_row_inner][vc_column_inner width=\u00a0\u00bb1\/3&Prime;][vc_single_image image=\u00a0\u00bb7043&Prime; img_size=\u00a0\u00bbfull\u00a0\u00bb css=\u00a0\u00bb\u00a0\u00bb][vc_column_text css=\u00a0\u00bb\u00a0\u00bb]<a href=\"https:\/\/www.hoenle-eleco.com\/fr\/products-solutions\/categories-produits\/pistolets-de-depose\/pistolet-pneumatique-ts510-a-verin\/\">LECAMATIC TS510<\/a><br \/>\n\u00e0 v\u00e9rin pneumatique pour cartouche 310 ml[\/vc_column_text][\/vc_column_inner][vc_column_inner width=\u00a0\u00bb1\/3&Prime;][vc_single_image image=\u00a0\u00bb7045&Prime; img_size=\u00a0\u00bbfull\u00a0\u00bb css=\u00a0\u00bb\u00a0\u00bb][vc_column_text css=\u00a0\u00bb\u00a0\u00bb]<a href=\"https:\/\/www.hoenle-eleco.com\/fr\/products-solutions\/categories-produits\/pistolets-de-depose\/pistolet-lecamatic-50-gti-p\/\">LECAMATIC 50P\u00a0<\/a><br \/>\npour seringue 2X25 ml[\/vc_column_text][\/vc_column_inner][vc_column_inner width=\u00a0\u00bb1\/3&Prime;][vc_single_image image=\u00a0\u00bb7047&Prime; img_size=\u00a0\u00bbfull\u00a0\u00bb css=\u00a0\u00bb\u00a0\u00bb][vc_column_text css=\u00a0\u00bb\u00a0\u00bb]<a href=\"https:\/\/www.hoenle-eleco.com\/fr\/products-solutions\/categories-produits\/pistolets-de-depose\/pistolet-pneumatique-ts-500\/\">LECAMATIC TS500<\/a><br \/>\npour cartouche 310 m<\/p>\n<p>LECAMATIC TS600<br \/>\npour poche de 600 ml<\/p>\n<p>LECAMATIC TS300<br \/>\npour poche de 300ml[\/vc_column_text][\/vc_column_inner][\/vc_row_inner][vc_row_inner][vc_column_inner width=\u00a0\u00bb1\/3&Prime;][vc_single_image image=\u00a0\u00bb7049&Prime; img_size=\u00a0\u00bbfull\u00a0\u00bb css=\u00a0\u00bb\u00a0\u00bb][vc_column_text css=\u00a0\u00bb\u00a0\u00bb]<a href=\"https:\/\/www.hoenle-eleco.com\/fr\/products-solutions\/categories-produits\/pistolets-de-depose\/pistolets-lecamatic-200-p\/\">LECAMATIC 200P<\/a><\/p>\n<p><a href=\"https:\/\/www.hoenle-eleco.com\/fr\/products-solutions\/categories-produits\/pistolets-de-depose\/pistolets-lecamatic-400p\/\">LECAMATIC 400P<\/a><\/p>\n<p>Multi Ratio[\/vc_column_text][\/vc_column_inner][vc_column_inner width=\u00a0\u00bb1\/3&Prime;][\/vc_column_inner][vc_column_inner width=\u00a0\u00bb1\/3&Prime;][\/vc_column_inner][\/vc_row_inner][\/vc_column][\/vc_row][\/vc_section][vc_section css=\u00a0\u00bb.vc_custom_1758483041975{background-color: #F2F4F6 !important;}\u00a0\u00bb][vc_row][vc_column width=\u00a0\u00bb1\/3&Prime;]\n<h2 class=\"akt-heading akt-heading--block akt-heading--h2 akt-heading--align-left\">\n            <span class=\"akt-heading__part akt-heading__part--light\">Les solutions compl\u00e8tes<\/span>\n                <span class=\"akt-heading__part akt-heading__part--bold\">de Hoenle-Eleco<\/span>\n    <\/h2>[vc_empty_space height=\u00a0\u00bb15px\u00a0\u00bb][\/vc_column][vc_column width=\u00a0\u00bb2\/3&Prime;][vc_row_inner][vc_column_inner width=\u00a0\u00bb1\/2&Prime;]\n<div id=\"akt-image-text-9291\" class=\"akt-image-text-single akt-image-text-single--aspect-landscape akt-image-text-single--align-center akt-image-text-single--clickable akt-image-text-single--has-overlay akt-image-text-single--animate-fade-in\">\n    \n                        <a href=\"https:\/\/www.hoenle-eleco.com\/fr\/produits-solutions\/categories-produits\/colles-industrielles\/penloc\/\" \n               class=\"akt-image-text-single__image-link\"\n                                             title=\"Penloc\u00ae\"               aria-label=\"Colles Penloc\u00ae\">\n                \n        <div class=\"akt-image-text-single__image-container\">\n            <img decoding=\"async\" src=\"https:\/\/www.hoenle-eleco.com\/wp-content\/uploads\/colle-methacrylate-penloc-gtr-vt.jpeg\" \n                 srcset=\"https:\/\/www.hoenle-eleco.com\/wp-content\/uploads\/colle-methacrylate-penloc-gtr-vt.jpeg 500w, https:\/\/www.hoenle-eleco.com\/wp-content\/uploads\/colle-methacrylate-penloc-gtr-vt-300x199.jpeg 300w\"                 sizes=\"(max-width: 768px) 100vw, (max-width: 1024px) 50vw, 33vw\"\n                 alt=\"Colles Penloc\u00ae\" \n                 class=\"akt-image-text-single__image\" \n                 loading=\"lazy\" \/>\n        <\/div>\n        \n                    <\/a>\n            \n            <div class=\"akt-image-text-single__text-container\">\n                            <a href=\"https:\/\/www.hoenle-eleco.com\/fr\/produits-solutions\/categories-produits\/colles-industrielles\/penloc\/\" \n                   class=\"akt-image-text-single__text-link\"\n                                                         title=\"Penloc\u00ae\"                   aria-label=\"Colles Penloc\u00ae\">\n                        \n            <h3 class=\"akt-image-text-single__text\">Colles Penloc\u00ae<\/h3>\n            \n                            <\/a>\n                    <\/div>\n    \n<\/div>[\/vc_column_inner][vc_column_inner width=\u00a0\u00bb1\/2&Prime;]\n<div id=\"akt-image-text-8972\" class=\"akt-image-text-single akt-image-text-single--aspect-landscape akt-image-text-single--align-center akt-image-text-single--clickable akt-image-text-single--has-overlay akt-image-text-single--animate-fade-in\">\n    \n                        <a href=\"https:\/\/www.hoenle-eleco.com\/fr\/produits-solutions\/categories-produits\/doseurs\/pistolets-de-depose\/\" \n               class=\"akt-image-text-single__image-link\"\n                                             title=\"Dosage\"               aria-label=\"Dosage\">\n                \n        <div class=\"akt-image-text-single__image-container\">\n            <img decoding=\"async\" src=\"https:\/\/www.hoenle-eleco.com\/wp-content\/uploads\/penlocpistolerot-002-@2x.jpeg\" \n                 srcset=\"https:\/\/www.hoenle-eleco.com\/wp-content\/uploads\/penlocpistolerot-002-@2x.jpeg 544w, https:\/\/www.hoenle-eleco.com\/wp-content\/uploads\/penlocpistolerot-002-@2x-300x254.jpeg 300w\"                 sizes=\"(max-width: 768px) 100vw, (max-width: 1024px) 50vw, 33vw\"\n                 alt=\"Dosage\" \n                 class=\"akt-image-text-single__image\" \n                 loading=\"lazy\" \/>\n        <\/div>\n        \n                    <\/a>\n            \n            <div class=\"akt-image-text-single__text-container\">\n                            <a href=\"https:\/\/www.hoenle-eleco.com\/fr\/produits-solutions\/categories-produits\/doseurs\/pistolets-de-depose\/\" \n                   class=\"akt-image-text-single__text-link\"\n                                                         title=\"Dosage\"                   aria-label=\"Dosage\">\n                        \n            <h3 class=\"akt-image-text-single__text\">Dosage<\/h3>\n            \n                            <\/a>\n                    <\/div>\n    \n<\/div>[\/vc_column_inner][\/vc_row_inner][\/vc_column][\/vc_row][\/vc_section][vc_section css=\u00a0\u00bb.vc_custom_1770987967553{background-color: #FFFFFF !important;}\u00a0\u00bb][vc_row][vc_column width=\u00a0\u00bb1\/3&Prime;]\n<h2 class=\"akt-heading akt-heading--block akt-heading--h2 akt-heading--align-left\">\n            <span class=\"akt-heading__part akt-heading__part--light\">Contact<\/span>\n                <span class=\"akt-heading__part akt-heading__part--bold\">et assistance<\/span>\n    <\/h2>[vc_empty_space height=\u00a0\u00bb15px\u00a0\u00bb][\/vc_column][vc_column width=\u00a0\u00bb2\/3&Prime;][vc_column_text css=\u00a0\u00bb\u00a0\u00bb]Vous avez des questions ou besoin d&rsquo;aide concernant nos solutions de dosage ? Nous sommes l\u00e0 pour vous aider.<\/p>\n<p>Contactez-nous par e-mail \u00e0\u00a0<a href=\"mailto:eleco@hoenle-eleco.com\">eleco@hoenle-eleco.com<\/a>\u00a0ou par t\u00e9l\u00e9phone: +33 (0)1 47 92 41 80.[\/vc_column_text][vc_empty_space height=\u00a0\u00bb15px\u00a0\u00bb]\n<div class=\"akt-button-wrapper akt-button-wrapper--align-left\">\n            <a href=\"\/contact\" \n           class=\"akt-button akt-button--medium akt-button--primary\" aria-label=\"Contactez-nous\"                      >\n            <span class=\"akt-button__text\">Contactez-nous<\/span>\n        <\/a>\n    <\/div>[\/vc_column][\/vc_row][\/vc_section]<\/p>\n<\/div>","protected":false},"excerpt":{"rendered":"<p>[vc_section][vc_row][vc_column width=\u00a0\u00bb1\/2&Prime;][\/vc_column][vc_column width=\u00a0\u00bb1\/2&Prime;][vc_row_inner][vc_column_inner][vc_column_text css=\u00a0\u00bb\u00a0\u00bb]Gr\u00e2ce \u00e0 leur syst\u00e8me de compression m\u00e9canique \u00e0 cr\u00e9maill\u00e8re, les pistolets manuels facilitent la d\u00e9pose de produits [&hellip;]<\/p>\n","protected":false},"author":1,"featured_media":0,"parent":5797,"menu_order":4,"comment_status":"closed","ping_status":"closed","template":"","meta":{"site-sidebar-layout":"no-sidebar","site-content-layout":"plain-container","ast-site-content-layout":"default","site-content-style":"default","site-sidebar-style":"default","ast-global-header-display":"","ast-banner-title-visibility":"","ast-main-header-display":"","ast-hfb-above-header-display":"","ast-hfb-below-header-display":"","ast-hfb-mobile-header-display":"","site-post-title":"disabled","ast-breadcrumbs-content":"","ast-featured-img":"disabled","footer-sml-layout":"","theme-transparent-header-meta":"default","adv-header-id-meta":"","stick-header-meta":"","header-above-stick-meta":"","header-main-stick-meta":"","header-below-stick-meta":"","astra-migrate-meta-layouts":"set","ast-page-background-enabled":"default","ast-page-background-meta":{"desktop":{"background-color":"var(--ast-global-color-5)","background-image":"","background-repeat":"repeat","background-position":"center center","background-size":"auto","background-attachment":"scroll","background-type":"","background-media":"","overlay-type":"","overlay-color":"","overlay-opacity":"","overlay-gradient":""},"tablet":{"background-color":"","background-image":"","background-repeat":"repeat","background-position":"center center","background-size":"auto","background-attachment":"scroll","background-type":"","background-media":"","overlay-type":"","overlay-color":"","overlay-opacity":"","overlay-gradient":""},"mobile":{"background-color":"","background-image":"","background-repeat":"repeat","background-position":"center center","background-size":"auto","background-attachment":"scroll","background-type":"","background-media":"","overlay-type":"","overlay-color":"","overlay-opacity":"","overlay-gradient":""}},"ast-content-background-meta":{"desktop":{"background-color":"var(--ast-global-color-4)","background-image":"","background-repeat":"repeat","background-position":"center center","background-size":"auto","background-attachment":"scroll","background-type":"","background-media":"","overlay-type":"","overlay-color":"","overlay-opacity":"","overlay-gradient":""},"tablet":{"background-color":"var(--ast-global-color-4)","background-image":"","background-repeat":"repeat","background-position":"center center","background-size":"auto","background-attachment":"scroll","background-type":"","background-media":"","overlay-type":"","overlay-color":"","overlay-opacity":"","overlay-gradient":""},"mobile":{"background-color":"var(--ast-global-color-4)","background-image":"","background-repeat":"repeat","background-position":"center center","background-size":"auto","background-attachment":"scroll","background-type":"","background-media":"","overlay-type":"","overlay-color":"","overlay-opacity":"","overlay-gradient":""}},"footnotes":""},"class_list":["post-5870","page","type-page","status-publish","hentry"],"_links":{"self":[{"href":"https:\/\/www.hoenle-eleco.com\/fr\/wp-json\/wp\/v2\/pages\/5870","targetHints":{"allow":["GET"]}}],"collection":[{"href":"https:\/\/www.hoenle-eleco.com\/fr\/wp-json\/wp\/v2\/pages"}],"about":[{"href":"https:\/\/www.hoenle-eleco.com\/fr\/wp-json\/wp\/v2\/types\/page"}],"author":[{"embeddable":true,"href":"https:\/\/www.hoenle-eleco.com\/fr\/wp-json\/wp\/v2\/users\/1"}],"replies":[{"embeddable":true,"href":"https:\/\/www.hoenle-eleco.com\/fr\/wp-json\/wp\/v2\/comments?post=5870"}],"version-history":[{"count":26,"href":"https:\/\/www.hoenle-eleco.com\/fr\/wp-json\/wp\/v2\/pages\/5870\/revisions"}],"predecessor-version":[{"id":10510,"href":"https:\/\/www.hoenle-eleco.com\/fr\/wp-json\/wp\/v2\/pages\/5870\/revisions\/10510"}],"up":[{"embeddable":true,"href":"https:\/\/www.hoenle-eleco.com\/fr\/wp-json\/wp\/v2\/pages\/5797"}],"wp:attachment":[{"href":"https:\/\/www.hoenle-eleco.com\/fr\/wp-json\/wp\/v2\/media?parent=5870"}],"curies":[{"name":"wp","href":"https:\/\/api.w.org\/{rel}","templated":true}]}}