{"id":5797,"date":"2025-09-06T13:32:53","date_gmt":"2025-09-06T11:32:53","guid":{"rendered":"https:\/\/www.hoenle-eleco.com\/?page_id=5797"},"modified":"2026-02-11T16:09:48","modified_gmt":"2026-02-11T15:09:48","slug":"doseurs","status":"publish","type":"page","link":"https:\/\/www.hoenle-eleco.com\/fr\/produits-solutions\/categories-produits\/doseurs\/","title":{"rendered":"Accessoires et Syst\u00e8mes de Dosage"},"content":{"rendered":"<div class=\"wpb-content-wrapper\"><p>[vc_section][vc_row][vc_column width=\u00a0\u00bb1\/2&Prime;]\n<h1 class=\"akt-heading akt-heading--inline akt-heading--h1 akt-heading--align-left\">\n                <span class=\"akt-heading__part akt-heading__part--bold\">Accessoires et Syst\u00e8mes de Dosage<\/span>\n    <\/h1>[\/vc_column][vc_column width=\u00a0\u00bb1\/2&Prime;][vc_column_text css=\u00a0\u00bb\u00a0\u00bb]Hoenle-Eleco, votre expert en solutions de dosage industriel pr\u00e9cises et performantes, offre un large portefeuille de syst\u00e8mes de dosage de. En tant que filiale du groupe H\u00f6nle, nous mettons \u00e0 votre disposition une gamme compl\u00e8te de doseurs, contr\u00f4leurs et accessoires con\u00e7us pour garantir un dosage optimal de fluides \u2014 qu\u2019il s\u2019agisse de colles, huiles, peintures ou p\u00e2tes techniques \u2014 dans les environnements de production les plus exigeants.[\/vc_column_text][\/vc_column][\/vc_row][\/vc_section][vc_section css=\u00a0\u00bb.vc_custom_1758806021305{background-color: #FFFFFF !important;}\u00a0\u00bb][vc_row][vc_column][vc_column_text css=\u00a0\u00bb\u00a0\u00bb]Nos syst\u00e8mes de dosage allient technologie avanc\u00e9e, fiabilit\u00e9 et adaptabilit\u00e9 pour r\u00e9pondre aux besoins sp\u00e9cifiques de votre application, qu\u2019il s\u2019agisse d\u2019un dosage manuel pr\u00e9cis ou d\u2019une int\u00e9gration automatis\u00e9e sur ligne de production. Gr\u00e2ce \u00e0 plus de 40 ans d\u2019exp\u00e9rience, Hoenle-Eleco propose des solutions sur mesure capables d\u2019am\u00e9liorer l\u2019efficacit\u00e9, la r\u00e9p\u00e9tabilit\u00e9 et la productivit\u00e9 de vos processus industriels.<\/p>\n<p>&nbsp;<\/p>\n<p>D\u00e9couvrez ci-dessous nos doseurs et contr\u00f4leurs, valves de dosage, r\u00e9servoirs pressuris\u00e9s et consommables sp\u00e9cialement con\u00e7us pour des r\u00e9sultats de dosage constants et r\u00e9p\u00e9tables \u00e0 chaque cycle.[\/vc_column_text][vc_empty_space]\n<div class=\"akt-grid akt-grid--columns-3 akt-grid--align-center akt-grid--aspect-16_9 akt-grid--hover akt-grid--fit-cover akt-grid--animation-fade_in\" \n     id=\"akt-grid-6a0972959c3a7\"\n     data-columns=\"3\"\n     data-animation=\"fade-in\">\n\n            <style>@media (max-width: 768px) { #akt-grid-6a0972959c3a7 .akt-grid__content { background-color: #ffffff; } }<\/style>\n         \n    \n            <div class=\"akt-grid__container\">\n                                            \n                <div class=\"akt-grid__item\" \n                     data-index=\"0\"\n                     style=\"--animation-delay: 0s\">\n                    \n                                            <a href=\"https:\/\/www.hoenle-eleco.com\/fr\/products-solutions\/categories-produits\/doseur-et-controleur\/\"\n                                                                                 class=\"akt-grid__item-link\">\n                                        \n                                            <div class=\"akt-grid__image akt-grid__image--16_9\">\n                            <img decoding=\"async\" src=\"https:\/\/www.hoenle-eleco.com\/wp-content\/uploads\/Doseur-avec-logo-Hoenle-Eleco.jpg\" \n                                 alt=\"Doseur et contr\u00f4leur\" \n                                 class=\"akt-grid__image-element\"\n                                 loading=\"lazy\"\n                                 width=\"1024\"\n                                 height=\"1024\">\n                        <\/div>\n                                        \n                                            <div class=\"akt-grid__content\">\n                                                            <h3 class=\"akt-grid__title\">Doseur et contr\u00f4leur<\/h3>\n                                                        \n                                                            <p class=\"akt-grid__description\">Nos doseurs et contr\u00f4leurs garantissent des dosages pr\u00e9cis et constants de tous types de fluides : colles, huiles, graisses, peintures, p\u00e2tes \u00e0 souder...<\/p>\n                                                    <\/div>\n                                        \n                                            <\/a>\n                                    <\/div>\n                \n                                            \n                <div class=\"akt-grid__item\" \n                     data-index=\"1\"\n                     style=\"--animation-delay: 0s\">\n                    \n                                            <a href=\"https:\/\/www.hoenle-eleco.com\/fr\/products-solutions\/categories-produits\/valves-de-dosage\/\"\n                                                                                 class=\"akt-grid__item-link\">\n                                        \n                                            <div class=\"akt-grid__image akt-grid__image--16_9\">\n                            <img decoding=\"async\" src=\"https:\/\/www.hoenle-eleco.com\/wp-content\/uploads\/Pink-adhesive-edge-bonding-bead-400.jpg\" \n                                 alt=\"Valves de dosage\" \n                                 class=\"akt-grid__image-element\"\n                                 loading=\"lazy\"\n                                 width=\"400\"\n                                 height=\"269\">\n                        <\/div>\n                                        \n                                            <div class=\"akt-grid__content\">\n                                                            <h3 class=\"akt-grid__title\">Valves de dosage<\/h3>\n                                                        \n                                                            <p class=\"akt-grid__description\">Valves de dosage de haute pr\u00e9cision pour applications industrielles. Solutions fiables Hoenle-Eleco pour un dosage pr\u00e9cis et r\u00e9p\u00e9table des fluides.<\/p>\n                                                    <\/div>\n                                        \n                                            <\/a>\n                                    <\/div>\n                \n                                            \n                <div class=\"akt-grid__item\" \n                     data-index=\"2\"\n                     style=\"--animation-delay: 0s\">\n                    \n                                            <a href=\"https:\/\/www.hoenle-eleco.com\/fr\/products-solutions\/categories-produits\/valve-sans-contact-valve-de-jetting\/\"\n                                                                                 class=\"akt-grid__item-link\">\n                                        \n                                            <div class=\"akt-grid__image akt-grid__image--16_9\">\n                            <img decoding=\"async\" src=\"https:\/\/www.hoenle-eleco.com\/wp-content\/uploads\/valve_piezo_electrique_f8df91813b@2x.jpeg\" \n                                 alt=\"Valves sans contact\" \n                                 class=\"akt-grid__image-element\"\n                                 loading=\"lazy\"\n                                 width=\"544\"\n                                 height=\"460\">\n                        <\/div>\n                                        \n                                            <div class=\"akt-grid__content\">\n                                                            <h3 class=\"akt-grid__title\">Valves sans contact<\/h3>\n                                                        \n                                                            <p class=\"akt-grid__description\">Valves sans contact et valves de jetting pour un dosage pr\u00e9cis et propre des fluides. Solutions innovantes Hoenle-Eleco pour applications industrielles.<\/p>\n                                                    <\/div>\n                                        \n                                            <\/a>\n                                    <\/div>\n                \n                                            \n                <div class=\"akt-grid__item\" \n                     data-index=\"3\"\n                     style=\"--animation-delay: 0s\">\n                    \n                                            <a href=\"https:\/\/www.hoenle-eleco.com\/fr\/products-solutions\/categories-produits\/reservoirs-pressurises\/\"\n                                                                                 class=\"akt-grid__item-link\">\n                                        \n                                            <div class=\"akt-grid__image akt-grid__image--16_9\">\n                            <img decoding=\"async\" src=\"https:\/\/www.hoenle-eleco.com\/wp-content\/uploads\/reservoirs-pressurises-dosage-eleco@2x.jpeg\" \n                                 alt=\"R\u00e9servoirs Pr\u00e9ssuris\u00e9s\" \n                                 class=\"akt-grid__image-element\"\n                                 loading=\"lazy\"\n                                 width=\"544\"\n                                 height=\"460\">\n                        <\/div>\n                                        \n                                            <div class=\"akt-grid__content\">\n                                                            <h3 class=\"akt-grid__title\">R\u00e9servoirs Pr\u00e9ssuris\u00e9s<\/h3>\n                                                        \n                                                            <p class=\"akt-grid__description\">R\u00e9servoirs pressuris\u00e9s robustes pour alimenter valves et syst\u00e8mes de dosage avec pr\u00e9cision. S\u00e9curit\u00e9, pression r\u00e9glable et capacit\u00e9 adapt\u00e9e \u00e0 vos besoins.<\/p>\n                                                    <\/div>\n                                        \n                                            <\/a>\n                                    <\/div>\n                \n                                            \n                <div class=\"akt-grid__item\" \n                     data-index=\"4\"\n                     style=\"--animation-delay: 0s\">\n                    \n                                            <a href=\"https:\/\/www.hoenle-eleco.com\/fr\/products-solutions\/categories-produits\/doseurs\/consommables\/\"\n                                                                                 class=\"akt-grid__item-link\">\n                                        \n                                            <div class=\"akt-grid__image akt-grid__image--16_9\">\n                            <img decoding=\"async\" src=\"https:\/\/www.hoenle-eleco.com\/wp-content\/uploads\/consommables-700-series-dosage-eleco@2x.jpeg\" \n                                 alt=\"Consommables\" \n                                 class=\"akt-grid__image-element\"\n                                 loading=\"lazy\"\n                                 width=\"544\"\n                                 height=\"460\">\n                        <\/div>\n                                        \n                                            <div class=\"akt-grid__content\">\n                                                            <h3 class=\"akt-grid__title\">Consommables<\/h3>\n                                                        \n                                                            <p class=\"akt-grid__description\">Consommables pour doseurs industriels (seringues, pistons, aiguilles) sans silicone ni chlore, garantissant pr\u00e9cision, r\u00e9p\u00e9tabilit\u00e9 et performance.<\/p>\n                                                    <\/div>\n                                        \n                                            <\/a>\n                                    <\/div>\n                \n                                            \n                <div class=\"akt-grid__item\" \n                     data-index=\"5\"\n                     style=\"--animation-delay: 0s\">\n                    \n                                            <a href=\"https:\/\/www.hoenle-eleco.com\/fr\/products-solutions\/categories-produits\/pistolets-de-depose\/\"\n                                                                                 class=\"akt-grid__item-link\">\n                                        \n                                            <div class=\"akt-grid__image akt-grid__image--16_9\">\n                            <img decoding=\"async\" src=\"https:\/\/www.hoenle-eleco.com\/wp-content\/uploads\/penlocpistolerot-002-@2x.jpeg\" \n                                 alt=\"Pistolets de d\u00e9pose\" \n                                 class=\"akt-grid__image-element\"\n                                 loading=\"lazy\"\n                                 width=\"544\"\n                                 height=\"460\">\n                        <\/div>\n                                        \n                                            <div class=\"akt-grid__content\">\n                                                            <h3 class=\"akt-grid__title\">Pistolets de d\u00e9pose<\/h3>\n                                                        \n                                                            <p class=\"akt-grid__description\">Pistolets de d\u00e9pose pr\u00e9cis et robustes pour applications industrielles \u2013 ergonomiques, fiables et compatibles avec syst\u00e8mes de dosage pour r\u00e9sultats optimaux.<\/p>\n                                                    <\/div>\n                                        \n                                            <\/a>\n                                    <\/div>\n                \n                    <\/div>\n        \n<\/div>[\/vc_column][\/vc_row][\/vc_section][vc_section css=\u00a0\u00bb.vc_custom_1756368415759{background-color: #F2F4F6 !important;}\u00a0\u00bb][vc_row][vc_column width=\u00a0\u00bb1\/3&Prime;]\n<h2 class=\"akt-heading akt-heading--block akt-heading--h2 akt-heading--align-left\">\n            <span class=\"akt-heading__part akt-heading__part--light\">Contact<\/span>\n                <span class=\"akt-heading__part akt-heading__part--bold\">et assistance<\/span>\n    <\/h2>[vc_empty_space height=\u00a0\u00bb15px\u00a0\u00bb][\/vc_column][vc_column width=\u00a0\u00bb2\/3&Prime;][vc_column_text css=\u00a0\u00bb\u00a0\u00bb]Vous avez des questions ou besoin d&rsquo;aide concernant nos solutions de dosage ? Nous sommes l\u00e0 pour vous aider.<\/p>\n<p>&nbsp;<\/p>\n<p>Contactez-nous par e-mail \u00e0\u00a0<a href=\"mailto:eleco@hoenle-eleco.com\">eleco@hoenle-eleco.com<\/a>\u00a0ou par t\u00e9l\u00e9phone: +33 (0)1 47 92 41 80.[\/vc_column_text][vc_empty_space height=\u00a0\u00bb15px\u00a0\u00bb]\n<div class=\"akt-button-wrapper akt-button-wrapper--align-left\">\n            <a href=\"\/contact\" \n           class=\"akt-button akt-button--medium akt-button--primary\" aria-label=\"Contactez-nous\"                      >\n            <span class=\"akt-button__text\">Contactez-nous<\/span>\n        <\/a>\n    <\/div>[\/vc_column][\/vc_row][\/vc_section]<\/p>\n<\/div>","protected":false},"excerpt":{"rendered":"<p>[vc_section][vc_row][vc_column width=\u00a0\u00bb1\/2&Prime;][\/vc_column][vc_column width=\u00a0\u00bb1\/2&Prime;][vc_column_text css=\u00a0\u00bb\u00a0\u00bb]Hoenle-Eleco, votre expert en solutions de dosage industriel pr\u00e9cises et performantes, offre un large portefeuille de syst\u00e8mes [&hellip;]<\/p>\n","protected":false},"author":1,"featured_media":0,"parent":5759,"menu_order":3,"comment_status":"closed","ping_status":"closed","template":"","meta":{"site-sidebar-layout":"no-sidebar","site-content-layout":"plain-container","ast-site-content-layout":"default","site-content-style":"default","site-sidebar-style":"default","ast-global-header-display":"","ast-banner-title-visibility":"","ast-main-header-display":"","ast-hfb-above-header-display":"","ast-hfb-below-header-display":"","ast-hfb-mobile-header-display":"","site-post-title":"disabled","ast-breadcrumbs-content":"","ast-featured-img":"disabled","footer-sml-layout":"","theme-transparent-header-meta":"default","adv-header-id-meta":"","stick-header-meta":"","header-above-stick-meta":"","header-main-stick-meta":"","header-below-stick-meta":"","astra-migrate-meta-layouts":"set","ast-page-background-enabled":"default","ast-page-background-meta":{"desktop":{"background-color":"var(--ast-global-color-5)","background-image":"","background-repeat":"repeat","background-position":"center center","background-size":"auto","background-attachment":"scroll","background-type":"","background-media":"","overlay-type":"","overlay-color":"","overlay-opacity":"","overlay-gradient":""},"tablet":{"background-color":"","background-image":"","background-repeat":"repeat","background-position":"center center","background-size":"auto","background-attachment":"scroll","background-type":"","background-media":"","overlay-type":"","overlay-color":"","overlay-opacity":"","overlay-gradient":""},"mobile":{"background-color":"","background-image":"","background-repeat":"repeat","background-position":"center center","background-size":"auto","background-attachment":"scroll","background-type":"","background-media":"","overlay-type":"","overlay-color":"","overlay-opacity":"","overlay-gradient":""}},"ast-content-background-meta":{"desktop":{"background-color":"var(--ast-global-color-4)","background-image":"","background-repeat":"repeat","background-position":"center center","background-size":"auto","background-attachment":"scroll","background-type":"","background-media":"","overlay-type":"","overlay-color":"","overlay-opacity":"","overlay-gradient":""},"tablet":{"background-color":"var(--ast-global-color-4)","background-image":"","background-repeat":"repeat","background-position":"center center","background-size":"auto","background-attachment":"scroll","background-type":"","background-media":"","overlay-type":"","overlay-color":"","overlay-opacity":"","overlay-gradient":""},"mobile":{"background-color":"var(--ast-global-color-4)","background-image":"","background-repeat":"repeat","background-position":"center center","background-size":"auto","background-attachment":"scroll","background-type":"","background-media":"","overlay-type":"","overlay-color":"","overlay-opacity":"","overlay-gradient":""}},"footnotes":""},"class_list":["post-5797","page","type-page","status-publish","hentry"],"_links":{"self":[{"href":"https:\/\/www.hoenle-eleco.com\/fr\/wp-json\/wp\/v2\/pages\/5797","targetHints":{"allow":["GET"]}}],"collection":[{"href":"https:\/\/www.hoenle-eleco.com\/fr\/wp-json\/wp\/v2\/pages"}],"about":[{"href":"https:\/\/www.hoenle-eleco.com\/fr\/wp-json\/wp\/v2\/types\/page"}],"author":[{"embeddable":true,"href":"https:\/\/www.hoenle-eleco.com\/fr\/wp-json\/wp\/v2\/users\/1"}],"replies":[{"embeddable":true,"href":"https:\/\/www.hoenle-eleco.com\/fr\/wp-json\/wp\/v2\/comments?post=5797"}],"version-history":[{"count":22,"href":"https:\/\/www.hoenle-eleco.com\/fr\/wp-json\/wp\/v2\/pages\/5797\/revisions"}],"predecessor-version":[{"id":10476,"href":"https:\/\/www.hoenle-eleco.com\/fr\/wp-json\/wp\/v2\/pages\/5797\/revisions\/10476"}],"up":[{"embeddable":true,"href":"https:\/\/www.hoenle-eleco.com\/fr\/wp-json\/wp\/v2\/pages\/5759"}],"wp:attachment":[{"href":"https:\/\/www.hoenle-eleco.com\/fr\/wp-json\/wp\/v2\/media?parent=5797"}],"curies":[{"name":"wp","href":"https:\/\/api.w.org\/{rel}","templated":true}]}}