{"id":10651,"date":"2026-03-13T14:05:43","date_gmt":"2026-03-13T13:05:43","guid":{"rendered":"https:\/\/www.hoenle-eleco.com\/?page_id=10651"},"modified":"2026-03-13T14:20:03","modified_gmt":"2026-03-13T13:20:03","slug":"masques-pour-dispositifs-orthopediques","status":"publish","type":"page","link":"https:\/\/www.hoenle-eleco.com\/fr\/applications\/collage\/colles-medicales\/masques-pour-dispositifs-orthopediques\/","title":{"rendered":"Masques pour dispositifs orthop\u00e9diques"},"content":{"rendered":"<div class=\"wpb-content-wrapper\"><p>[vc_section][vc_row][vc_column width=\u00a0\u00bb1\/2&Prime;]\n<h1 class=\"akt-heading akt-heading--block akt-heading--h1 akt-heading--align-left\">\n            <span class=\"akt-heading__part akt-heading__part--light\">Masques pour<\/span>\n                <span class=\"akt-heading__part akt-heading__part--bold\">dispositifs orthop\u00e9diques<\/span>\n    <\/h1>[\/vc_column][vc_column width=\u00a0\u00bb1\/2&Prime;][vc_column_text css=\u00a0\u00bb\u00a0\u00bb]Parfaitement adapt\u00e9s aux implants orthop\u00e9diques, les masques photopolym\u00e9risables UV de Hoenle offrent une protection temporaire des surfaces finies et des cavit\u00e9s des composants pendant la r\u00e9alisation des \u00e9tapes de traitement suppl\u00e9mentaires. Rapides \u00e0 appliquer et faciles \u00e0 retirer.[\/vc_column_text][\/vc_column][\/vc_row][vc_row][vc_column width=\u00a0\u00bb1\/4&Prime;][\/vc_column][vc_column width=\u00a0\u00bb1\/4&Prime;][\/vc_column][vc_column width=\u00a0\u00bb1\/4&Prime;]\n<div class=\"akt-button-wrapper akt-button-wrapper--align-left\">\n            <a href=\"\/contact\" \n           class=\"akt-button akt-button--medium akt-button--primary\" aria-label=\"Request consultation\"                      >\n            <span class=\"akt-button__text\">Request consultation<\/span>\n        <\/a>\n    <\/div>[\/vc_column][vc_column width=\u00a0\u00bb1\/4&Prime;][vc_column_text css=\u00a0\u00bb\u00a0\u00bb]<\/p>\n<div class=\"pimcore_area_wysiwyg pimcore_area_content\">\n<section class=\"area-wysiwyg brick styled clearfix\">\n<div class=\"col-xs-12 _container-fluid\">\n<p><strong>Download<\/strong><\/p>\n<p><a href=\"https:\/\/www.hoenle.com\/wp-content\/uploads\/Hoenle-Brochure-UV-Maskings.pdf\" target=\"_blank\" rel=\"noopener\">UV Masking Materials brochure<\/a><\/p>\n<\/div>\n<\/section>\n<\/div>\n<p>[\/vc_column_text][\/vc_column][\/vc_row][\/vc_section][vc_section css=\u00a0\u00bb.vc_custom_1758117180539{background-color: #FFFFFF !important;}\u00a0\u00bb][vc_row][vc_column width=\u00a0\u00bb1\/2&Prime;]\n<h2 class=\"akt-heading akt-heading--inline akt-heading--h2 akt-heading--align-left\">\n            <span class=\"akt-heading__part akt-heading__part--light\">UV-Curable Masks<\/span>\n                <span class=\"akt-heading__part akt-heading__part--bold\">for Consistent Protection<\/span>\n    <\/h2>[vc_column_text css=\u00a0\u00bb\u00a0\u00bb]Les masques UV peuvent \u00eatre appliqu\u00e9s manuellement ou \u00e0 l&rsquo;aide de syst\u00e8mes automatis\u00e9s. Une fois appliqu\u00e9s, ils durcissent en quelques secondes sous l&rsquo;effet des rayons UV, ce qui r\u00e9duit consid\u00e9rablement le temps de main-d&rsquo;\u0153uvre et permet une int\u00e9gration transparente dans les flux de production en continu.<\/p>\n<p>Les masques sont disponibles en diff\u00e9rentes viscosit\u00e9s, adapt\u00e9es \u00e0 l&rsquo;immersion, \u00e0 la pulv\u00e9risation ou \u00e0 l&rsquo;application manuelle \u00e0 la seringue. Des additifs color\u00e9s en option am\u00e9liorent le contraste de surface pour une meilleure visibilit\u00e9 lors de l&rsquo;application et du retrait.<\/p>\n<p>Les rubans adh\u00e9sifs et les protections r\u00e9utilisables sont encore largement utilis\u00e9s, mais offrent souvent une protection in\u00e9gale. Les bords des rubans peuvent se d\u00e9coller lors d&rsquo;un sablage agressif, et les r\u00e9sidus d&rsquo;adh\u00e9sif peuvent n\u00e9cessiter un nettoyage suppl\u00e9mentaire. Les manchons se desserrent avec le temps, augmentant le risque de retouches et de rebuts.<\/p>\n<p>Les masques UV Hoenle destin\u00e9s aux applications orthop\u00e9diques s&rsquo;enl\u00e8vent par pelage. Un bref trempage dans l&rsquo;eau chaude ou une exposition \u00e0 l&rsquo;air chaud am\u00e9liore leur \u00e9lasticit\u00e9 pour un pelage plus rapide. Leur retrait ne laisse aucun r\u00e9sidu, une exigence essentielle pour les composants de qualit\u00e9 m\u00e9dicale.[\/vc_column_text][\/vc_column][vc_column width=\u00a0\u00bb1\/2&Prime;][vc_single_image image=\u00a0\u00bb2984&Prime; img_size=\u00a0\u00bbfull\u00a0\u00bb css=\u00a0\u00bb\u00a0\u00bb][vc_column_text css=\u00a0\u00bb\u00a0\u00bb]A green uv masking is peeled off an artificial joint<\/p>\n<p>[\/vc_column_text][\/vc_column][\/vc_row][vc_row][vc_column][vc_column_text css=\u00a0\u00bb\u00a0\u00bb]D\u00e9couvrez les mat\u00e9riaux de masquage anti-UV pr\u00e9sent\u00e9s ci-dessous pour trouver des solutions adapt\u00e9es. L&rsquo;\u00e9quipe d&rsquo;ing\u00e9nierie d&rsquo;application de Hoenle vous aide \u00e0 choisir les produits, vous fournit des \u00e9chantillons et vous propose des recommandations de durcissement. Des formulations sur mesure peuvent \u00eatre d\u00e9velopp\u00e9es pour des applications orthop\u00e9diques complexes ou sp\u00e9cifiques.[\/vc_column_text][\/vc_column][\/vc_row][vc_row][vc_column]<div class=\"akt-adhesives-table__no-selection\">Please select adhesives to display.<\/div>[vc_column_text css=\u00a0\u00bb\u00a0\u00bb]*UV = 320 &#8211; 390 nm\u00a0\u00a0\u00a0\u00a0\u00a0\u00a0\u00a0\u00a0\u00a0 VIS = 405 nm[\/vc_column_text][\/vc_column][\/vc_row][\/vc_section][vc_section css=\u00a0\u00bb.vc_custom_1758483041975{background-color: #F2F4F6 !important;}\u00a0\u00bb][vc_row][vc_column width=\u00a0\u00bb1\/3&Prime;]\n<h2 class=\"akt-heading akt-heading--block akt-heading--h2 akt-heading--align-left\">\n            <span class=\"akt-heading__part akt-heading__part--light\">Contact<\/span>\n                <span class=\"akt-heading__part akt-heading__part--bold\">et assistance<\/span>\n    <\/h2>[vc_empty_space height=\u00a0\u00bb15px\u00a0\u00bb][\/vc_column][vc_column width=\u00a0\u00bb2\/3&Prime;][vc_column_text css=\u00a0\u00bb\u00a0\u00bb]Vous avez des questions ou besoin d&rsquo;aide concernant nos solutions de collage ?<\/p>\n<p>Nous sommes l\u00e0 pour vous aider.<\/p>\n<p>Contactez-nous par e-mail \u00e0 <a href=\"mailto:eleco@hoenle-eleco.com\">eleco@hoenle-eleco.com<\/a> ou par t\u00e9l\u00e9phone: +33 (0)1 47 92 41 80.[\/vc_column_text]\n<div class=\"akt-button-wrapper akt-button-wrapper--align-left\">\n            <a href=\"\/contact\" \n           class=\"akt-button akt-button--medium akt-button--primary\" aria-label=\"Contactez-nous\"                      >\n            <span class=\"akt-button__text\">Contactez-nous<\/span>\n        <\/a>\n    <\/div>[\/vc_column][\/vc_row][vc_row][vc_column width=\u00a0\u00bb1\/3&Prime;]\n<h2 class=\"akt-heading akt-heading--block akt-heading--h2 akt-heading--align-left\">\n            <span class=\"akt-heading__part akt-heading__part--light\">Les solutions compl\u00e8tes<\/span>\n                <span class=\"akt-heading__part akt-heading__part--bold\">de Hoenle-Eleco<\/span>\n    <\/h2>[vc_empty_space height=\u00a0\u00bb15px\u00a0\u00bb][\/vc_column][vc_column width=\u00a0\u00bb2\/3&Prime;][vc_row_inner][vc_column_inner width=\u00a0\u00bb1\/3&Prime;]\n<div id=\"akt-image-text-1259\" class=\"akt-image-text-single akt-image-text-single--aspect-landscape akt-image-text-single--align-center akt-image-text-single--clickable akt-image-text-single--has-overlay akt-image-text-single--animate-fade-in\">\n    \n                        <a href=\"https:\/\/hoenle-eleco.akt-d.de\/fr\/products-solutions\/categories-produits\/colles-industrielles\/vitralit\/\" class=\"akt-image-text-single__image-link\" title=\"Vitralit\u00ae\" aria-label=\"Colles UV Vitralit\u00ae\" target=\"_blank\" rel=\"noopener\">\n                \n        <div class=\"akt-image-text-single__image-container\">\n            <img decoding=\"async\" src=\"https:\/\/www.hoenle-eleco.com\/wp-content\/uploads\/Cell-Contact-Systems.jpg\" \n                 srcset=\"https:\/\/www.hoenle-eleco.com\/wp-content\/uploads\/Cell-Contact-Systems.jpg 400w, https:\/\/www.hoenle-eleco.com\/wp-content\/uploads\/Cell-Contact-Systems-300x225.jpg 300w\"                 sizes=\"(max-width: 768px) 100vw, (max-width: 1024px) 50vw, 33vw\"\n                 alt=\"Cell contacting systems for e-mobility\" \n                 class=\"akt-image-text-single__image\" \n                 loading=\"lazy\" \/>\n        <\/div>\n        \n                    <\/a>\n            \n            <div class=\"akt-image-text-single__text-container\">\n                            <a href=\"https:\/\/hoenle-eleco.akt-d.de\/fr\/products-solutions\/categories-produits\/colles-industrielles\/vitralit\/\" class=\"akt-image-text-single__text-link\" title=\"Vitralit\u00ae\" aria-label=\"Colles UV Vitralit\u00ae\" target=\"_blank\" rel=\"noopener\">\n                        \n            <h3 class=\"akt-image-text-single__text\">Colles UV Vitralit\u00ae<\/h3>\n            \n                            <\/a>\n                    <\/div>\n    \n<\/div>[\/vc_column_inner][vc_column_inner width=\u00a0\u00bb1\/3&Prime;]\n<div id=\"akt-image-text-2184\" class=\"akt-image-text-single akt-image-text-single--aspect-landscape akt-image-text-single--align-center akt-image-text-single--clickable akt-image-text-single--has-overlay akt-image-text-single--animate-fade-in\">\n    \n                        <a href=\"https:\/\/hoenle-eleco.akt-d.de\/fr\/products-solutions\/categories-produits\/doseurs\/\" class=\"akt-image-text-single__image-link\" title=\"Bonding &amp; Potting\" aria-label=\"Dosage\" target=\"_blank\" rel=\"noopener\">\n                \n        <div class=\"akt-image-text-single__image-container\">\n            <img decoding=\"async\" src=\"https:\/\/www.hoenle-eleco.com\/wp-content\/uploads\/Dosage.jpg\" \n                 srcset=\"https:\/\/www.hoenle-eleco.com\/wp-content\/uploads\/Dosage.jpg 400w, https:\/\/www.hoenle-eleco.com\/wp-content\/uploads\/Dosage-300x196.jpg 300w\"                 sizes=\"(max-width: 768px) 100vw, (max-width: 1024px) 50vw, 33vw\"\n                 alt=\"Dosage\" \n                 class=\"akt-image-text-single__image\" \n                 loading=\"lazy\" \/>\n        <\/div>\n        \n                    <\/a>\n            \n            <div class=\"akt-image-text-single__text-container\">\n                            <a href=\"https:\/\/hoenle-eleco.akt-d.de\/fr\/products-solutions\/categories-produits\/doseurs\/\" class=\"akt-image-text-single__text-link\" title=\"Bonding &amp; Potting\" aria-label=\"Dosage\" target=\"_blank\" rel=\"noopener\">\n                        \n            <h3 class=\"akt-image-text-single__text\">Dosage<\/h3>\n            \n                            <\/a>\n                    <\/div>\n    \n<\/div>[\/vc_column_inner][vc_column_inner width=\u00a0\u00bb1\/3&Prime;]\n<div id=\"akt-image-text-1210\" class=\"akt-image-text-single akt-image-text-single--aspect-landscape akt-image-text-single--align-center akt-image-text-single--clickable akt-image-text-single--has-overlay akt-image-text-single--animate-fade-in\">\n    \n                        <a href=\"https:\/\/hoenle-eleco.akt-d.de\/fr\/products-solutions\/categories-produits\/equipements-dinsolation-uv\/\" class=\"akt-image-text-single__image-link\" title=\"Bonding &amp; Potting\" aria-label=\"\u00c9quipements d&#039;insolation\" target=\"_blank\" rel=\"noopener\">\n                \n        <div class=\"akt-image-text-single__image-container\">\n            <img decoding=\"async\" src=\"https:\/\/www.hoenle-eleco.com\/wp-content\/uploads\/Connector-Bonding.jpg\" \n                 srcset=\"https:\/\/www.hoenle-eleco.com\/wp-content\/uploads\/Connector-Bonding.jpg 400w, https:\/\/www.hoenle-eleco.com\/wp-content\/uploads\/Connector-Bonding-300x225.jpg 300w\"                 sizes=\"(max-width: 768px) 100vw, (max-width: 1024px) 50vw, 33vw\"\n                 alt=\"Connector Bonding\" \n                 class=\"akt-image-text-single__image\" \n                 loading=\"lazy\" \/>\n        <\/div>\n        \n                    <\/a>\n            \n            <div class=\"akt-image-text-single__text-container\">\n                            <a href=\"https:\/\/hoenle-eleco.akt-d.de\/fr\/products-solutions\/categories-produits\/equipements-dinsolation-uv\/\" class=\"akt-image-text-single__text-link\" title=\"Bonding &amp; Potting\" aria-label=\"\u00c9quipements d&#039;insolation\" target=\"_blank\" rel=\"noopener\">\n                        \n            <h3 class=\"akt-image-text-single__text\">\u00c9quipements d&#039;insolation<\/h3>\n            \n                            <\/a>\n                    <\/div>\n    \n<\/div>[\/vc_column_inner][\/vc_row_inner][\/vc_column][\/vc_row][\/vc_section]<\/p>\n<\/div>","protected":false},"excerpt":{"rendered":"<p>[vc_section][vc_row][vc_column width=\u00a0\u00bb1\/2&Prime;][\/vc_column][vc_column width=\u00a0\u00bb1\/2&Prime;][vc_column_text css=\u00a0\u00bb\u00a0\u00bb]Parfaitement adapt\u00e9s aux implants orthop\u00e9diques, les masques photopolym\u00e9risables UV de Hoenle offrent une protection temporaire des surfaces [&hellip;]<\/p>\n","protected":false},"author":9,"featured_media":0,"parent":5543,"menu_order":2,"comment_status":"closed","ping_status":"closed","template":"","meta":{"site-sidebar-layout":"no-sidebar","site-content-layout":"plain-container","ast-site-content-layout":"default","site-content-style":"default","site-sidebar-style":"default","ast-global-header-display":"","ast-banner-title-visibility":"","ast-main-header-display":"","ast-hfb-above-header-display":"","ast-hfb-below-header-display":"","ast-hfb-mobile-header-display":"","site-post-title":"disabled","ast-breadcrumbs-content":"","ast-featured-img":"disabled","footer-sml-layout":"","theme-transparent-header-meta":"default","adv-header-id-meta":"","stick-header-meta":"","header-above-stick-meta":"","header-main-stick-meta":"","header-below-stick-meta":"","astra-migrate-meta-layouts":"set","ast-page-background-enabled":"default","ast-page-background-meta":{"desktop":{"background-color":"var(--ast-global-color-5)","background-image":"","background-repeat":"repeat","background-position":"center center","background-size":"auto","background-attachment":"scroll","background-type":"","background-media":"","overlay-type":"","overlay-color":"","overlay-opacity":"","overlay-gradient":""},"tablet":{"background-color":"","background-image":"","background-repeat":"repeat","background-position":"center center","background-size":"auto","background-attachment":"scroll","background-type":"","background-media":"","overlay-type":"","overlay-color":"","overlay-opacity":"","overlay-gradient":""},"mobile":{"background-color":"","background-image":"","background-repeat":"repeat","background-position":"center center","background-size":"auto","background-attachment":"scroll","background-type":"","background-media":"","overlay-type":"","overlay-color":"","overlay-opacity":"","overlay-gradient":""}},"ast-content-background-meta":{"desktop":{"background-color":"var(--ast-global-color-4)","background-image":"","background-repeat":"repeat","background-position":"center center","background-size":"auto","background-attachment":"scroll","background-type":"","background-media":"","overlay-type":"","overlay-color":"","overlay-opacity":"","overlay-gradient":""},"tablet":{"background-color":"var(--ast-global-color-4)","background-image":"","background-repeat":"repeat","background-position":"center center","background-size":"auto","background-attachment":"scroll","background-type":"","background-media":"","overlay-type":"","overlay-color":"","overlay-opacity":"","overlay-gradient":""},"mobile":{"background-color":"var(--ast-global-color-4)","background-image":"","background-repeat":"repeat","background-position":"center center","background-size":"auto","background-attachment":"scroll","background-type":"","background-media":"","overlay-type":"","overlay-color":"","overlay-opacity":"","overlay-gradient":""}},"footnotes":""},"class_list":["post-10651","page","type-page","status-publish","hentry"],"_links":{"self":[{"href":"https:\/\/www.hoenle-eleco.com\/fr\/wp-json\/wp\/v2\/pages\/10651","targetHints":{"allow":["GET"]}}],"collection":[{"href":"https:\/\/www.hoenle-eleco.com\/fr\/wp-json\/wp\/v2\/pages"}],"about":[{"href":"https:\/\/www.hoenle-eleco.com\/fr\/wp-json\/wp\/v2\/types\/page"}],"author":[{"embeddable":true,"href":"https:\/\/www.hoenle-eleco.com\/fr\/wp-json\/wp\/v2\/users\/9"}],"replies":[{"embeddable":true,"href":"https:\/\/www.hoenle-eleco.com\/fr\/wp-json\/wp\/v2\/comments?post=10651"}],"version-history":[{"count":4,"href":"https:\/\/www.hoenle-eleco.com\/fr\/wp-json\/wp\/v2\/pages\/10651\/revisions"}],"predecessor-version":[{"id":10656,"href":"https:\/\/www.hoenle-eleco.com\/fr\/wp-json\/wp\/v2\/pages\/10651\/revisions\/10656"}],"up":[{"embeddable":true,"href":"https:\/\/www.hoenle-eleco.com\/fr\/wp-json\/wp\/v2\/pages\/5543"}],"wp:attachment":[{"href":"https:\/\/www.hoenle-eleco.com\/fr\/wp-json\/wp\/v2\/media?parent=10651"}],"curies":[{"name":"wp","href":"https:\/\/api.w.org\/{rel}","templated":true}]}}