{"id":9883,"date":"2025-12-12T12:31:57","date_gmt":"2025-12-12T11:31:57","guid":{"rendered":"https:\/\/www.hoenle-eleco.com\/?page_id=9883"},"modified":"2026-01-29T11:07:23","modified_gmt":"2026-01-29T10:07:23","slug":"control-de-autenticidad","status":"publish","type":"page","link":"https:\/\/www.hoenle-eleco.com\/es\/aplicaciones\/control-de-fluorescencia\/control-de-autenticidad\/","title":{"rendered":"Control de autenticidad"},"content":{"rendered":"<div class=\"wpb-content-wrapper\"><p>[vc_section css=\u00bb.vc_custom_1752143461288{background-color: #F2F4F6 !important;}\u00bb][vc_row][vc_column width=\u00bb1\/2&#8243;]\n<h1 class=\"akt-heading akt-heading--block akt-heading--h1 akt-heading--align-left\">\n            <span class=\"akt-heading__part akt-heading__part--light\">Control de autenticidad<\/span>\n                <span class=\"akt-heading__part akt-heading__part--bold\">Con Black Light<\/span>\n    <\/h1>[\/vc_column][vc_column width=\u00bb1\/2&#8243;][vc_column_text css=\u00bb\u00bb]La prueba de autenticidad con luz negra es un m\u00e9todo sencillo pero eficaz para verificar la autenticidad de documentos, billetes, obras de arte o productos. La luz negra revela elementos de seguridad, tintas y marcas invisibles que no se pueden ver en condiciones normales de iluminaci\u00f3n. Esto la convierte en una herramienta indispensable para la detecci\u00f3n de falsificaciones y el control de calidad en diversos sectores.<\/p>\n<p>&nbsp;<\/p>\n<p>La luz negra es una radiaci\u00f3n ultravioleta que hace brillar ciertos materiales. Muchos objetos est\u00e1n marcados con tintas, fibras o recubrimientos fluorescentes especiales que solo son visibles bajo la luz negra. Estas caracter\u00edsticas ocultas constituyen un m\u00e9todo seguro y no destructivo de verificaci\u00f3n de la autenticidad.[\/vc_column_text][\/vc_column][\/vc_row][vc_row][vc_column width=\u00bb1\/4&#8243;][\/vc_column][vc_column width=\u00bb1\/4&#8243;][\/vc_column][vc_column width=\u00bb1\/4&#8243;]\n<div class=\"akt-button-wrapper akt-button-wrapper--align-left\">\n            <a href=\"\/contact\" \n           class=\"akt-button akt-button--medium akt-button--primary\" aria-label=\"Contactez-nous\"                      >\n            <span class=\"akt-button__text\">Contactez-nous<\/span>\n        <\/a>\n    <\/div>[\/vc_column][vc_column width=\u00bb1\/4&#8243;][\/vc_column][\/vc_row][\/vc_section][vc_section css=\u00bb.vc_custom_1752579807249{background-color: #FFFFFF !important;}\u00bb][vc_row][vc_column width=\u00bb1\/2&#8243;]\n<h2 class=\"akt-heading akt-heading--inline akt-heading--h2 akt-heading--align-left\">\n            <span class=\"akt-heading__part akt-heading__part--light\">Aplicaciones de la luz negra<\/span>\n                <span class=\"akt-heading__part akt-heading__part--bold\">en los controles de autenticidad<\/span>\n    <\/h2>[vc_column_text css=\u00bb\u00bb]<\/p>\n<ul>\n<li>Verificaci\u00f3n de documentos y billetes: los pasaportes, los documentos de identidad y las divisas suelen contener elementos de seguridad sensibles a los rayos UV, como hilos, fibras o motivos fluorescentes. Bajo la luz negra, los documentos aut\u00e9nticos muestran colores o marcas espec\u00edficos, a diferencia de las falsificaciones.<\/li>\n<li>Obras de arte y objetos de colecci\u00f3n: en el mundo del arte, la luz negra permite detectar reparaciones, retoques o falsificaciones. Las pinturas originales y las antig\u00fcedades presentan una fluorescencia diferente seg\u00fan su antig\u00fcedad y los materiales utilizados, lo que ayuda a los expertos a confirmar su autenticidad.<\/li>\n<li>Autenticaci\u00f3n de productos: muchas marcas utilizan marcas UV invisibles en etiquetas, envases o componentes para protegerse contra las falsificaciones. Una verificaci\u00f3n con luz negra permite confirmar la autenticidad de un producto sin da\u00f1arlo.<\/li>\n<li>Control de calidad: en los \u00e1mbitos de la fabricaci\u00f3n y la log\u00edstica, las inspecciones con luz negra garantizan el etiquetado correcto, la trazabilidad y la integridad de los productos antes de que lleguen a los consumidores.<\/li>\n<\/ul>\n<p>[\/vc_column_text][\/vc_column][vc_column width=\u00bb1\/2&#8243;][vc_single_image image=\u00bb9781&#8243; img_size=\u00bbfull\u00bb css=\u00bb\u00bb][vc_column_text css=\u00bb\u00bb]Se examina una pintura antigua con una l\u00e1mpara LED UVA HAND para verificar su autenticidad.[\/vc_column_text][vc_column_text css=\u00bb\u00bb]En savoir plus sur la lampe <a href=\"https:\/\/www.hoenle-eleco.com\/es\/productos-y-soluciones\/categorias-de-productos\/equipos-de-radiacion-uv\/equipos-led-uv\/uva-hand-led\/\">LED UVA HAND de Hoenle<\/a>[\/vc_column_text][\/vc_column][\/vc_row][\/vc_section][vc_section css=\u00bb.vc_custom_1765537143326{background-color: #F2F4F6 !important;}\u00bb][vc_row][vc_column width=\u00bb1\/3&#8243;]\n<h2 class=\"akt-heading akt-heading--block akt-heading--h2 akt-heading--align-left\">\n            <span class=\"akt-heading__part akt-heading__part--light\">Contact<\/span>\n                <span class=\"akt-heading__part akt-heading__part--bold\">et assistance<\/span>\n    <\/h2>[vc_empty_space height=\u00bb15px\u00bb][\/vc_column][vc_column width=\u00bb2\/3&#8243;][vc_column_text css=\u00bb\u00bb]Vous avez des questions ou besoin d&#8217;aide pour le contr\u00f4le de la fluorescence ?<\/p>\n<p>Nous sommes l\u00e0 pour vous aider.<\/p>\n<p>Contactez-nous par e-mail \u00e0\u00a0<a href=\"mailto:eleco@hoenle-eleco.com\">eleco@hoenle-eleco.com<\/a>\u00a0ou par t\u00e9l\u00e9phone: +33 (0)1 47 92 41 80.[\/vc_column_text][vc_empty_space height=\u00bb15px\u00bb]\n<div class=\"akt-button-wrapper akt-button-wrapper--align-left\">\n            <a href=\"\/contact\" \n           class=\"akt-button akt-button--medium akt-button--primary\" aria-label=\"Contactez-nous\"                      >\n            <span class=\"akt-button__text\">Contactez-nous<\/span>\n        <\/a>\n    <\/div>[\/vc_column][\/vc_row][\/vc_section][vc_section css=\u00bb.vc_custom_1752579807249{background-color: #FFFFFF !important;}\u00bb][vc_row][vc_column width=\u00bb1\/3&#8243;]\n<h2 class=\"akt-heading akt-heading--block akt-heading--h2 akt-heading--align-left\">\n            <span class=\"akt-heading__part akt-heading__part--light\">Nos Solutions<\/span>\n                <span class=\"akt-heading__part akt-heading__part--bold\">Fluorescentes<\/span>\n    <\/h2>[vc_empty_space height=\u00bb15px\u00bb][\/vc_column][vc_column width=\u00bb2\/3&#8243;][vc_row_inner][vc_column_inner width=\u00bb1\/2&#8243;]\n<div id=\"akt-image-text-9922\" class=\"akt-image-text-single akt-image-text-single--aspect-landscape akt-image-text-single--align-center akt-image-text-single--clickable akt-image-text-single--has-overlay akt-image-text-single--animate-fade-in\">\n    \n                        <a href=\"https:\/\/www.hoenle-eleco.com\/fr\/produits-solutions\/categories-produits\/equipements-dinsolation-uv\/\" \n               class=\"akt-image-text-single__image-link\"\n                                             title=\"\u00c9quipement \u00e0 lumi\u00e8re UV LED\"               aria-label=\"\u00c9quipement \u00e0 lumi\u00e8re UV LED\">\n                \n        <div class=\"akt-image-text-single__image-container\">\n            <img decoding=\"async\" src=\"https:\/\/www.hoenle-eleco.com\/wp-content\/uploads\/Connector-Bonding-UV-adhesive.jpg\" \n                 srcset=\"https:\/\/www.hoenle-eleco.com\/wp-content\/uploads\/Connector-Bonding-UV-adhesive.jpg 1500w, https:\/\/www.hoenle-eleco.com\/wp-content\/uploads\/Connector-Bonding-UV-adhesive-300x225.jpg 300w, https:\/\/www.hoenle-eleco.com\/wp-content\/uploads\/Connector-Bonding-UV-adhesive-1024x768.jpg 1024w, https:\/\/www.hoenle-eleco.com\/wp-content\/uploads\/Connector-Bonding-UV-adhesive-768x576.jpg 768w\"                 sizes=\"(max-width: 768px) 100vw, (max-width: 1024px) 50vw, 33vw\"\n                 alt=\"\u00c9quipement \u00e0 lumi\u00e8re UV LED\" \n                 class=\"akt-image-text-single__image\" \n                 loading=\"lazy\" \/>\n        <\/div>\n        \n                    <\/a>\n            \n            <div class=\"akt-image-text-single__text-container\">\n                            <a href=\"https:\/\/www.hoenle-eleco.com\/fr\/produits-solutions\/categories-produits\/equipements-dinsolation-uv\/\" \n                   class=\"akt-image-text-single__text-link\"\n                                                         title=\"\u00c9quipement \u00e0 lumi\u00e8re UV LED\"                   aria-label=\"\u00c9quipement \u00e0 lumi\u00e8re UV LED\">\n                        \n            <h3 class=\"akt-image-text-single__text\">\u00c9quipement \u00e0 lumi\u00e8re UV LED<\/h3>\n            \n                            <\/a>\n                    <\/div>\n    \n<\/div>[\/vc_column_inner][vc_column_inner width=\u00bb1\/2&#8243;]\n<div id=\"akt-image-text-4643\" class=\"akt-image-text-single akt-image-text-single--aspect-landscape akt-image-text-single--align-center akt-image-text-single--clickable akt-image-text-single--has-overlay akt-image-text-single--animate-fade-in\">\n    \n                        <a href=\"https:\/\/www.hoenle-eleco.com\/fr\/produits-solutions\/colles-industrielles\/colles-uv\/\" \n               class=\"akt-image-text-single__image-link\"\n                                             title=\"UV Adhesives\"               aria-label=\"Colles fluorescentes\">\n                \n        <div class=\"akt-image-text-single__image-container\">\n            <img decoding=\"async\" src=\"https:\/\/www.hoenle-eleco.com\/wp-content\/uploads\/dialysefilter-mit-fluoreszierendem-kleber-bonding-dialysis-filter-with-fluorescing-glue.jpeg\" \n                                  sizes=\"(max-width: 768px) 100vw, (max-width: 1024px) 50vw, 33vw\"\n                 alt=\"Colles fluorescentes\" \n                 class=\"akt-image-text-single__image\" \n                 loading=\"lazy\" \/>\n        <\/div>\n        \n                    <\/a>\n            \n            <div class=\"akt-image-text-single__text-container\">\n                            <a href=\"https:\/\/www.hoenle-eleco.com\/fr\/produits-solutions\/colles-industrielles\/colles-uv\/\" \n                   class=\"akt-image-text-single__text-link\"\n                                                         title=\"UV Adhesives\"                   aria-label=\"Colles fluorescentes\">\n                        \n            <h3 class=\"akt-image-text-single__text\">Colles fluorescentes<\/h3>\n            \n                            <\/a>\n                    <\/div>\n    \n<\/div>[\/vc_column_inner][\/vc_row_inner][\/vc_column][\/vc_row][\/vc_section]<\/p>\n<\/div>","protected":false},"excerpt":{"rendered":"<p>[vc_section css=\u00bb.vc_custom_1752143461288{background-color: #F2F4F6 !important;}\u00bb][vc_row][vc_column width=\u00bb1\/2&#8243;][\/vc_column][vc_column width=\u00bb1\/2&#8243;][vc_column_text css=\u00bb\u00bb]La prueba de autenticidad con luz negra es un m\u00e9todo sencillo pero eficaz para [&hellip;]<\/p>\n","protected":false},"author":9,"featured_media":0,"parent":9776,"menu_order":0,"comment_status":"closed","ping_status":"closed","template":"","meta":{"site-sidebar-layout":"no-sidebar","site-content-layout":"plain-container","ast-site-content-layout":"default","site-content-style":"default","site-sidebar-style":"default","ast-global-header-display":"","ast-banner-title-visibility":"","ast-main-header-display":"","ast-hfb-above-header-display":"","ast-hfb-below-header-display":"","ast-hfb-mobile-header-display":"","site-post-title":"disabled","ast-breadcrumbs-content":"","ast-featured-img":"disabled","footer-sml-layout":"","theme-transparent-header-meta":"default","adv-header-id-meta":"","stick-header-meta":"","header-above-stick-meta":"","header-main-stick-meta":"","header-below-stick-meta":"","astra-migrate-meta-layouts":"set","ast-page-background-enabled":"default","ast-page-background-meta":{"desktop":{"background-color":"var(--ast-global-color-5)","background-image":"","background-repeat":"repeat","background-position":"center center","background-size":"auto","background-attachment":"scroll","background-type":"","background-media":"","overlay-type":"","overlay-color":"","overlay-opacity":"","overlay-gradient":""},"tablet":{"background-color":"","background-image":"","background-repeat":"repeat","background-position":"center center","background-size":"auto","background-attachment":"scroll","background-type":"","background-media":"","overlay-type":"","overlay-color":"","overlay-opacity":"","overlay-gradient":""},"mobile":{"background-color":"","background-image":"","background-repeat":"repeat","background-position":"center center","background-size":"auto","background-attachment":"scroll","background-type":"","background-media":"","overlay-type":"","overlay-color":"","overlay-opacity":"","overlay-gradient":""}},"ast-content-background-meta":{"desktop":{"background-color":"var(--ast-global-color-4)","background-image":"","background-repeat":"repeat","background-position":"center center","background-size":"auto","background-attachment":"scroll","background-type":"","background-media":"","overlay-type":"","overlay-color":"","overlay-opacity":"","overlay-gradient":""},"tablet":{"background-color":"var(--ast-global-color-4)","background-image":"","background-repeat":"repeat","background-position":"center center","background-size":"auto","background-attachment":"scroll","background-type":"","background-media":"","overlay-type":"","overlay-color":"","overlay-opacity":"","overlay-gradient":""},"mobile":{"background-color":"var(--ast-global-color-4)","background-image":"","background-repeat":"repeat","background-position":"center center","background-size":"auto","background-attachment":"scroll","background-type":"","background-media":"","overlay-type":"","overlay-color":"","overlay-opacity":"","overlay-gradient":""}},"footnotes":""},"class_list":["post-9883","page","type-page","status-publish","hentry"],"_links":{"self":[{"href":"https:\/\/www.hoenle-eleco.com\/es\/wp-json\/wp\/v2\/pages\/9883","targetHints":{"allow":["GET"]}}],"collection":[{"href":"https:\/\/www.hoenle-eleco.com\/es\/wp-json\/wp\/v2\/pages"}],"about":[{"href":"https:\/\/www.hoenle-eleco.com\/es\/wp-json\/wp\/v2\/types\/page"}],"author":[{"embeddable":true,"href":"https:\/\/www.hoenle-eleco.com\/es\/wp-json\/wp\/v2\/users\/9"}],"replies":[{"embeddable":true,"href":"https:\/\/www.hoenle-eleco.com\/es\/wp-json\/wp\/v2\/comments?post=9883"}],"version-history":[{"count":5,"href":"https:\/\/www.hoenle-eleco.com\/es\/wp-json\/wp\/v2\/pages\/9883\/revisions"}],"predecessor-version":[{"id":10212,"href":"https:\/\/www.hoenle-eleco.com\/es\/wp-json\/wp\/v2\/pages\/9883\/revisions\/10212"}],"up":[{"embeddable":true,"href":"https:\/\/www.hoenle-eleco.com\/es\/wp-json\/wp\/v2\/pages\/9776"}],"wp:attachment":[{"href":"https:\/\/www.hoenle-eleco.com\/es\/wp-json\/wp\/v2\/media?parent=9883"}],"curies":[{"name":"wp","href":"https:\/\/api.w.org\/{rel}","templated":true}]}}