{"id":9870,"date":"2025-12-12T12:29:29","date_gmt":"2025-12-12T11:29:29","guid":{"rendered":"https:\/\/www.hoenle-eleco.com\/?page_id=9870"},"modified":"2026-01-29T11:08:14","modified_gmt":"2026-01-29T10:08:14","slug":"control-no-destructivo","status":"publish","type":"page","link":"https:\/\/www.hoenle-eleco.com\/es\/aplicaciones\/control-de-fluorescencia\/control-no-destructivo\/","title":{"rendered":"Control no destructivo"},"content":{"rendered":"<div class=\"wpb-content-wrapper\"><p>[vc_section css=\u00bb.vc_custom_1752143461288{background-color: #F2F4F6 !important;}\u00bb][vc_row][vc_column width=\u00bb1\/2&#8243;]\n<h1 class=\"akt-heading akt-heading--block akt-heading--h1 akt-heading--align-left\">\n            <span class=\"akt-heading__part akt-heading__part--light\">Control no destructivo<\/span>\n                <span class=\"akt-heading__part akt-heading__part--bold\">con luz negra<\/span>\n    <\/h1>[\/vc_column][vc_column width=\u00bb1\/2&#8243;][vc_column_text css=\u00bb\u00bb]Las pruebas no destructivas (Non-destrictive testing, NDT) constituyen un m\u00e9todo esencial para examinar materiales y componentes sin da\u00f1arlos. Entre los diferentes m\u00e9todos NDT, la combinaci\u00f3n de radiaci\u00f3n UV y fluorescencia se ha vuelto cada vez m\u00e1s popular debido a su capacidad para revelar incluso los defectos m\u00e1s peque\u00f1os. Estos m\u00e9todos desempe\u00f1an un papel crucial en la detecci\u00f3n de grietas, poros y otros defectos materiales que pueden pasar desapercibidos en condiciones normales de iluminaci\u00f3n.<\/p>\n<p>&nbsp;<\/p>\n<p>La radiaci\u00f3n UV es una radiaci\u00f3n electromagn\u00e9tica invisible al ojo humano. En los ensayos no destructivos, la radiaci\u00f3n UV activa ciertas sustancias que son sensibles a ella y las hace fluorescer. Esta fluorescencia es crucial para detectar defectos ocultos en los materiales, especialmente cuando otros m\u00e9todos de ensayo no permiten identificar posibles problemas. Mediante el uso de colorantes o polvos fluorescentes, los especialistas en ensayos no destructivos pueden localizar incluso los defectos m\u00e1s peque\u00f1os que pueden comprometer la integridad estructural de un componente o producto.[\/vc_column_text][\/vc_column][\/vc_row][vc_row][vc_column width=\u00bb1\/4&#8243;][\/vc_column][vc_column width=\u00bb1\/4&#8243;][\/vc_column][vc_column width=\u00bb1\/4&#8243;]\n<div class=\"akt-button-wrapper akt-button-wrapper--align-left\">\n            <a href=\"\/contact\" \n           class=\"akt-button akt-button--medium akt-button--primary\" aria-label=\"Contactez-nous\"                      >\n            <span class=\"akt-button__text\">Contactez-nous<\/span>\n        <\/a>\n    <\/div>[\/vc_column][vc_column width=\u00bb1\/4&#8243;][\/vc_column][\/vc_row][\/vc_section][vc_section css=\u00bb.vc_custom_1752579807249{background-color: #FFFFFF !important;}\u00bb][vc_row][vc_column width=\u00bb1\/2&#8243;]\n<h2 class=\"akt-heading akt-heading--inline akt-heading--h2 akt-heading--align-left\">\n            <span class=\"akt-heading__part akt-heading__part--light\">Avantages<\/span>\n                <span class=\"akt-heading__part akt-heading__part--bold\">des essais non destructifs (NDT)<\/span>\n    <\/h2>[vc_column_text css=\u00bb\u00bb]<\/p>\n<ul>\n<li>No destructivo: no se producen da\u00f1os en los materiales durante la inspecci\u00f3n.<\/li>\n<li>Alta sensibilidad: detecta incluso los defectos m\u00e1s peque\u00f1os o profundos.<\/li>\n<li>Rentable: r\u00e1pido, sencillo y asequible en comparaci\u00f3n con otros m\u00e9todos.<\/li>\n<li>Vers\u00e1til: aplicable a diversos materiales, como metales, pl\u00e1sticos y compuestos.<\/li>\n<\/ul>\n<p>[\/vc_column_text][\/vc_column][vc_column width=\u00bb1\/2&#8243;][vc_single_image image=\u00bb9789&#8243; img_size=\u00bbfull\u00bb css=\u00bb\u00bb][vc_column_text css=\u00bb\u00bb]Se examina un motor de avi\u00f3n con un UVA HAND 250 para detectar las grietas m\u00e1s peque\u00f1as.[\/vc_column_text][vc_column_text css=\u00bb\u00bb]En savoir plus sur le Hoenle <a href=\"https:\/\/www.hoenle-eleco.com\/es\/productos-y-soluciones\/categorias-de-productos\/equipos-de-radiacion-uv\/lamparas-uv-tradicionales\/uva-hand-250\/\">UVA HAND 250\u00a0<\/a>[\/vc_column_text][\/vc_column][\/vc_row][\/vc_section][vc_section css=\u00bb.vc_custom_1765537143326{background-color: #F2F4F6 !important;}\u00bb][vc_row][vc_column width=\u00bb1\/3&#8243;]\n<h2 class=\"akt-heading akt-heading--block akt-heading--h2 akt-heading--align-left\">\n            <span class=\"akt-heading__part akt-heading__part--light\">Contact<\/span>\n                <span class=\"akt-heading__part akt-heading__part--bold\">et assistance<\/span>\n    <\/h2>[vc_empty_space height=\u00bb15px\u00bb][\/vc_column][vc_column width=\u00bb2\/3&#8243;][vc_column_text css=\u00bb\u00bb]Vous avez des questions ou besoin d&#8217;aide pour le contr\u00f4le de la fluorescence ?<\/p>\n<p>Nous sommes l\u00e0 pour vous aider.<\/p>\n<p>Contactez-nous par e-mail \u00e0\u00a0<a href=\"mailto:eleco@hoenle-eleco.com\">eleco@hoenle-eleco.com<\/a>\u00a0ou par t\u00e9l\u00e9phone: +33 (0)1 47 92 41 80.[\/vc_column_text][vc_empty_space height=\u00bb15px\u00bb]\n<div class=\"akt-button-wrapper akt-button-wrapper--align-left\">\n            <a href=\"\/contact\" \n           class=\"akt-button akt-button--medium akt-button--primary\" aria-label=\"Contactez-nous\"                      >\n            <span class=\"akt-button__text\">Contactez-nous<\/span>\n        <\/a>\n    <\/div>[\/vc_column][\/vc_row][\/vc_section][vc_section css=\u00bb.vc_custom_1752579807249{background-color: #FFFFFF !important;}\u00bb][vc_row][vc_column width=\u00bb1\/3&#8243;]\n<h2 class=\"akt-heading akt-heading--block akt-heading--h2 akt-heading--align-left\">\n            <span class=\"akt-heading__part akt-heading__part--light\">Nos Solutions<\/span>\n                <span class=\"akt-heading__part akt-heading__part--bold\">Fluorescentes<\/span>\n    <\/h2>[vc_empty_space height=\u00bb15px\u00bb][\/vc_column][vc_column width=\u00bb2\/3&#8243;][vc_row_inner][vc_column_inner width=\u00bb1\/2&#8243;]\n<div id=\"akt-image-text-6990\" class=\"akt-image-text-single akt-image-text-single--aspect-landscape akt-image-text-single--align-center akt-image-text-single--clickable akt-image-text-single--has-overlay akt-image-text-single--animate-fade-in\">\n    \n                        <a href=\"https:\/\/www.hoenle-eleco.com\/fr\/produits-solutions\/categories-produits\/equipements-dinsolation-uv\/\" \n               class=\"akt-image-text-single__image-link\"\n                                             title=\"\u00c9quipement \u00e0 lumi\u00e8re UV LED\"               aria-label=\"\u00c9quipement \u00e0 lumi\u00e8re UV LED\">\n                \n        <div class=\"akt-image-text-single__image-container\">\n            <img decoding=\"async\" src=\"https:\/\/www.hoenle-eleco.com\/wp-content\/uploads\/Connector-Bonding-UV-adhesive.jpg\" \n                 srcset=\"https:\/\/www.hoenle-eleco.com\/wp-content\/uploads\/Connector-Bonding-UV-adhesive.jpg 1500w, https:\/\/www.hoenle-eleco.com\/wp-content\/uploads\/Connector-Bonding-UV-adhesive-300x225.jpg 300w, https:\/\/www.hoenle-eleco.com\/wp-content\/uploads\/Connector-Bonding-UV-adhesive-1024x768.jpg 1024w, https:\/\/www.hoenle-eleco.com\/wp-content\/uploads\/Connector-Bonding-UV-adhesive-768x576.jpg 768w\"                 sizes=\"(max-width: 768px) 100vw, (max-width: 1024px) 50vw, 33vw\"\n                 alt=\"\u00c9quipement \u00e0 lumi\u00e8re UV LED\" \n                 class=\"akt-image-text-single__image\" \n                 loading=\"lazy\" \/>\n        <\/div>\n        \n                    <\/a>\n            \n            <div class=\"akt-image-text-single__text-container\">\n                            <a href=\"https:\/\/www.hoenle-eleco.com\/fr\/produits-solutions\/categories-produits\/equipements-dinsolation-uv\/\" \n                   class=\"akt-image-text-single__text-link\"\n                                                         title=\"\u00c9quipement \u00e0 lumi\u00e8re UV LED\"                   aria-label=\"\u00c9quipement \u00e0 lumi\u00e8re UV LED\">\n                        \n            <h3 class=\"akt-image-text-single__text\">\u00c9quipement \u00e0 lumi\u00e8re UV LED<\/h3>\n            \n                            <\/a>\n                    <\/div>\n    \n<\/div>[\/vc_column_inner][vc_column_inner width=\u00bb1\/2&#8243;]\n<div id=\"akt-image-text-6649\" class=\"akt-image-text-single akt-image-text-single--aspect-landscape akt-image-text-single--align-center akt-image-text-single--clickable akt-image-text-single--has-overlay akt-image-text-single--animate-fade-in\">\n    \n                        <a href=\"https:\/\/www.hoenle-eleco.com\/fr\/produits-solutions\/colles-industrielles\/colles-uv\/\" \n               class=\"akt-image-text-single__image-link\"\n                                             title=\"UV Adhesives\"               aria-label=\"Colles fluorescentes\">\n                \n        <div class=\"akt-image-text-single__image-container\">\n            <img decoding=\"async\" src=\"https:\/\/www.hoenle-eleco.com\/wp-content\/uploads\/dialysefilter-mit-fluoreszierendem-kleber-bonding-dialysis-filter-with-fluorescing-glue.jpeg\" \n                                  sizes=\"(max-width: 768px) 100vw, (max-width: 1024px) 50vw, 33vw\"\n                 alt=\"Colles fluorescentes\" \n                 class=\"akt-image-text-single__image\" \n                 loading=\"lazy\" \/>\n        <\/div>\n        \n                    <\/a>\n            \n            <div class=\"akt-image-text-single__text-container\">\n                            <a href=\"https:\/\/www.hoenle-eleco.com\/fr\/produits-solutions\/colles-industrielles\/colles-uv\/\" \n                   class=\"akt-image-text-single__text-link\"\n                                                         title=\"UV Adhesives\"                   aria-label=\"Colles fluorescentes\">\n                        \n            <h3 class=\"akt-image-text-single__text\">Colles fluorescentes<\/h3>\n            \n                            <\/a>\n                    <\/div>\n    \n<\/div>[\/vc_column_inner][\/vc_row_inner][\/vc_column][\/vc_row][\/vc_section]<\/p>\n<\/div>","protected":false},"excerpt":{"rendered":"<p>[vc_section css=\u00bb.vc_custom_1752143461288{background-color: #F2F4F6 !important;}\u00bb][vc_row][vc_column width=\u00bb1\/2&#8243;][\/vc_column][vc_column width=\u00bb1\/2&#8243;][vc_column_text css=\u00bb\u00bb]Las pruebas no destructivas (Non-destrictive testing, NDT) constituyen un m\u00e9todo esencial para examinar materiales [&hellip;]<\/p>\n","protected":false},"author":9,"featured_media":0,"parent":9776,"menu_order":0,"comment_status":"closed","ping_status":"closed","template":"","meta":{"site-sidebar-layout":"no-sidebar","site-content-layout":"plain-container","ast-site-content-layout":"default","site-content-style":"default","site-sidebar-style":"default","ast-global-header-display":"","ast-banner-title-visibility":"","ast-main-header-display":"","ast-hfb-above-header-display":"","ast-hfb-below-header-display":"","ast-hfb-mobile-header-display":"","site-post-title":"disabled","ast-breadcrumbs-content":"","ast-featured-img":"disabled","footer-sml-layout":"","theme-transparent-header-meta":"default","adv-header-id-meta":"","stick-header-meta":"","header-above-stick-meta":"","header-main-stick-meta":"","header-below-stick-meta":"","astra-migrate-meta-layouts":"set","ast-page-background-enabled":"default","ast-page-background-meta":{"desktop":{"background-color":"var(--ast-global-color-5)","background-image":"","background-repeat":"repeat","background-position":"center center","background-size":"auto","background-attachment":"scroll","background-type":"","background-media":"","overlay-type":"","overlay-color":"","overlay-opacity":"","overlay-gradient":""},"tablet":{"background-color":"","background-image":"","background-repeat":"repeat","background-position":"center center","background-size":"auto","background-attachment":"scroll","background-type":"","background-media":"","overlay-type":"","overlay-color":"","overlay-opacity":"","overlay-gradient":""},"mobile":{"background-color":"","background-image":"","background-repeat":"repeat","background-position":"center center","background-size":"auto","background-attachment":"scroll","background-type":"","background-media":"","overlay-type":"","overlay-color":"","overlay-opacity":"","overlay-gradient":""}},"ast-content-background-meta":{"desktop":{"background-color":"var(--ast-global-color-4)","background-image":"","background-repeat":"repeat","background-position":"center center","background-size":"auto","background-attachment":"scroll","background-type":"","background-media":"","overlay-type":"","overlay-color":"","overlay-opacity":"","overlay-gradient":""},"tablet":{"background-color":"var(--ast-global-color-4)","background-image":"","background-repeat":"repeat","background-position":"center center","background-size":"auto","background-attachment":"scroll","background-type":"","background-media":"","overlay-type":"","overlay-color":"","overlay-opacity":"","overlay-gradient":""},"mobile":{"background-color":"var(--ast-global-color-4)","background-image":"","background-repeat":"repeat","background-position":"center center","background-size":"auto","background-attachment":"scroll","background-type":"","background-media":"","overlay-type":"","overlay-color":"","overlay-opacity":"","overlay-gradient":""}},"footnotes":""},"class_list":["post-9870","page","type-page","status-publish","hentry"],"_links":{"self":[{"href":"https:\/\/www.hoenle-eleco.com\/es\/wp-json\/wp\/v2\/pages\/9870","targetHints":{"allow":["GET"]}}],"collection":[{"href":"https:\/\/www.hoenle-eleco.com\/es\/wp-json\/wp\/v2\/pages"}],"about":[{"href":"https:\/\/www.hoenle-eleco.com\/es\/wp-json\/wp\/v2\/types\/page"}],"author":[{"embeddable":true,"href":"https:\/\/www.hoenle-eleco.com\/es\/wp-json\/wp\/v2\/users\/9"}],"replies":[{"embeddable":true,"href":"https:\/\/www.hoenle-eleco.com\/es\/wp-json\/wp\/v2\/comments?post=9870"}],"version-history":[{"count":5,"href":"https:\/\/www.hoenle-eleco.com\/es\/wp-json\/wp\/v2\/pages\/9870\/revisions"}],"predecessor-version":[{"id":10213,"href":"https:\/\/www.hoenle-eleco.com\/es\/wp-json\/wp\/v2\/pages\/9870\/revisions\/10213"}],"up":[{"embeddable":true,"href":"https:\/\/www.hoenle-eleco.com\/es\/wp-json\/wp\/v2\/pages\/9776"}],"wp:attachment":[{"href":"https:\/\/www.hoenle-eleco.com\/es\/wp-json\/wp\/v2\/media?parent=9870"}],"curies":[{"name":"wp","href":"https:\/\/api.w.org\/{rel}","templated":true}]}}