{"id":9798,"date":"2025-11-25T16:55:57","date_gmt":"2025-11-25T15:55:57","guid":{"rendered":"https:\/\/www.hoenle-eleco.com\/?page_id=9798"},"modified":"2026-01-29T11:11:37","modified_gmt":"2026-01-29T10:11:37","slug":"control-de-dosificacion-preciso","status":"publish","type":"page","link":"https:\/\/www.hoenle-eleco.com\/es\/aplicaciones\/control-de-fluorescencia\/control-de-dosificacion-preciso\/","title":{"rendered":"Control de dosificaci\u00f3n preciso"},"content":{"rendered":"<div class=\"wpb-content-wrapper\"><p>[vc_section css=\u00bb.vc_custom_1752143461288{background-color: #F2F4F6 !important;}\u00bb][vc_row][vc_column width=\u00bb1\/2&#8243;]\n<h1 class=\"akt-heading akt-heading--block akt-heading--h1 akt-heading--align-left\">\n            <span class=\"akt-heading__part akt-heading__part--light\">Control de dosificaci\u00f3n preciso<\/span>\n                <span class=\"akt-heading__part akt-heading__part--bold\">con tecnolog\u00eda de luz UV<\/span>\n    <\/h1>[\/vc_column][vc_column width=\u00bb1\/2&#8243;][vc_column_text css=\u00bb\u00bb]En la fabricaci\u00f3n industrial, es esencial disponer de una dosificaci\u00f3n precisa y un control exacto de los productos dosificados, como adhesivos, pinturas, aceites, grasas o siliconas. Hoenle ofrece sistemas avanzados de luz negra que hacen que las sustancias fluorescentes sean visibles bajo la luz UV, lo que permite una inspecci\u00f3n y verificaci\u00f3n precisas de la aplicaci\u00f3n de los productos. Aprovechando la fluorescencia de los materiales, los componentes acabados pueden inspeccionarse con tecnolog\u00eda de c\u00e1mara para identificar los desechos y garantizar as\u00ed el mantenimiento de altos est\u00e1ndares de calidad a lo largo de toda la producci\u00f3n.<\/p>\n<p>&nbsp;<\/p>\n<p>La tecnolog\u00eda UV ofrece un m\u00e9todo r\u00e1pido y no destructivo para controlar los productos aplicados. Las sustancias que contienen marcadores fluorescentes reaccionan a la radiaci\u00f3n UV, lo que facilita la detecci\u00f3n de aplicaciones desiguales o faltantes. Esta visibilidad permite corregir la dosificaci\u00f3n al establecer un proceso de fabricaci\u00f3n para minimizar los desechos, al tiempo que se garantiza un control de calidad automatizado durante los procesos de fabricaci\u00f3n en curso.[\/vc_column_text][\/vc_column][\/vc_row][vc_row][vc_column width=\u00bb1\/4&#8243;][\/vc_column][vc_column width=\u00bb1\/4&#8243;][\/vc_column][vc_column width=\u00bb1\/4&#8243;]\n<div class=\"akt-button-wrapper akt-button-wrapper--align-left\">\n            <a href=\"https:\/\/www.hoenle-eleco.com\/fr\/contact\/\" \n           class=\"akt-button akt-button--medium akt-button--primary\" title=\"Contact\" aria-label=\"Contact\"                      >\n            <span class=\"akt-button__text\">Contactez-nous<\/span>\n        <\/a>\n    <\/div>[\/vc_column][vc_column width=\u00bb1\/4&#8243;][\/vc_column][\/vc_row][\/vc_section][vc_section css=\u00bb.vc_custom_1752579807249{background-color: #FFFFFF !important;}\u00bb][vc_row][vc_column width=\u00bb1\/2&#8243;]\n<h2 class=\"akt-heading akt-heading--inline akt-heading--h2 akt-heading--align-left\">\n            <span class=\"akt-heading__part akt-heading__part--light\">Ventajas de la<\/span>\n                <span class=\"akt-heading__part akt-heading__part--bold\">monitorizaci\u00f3n de precisi\u00f3n mediante UV<\/span>\n    <\/h2>[vc_column_text css=\u00bb\u00bb]<\/p>\n<ul>\n<li>No destructivo: los sistemas de inspecci\u00f3n con luz UV permiten realizar controles r\u00e1pidos y no intrusivos sin alterar el producto.<\/li>\n<li>Dosificaci\u00f3n precisa: la posibilidad de visualizar la aplicaci\u00f3n del adhesivo gracias a la fluorescencia garantiza una distribuci\u00f3n precisa y uniforme, minimizando as\u00ed los errores de aplicaci\u00f3n.<\/li>\n<li>Mayor eficiencia: la supervisi\u00f3n y el control del proceso de distribuci\u00f3n contribuyen a racionalizar la producci\u00f3n, reduciendo as\u00ed el riesgo de retrasos y defectos.<\/li>\n<li>Aplicaciones vers\u00e1tiles: los sistemas UV de Hoenle son muy adaptables y adecuados para su uso en sectores que van desde la fabricaci\u00f3n de dispositivos m\u00e9dicos hasta la automoci\u00f3n y la electr\u00f3nica.<\/li>\n<\/ul>\n<p>[\/vc_column_text][\/vc_column][vc_column width=\u00bb1\/2&#8243;][vc_single_image image=\u00bb9783&#8243; img_size=\u00bbfull\u00bb css=\u00bb\u00bb][vc_column_text css=\u00bb\u00bb]El adhesivo fluorescente UV se expone a la luz UV con ayuda de un Hoenle LED Spot 200.[\/vc_column_text][vc_column_text css=\u00bb\u00bb]En savoir plus sur le <a href=\"https:\/\/www.hoenle-eleco.com\/es\/productos-y-soluciones\/categorias-de-productos\/equipos-de-radiacion-uv\/equipos-led-uv\/led-spot-200-hp-ic\/\">Hoenle LED Spot 200<\/a>[\/vc_column_text][\/vc_column][\/vc_row][vc_row][vc_column][vc_empty_space height=\u00bb50&#8243;]\n<h2 class=\"akt-heading akt-heading--inline akt-heading--h2 akt-heading--align-left\">\n            <span class=\"akt-heading__part akt-heading__part--light\">Principales aplicaciones de la tecnolog\u00eda UV<\/span>\n                <span class=\"akt-heading__part akt-heading__part--bold\">para una dosificaci\u00f3n precisa<\/span>\n    <\/h2>\n<div class=\"akt-grid akt-grid--columns-3 akt-grid--align-center akt-grid--aspect-16_9 akt-grid--hover akt-grid--fit-cover akt-grid--animation-fade_in\" \n     id=\"akt-grid-6a098198e9e27\"\n     data-columns=\"3\"\n     data-animation=\"fade-in\">\n\n            <style>@media (max-width: 768px) { #akt-grid-6a098198e9e27 .akt-grid__content { background-color: #ffffff; } }<\/style>\n         \n    \n            <div class=\"akt-grid__container\">\n                                            \n                <div class=\"akt-grid__item\" \n                     data-index=\"0\"\n                     style=\"--animation-delay: 0s\">\n                    \n                                            <a href=\"https:\/\/www.hoenle-eleco.com\/fr\/applications\/collage\/colles-medicales\/collage-aiguille-medicale\/\"\n                                                                                     title=\"Collage aiguille\"\n                                                      class=\"akt-grid__item-link\">\n                                        \n                                            <div class=\"akt-grid__image akt-grid__image--16_9\">\n                            <img decoding=\"async\" src=\"https:\/\/www.hoenle-eleco.com\/wp-content\/uploads\/Glass-Needles-with-Fluorescent-UV-glue-IMGP2671.jpg\" \n                                 alt=\"Collage \u00e0 l&#039;aiguille dans le domaine de la technologie m\u00e9dicale\" \n                                 class=\"akt-grid__image-element\"\n                                 loading=\"lazy\"\n                                 width=\"1000\"\n                                 height=\"627\">\n                        <\/div>\n                                        \n                                            <div class=\"akt-grid__content\">\n                                                            <h3 class=\"akt-grid__title\">Collage \u00e0 l&#039;aiguille dans le domaine de la technologie m\u00e9dicale<\/h3>\n                                                        \n                                                            <p class=\"akt-grid__description\">Dans le secteur m\u00e9dical, la pr\u00e9cision est essentielle lors du collage d&#039;aiguilles pour des dispositifs tels que les seringues, les cath\u00e9ters et les capteurs. Les \u00e9quipements UV de Hoenle garantissent l&#039;application de la quantit\u00e9 correcte d&#039;adh\u00e9sif pendant le processus de collage des aiguilles, assurant ainsi la s\u00e9curit\u00e9 et la fiabilit\u00e9 de la production des dispositifs m\u00e9dicaux.<\/p>\n                                                    <\/div>\n                                        \n                                            <\/a>\n                                    <\/div>\n                \n                                            \n                <div class=\"akt-grid__item\" \n                     data-index=\"1\"\n                     style=\"--animation-delay: 0s\">\n                    \n                                            <a href=\"https:\/\/www.hoenle-eleco.com\/fr\/applications\/collage\/joint-cipg\/\"\n                                                                                     title=\"CIPG\"\n                                                      class=\"akt-grid__item-link\">\n                                        \n                                            <div class=\"akt-grid__image akt-grid__image--16_9\">\n                            <img decoding=\"async\" src=\"https:\/\/www.hoenle-eleco.com\/wp-content\/uploads\/UV-Curable-CIPG-Gasket-with-fluorescent-gasket.jpg\" \n                                 alt=\"Joints CIGP dans la fabrication automobile\" \n                                 class=\"akt-grid__image-element\"\n                                 loading=\"lazy\"\n                                 width=\"1000\"\n                                 height=\"562\">\n                        <\/div>\n                                        \n                                            <div class=\"akt-grid__content\">\n                                                            <h3 class=\"akt-grid__title\">Joints CIGP dans la fabrication automobile<\/h3>\n                                                        \n                                                            <p class=\"akt-grid__description\">L&#039;industrie automobile repose largement sur les processus CIPG (Cured-in-Place Gasket, joints durcis sur place), dans lesquels l&#039;application d&#039;adh\u00e9sifs doit \u00eatre surveill\u00e9e de pr\u00e8s. Les syst\u00e8mes UV de Hoenle v\u00e9rifient l&#039;uniformit\u00e9 de l&#039;application d&#039;adh\u00e9sifs lors de la fabrication de composants automobiles, garantissant ainsi une adh\u00e9rence optimale et l&#039;int\u00e9grit\u00e9 structurelle.<\/p>\n                                                    <\/div>\n                                        \n                                            <\/a>\n                                    <\/div>\n                \n                                            \n                <div class=\"akt-grid__item\" \n                     data-index=\"2\"\n                     style=\"--animation-delay: 0s\">\n                    \n                                            <a href=\"https:\/\/www.hoenle-eleco.com\/fr\/applications\/collage\/colle-pour-pcb-circuit-imprime\/underfill-pour-flip-chip\/\"\n                                                                                     title=\"Underfills\"\n                                                      class=\"akt-grid__item-link\">\n                                        \n                                            <div class=\"akt-grid__image akt-grid__image--16_9\">\n                            <img decoding=\"async\" src=\"https:\/\/www.hoenle-eleco.com\/wp-content\/uploads\/Underfill-black-yellow-fluorescing-with-Hoenle-logo-Kopie.jpg\" \n                                 alt=\"\u00c9lectronique\" \n                                 class=\"akt-grid__image-element\"\n                                 loading=\"lazy\"\n                                 width=\"1000\"\n                                 height=\"662\">\n                        <\/div>\n                                        \n                                            <div class=\"akt-grid__content\">\n                                                            <h3 class=\"akt-grid__title\">\u00c9lectronique<\/h3>\n                                                        \n                                                            <p class=\"akt-grid__description\">Dans l&#039;industrie \u00e9lectronique, la pr\u00e9cision du dosage des colles est essentielle pour garantir la durabilit\u00e9 et la fonctionnalit\u00e9 des produits. L&#039;utilisation des colles visibles aux UV permet aux fabricants de d\u00e9tecter facilement les irr\u00e9gularit\u00e9s dans le processus de dosage, ce qui r\u00e9duit le risque de d\u00e9fauts et am\u00e9liore la qualit\u00e9 globale des produits.<\/p>\n                                                    <\/div>\n                                        \n                                            <\/a>\n                                    <\/div>\n                \n                    <\/div>\n        \n<\/div>[\/vc_column][\/vc_row][\/vc_section][vc_section css=\u00bb.vc_custom_1765537143326{background-color: #F2F4F6 !important;}\u00bb][vc_row][vc_column width=\u00bb1\/3&#8243;]\n<h2 class=\"akt-heading akt-heading--block akt-heading--h2 akt-heading--align-left\">\n            <span class=\"akt-heading__part akt-heading__part--light\">Contact<\/span>\n                <span class=\"akt-heading__part akt-heading__part--bold\">et assistance<\/span>\n    <\/h2>[vc_empty_space height=\u00bb15px\u00bb][\/vc_column][vc_column width=\u00bb2\/3&#8243;][vc_column_text css=\u00bb\u00bb]Vous avez des questions ou besoin d&#8217;aide pour le contr\u00f4le de la fluorescence ?<\/p>\n<p>Nous sommes l\u00e0 pour vous aider.<\/p>\n<p>Contactez-nous par e-mail \u00e0\u00a0<a href=\"mailto:eleco@hoenle-eleco.com\">eleco@hoenle-eleco.com<\/a>\u00a0ou par t\u00e9l\u00e9phone: +33 (0)1 47 92 41 80.[\/vc_column_text][vc_empty_space height=\u00bb15px\u00bb]\n<div class=\"akt-button-wrapper akt-button-wrapper--align-left\">\n            <a href=\"\/contact\" \n           class=\"akt-button akt-button--medium akt-button--primary\" aria-label=\"Contactez-nous\"                      >\n            <span class=\"akt-button__text\">Contactez-nous<\/span>\n        <\/a>\n    <\/div>[\/vc_column][\/vc_row][\/vc_section][vc_section css=\u00bb.vc_custom_1752579807249{background-color: #FFFFFF !important;}\u00bb][vc_row][vc_column width=\u00bb1\/3&#8243;]\n<h2 class=\"akt-heading akt-heading--block akt-heading--h2 akt-heading--align-left\">\n            <span class=\"akt-heading__part akt-heading__part--light\">Nos Solutions<\/span>\n                <span class=\"akt-heading__part akt-heading__part--bold\">Fluorescentes<\/span>\n    <\/h2>[vc_empty_space height=\u00bb15px\u00bb][\/vc_column][vc_column width=\u00bb2\/3&#8243;][vc_row_inner][vc_column_inner width=\u00bb1\/2&#8243;]\n<div id=\"akt-image-text-1922\" class=\"akt-image-text-single akt-image-text-single--aspect-landscape akt-image-text-single--align-center akt-image-text-single--clickable akt-image-text-single--has-overlay akt-image-text-single--animate-fade-in\">\n    \n                        <a href=\"https:\/\/www.hoenle-eleco.com\/fr\/produits-solutions\/categories-produits\/equipements-dinsolation-uv\/\" \n               class=\"akt-image-text-single__image-link\"\n                                             title=\"\u00c9quipement \u00e0 lumi\u00e8re UV LED\"               aria-label=\"\u00c9quipement \u00e0 lumi\u00e8re UV LED\">\n                \n        <div class=\"akt-image-text-single__image-container\">\n            <img decoding=\"async\" src=\"https:\/\/www.hoenle-eleco.com\/wp-content\/uploads\/Connector-Bonding-UV-adhesive.jpg\" \n                 srcset=\"https:\/\/www.hoenle-eleco.com\/wp-content\/uploads\/Connector-Bonding-UV-adhesive.jpg 1500w, https:\/\/www.hoenle-eleco.com\/wp-content\/uploads\/Connector-Bonding-UV-adhesive-300x225.jpg 300w, https:\/\/www.hoenle-eleco.com\/wp-content\/uploads\/Connector-Bonding-UV-adhesive-1024x768.jpg 1024w, https:\/\/www.hoenle-eleco.com\/wp-content\/uploads\/Connector-Bonding-UV-adhesive-768x576.jpg 768w\"                 sizes=\"(max-width: 768px) 100vw, (max-width: 1024px) 50vw, 33vw\"\n                 alt=\"\u00c9quipement \u00e0 lumi\u00e8re UV LED\" \n                 class=\"akt-image-text-single__image\" \n                 loading=\"lazy\" \/>\n        <\/div>\n        \n                    <\/a>\n            \n            <div class=\"akt-image-text-single__text-container\">\n                            <a href=\"https:\/\/www.hoenle-eleco.com\/fr\/produits-solutions\/categories-produits\/equipements-dinsolation-uv\/\" \n                   class=\"akt-image-text-single__text-link\"\n                                                         title=\"\u00c9quipement \u00e0 lumi\u00e8re UV LED\"                   aria-label=\"\u00c9quipement \u00e0 lumi\u00e8re UV LED\">\n                        \n            <h3 class=\"akt-image-text-single__text\">\u00c9quipement \u00e0 lumi\u00e8re UV LED<\/h3>\n            \n                            <\/a>\n                    <\/div>\n    \n<\/div>[\/vc_column_inner][vc_column_inner width=\u00bb1\/2&#8243;]\n<div id=\"akt-image-text-4904\" class=\"akt-image-text-single akt-image-text-single--aspect-landscape akt-image-text-single--align-center akt-image-text-single--clickable akt-image-text-single--has-overlay akt-image-text-single--animate-fade-in\">\n    \n                        <a href=\"https:\/\/www.hoenle-eleco.com\/fr\/produits-solutions\/colles-industrielles\/colles-uv\/\" \n               class=\"akt-image-text-single__image-link\"\n                                             title=\"UV Adhesives\"               aria-label=\"Colles fluorescentes\">\n                \n        <div class=\"akt-image-text-single__image-container\">\n            <img decoding=\"async\" src=\"https:\/\/www.hoenle-eleco.com\/wp-content\/uploads\/dialysefilter-mit-fluoreszierendem-kleber-bonding-dialysis-filter-with-fluorescing-glue.jpeg\" \n                                  sizes=\"(max-width: 768px) 100vw, (max-width: 1024px) 50vw, 33vw\"\n                 alt=\"Colles fluorescentes\" \n                 class=\"akt-image-text-single__image\" \n                 loading=\"lazy\" \/>\n        <\/div>\n        \n                    <\/a>\n            \n            <div class=\"akt-image-text-single__text-container\">\n                            <a href=\"https:\/\/www.hoenle-eleco.com\/fr\/produits-solutions\/colles-industrielles\/colles-uv\/\" \n                   class=\"akt-image-text-single__text-link\"\n                                                         title=\"UV Adhesives\"                   aria-label=\"Colles fluorescentes\">\n                        \n            <h3 class=\"akt-image-text-single__text\">Colles fluorescentes<\/h3>\n            \n                            <\/a>\n                    <\/div>\n    \n<\/div>[\/vc_column_inner][\/vc_row_inner][\/vc_column][\/vc_row][\/vc_section]<\/p>\n<\/div>","protected":false},"excerpt":{"rendered":"<p>[vc_section css=\u00bb.vc_custom_1752143461288{background-color: #F2F4F6 !important;}\u00bb][vc_row][vc_column width=\u00bb1\/2&#8243;][\/vc_column][vc_column width=\u00bb1\/2&#8243;][vc_column_text css=\u00bb\u00bb]En la fabricaci\u00f3n industrial, es esencial disponer de una dosificaci\u00f3n precisa y un control [&hellip;]<\/p>\n","protected":false},"author":9,"featured_media":0,"parent":9776,"menu_order":0,"comment_status":"closed","ping_status":"closed","template":"","meta":{"site-sidebar-layout":"no-sidebar","site-content-layout":"plain-container","ast-site-content-layout":"default","site-content-style":"default","site-sidebar-style":"default","ast-global-header-display":"","ast-banner-title-visibility":"","ast-main-header-display":"","ast-hfb-above-header-display":"","ast-hfb-below-header-display":"","ast-hfb-mobile-header-display":"","site-post-title":"disabled","ast-breadcrumbs-content":"","ast-featured-img":"disabled","footer-sml-layout":"","theme-transparent-header-meta":"default","adv-header-id-meta":"","stick-header-meta":"","header-above-stick-meta":"","header-main-stick-meta":"","header-below-stick-meta":"","astra-migrate-meta-layouts":"set","ast-page-background-enabled":"default","ast-page-background-meta":{"desktop":{"background-color":"var(--ast-global-color-5)","background-image":"","background-repeat":"repeat","background-position":"center center","background-size":"auto","background-attachment":"scroll","background-type":"","background-media":"","overlay-type":"","overlay-color":"","overlay-opacity":"","overlay-gradient":""},"tablet":{"background-color":"","background-image":"","background-repeat":"repeat","background-position":"center center","background-size":"auto","background-attachment":"scroll","background-type":"","background-media":"","overlay-type":"","overlay-color":"","overlay-opacity":"","overlay-gradient":""},"mobile":{"background-color":"","background-image":"","background-repeat":"repeat","background-position":"center center","background-size":"auto","background-attachment":"scroll","background-type":"","background-media":"","overlay-type":"","overlay-color":"","overlay-opacity":"","overlay-gradient":""}},"ast-content-background-meta":{"desktop":{"background-color":"var(--ast-global-color-4)","background-image":"","background-repeat":"repeat","background-position":"center center","background-size":"auto","background-attachment":"scroll","background-type":"","background-media":"","overlay-type":"","overlay-color":"","overlay-opacity":"","overlay-gradient":""},"tablet":{"background-color":"var(--ast-global-color-4)","background-image":"","background-repeat":"repeat","background-position":"center center","background-size":"auto","background-attachment":"scroll","background-type":"","background-media":"","overlay-type":"","overlay-color":"","overlay-opacity":"","overlay-gradient":""},"mobile":{"background-color":"var(--ast-global-color-4)","background-image":"","background-repeat":"repeat","background-position":"center center","background-size":"auto","background-attachment":"scroll","background-type":"","background-media":"","overlay-type":"","overlay-color":"","overlay-opacity":"","overlay-gradient":""}},"footnotes":""},"class_list":["post-9798","page","type-page","status-publish","hentry"],"_links":{"self":[{"href":"https:\/\/www.hoenle-eleco.com\/es\/wp-json\/wp\/v2\/pages\/9798","targetHints":{"allow":["GET"]}}],"collection":[{"href":"https:\/\/www.hoenle-eleco.com\/es\/wp-json\/wp\/v2\/pages"}],"about":[{"href":"https:\/\/www.hoenle-eleco.com\/es\/wp-json\/wp\/v2\/types\/page"}],"author":[{"embeddable":true,"href":"https:\/\/www.hoenle-eleco.com\/es\/wp-json\/wp\/v2\/users\/9"}],"replies":[{"embeddable":true,"href":"https:\/\/www.hoenle-eleco.com\/es\/wp-json\/wp\/v2\/comments?post=9798"}],"version-history":[{"count":4,"href":"https:\/\/www.hoenle-eleco.com\/es\/wp-json\/wp\/v2\/pages\/9798\/revisions"}],"predecessor-version":[{"id":10216,"href":"https:\/\/www.hoenle-eleco.com\/es\/wp-json\/wp\/v2\/pages\/9798\/revisions\/10216"}],"up":[{"embeddable":true,"href":"https:\/\/www.hoenle-eleco.com\/es\/wp-json\/wp\/v2\/pages\/9776"}],"wp:attachment":[{"href":"https:\/\/www.hoenle-eleco.com\/es\/wp-json\/wp\/v2\/media?parent=9798"}],"curies":[{"name":"wp","href":"https:\/\/api.w.org\/{rel}","templated":true}]}}