{"id":9422,"date":"2025-11-11T17:16:32","date_gmt":"2025-11-11T16:16:32","guid":{"rendered":"https:\/\/www.hoenle-eleco.com\/?page_id=9422"},"modified":"2026-02-03T17:42:44","modified_gmt":"2026-02-03T16:42:44","slug":"adhesivos-uv","status":"publish","type":"page","link":"https:\/\/www.hoenle-eleco.com\/es\/productos-y-soluciones\/categorias-de-productos\/adhesivos-industriales\/adhesivos-uv\/","title":{"rendered":"Adhesivos UV"},"content":{"rendered":"<div class=\"wpb-content-wrapper\"><p>[vc_section css=\u00bb.vc_custom_1752143461288{background-color: #F2F4F6 !important;}\u00bb][vc_row][vc_column width=\u00bb1\/2&#8243;]\n<h1 class=\"akt-heading akt-heading--inline akt-heading--h1 akt-heading--align-left\">\n            <span class=\"akt-heading__part akt-heading__part--light\">Adhesivos<\/span>\n                <span class=\"akt-heading__part akt-heading__part--bold\">UV<\/span>\n    <\/h1>[\/vc_column][vc_column width=\u00bb1\/2&#8243;][vc_column_text css=\u00bb\u00bb]Los adhesivos UV son resinas avanzadas a base de acrilato o epoxi que se polimerizan r\u00e1pidamente cuando se exponen a la luz ultravioleta (UV). Gracias a la polimerizaci\u00f3n por irradiaci\u00f3n UV, estos adhesivos forman uniones s\u00f3lidas y duraderas en cuesti\u00f3n de segundos, lo que acelera considerablemente los procesos de producci\u00f3n y mejora la eficiencia.<\/p>\n<p>Gracias a su polimerizaci\u00f3n instant\u00e1nea, su excelente transparencia y su gran resistencia, los adhesivos UV se utilizan ampliamente en la fabricaci\u00f3n industrial, especialmente en electr\u00f3nica, dispositivos m\u00e9dicos, \u00f3ptica, vidrio y ensamblaje de pl\u00e1sticos. Su capacidad para proporcionar resultados precisos, limpios y consistentes los hace ideales para entornos de producci\u00f3n automatizados y de gran volumen.[\/vc_column_text]\n<div class=\"akt-button-wrapper akt-button-wrapper--align-left\">\n            <a href=\"https:\/\/www.hoenle-eleco.com\/es\/contactos\/\" \n           class=\"akt-button akt-button--medium akt-button--primary\" title=\"Contact\" aria-label=\"Contact\"                      >\n            <span class=\"akt-button__text\">Contacto<\/span>\n        <\/a>\n    <\/div>[\/vc_column][\/vc_row][\/vc_section][vc_section css=\u00bb.vc_custom_1752579807249{background-color: #FFFFFF !important;}\u00bb][vc_row][vc_column width=\u00bb1\/2&#8243;]\n<h2 class=\"akt-heading akt-heading--inline akt-heading--h2 akt-heading--align-left\">\n            <span class=\"akt-heading__part akt-heading__part--light\">Novedad:<\/span>\n                <span class=\"akt-heading__part akt-heading__part--bold\">polimerizaci\u00f3n UV para epoxis negros<\/span>\n    <\/h2>[vc_column_text css=\u00bb\u00bb]Descubra el poder de nuestra tecnolog\u00eda Black&amp;Light, una soluci\u00f3n innovadora que permite la polimerizaci\u00f3n UV completa de los adhesivos epoxi negros, incluso en capas gruesas. A diferencia de los sistemas convencionales que se basan en mecanismos de polimerizaci\u00f3n secundarios, Black&amp;Light permite una polimerizaci\u00f3n completa, \u00fanicamente con luz, gracias a una avanzada tecnolog\u00eda LED UV.<\/p>\n<p>&nbsp;<\/p>\n<p>Este avance abre nuevas posibilidades en t\u00e9rminos de eficiencia de los procesos, flexibilidad de dise\u00f1o y rendimiento de los materiales, especialmente en aplicaciones en las que la velocidad, la precisi\u00f3n y la fiabilidad son fundamentales.[\/vc_column_text]\n<div class=\"akt-button-wrapper akt-button-wrapper--align-left\">\n            <a href=\"https:\/\/www.hoenle-eleco.com\/es\/productos-y-soluciones\/adhesivos-industriales\/vitralit\/\" \n           class=\"akt-button akt-button--medium akt-button--primary\" title=\"Black&amp;Light Technology\" aria-label=\"Black&amp;Light Technology\"                      >\n            <span class=\"akt-button__text\">Colles Black&amp;Light<\/span>\n        <\/a>\n    <\/div>[\/vc_column][vc_column width=\u00bb1\/2&#8243;][vc_single_image image=\u00bb6587&#8243; img_size=\u00bbfull\u00bb css=\u00bb\u00bb][vc_column_text css=\u00bb\u00bb]Los adhesivos UV negros son opacos y protegen los componentes sensibles de las placas de circuitos impresos.[\/vc_column_text][\/vc_column][\/vc_row][\/vc_section][vc_section css=\u00bb.vc_custom_1761833323808{background-color: #F2F4F6 !important;}\u00bb][vc_row][vc_column width=\u00bb1\/2&#8243;][vc_single_image image=\u00bb6610&#8243; img_size=\u00bbfull\u00bb css=\u00bb\u00bb][vc_column_text css=\u00bb\u00bb]Los adhesivos UV de doble curado se utilizan, por ejemplo, para pegar conectores.[\/vc_column_text][\/vc_column][vc_column width=\u00bb1\/2&#8243;]\n<h2 class=\"akt-heading akt-heading--inline akt-heading--h2 akt-heading--align-left\">\n            <span class=\"akt-heading__part akt-heading__part--light\">Adhesivos UV Dual-Cuing<\/span>\n                <span class=\"akt-heading__part akt-heading__part--bold\">ideal para zonas sombreadas<\/span>\n    <\/h2>[vc_column_text css=\u00bb\u00bb]Los adhesivos UV de doble polimerizaci\u00f3n combinan la rapidez de la polimerizaci\u00f3n por radiaci\u00f3n UV con un mecanismo de polimerizaci\u00f3n secundario, como la humedad o el calor. Esta innovadora tecnolog\u00eda garantiza una polimerizaci\u00f3n completa y fiable de los adhesivos UV, incluso en zonas donde la luz UV no puede llegar por completo, por ejemplo, en juntas de ensamblaje sombreadas u opacas. La primera etapa de polimerizaci\u00f3n se produce instant\u00e1neamente bajo irradiaci\u00f3n UV, lo que proporciona una resistencia inmediata al manejo. El segundo mecanismo de polimerizaci\u00f3n, activado por la humedad o el calor, garantiza una reticulaci\u00f3n completa y una estabilidad a largo plazo de la uni\u00f3n.<\/p>\n<p>Estos adhesivos UV de doble polimerizaci\u00f3n son ideales para ensamblajes complejos en los campos de la electr\u00f3nica, los dispositivos m\u00e9dicos, la \u00f3ptica y la automoci\u00f3n, donde la precisi\u00f3n y la durabilidad son esenciales. Nuestra serie Vitralit\u00ae Dual-Cure ofrece un procesamiento r\u00e1pido, una excelente adhesi\u00f3n a diversos sustratos y un rendimiento constante en entornos industriales dif\u00edciles.[\/vc_column_text][\/vc_column][\/vc_row][\/vc_section][vc_section css=\u00bb.vc_custom_1762873088905{background-color: #FFFFFF !important;}\u00bb][vc_row][vc_column width=\u00bb1\/2&#8243;]\n<h2 class=\"akt-heading akt-heading--inline akt-heading--h2 akt-heading--align-left\">\n            <span class=\"akt-heading__part akt-heading__part--light\">Adhesivos UV<\/span>\n                <span class=\"akt-heading__part akt-heading__part--bold\">Vitralit\u00ae<\/span>\n    <\/h2>[vc_column_text css=\u00bb\u00bb]Nuestra serie Vitralit\u00ae comprende adhesivos fotopolimerizables tanto acr\u00edlicos como epoxi, incluida una selecci\u00f3n de adhesivos epoxi negros o de doble curado. Hoenle ofrece una amplia gama de adhesivos fotopolimerizables adaptados a las diversas necesidades de aplicaci\u00f3n. Tanto si necesita soluciones de uni\u00f3n flexibles, r\u00edgidas o h\u00edbridas, los productos Vitralit\u00ae proporcionan un rendimiento, una fiabilidad y una facilidad de procesamiento excepcionales.<\/p>\n<p>P\u00f3ngase en contacto con nosotros para descubrir c\u00f3mo nuestros adhesivos UV Vitralit\u00ae pueden mejorar su velocidad de producci\u00f3n, la calidad de sus productos y la flexibilidad de dise\u00f1o, al tiempo que reducen los residuos y el consumo de energ\u00eda.[\/vc_column_text]\n<div class=\"akt-button-wrapper akt-button-wrapper--align-left\">\n            <a href=\"https:\/\/www.hoenle-eleco.com\/es\/productos-y-soluciones\/categorias-de-productos\/equipos-de-radiacion-uv\/\" \n           class=\"akt-button akt-button--medium akt-button--primary\" title=\"Equipo UV para adhesivos UV\" aria-label=\"Equipo UV para adhesivos UV\"                      >\n            <span class=\"akt-button__text\">Equipo UV para adhesivos UV<\/span>\n        <\/a>\n    <\/div>[\/vc_column][vc_column width=\u00bb1\/2&#8243;][vc_single_image image=\u00bb2508&#8243; img_size=\u00bbfull\u00bb css=\u00bb\u00bb][vc_column_text css=\u00bb\u00bb]Los adhesivos Vitralit\u00ae est\u00e1n disponibles en todos los tama\u00f1os de envase habituales.[\/vc_column_text][\/vc_column][\/vc_row][\/vc_section][vc_section css=\u00bb.vc_custom_1770136889099{background-color: #F2F4F6 !important;}\u00bb][vc_row][vc_column width=\u00bb1\/2&#8243;][vc_single_image image=\u00bb5786&#8243; img_size=\u00bbfull\u00bb css=\u00bb\u00bb][vc_column_text css=\u00bb\u00bb]En los procesos de encintado, el adhesivo UV se polimeriza con el sistema LED Powerline de Hoenle.[\/vc_column_text][\/vc_column][vc_column width=\u00bb1\/2&#8243;]\n<h2 class=\"akt-heading akt-heading--inline akt-heading--h2 akt-heading--align-left\">\n            <span class=\"akt-heading__part akt-heading__part--light\">Una polimerizaci\u00f3n UV eficaz -<\/span>\n                <span class=\"akt-heading__part akt-heading__part--bold\">gracias a la fuente luminosa adecuada<\/span>\n    <\/h2>[vc_column_text css=\u00bb\u00bb]Dependiendo de la formulaci\u00f3n del adhesivo, para la polimerizaci\u00f3n se pueden utilizar tanto l\u00e1mparas de descarga UV como modernas fuentes de luz LED UV. Las fuentes de luz LED emiten luz monocrom\u00e1tica, mientras que las l\u00e1mparas de descarga cubren un amplio espectro UV, utilizando simult\u00e1neamente varias longitudes de onda. Por el contrario, el espectro de los LED se limita a una longitud de onda espec\u00edfica.<\/p>\n<p>Por eso es fundamental elegir el sistema de polimerizaci\u00f3n adecuado para su adhesivo. \u00a1Estaremos encantados de ayudarle a encontrar la combinaci\u00f3n perfecta entre adhesivo y equipo de polimerizaci\u00f3n![\/vc_column_text]\n<div class=\"akt-button-wrapper akt-button-wrapper--align-left\">\n            <a href=\"https:\/\/www.hoenle-eleco.com\/es\/productos-y-soluciones\/categorias-de-productos\/equipos-de-radiacion-uv\/\" \n           class=\"akt-button akt-button--medium akt-button--primary\" title=\"Equipo UV para adhesivos UV\" aria-label=\"Equipo UV para adhesivos UV\"                      >\n            <span class=\"akt-button__text\">Equipo UV para adhesivos UV<\/span>\n        <\/a>\n    <\/div>[\/vc_column][\/vc_row][\/vc_section][vc_section css=\u00bb.vc_custom_1770136948619{background-color: #FFFFFF !important;}\u00bb][vc_row][vc_column width=\u00bb1\/3&#8243;]\n<h2 class=\"akt-heading akt-heading--block akt-heading--h2 akt-heading--align-left\">\n            <span class=\"akt-heading__part akt-heading__part--light\">Soluciones completas<\/span>\n                <span class=\"akt-heading__part akt-heading__part--bold\">de Hoenle Eleco<\/span>\n    <\/h2>[vc_empty_space height=\u00bb15px\u00bb][\/vc_column][vc_column width=\u00bb2\/3&#8243;][vc_row_inner][vc_column_inner width=\u00bb1\/3&#8243;]\n<div id=\"akt-image-text-7077\" class=\"akt-image-text-single akt-image-text-single--aspect-landscape akt-image-text-single--align-center akt-image-text-single--clickable akt-image-text-single--has-overlay akt-image-text-single--animate-fade-in\">\n    \n                        <a href=\"https:\/\/www.hoenle-eleco.com\/es\/productos-y-soluciones\/adhesivos-industriales\/vitralit\/\" \n               class=\"akt-image-text-single__image-link\"\n                                             title=\"Vitralit\u00ae\"               aria-label=\"Adhesivos UV Vitralit\u00ae\">\n                \n        <div class=\"akt-image-text-single__image-container\">\n            <img decoding=\"async\" src=\"https:\/\/www.hoenle-eleco.com\/wp-content\/uploads\/Cell-Contact-Systems.jpg\" \n                 srcset=\"https:\/\/www.hoenle-eleco.com\/wp-content\/uploads\/Cell-Contact-Systems.jpg 400w, https:\/\/www.hoenle-eleco.com\/wp-content\/uploads\/Cell-Contact-Systems-300x225.jpg 300w\"                 sizes=\"(max-width: 768px) 100vw, (max-width: 1024px) 50vw, 33vw\"\n                 alt=\"Cell contacting systems for e-mobility\" \n                 class=\"akt-image-text-single__image\" \n                 loading=\"lazy\" \/>\n        <\/div>\n        \n                    <\/a>\n            \n            <div class=\"akt-image-text-single__text-container\">\n                            <a href=\"https:\/\/www.hoenle-eleco.com\/es\/productos-y-soluciones\/adhesivos-industriales\/vitralit\/\" \n                   class=\"akt-image-text-single__text-link\"\n                                                         title=\"Vitralit\u00ae\"                   aria-label=\"Adhesivos UV Vitralit\u00ae\">\n                        \n            <h3 class=\"akt-image-text-single__text\">Adhesivos UV Vitralit\u00ae<\/h3>\n            \n                            <\/a>\n                    <\/div>\n    \n<\/div>[\/vc_column_inner][vc_column_inner width=\u00bb1\/3&#8243;]\n<div id=\"akt-image-text-6678\" class=\"akt-image-text-single akt-image-text-single--aspect-landscape akt-image-text-single--align-center akt-image-text-single--clickable akt-image-text-single--has-overlay akt-image-text-single--animate-fade-in\">\n    \n                        <a href=\"https:\/\/www.hoenle-eleco.com\/es\/productos-y-soluciones\/categorias-de-productos\/accesorios-y-sistemas-de-dosificacion\/\" \n               class=\"akt-image-text-single__image-link\"\n                                             title=\"Dosificaci\u00f3n\"               aria-label=\"Dosificaci\u00f3n\">\n                \n        <div class=\"akt-image-text-single__image-container\">\n            <img decoding=\"async\" src=\"https:\/\/www.hoenle-eleco.com\/wp-content\/uploads\/Dosage.jpg\" \n                 srcset=\"https:\/\/www.hoenle-eleco.com\/wp-content\/uploads\/Dosage.jpg 400w, https:\/\/www.hoenle-eleco.com\/wp-content\/uploads\/Dosage-300x196.jpg 300w\"                 sizes=\"(max-width: 768px) 100vw, (max-width: 1024px) 50vw, 33vw\"\n                 alt=\"Dosage\" \n                 class=\"akt-image-text-single__image\" \n                 loading=\"lazy\" \/>\n        <\/div>\n        \n                    <\/a>\n            \n            <div class=\"akt-image-text-single__text-container\">\n                            <a href=\"https:\/\/www.hoenle-eleco.com\/es\/productos-y-soluciones\/categorias-de-productos\/accesorios-y-sistemas-de-dosificacion\/\" \n                   class=\"akt-image-text-single__text-link\"\n                                                         title=\"Dosificaci\u00f3n\"                   aria-label=\"Dosificaci\u00f3n\">\n                        \n            <h3 class=\"akt-image-text-single__text\">Dosificaci\u00f3n<\/h3>\n            \n                            <\/a>\n                    <\/div>\n    \n<\/div>[\/vc_column_inner][vc_column_inner width=\u00bb1\/3&#8243;]\n<div id=\"akt-image-text-8281\" class=\"akt-image-text-single akt-image-text-single--aspect-landscape akt-image-text-single--align-center akt-image-text-single--clickable akt-image-text-single--has-overlay akt-image-text-single--animate-fade-in\">\n    \n                        <a href=\"https:\/\/www.hoenle-eleco.com\/es\/productos-y-soluciones\/categorias-de-productos\/equipos-de-radiacion-uv\/\" \n               class=\"akt-image-text-single__image-link\"\n                                             title=\"Equipos de curado\"               aria-label=\"Equipos de curado UV\">\n                \n        <div class=\"akt-image-text-single__image-container\">\n            <img decoding=\"async\" src=\"https:\/\/www.hoenle-eleco.com\/wp-content\/uploads\/Connector-Bonding.jpg\" \n                 srcset=\"https:\/\/www.hoenle-eleco.com\/wp-content\/uploads\/Connector-Bonding.jpg 400w, https:\/\/www.hoenle-eleco.com\/wp-content\/uploads\/Connector-Bonding-300x225.jpg 300w\"                 sizes=\"(max-width: 768px) 100vw, (max-width: 1024px) 50vw, 33vw\"\n                 alt=\"Connector Bonding\" \n                 class=\"akt-image-text-single__image\" \n                 loading=\"lazy\" \/>\n        <\/div>\n        \n                    <\/a>\n            \n            <div class=\"akt-image-text-single__text-container\">\n                            <a href=\"https:\/\/www.hoenle-eleco.com\/es\/productos-y-soluciones\/categorias-de-productos\/equipos-de-radiacion-uv\/\" \n                   class=\"akt-image-text-single__text-link\"\n                                                         title=\"Equipos de curado\"                   aria-label=\"Equipos de curado UV\">\n                        \n            <h3 class=\"akt-image-text-single__text\">Equipos de curado UV<\/h3>\n            \n                            <\/a>\n                    <\/div>\n    \n<\/div>[\/vc_column_inner][\/vc_row_inner][\/vc_column][\/vc_row][\/vc_section][vc_section css=\u00bb.vc_custom_1758483041975{background-color: #F2F4F6 !important;}\u00bb][vc_row][vc_column width=\u00bb1\/3&#8243;]\n<h2 class=\"akt-heading akt-heading--block akt-heading--h2 akt-heading--align-left\">\n            <span class=\"akt-heading__part akt-heading__part--light\">P\u00f3ngase en contacto con<\/span>\n                <span class=\"akt-heading__part akt-heading__part--bold\">y asistencia<\/span>\n    <\/h2>[\/vc_column][vc_column width=\u00bb2\/3&#8243;][vc_column_text css=\u00bb\u00bb]\u00bfTiene alguna pregunta o necesita ayuda con nuestras soluciones de adhesi\u00f3n?<\/p>\n<p>Estamos aqu\u00ed para ayudarle.<\/p>\n<p>P\u00f3ngase en contacto con nosotros por correo electr\u00f3nico en <a href=\"mailto:eleco@hoenle-eleco.com\">eleco@hoenle-eleco.com<\/a><\/p>\n<p>o por tel\u00e9fono: +34 684 76 61 12[\/vc_column_text]\n<div class=\"akt-button-wrapper akt-button-wrapper--align-left\">\n            <a href=\"https:\/\/www.hoenle-eleco.com\/es\/contactos\/\" \n           class=\"akt-button akt-button--medium akt-button--primary\" title=\"Contactos\" aria-label=\"Contactos\"                      >\n            <span class=\"akt-button__text\">P\u00f3ngase en contacto con nosotros<\/span>\n        <\/a>\n    <\/div>[vc_empty_space][\/vc_column][\/vc_row][\/vc_section]<\/p>\n<\/div>","protected":false},"excerpt":{"rendered":"<p>[vc_section css=\u00bb.vc_custom_1752143461288{background-color: #F2F4F6 !important;}\u00bb][vc_row][vc_column width=\u00bb1\/2&#8243;][\/vc_column][vc_column width=\u00bb1\/2&#8243;][vc_column_text css=\u00bb\u00bb]Los adhesivos UV son resinas avanzadas a base de acrilato o epoxi que se [&hellip;]<\/p>\n","protected":false},"author":9,"featured_media":0,"parent":7868,"menu_order":10,"comment_status":"closed","ping_status":"closed","template":"","meta":{"site-sidebar-layout":"no-sidebar","site-content-layout":"plain-container","ast-site-content-layout":"default","site-content-style":"default","site-sidebar-style":"default","ast-global-header-display":"","ast-banner-title-visibility":"","ast-main-header-display":"","ast-hfb-above-header-display":"","ast-hfb-below-header-display":"","ast-hfb-mobile-header-display":"","site-post-title":"disabled","ast-breadcrumbs-content":"","ast-featured-img":"disabled","footer-sml-layout":"","theme-transparent-header-meta":"default","adv-header-id-meta":"","stick-header-meta":"","header-above-stick-meta":"","header-main-stick-meta":"","header-below-stick-meta":"","astra-migrate-meta-layouts":"set","ast-page-background-enabled":"default","ast-page-background-meta":{"desktop":{"background-color":"var(--ast-global-color-5)","background-image":"","background-repeat":"repeat","background-position":"center center","background-size":"auto","background-attachment":"scroll","background-type":"","background-media":"","overlay-type":"","overlay-color":"","overlay-opacity":"","overlay-gradient":""},"tablet":{"background-color":"","background-image":"","background-repeat":"repeat","background-position":"center center","background-size":"auto","background-attachment":"scroll","background-type":"","background-media":"","overlay-type":"","overlay-color":"","overlay-opacity":"","overlay-gradient":""},"mobile":{"background-color":"","background-image":"","background-repeat":"repeat","background-position":"center center","background-size":"auto","background-attachment":"scroll","background-type":"","background-media":"","overlay-type":"","overlay-color":"","overlay-opacity":"","overlay-gradient":""}},"ast-content-background-meta":{"desktop":{"background-color":"var(--ast-global-color-4)","background-image":"","background-repeat":"repeat","background-position":"center center","background-size":"auto","background-attachment":"scroll","background-type":"","background-media":"","overlay-type":"","overlay-color":"","overlay-opacity":"","overlay-gradient":""},"tablet":{"background-color":"var(--ast-global-color-4)","background-image":"","background-repeat":"repeat","background-position":"center center","background-size":"auto","background-attachment":"scroll","background-type":"","background-media":"","overlay-type":"","overlay-color":"","overlay-opacity":"","overlay-gradient":""},"mobile":{"background-color":"var(--ast-global-color-4)","background-image":"","background-repeat":"repeat","background-position":"center center","background-size":"auto","background-attachment":"scroll","background-type":"","background-media":"","overlay-type":"","overlay-color":"","overlay-opacity":"","overlay-gradient":""}},"footnotes":""},"class_list":["post-9422","page","type-page","status-publish","hentry"],"_links":{"self":[{"href":"https:\/\/www.hoenle-eleco.com\/es\/wp-json\/wp\/v2\/pages\/9422","targetHints":{"allow":["GET"]}}],"collection":[{"href":"https:\/\/www.hoenle-eleco.com\/es\/wp-json\/wp\/v2\/pages"}],"about":[{"href":"https:\/\/www.hoenle-eleco.com\/es\/wp-json\/wp\/v2\/types\/page"}],"author":[{"embeddable":true,"href":"https:\/\/www.hoenle-eleco.com\/es\/wp-json\/wp\/v2\/users\/9"}],"replies":[{"embeddable":true,"href":"https:\/\/www.hoenle-eleco.com\/es\/wp-json\/wp\/v2\/comments?post=9422"}],"version-history":[{"count":4,"href":"https:\/\/www.hoenle-eleco.com\/es\/wp-json\/wp\/v2\/pages\/9422\/revisions"}],"predecessor-version":[{"id":10452,"href":"https:\/\/www.hoenle-eleco.com\/es\/wp-json\/wp\/v2\/pages\/9422\/revisions\/10452"}],"up":[{"embeddable":true,"href":"https:\/\/www.hoenle-eleco.com\/es\/wp-json\/wp\/v2\/pages\/7868"}],"wp:attachment":[{"href":"https:\/\/www.hoenle-eleco.com\/es\/wp-json\/wp\/v2\/media?parent=9422"}],"curies":[{"name":"wp","href":"https:\/\/api.w.org\/{rel}","templated":true}]}}