{"id":7993,"date":"2025-09-03T08:37:59","date_gmt":"2025-09-03T06:37:59","guid":{"rendered":"https:\/\/www.hoenle-eleco.com\/?page_id=7993"},"modified":"2026-02-20T12:49:37","modified_gmt":"2026-02-20T11:49:37","slug":"optica-y-optoelectronica","status":"publish","type":"page","link":"https:\/\/www.hoenle-eleco.com\/es\/aplicaciones\/encolado\/optica-y-optoelectronica\/","title":{"rendered":"\u00d3ptica y optoelectr\u00f3nica"},"content":{"rendered":"<div class=\"wpb-content-wrapper\"><p>[vc_section css=\u00bb.vc_custom_1752143461288{background-color: #F2F4F6 !important;}\u00bb][vc_row][vc_column width=\u00bb1\/2&#8243;]\n<h1 class=\"akt-heading akt-heading--block akt-heading--h1 akt-heading--align-left\">\n            <span class=\"akt-heading__part akt-heading__part--light\">Soluciones de encolado para<\/span>\n                <span class=\"akt-heading__part akt-heading__part--bold\">\u00d3ptica y optoelectr\u00f3nica<\/span>\n    <\/h1>[\/vc_column][vc_column width=\u00bb1\/2&#8243;][vc_column_text css=\u00bb\u00bb]Los adhesivos se utilizan en una gran variedad de \u00e1mbitos del sector \u00f3ptico. Se utilizan adhesivos especiales para fijar \u00f3pticas y lentes y mantenerlas con precisi\u00f3n en su alojamiento, as\u00ed como para unir varias lentes. Tambi\u00e9n se utilizan adhesivos especiales conductores de la luz y \u00f3pticamente muy transparentes para unir, fijar y acoplar fibras de vidrio.<\/p>\n<p>En optoelectr\u00f3nica, los adhesivos \u00f3pticamente transparentes que no amarillean se utilizan como glob tops para diodos o LED. Hoenle ofrece una gama de adhesivos especialmente formulados a base de resinas epoxi para fijar y alinear fotodiodos y fibras \u00f3pticas para registrar se\u00f1ales \u00f3pticas.<\/p>\n<p>Para sensores \u00f3pticos como c\u00e1maras o sistemas LiDAR en el sector de la automoci\u00f3n, la gama de Hoenle incluye adhesivos con baja emisi\u00f3n de gases, baja contracci\u00f3n y baja absorci\u00f3n de agua.<\/p>\n<p>Se han desarrollado nuevos adhesivos especialmente para la litograf\u00eda de microimpresi\u00f3n y nanoimpresi\u00f3n, la \u00f3ptica a nivel de oblea y la uni\u00f3n de obleas \u00f3pticas. Los nuevos adhesivos son adecuados para la producci\u00f3n de lentes refractivas y elementos \u00f3pticos difractivos (DOE), o para unir m\u00faltiples obleas de vidrio o pl\u00e1stico.[\/vc_column_text][\/vc_column][\/vc_row][vc_row][vc_column width=\u00bb1\/4&#8243;][\/vc_column][vc_column width=\u00bb1\/4&#8243;][\/vc_column][vc_column width=\u00bb1\/4&#8243;]\n<div class=\"akt-button-wrapper akt-button-wrapper--align-left\">\n            <a href=\"\/contact\" \n           class=\"akt-button akt-button--medium akt-button--primary\" aria-label=\"Contactez-nous\"                      >\n            <span class=\"akt-button__text\">Contactez-nous<\/span>\n        <\/a>\n    <\/div>[\/vc_column][vc_column width=\u00bb1\/4&#8243;][vc_column_text css=\u00bb\u00bb]<strong>Descargas<\/strong><\/p>\n<p><a href=\"https:\/\/www.hoenle.com\/wp-content\/uploads\/Hoenle-Flyer-Optical-Grade-Adhesives.pdf\" target=\"_blank\" rel=\"noopener\">Folleto \u00abOptical Grade Adhesives\u00bb<\/a>[\/vc_column_text][\/vc_column][\/vc_row][\/vc_section][vc_section css=\u00bb.vc_custom_1756366095635{background-color: #FFFFFF !important;}\u00bb][vc_row][vc_column]\n<h2 class=\"akt-heading akt-heading--block akt-heading--h2 akt-heading--align-left\">\n            <span class=\"akt-heading__part akt-heading__part--light\">Adhesivo para \u00f3ptica y optoelectr\u00f3nica<\/span>\n                <span class=\"akt-heading__part akt-heading__part--bold\">Soluciones de encolado<\/span>\n    <\/h2>[vc_empty_space height=\u00bb15px\u00bb]\n<div class=\"akt-grid akt-grid--columns-3 akt-grid--align-center akt-grid--aspect-16_9 akt-grid--hover akt-grid--fit-cover akt-grid--animation-fade_in\" \n     id=\"akt-grid-6a098490015f1\"\n     data-columns=\"3\"\n     data-animation=\"fade-in\">\n\n            <style>@media (max-width: 768px) { #akt-grid-6a098490015f1 .akt-grid__content { background-color: #ffffff; } }<\/style>\n         \n    \n            <div class=\"akt-grid__container\">\n                                            \n                <div class=\"akt-grid__item\" \n                     data-index=\"0\"\n                     style=\"--animation-delay: 0s\">\n                    \n                                            <a href=\"https:\/\/www.hoenle-eleco.com\/es\/aplicaciones\/encolado\/optica-y-optoelectronica\/pegado-de-lentes\/\" title=\"Pegado de lentillas\" class=\"akt-grid__item-link\">\n                                        \n                                            <div class=\"akt-grid__image akt-grid__image--16_9\">\n                            <img decoding=\"async\" src=\"https:\/\/www.hoenle-eleco.com\/wp-content\/uploads\/Consumer-Camera-Lens-Bonding-Cement-1000.jpg\" \n                                 alt=\"Lens Bonding in endoscopes\" \n                                 class=\"akt-grid__image-element\"\n                                 loading=\"lazy\"\n                                 width=\"1000\"\n                                 height=\"666\">\n                        <\/div>\n                                        \n                                            <div class=\"akt-grid__content\">\n                                                            <h3 class=\"akt-grid__title\">Pegado de lentillas<\/h3>\n                                                        \n                                                            <p class=\"akt-grid__description\">Las lentes y los prismas de las c\u00e1maras, los microscopios y los equipos \u00f3pticos, como los l\u00e1seres, suelen estar unidos entre s\u00ed o a su carcasa con adhesivos especiales.<\/p>\n                                                    <\/div>\n                                        \n                                            <\/a>\n                                    <\/div>\n                \n                                            \n                <div class=\"akt-grid__item\" \n                     data-index=\"1\"\n                     style=\"--animation-delay: 0s\">\n                    \n                                            <a href=\"https:\/\/www.hoenle-eleco.com\/fr\/applications\/collage\/electronique\/collage-de-module-camera\/\" title=\"Bonding camera modules\" class=\"akt-grid__item-link\">\n                                        \n                                            <div class=\"akt-grid__image akt-grid__image--16_9\">\n                            <img decoding=\"async\" src=\"https:\/\/www.hoenle-eleco.com\/wp-content\/uploads\/Lens-Bonding.jpg\" \n                                 alt=\"Pegado del m\u00f3dulo de la c\u00e1mara\" \n                                 class=\"akt-grid__image-element\"\n                                 loading=\"lazy\"\n                                 width=\"400\"\n                                 height=\"253\">\n                        <\/div>\n                                        \n                                            <div class=\"akt-grid__content\">\n                                                            <h3 class=\"akt-grid__title\">Pegado del m\u00f3dulo de la c\u00e1mara<\/h3>\n                                                        \n                                                            <p class=\"akt-grid__description\">En el caso de las peque\u00f1as c\u00e1maras integradas en los tel\u00e9fonos m\u00f3viles, las c\u00e1maras de marcha atr\u00e1s de los coches u otras c\u00e1maras en miniatura, las diferentes piezas se pueden montar f\u00e1cilmente.<\/p>\n                                                    <\/div>\n                                        \n                                            <\/a>\n                                    <\/div>\n                \n                                            \n                <div class=\"akt-grid__item\" \n                     data-index=\"2\"\n                     style=\"--animation-delay: 0s\">\n                    \n                                            <a href=\"https:\/\/www.hoenle-eleco.com\/fr\/applications\/collage\/colle-pour-pcb-circuit-imprime\/optoelectronique\/\" title=\"Optoelectronique\" class=\"akt-grid__item-link\">\n                                        \n                                            <div class=\"akt-grid__image akt-grid__image--16_9\">\n                            <img decoding=\"async\" src=\"https:\/\/www.hoenle-eleco.com\/wp-content\/uploads\/Bonding-LED-diodes-on-PCBs.jpg\" \n                                 alt=\"Attaching LEDs on a PCB\" \n                                 class=\"akt-grid__image-element\"\n                                 loading=\"lazy\"\n                                 width=\"400\"\n                                 height=\"300\">\n                        <\/div>\n                                        \n                                            <div class=\"akt-grid__content\">\n                                                            <h3 class=\"akt-grid__title\">Adhesivos para optoelectr\u00f3nica<\/h3>\n                                                        \n                                                            <p class=\"akt-grid__description\">Los dispositivos optoelectr\u00f3nicos son transductores de electricidad a \u00f3ptica o, inversamente, de \u00f3ptica a electricidad, que requieren adhesivos especialmente formulados para su fabricaci\u00f3n.<\/p>\n                                                    <\/div>\n                                        \n                                            <\/a>\n                                    <\/div>\n                \n                                            \n                <div class=\"akt-grid__item\" \n                     data-index=\"3\"\n                     style=\"--animation-delay: 0s\">\n                    \n                                            <a href=\"https:\/\/www.hoenle-eleco.com\/es\/aplicaciones\/encolado\/optica-y-optoelectronica\/active-alignment\/\" title=\"Active Alignement\" class=\"akt-grid__item-link\">\n                                        \n                                            <div class=\"akt-grid__image akt-grid__image--16_9\">\n                            <img decoding=\"async\" src=\"https:\/\/www.hoenle-eleco.com\/wp-content\/uploads\/Active-Alignment-1500-px.jpg\" \n                                 alt=\"Active Alignment\" \n                                 class=\"akt-grid__image-element\"\n                                 loading=\"lazy\"\n                                 width=\"1500\"\n                                 height=\"1500\">\n                        <\/div>\n                                        \n                                            <div class=\"akt-grid__content\">\n                                                            <h3 class=\"akt-grid__title\">Active Alignment<\/h3>\n                                                        \n                                                            <p class=\"akt-grid__description\">En la active alignment, los componentes de la c\u00e1mara o del sensor se ajustan \u00f3pticamente en tiempo real durante el proceso de montaje. La fijaci\u00f3n final se consigue mediante adhesivos fotopolimerizables.<\/p>\n                                                    <\/div>\n                                        \n                                            <\/a>\n                                    <\/div>\n                \n                                            \n                <div class=\"akt-grid__item\" \n                     data-index=\"4\"\n                     style=\"--animation-delay: 0s\">\n                    \n                                            <a href=\"https:\/\/www.hoenle-eleco.com\/fr\/applications\/collage\/optique-et-optoelectronique\/colles-pour-nano-imprint-et-wafer-bonding\/\" title=\"Colles pour (nano-) \u201cimprint et wafer bonding\u201d\" class=\"akt-grid__item-link\">\n                                        \n                                            <div class=\"akt-grid__image akt-grid__image--16_9\">\n                            <img decoding=\"async\" src=\"https:\/\/www.hoenle-eleco.com\/wp-content\/uploads\/Optics-NanostructureWafer-1.jpg\" \n                                 alt=\"UV adhesives are used to imprint nano structures on a wafer\" \n                                 class=\"akt-grid__image-element\"\n                                 loading=\"lazy\"\n                                 width=\"400\"\n                                 height=\"300\">\n                        <\/div>\n                                        \n                                            <div class=\"akt-grid__content\">\n                                                            <h3 class=\"akt-grid__title\">Imprint y wafer bonding<\/h3>\n                                                        \n                                                            <p class=\"akt-grid__description\">Las resinas \u00f3pticas y los adhesivos para aplicaciones de \u00abImprint y Optical Bonding\u00bb pueden utilizarse para los m\u00f3dulos \u00abLight Carpet\u00bb en la industria automovil\u00edstica.<\/p>\n                                                    <\/div>\n                                        \n                                            <\/a>\n                                    <\/div>\n                \n                                            \n                <div class=\"akt-grid__item\" \n                     data-index=\"5\"\n                     style=\"--animation-delay: 0s\">\n                    \n                                            <a href=\"https:\/\/www.hoenle-eleco.com\/fr\/applications\/collage\/optique-et-optoelectronique\/collage-de-fibre\/\" title=\"Collage de fibre\" class=\"akt-grid__item-link\">\n                                        \n                                            <div class=\"akt-grid__image akt-grid__image--16_9\">\n                            <img decoding=\"async\" src=\"https:\/\/www.hoenle-eleco.com\/wp-content\/uploads\/Fibre-Optics-Bonding-AdobeStock_61530640-1.jpg\" \n                                 alt=\"Adhesives are used to secure fibre optic cables\" \n                                 class=\"akt-grid__image-element\"\n                                 loading=\"lazy\"\n                                 width=\"400\"\n                                 height=\"267\">\n                        <\/div>\n                                        \n                                            <div class=\"akt-grid__content\">\n                                                            <h3 class=\"akt-grid__title\">Pegado de fibra<\/h3>\n                                                        \n                                                            <p class=\"akt-grid__description\">Para mantener los cables de fibra \u00f3ptica, las redes de fibra y las gu\u00edas de onda, hemos desarrollado adhesivos especiales que permiten la libre transmisi\u00f3n de la luz en las interfaces \u00f3pticas.<\/p>\n                                                    <\/div>\n                                        \n                                            <\/a>\n                                    <\/div>\n                \n                    <\/div>\n        \n<\/div>[\/vc_column][\/vc_row][\/vc_section][vc_section css=\u00bb.vc_custom_1758483041975{background-color: #F2F4F6 !important;}\u00bb][vc_row][vc_column width=\u00bb1\/3&#8243;]\n<h2 class=\"akt-heading akt-heading--block akt-heading--h2 akt-heading--align-left\">\n            <span class=\"akt-heading__part akt-heading__part--light\">Contact<\/span>\n                <span class=\"akt-heading__part akt-heading__part--bold\">et assistance<\/span>\n    <\/h2>[vc_empty_space height=\u00bb15px\u00bb][\/vc_column][vc_column width=\u00bb2\/3&#8243;][vc_column_text css=\u00bb\u00bb]\u00bfTiene alguna pregunta o necesita ayuda con nuestras soluciones de adhesi\u00f3n?<\/p>\n<p>Estamos aqu\u00ed para ayudarle.<\/p>\n<p>P\u00f3ngase en contacto con nosotros por correo electr\u00f3nico en <a href=\"mailto:eleco@hoenle-eleco.com\">eleco@hoenle-eleco.com<\/a> o por tel\u00e9fono: +33 (0)1 47 92 41 80.[\/vc_column_text]\n<div class=\"akt-button-wrapper akt-button-wrapper--align-left\">\n            <a href=\"\/contact\" \n           class=\"akt-button akt-button--medium akt-button--primary\" aria-label=\"Contactez-nous\"                      >\n            <span class=\"akt-button__text\">Contactez-nous<\/span>\n        <\/a>\n    <\/div>[\/vc_column][\/vc_row][\/vc_section][vc_section css=\u00bb.vc_custom_1771587429920{background-color: #FFFFFF !important;}\u00bb][vc_row][vc_column width=\u00bb1\/3&#8243;]\n<h2 class=\"akt-heading akt-heading--block akt-heading--h2 akt-heading--align-left\">\n            <span class=\"akt-heading__part akt-heading__part--light\">soluciones de sistemas<\/span>\n                <span class=\"akt-heading__part akt-heading__part--bold\">de Hoenle-Eleco<\/span>\n    <\/h2>[vc_empty_space height=\u00bb15px\u00bb][\/vc_column][vc_column width=\u00bb2\/3&#8243;][vc_row_inner][vc_column_inner width=\u00bb1\/3&#8243;]\n<div id=\"akt-image-text-6779\" class=\"akt-image-text-single akt-image-text-single--aspect-landscape akt-image-text-single--align-center akt-image-text-single--clickable akt-image-text-single--has-overlay akt-image-text-single--animate-fade-in\">\n    \n                        <a href=\"https:\/\/www.hoenle-eleco.com\/es\/productos-y-soluciones\/categorias-de-productos\/adhesivos-industriales\/adhesivos-uv\/\" class=\"akt-image-text-single__image-link\" title=\"Vitralit\u00ae\" aria-label=\"Colles UV Vitralit\u00ae\">\n                \n        <div class=\"akt-image-text-single__image-container\">\n            <img decoding=\"async\" src=\"https:\/\/www.hoenle-eleco.com\/wp-content\/uploads\/Automotive-Camera-1000.jpg\" \n                 srcset=\"https:\/\/www.hoenle-eleco.com\/wp-content\/uploads\/Automotive-Camera-1000.jpg 1000w, https:\/\/www.hoenle-eleco.com\/wp-content\/uploads\/Automotive-Camera-1000-300x227.jpg 300w, https:\/\/www.hoenle-eleco.com\/wp-content\/uploads\/Automotive-Camera-1000-768x582.jpg 768w\"                 sizes=\"(max-width: 768px) 100vw, (max-width: 1024px) 50vw, 33vw\"\n                 alt=\"Colles UV Vitralit\u00ae\" \n                 class=\"akt-image-text-single__image\" \n                 loading=\"lazy\" \/>\n        <\/div>\n        \n                    <\/a>\n            \n            <div class=\"akt-image-text-single__text-container\">\n                            <a href=\"https:\/\/www.hoenle-eleco.com\/es\/productos-y-soluciones\/categorias-de-productos\/adhesivos-industriales\/adhesivos-uv\/\" class=\"akt-image-text-single__text-link\" title=\"Vitralit\u00ae\" aria-label=\"Colles UV Vitralit\u00ae\">\n                        \n            <h3 class=\"akt-image-text-single__text\">Colles UV Vitralit\u00ae<\/h3>\n            \n                            <\/a>\n                    <\/div>\n    \n<\/div>[\/vc_column_inner][vc_column_inner width=\u00bb1\/3&#8243;]\n<div id=\"akt-image-text-8618\" class=\"akt-image-text-single akt-image-text-single--aspect-landscape akt-image-text-single--align-center akt-image-text-single--clickable akt-image-text-single--has-overlay akt-image-text-single--animate-fade-in\">\n    \n                        <a href=\"https:\/\/www.hoenle-eleco.com\/fr\/products-solutions\/categories-produits\/doseurs\/\" class=\"akt-image-text-single__image-link\" title=\"Bonding &amp; Potting\" aria-label=\"Dosage\">\n                \n        <div class=\"akt-image-text-single__image-container\">\n            <img decoding=\"async\" src=\"https:\/\/www.hoenle-eleco.com\/wp-content\/uploads\/Dosage.jpg\" \n                 srcset=\"https:\/\/www.hoenle-eleco.com\/wp-content\/uploads\/Dosage.jpg 400w, https:\/\/www.hoenle-eleco.com\/wp-content\/uploads\/Dosage-300x196.jpg 300w\"                 sizes=\"(max-width: 768px) 100vw, (max-width: 1024px) 50vw, 33vw\"\n                 alt=\"Dosage\" \n                 class=\"akt-image-text-single__image\" \n                 loading=\"lazy\" \/>\n        <\/div>\n        \n                    <\/a>\n            \n            <div class=\"akt-image-text-single__text-container\">\n                            <a href=\"https:\/\/www.hoenle-eleco.com\/fr\/products-solutions\/categories-produits\/doseurs\/\" class=\"akt-image-text-single__text-link\" title=\"Bonding &amp; Potting\" aria-label=\"Dosage\">\n                        \n            <h3 class=\"akt-image-text-single__text\">Dosage<\/h3>\n            \n                            <\/a>\n                    <\/div>\n    \n<\/div>[\/vc_column_inner][vc_column_inner width=\u00bb1\/3&#8243;]\n<div id=\"akt-image-text-2794\" class=\"akt-image-text-single akt-image-text-single--aspect-landscape akt-image-text-single--align-center akt-image-text-single--clickable akt-image-text-single--has-overlay akt-image-text-single--animate-fade-in\">\n    \n                        <a href=\"https:\/\/www.hoenle-eleco.com\/es\/productos-y-soluciones\/categorias-de-productos\/equipos-de-radiacion-uv\/\" class=\"akt-image-text-single__image-link\" title=\"UV curing Systems\" aria-label=\"\u00c9quipements d&#039;insolation\">\n                \n        <div class=\"akt-image-text-single__image-container\">\n            <img decoding=\"async\" src=\"https:\/\/www.hoenle-eleco.com\/wp-content\/uploads\/Active-Alignment-1500-px.jpg\" \n                 srcset=\"https:\/\/www.hoenle-eleco.com\/wp-content\/uploads\/Active-Alignment-1500-px.jpg 1500w, https:\/\/www.hoenle-eleco.com\/wp-content\/uploads\/Active-Alignment-1500-px-300x300.jpg 300w, https:\/\/www.hoenle-eleco.com\/wp-content\/uploads\/Active-Alignment-1500-px-1024x1024.jpg 1024w, https:\/\/www.hoenle-eleco.com\/wp-content\/uploads\/Active-Alignment-1500-px-150x150.jpg 150w, https:\/\/www.hoenle-eleco.com\/wp-content\/uploads\/Active-Alignment-1500-px-768x768.jpg 768w\"                 sizes=\"(max-width: 768px) 100vw, (max-width: 1024px) 50vw, 33vw\"\n                 alt=\"Active Alignement colle UV\" \n                 class=\"akt-image-text-single__image\" \n                 loading=\"lazy\" \/>\n        <\/div>\n        \n                    <\/a>\n            \n            <div class=\"akt-image-text-single__text-container\">\n                            <a href=\"https:\/\/www.hoenle-eleco.com\/es\/productos-y-soluciones\/categorias-de-productos\/equipos-de-radiacion-uv\/\" class=\"akt-image-text-single__text-link\" title=\"UV curing Systems\" aria-label=\"\u00c9quipements d&#039;insolation\">\n                        \n            <h3 class=\"akt-image-text-single__text\">\u00c9quipements d&#039;insolation<\/h3>\n            \n                            <\/a>\n                    <\/div>\n    \n<\/div>[\/vc_column_inner][\/vc_row_inner][\/vc_column][\/vc_row][\/vc_section]<\/p>\n<\/div>","protected":false},"excerpt":{"rendered":"<p>[vc_section css=\u00bb.vc_custom_1752143461288{background-color: #F2F4F6 !important;}\u00bb][vc_row][vc_column width=\u00bb1\/2&#8243;][\/vc_column][vc_column width=\u00bb1\/2&#8243;][vc_column_text css=\u00bb\u00bb]Los adhesivos se utilizan en una gran variedad de \u00e1mbitos del sector \u00f3ptico. Se [&hellip;]<\/p>\n","protected":false},"author":1,"featured_media":0,"parent":8238,"menu_order":6,"comment_status":"closed","ping_status":"closed","template":"","meta":{"site-sidebar-layout":"no-sidebar","site-content-layout":"plain-container","ast-site-content-layout":"default","site-content-style":"default","site-sidebar-style":"default","ast-global-header-display":"","ast-banner-title-visibility":"","ast-main-header-display":"","ast-hfb-above-header-display":"","ast-hfb-below-header-display":"","ast-hfb-mobile-header-display":"","site-post-title":"disabled","ast-breadcrumbs-content":"","ast-featured-img":"disabled","footer-sml-layout":"","theme-transparent-header-meta":"default","adv-header-id-meta":"","stick-header-meta":"","header-above-stick-meta":"","header-main-stick-meta":"","header-below-stick-meta":"","astra-migrate-meta-layouts":"set","ast-page-background-enabled":"default","ast-page-background-meta":{"desktop":{"background-color":"var(--ast-global-color-5)","background-image":"","background-repeat":"repeat","background-position":"center center","background-size":"auto","background-attachment":"scroll","background-type":"","background-media":"","overlay-type":"","overlay-color":"","overlay-opacity":"","overlay-gradient":""},"tablet":{"background-color":"","background-image":"","background-repeat":"repeat","background-position":"center center","background-size":"auto","background-attachment":"scroll","background-type":"","background-media":"","overlay-type":"","overlay-color":"","overlay-opacity":"","overlay-gradient":""},"mobile":{"background-color":"","background-image":"","background-repeat":"repeat","background-position":"center center","background-size":"auto","background-attachment":"scroll","background-type":"","background-media":"","overlay-type":"","overlay-color":"","overlay-opacity":"","overlay-gradient":""}},"ast-content-background-meta":{"desktop":{"background-color":"var(--ast-global-color-4)","background-image":"","background-repeat":"repeat","background-position":"center center","background-size":"auto","background-attachment":"scroll","background-type":"","background-media":"","overlay-type":"","overlay-color":"","overlay-opacity":"","overlay-gradient":""},"tablet":{"background-color":"var(--ast-global-color-4)","background-image":"","background-repeat":"repeat","background-position":"center center","background-size":"auto","background-attachment":"scroll","background-type":"","background-media":"","overlay-type":"","overlay-color":"","overlay-opacity":"","overlay-gradient":""},"mobile":{"background-color":"var(--ast-global-color-4)","background-image":"","background-repeat":"repeat","background-position":"center center","background-size":"auto","background-attachment":"scroll","background-type":"","background-media":"","overlay-type":"","overlay-color":"","overlay-opacity":"","overlay-gradient":""}},"footnotes":""},"class_list":["post-7993","page","type-page","status-publish","hentry"],"_links":{"self":[{"href":"https:\/\/www.hoenle-eleco.com\/es\/wp-json\/wp\/v2\/pages\/7993","targetHints":{"allow":["GET"]}}],"collection":[{"href":"https:\/\/www.hoenle-eleco.com\/es\/wp-json\/wp\/v2\/pages"}],"about":[{"href":"https:\/\/www.hoenle-eleco.com\/es\/wp-json\/wp\/v2\/types\/page"}],"author":[{"embeddable":true,"href":"https:\/\/www.hoenle-eleco.com\/es\/wp-json\/wp\/v2\/users\/1"}],"replies":[{"embeddable":true,"href":"https:\/\/www.hoenle-eleco.com\/es\/wp-json\/wp\/v2\/comments?post=7993"}],"version-history":[{"count":15,"href":"https:\/\/www.hoenle-eleco.com\/es\/wp-json\/wp\/v2\/pages\/7993\/revisions"}],"predecessor-version":[{"id":10535,"href":"https:\/\/www.hoenle-eleco.com\/es\/wp-json\/wp\/v2\/pages\/7993\/revisions\/10535"}],"up":[{"embeddable":true,"href":"https:\/\/www.hoenle-eleco.com\/es\/wp-json\/wp\/v2\/pages\/8238"}],"wp:attachment":[{"href":"https:\/\/www.hoenle-eleco.com\/es\/wp-json\/wp\/v2\/media?parent=7993"}],"curies":[{"name":"wp","href":"https:\/\/api.w.org\/{rel}","templated":true}]}}