{"id":7972,"date":"2025-09-06T13:39:41","date_gmt":"2025-09-06T11:39:41","guid":{"rendered":"https:\/\/www.hoenle-eleco.com\/?page_id=7972"},"modified":"2025-11-13T09:05:37","modified_gmt":"2025-11-13T08:05:37","slug":"alimentador-electroneumatico-eb105v","status":"publish","type":"page","link":"https:\/\/www.hoenle-eleco.com\/es\/productos-y-soluciones\/categorias-de-productos\/accesorios-y-sistemas-de-dosificacion\/dosificador-y-controlador\/alimentador-electroneumatico-eb105v\/","title":{"rendered":"Alimentador electroneum\u00e1tico EB105V"},"content":{"rendered":"<div class=\"wpb-content-wrapper\"><p>[vc_section][vc_row][vc_column width=\u00bb1\/2&#8243;]\n<h1 class=\"akt-heading akt-heading--inline akt-heading--h1 akt-heading--align-left\">\n                <span class=\"akt-heading__part akt-heading__part--bold\">Doseur \u00e9lectropneumatique EB105V<\/span>\n    <\/h1>[\/vc_column][vc_column width=\u00bb1\/2&#8243;][vc_column_text css=\u00bb\u00bb]El EB105V es un dosificador electroneum\u00e1tico de <strong>0 a 2,5 bar con temporizador y tope de goteo<\/strong> para dosificar productos de viscosidad baja y media.[\/vc_column_text]\n<div class=\"akt-button-wrapper akt-button-wrapper--align-left\">\n            <a href=\"\/fr\/contact\" \n           class=\"akt-button akt-button--medium akt-button--primary\" aria-label=\"Demander une consultation\"                      >\n            <span class=\"akt-button__text\">Demander une consultation<\/span>\n        <\/a>\n    <\/div>[\/vc_column][\/vc_row][\/vc_section][vc_section css=\u00bb.vc_custom_1757147959414{background-color: #FFFFFF !important;}\u00bb][vc_row][vc_column width=\u00bb2\/3&#8243;][vc_column_text css=\u00bb\u00bb]<\/p>\n<ul>\n<li>La presi\u00f3n de alimentaci\u00f3n neum\u00e1tica es de 2,5 bares como m\u00e1ximo, filtrada a 5 micras.<\/li>\n<li>Temporizado de 00,01 a 99,99 segundos para dep\u00f3sitos de productos y modo continuo para cordones.<\/li>\n<li>El pedal de control es el\u00e9ctrico.<\/li>\n<li>Los paneles frontal y trasero son de aluminio y la carcasa protectora es de acero texturizado 12\/10 con un acabado de pintura epoxi azul.<\/li>\n<li>Dimensiones: anchura 300 mm altura 95 mm profundidad 170 mm.<\/li>\n<li>Peso: 2,6 kg.<\/li>\n<li>Se suministra con pedal, cable de alimentaci\u00f3n, 90 cm de manguera Rilsan de 4\/6 mm, soporte de jeringa, adaptador de jeringa, 3 pistones, 1 juego de agujas, &#8230;<\/li>\n<li>Fabricado y revisado en nuestros talleres. <strong>Dos a\u00f1os de garant\u00eda<\/strong>.<\/li>\n<\/ul>\n<p>[\/vc_column_text][\/vc_column][vc_column width=\u00bb1\/3&#8243;][vc_single_image image=\u00bb5811&#8243; img_size=\u00bbfull\u00bb css=\u00bb\u00bb][\/vc_column][\/vc_row][\/vc_section]<\/p>\n<\/div>","protected":false},"excerpt":{"rendered":"<p>[vc_section][vc_row][vc_column width=\u00bb1\/2&#8243;][\/vc_column][vc_column width=\u00bb1\/2&#8243;][vc_column_text css=\u00bb\u00bb]El EB105V es un dosificador electroneum\u00e1tico de 0 a 2,5 bar con temporizador y tope de goteo [&hellip;]<\/p>\n","protected":false},"author":1,"featured_media":0,"parent":8323,"menu_order":2,"comment_status":"closed","ping_status":"closed","template":"","meta":{"site-sidebar-layout":"no-sidebar","site-content-layout":"plain-container","ast-site-content-layout":"default","site-content-style":"default","site-sidebar-style":"default","ast-global-header-display":"","ast-banner-title-visibility":"","ast-main-header-display":"","ast-hfb-above-header-display":"","ast-hfb-below-header-display":"","ast-hfb-mobile-header-display":"","site-post-title":"disabled","ast-breadcrumbs-content":"","ast-featured-img":"disabled","footer-sml-layout":"","theme-transparent-header-meta":"default","adv-header-id-meta":"","stick-header-meta":"","header-above-stick-meta":"","header-main-stick-meta":"","header-below-stick-meta":"","astra-migrate-meta-layouts":"set","ast-page-background-enabled":"default","ast-page-background-meta":{"desktop":{"background-color":"var(--ast-global-color-5)","background-image":"","background-repeat":"repeat","background-position":"center center","background-size":"auto","background-attachment":"scroll","background-type":"","background-media":"","overlay-type":"","overlay-color":"","overlay-opacity":"","overlay-gradient":""},"tablet":{"background-color":"","background-image":"","background-repeat":"repeat","background-position":"center center","background-size":"auto","background-attachment":"scroll","background-type":"","background-media":"","overlay-type":"","overlay-color":"","overlay-opacity":"","overlay-gradient":""},"mobile":{"background-color":"","background-image":"","background-repeat":"repeat","background-position":"center center","background-size":"auto","background-attachment":"scroll","background-type":"","background-media":"","overlay-type":"","overlay-color":"","overlay-opacity":"","overlay-gradient":""}},"ast-content-background-meta":{"desktop":{"background-color":"var(--ast-global-color-4)","background-image":"","background-repeat":"repeat","background-position":"center center","background-size":"auto","background-attachment":"scroll","background-type":"","background-media":"","overlay-type":"","overlay-color":"","overlay-opacity":"","overlay-gradient":""},"tablet":{"background-color":"var(--ast-global-color-4)","background-image":"","background-repeat":"repeat","background-position":"center center","background-size":"auto","background-attachment":"scroll","background-type":"","background-media":"","overlay-type":"","overlay-color":"","overlay-opacity":"","overlay-gradient":""},"mobile":{"background-color":"var(--ast-global-color-4)","background-image":"","background-repeat":"repeat","background-position":"center center","background-size":"auto","background-attachment":"scroll","background-type":"","background-media":"","overlay-type":"","overlay-color":"","overlay-opacity":"","overlay-gradient":""}},"footnotes":""},"class_list":["post-7972","page","type-page","status-publish","hentry"],"_links":{"self":[{"href":"https:\/\/www.hoenle-eleco.com\/es\/wp-json\/wp\/v2\/pages\/7972","targetHints":{"allow":["GET"]}}],"collection":[{"href":"https:\/\/www.hoenle-eleco.com\/es\/wp-json\/wp\/v2\/pages"}],"about":[{"href":"https:\/\/www.hoenle-eleco.com\/es\/wp-json\/wp\/v2\/types\/page"}],"author":[{"embeddable":true,"href":"https:\/\/www.hoenle-eleco.com\/es\/wp-json\/wp\/v2\/users\/1"}],"replies":[{"embeddable":true,"href":"https:\/\/www.hoenle-eleco.com\/es\/wp-json\/wp\/v2\/comments?post=7972"}],"version-history":[{"count":2,"href":"https:\/\/www.hoenle-eleco.com\/es\/wp-json\/wp\/v2\/pages\/7972\/revisions"}],"predecessor-version":[{"id":9536,"href":"https:\/\/www.hoenle-eleco.com\/es\/wp-json\/wp\/v2\/pages\/7972\/revisions\/9536"}],"up":[{"embeddable":true,"href":"https:\/\/www.hoenle-eleco.com\/es\/wp-json\/wp\/v2\/pages\/8323"}],"wp:attachment":[{"href":"https:\/\/www.hoenle-eleco.com\/es\/wp-json\/wp\/v2\/media?parent=7972"}],"curies":[{"name":"wp","href":"https:\/\/api.w.org\/{rel}","templated":true}]}}