{"id":7846,"date":"2025-09-07T17:18:44","date_gmt":"2025-09-07T15:18:44","guid":{"rendered":"https:\/\/www.hoenle-eleco.com\/?page_id=7846"},"modified":"2025-11-13T09:14:26","modified_gmt":"2025-11-13T08:14:26","slug":"pistola-neumatica-ts510-con-cilindro","status":"publish","type":"page","link":"https:\/\/www.hoenle-eleco.com\/es\/productos-y-soluciones\/categorias-de-productos\/accesorios-y-sistemas-de-dosificacion\/pistolas-dosificadoras\/pistola-neumatica-ts510-con-cilindro\/","title":{"rendered":"Pistola neum\u00e1tica TS510 con cilindro"},"content":{"rendered":"<div class=\"wpb-content-wrapper\"><p>[vc_section][vc_row][vc_column width=\u00bb1\/2&#8243;]\n<h1 class=\"akt-heading akt-heading--inline akt-heading--h1 akt-heading--align-left\">\n                <span class=\"akt-heading__part akt-heading__part--bold\">Pistolet pneumatique TS510 \u00e0 v\u00e9rin<\/span>\n    <\/h1>[\/vc_column][vc_column width=\u00bb1\/2&#8243;][vc_column_text css=\u00bb\u00bb]La pistola neum\u00e1tica TS510 es una pistola <strong>neum\u00e1tica de alta presi\u00f3n<\/strong> dise\u00f1ada para <strong>cartuchos tipo Europa de 310 ml.<br \/>\n<\/strong>Se aplica presi\u00f3n de aire a un cilindro que empuja mec\u00e1nicamente el pist\u00f3n del cartucho.[\/vc_column_text]\n<div class=\"akt-button-wrapper akt-button-wrapper--align-left\">\n            <a href=\"\/fr\/contact\" \n           class=\"akt-button akt-button--medium akt-button--primary\" aria-label=\"Demander une consultation\"                      >\n            <span class=\"akt-button__text\">Demander une consultation<\/span>\n        <\/a>\n    <\/div>[\/vc_column][\/vc_row][\/vc_section][vc_section css=\u00bb.vc_custom_1757147959414{background-color: #FFFFFF !important;}\u00bb][vc_row][vc_column width=\u00bb2\/3&#8243;][vc_column_text css=\u00bb\u00bb]El manguito de aluminio anodizado y el tap\u00f3n de nailon garantizan una presi\u00f3n de dispensaci\u00f3n fiable de hasta 6,8 bares (100 psi).<br \/>\nSu tap\u00f3n de rosca facilita su uso y proporciona una protecci\u00f3n total al operario.<\/p>\n<p>Permite aplicar una cantidad de adhesivo de forma precisa, sin esfuerzo y con el m\u00ednimo desperdicio. Se utiliza para productos como colas de poliuretano y siliconas.<\/p>\n<p><u><strong>Funciones y prestaciones<\/strong><\/u> :<\/p>\n<ul>\n<li>Para cartuchos de 310 ml.<\/li>\n<li>Regulador incorporado.<\/li>\n<li>El regulador de presi\u00f3n controla el caudal de producto.<\/li>\n<li>F\u00e1cil cambio de caudal mediante gatillo.<\/li>\n<li>La liberaci\u00f3n del gatillo detiene el flujo de producto.<\/li>\n<li>F\u00e1cil carga de cartuchos por la parte delantera.<\/li>\n<li>Robusto.<\/li>\n<li>Compacto, ligero.<\/li>\n<\/ul>\n<p>[\/vc_column_text][\/vc_column][vc_column width=\u00bb1\/3&#8243;][vc_single_image image=\u00bb5901&#8243; img_size=\u00bbfull\u00bb css=\u00bb\u00bb][\/vc_column][\/vc_row][\/vc_section]<\/p>\n<\/div>","protected":false},"excerpt":{"rendered":"<p>[vc_section][vc_row][vc_column width=\u00bb1\/2&#8243;][\/vc_column][vc_column width=\u00bb1\/2&#8243;][vc_column_text css=\u00bb\u00bb]La pistola neum\u00e1tica TS510 es una pistola neum\u00e1tica de alta presi\u00f3n dise\u00f1ada para cartuchos tipo Europa de [&hellip;]<\/p>\n","protected":false},"author":1,"featured_media":0,"parent":7833,"menu_order":7,"comment_status":"closed","ping_status":"closed","template":"","meta":{"site-sidebar-layout":"no-sidebar","site-content-layout":"plain-container","ast-site-content-layout":"default","site-content-style":"default","site-sidebar-style":"default","ast-global-header-display":"","ast-banner-title-visibility":"","ast-main-header-display":"","ast-hfb-above-header-display":"","ast-hfb-below-header-display":"","ast-hfb-mobile-header-display":"","site-post-title":"disabled","ast-breadcrumbs-content":"","ast-featured-img":"disabled","footer-sml-layout":"","theme-transparent-header-meta":"default","adv-header-id-meta":"","stick-header-meta":"","header-above-stick-meta":"","header-main-stick-meta":"","header-below-stick-meta":"","astra-migrate-meta-layouts":"set","ast-page-background-enabled":"default","ast-page-background-meta":{"desktop":{"background-color":"var(--ast-global-color-5)","background-image":"","background-repeat":"repeat","background-position":"center center","background-size":"auto","background-attachment":"scroll","background-type":"","background-media":"","overlay-type":"","overlay-color":"","overlay-opacity":"","overlay-gradient":""},"tablet":{"background-color":"","background-image":"","background-repeat":"repeat","background-position":"center center","background-size":"auto","background-attachment":"scroll","background-type":"","background-media":"","overlay-type":"","overlay-color":"","overlay-opacity":"","overlay-gradient":""},"mobile":{"background-color":"","background-image":"","background-repeat":"repeat","background-position":"center center","background-size":"auto","background-attachment":"scroll","background-type":"","background-media":"","overlay-type":"","overlay-color":"","overlay-opacity":"","overlay-gradient":""}},"ast-content-background-meta":{"desktop":{"background-color":"var(--ast-global-color-4)","background-image":"","background-repeat":"repeat","background-position":"center center","background-size":"auto","background-attachment":"scroll","background-type":"","background-media":"","overlay-type":"","overlay-color":"","overlay-opacity":"","overlay-gradient":""},"tablet":{"background-color":"var(--ast-global-color-4)","background-image":"","background-repeat":"repeat","background-position":"center center","background-size":"auto","background-attachment":"scroll","background-type":"","background-media":"","overlay-type":"","overlay-color":"","overlay-opacity":"","overlay-gradient":""},"mobile":{"background-color":"var(--ast-global-color-4)","background-image":"","background-repeat":"repeat","background-position":"center center","background-size":"auto","background-attachment":"scroll","background-type":"","background-media":"","overlay-type":"","overlay-color":"","overlay-opacity":"","overlay-gradient":""}},"footnotes":""},"class_list":["post-7846","page","type-page","status-publish","hentry"],"_links":{"self":[{"href":"https:\/\/www.hoenle-eleco.com\/es\/wp-json\/wp\/v2\/pages\/7846","targetHints":{"allow":["GET"]}}],"collection":[{"href":"https:\/\/www.hoenle-eleco.com\/es\/wp-json\/wp\/v2\/pages"}],"about":[{"href":"https:\/\/www.hoenle-eleco.com\/es\/wp-json\/wp\/v2\/types\/page"}],"author":[{"embeddable":true,"href":"https:\/\/www.hoenle-eleco.com\/es\/wp-json\/wp\/v2\/users\/1"}],"replies":[{"embeddable":true,"href":"https:\/\/www.hoenle-eleco.com\/es\/wp-json\/wp\/v2\/comments?post=7846"}],"version-history":[{"count":2,"href":"https:\/\/www.hoenle-eleco.com\/es\/wp-json\/wp\/v2\/pages\/7846\/revisions"}],"predecessor-version":[{"id":9566,"href":"https:\/\/www.hoenle-eleco.com\/es\/wp-json\/wp\/v2\/pages\/7846\/revisions\/9566"}],"up":[{"embeddable":true,"href":"https:\/\/www.hoenle-eleco.com\/es\/wp-json\/wp\/v2\/pages\/7833"}],"wp:attachment":[{"href":"https:\/\/www.hoenle-eleco.com\/es\/wp-json\/wp\/v2\/media?parent=7846"}],"curies":[{"name":"wp","href":"https:\/\/api.w.org\/{rel}","templated":true}]}}