{"id":7833,"date":"2025-09-06T14:45:19","date_gmt":"2025-09-06T12:45:19","guid":{"rendered":"https:\/\/www.hoenle-eleco.com\/?page_id=7833"},"modified":"2025-09-29T12:33:02","modified_gmt":"2025-09-29T10:33:02","slug":"pistolas-dosificadoras","status":"publish","type":"page","link":"https:\/\/www.hoenle-eleco.com\/es\/productos-y-soluciones\/categorias-de-productos\/accesorios-y-sistemas-de-dosificacion\/pistolas-dosificadoras\/","title":{"rendered":"Pistolas dosificadoras"},"content":{"rendered":"<div class=\"wpb-content-wrapper\"><p>[vc_section][vc_row][vc_column width=\u00bb1\/2&#8243;]\n<h2 class=\"akt-heading akt-heading--inline akt-heading--h2 akt-heading--align-left\">\n                <span class=\"akt-heading__part akt-heading__part--bold\">PISTOLETS DE D\u00c9POSE<\/span>\n    <\/h2>[\/vc_column][vc_column width=\u00bb1\/2&#8243;][\/vc_column][\/vc_row][\/vc_section][vc_section css=\u00bb.vc_custom_1758721002480{background-color: #FFFFFF !important;}\u00bb][vc_row][vc_column]\n<div class=\"akt-tabs-wrapper\">\n            <div class=\"akt-tabs__header\">\n                                        <p class=\"akt-tabs__title\">PISTOLETS DE D\u00c9POSE<\/p>\n                    <\/div>\n    \n            <div class=\"akt-tabs akt-tabs--style-underline\" id=\"akt-tabs-65966\" data-default-tab=\"0\">\n            \n            <!-- Tab Navigation -->\n            <div class=\"akt-tabs__nav-wrapper\">\n                <div class=\"akt-tabs__nav\" role=\"tablist\" aria-label=\"Content tabs\">\n                                                                    <button \n                            class=\"akt-tabs__tab akt-tabs__tab--active\"\n                            id=\"akt-tabs-65966-tab-0\"\n                            role=\"tab\"\n                            aria-selected=\"true\"\n                            aria-controls=\"akt-tabs-65966-panel-0\"\n                            tabindex=\"0\"\n                            data-tab-index=\"0\">\n                            PISTOLETS MANUELS                        <\/button>\n                                                                    <button \n                            class=\"akt-tabs__tab \"\n                            id=\"akt-tabs-65966-tab-1\"\n                            role=\"tab\"\n                            aria-selected=\"false\"\n                            aria-controls=\"akt-tabs-65966-panel-1\"\n                            tabindex=\"-1\"\n                            data-tab-index=\"1\">\n                            PISTOLETS PNEUMATIQUES                        <\/button>\n                                    <\/div>\n                                    <div class=\"akt-tabs__top-controls\">\n                        <button class=\"akt-tabs__nav-button akt-tabs__nav-button--prev\"\n                                aria-label=\"Previous tab\"\n                                data-prev-title=\"PISTOLETS MANUELS\"\n                                disabled>\n                            <span class=\"akt-tabs__nav-button-icon\">\u2039<\/span>\n                        <\/button>\n                        <div class=\"akt-tabs__counter akt-tabs__counter--top\" aria-live=\"polite\" aria-atomic=\"true\">\n                            1\/2                        <\/div>\n                        <button class=\"akt-tabs__nav-button akt-tabs__nav-button--next\"\n                                aria-label=\"Next tab\"\n                                data-next-title=\"PISTOLETS PNEUMATIQUES\"\n                                                        >\n                            <span class=\"akt-tabs__nav-button-icon\">\u203a<\/span>\n                        <\/button>\n                    <\/div>\n                            <\/div>\n\n            <!-- Tab Content -->\n            <div class=\"akt-tabs__content\">\n                <div class=\"akt-tabs__panel akt-tabs__panel--active\" role=\"tabpanel\" id=\"-panel-0\" aria-labelledby=\"-tab-0\" data-tab-index=\"0\" data-tab-title=\"PISTOLETS MANUELS\">[vc_row_inner][vc_column_inner][vc_column_text css=\u00bb\u00bb]<\/p>\n<h2>PISTOLAS DE MANO<\/h2>\n<p>[\/vc_column_text][vc_column_text css=\u00bb\u00bb]Gracias a su sistema mec\u00e1nico de compresi\u00f3n de pi\u00f1\u00f3n y cremallera, las pistolas manuales facilitan la aplicaci\u00f3n de productos de uno o dos componentes (relaciones 1:1, 1:2 y 1:10). Su robusta construcci\u00f3n permite utilizarlas ampliamente en entornos industriales.[\/vc_column_text][\/vc_column_inner][\/vc_row_inner][vc_row_inner][vc_column_inner width=\u00bb1\/3&#8243;][vc_single_image image=\u00bb7031&#8243; img_size=\u00bbfull\u00bb css=\u00bb\u00bb][vc_column_text css=\u00bb\u00bb]<a href=\"https:\/\/www.hoenle-eleco.com\/fr\/products-solutions\/categories-produits\/pistolets-de-depose\/pistolet-lecamatic-70m\/\">LECAMATIC 70M<\/a><br \/>\npara cartucho 5190CP[\/vc_column_text][\/vc_column_inner][vc_column_inner width=\u00bb1\/3&#8243;][vc_single_image image=\u00bb7033&#8243; img_size=\u00bbfull\u00bb css=\u00bb\u00bb][vc_column_text css=\u00bb\u00bb]<a href=\"https:\/\/www.hoenle-eleco.com\/fr\/products-solutions\/categories-produits\/pistolets-de-depose\/pistolet-lecamatic-180m\/\">LECAMATIC 180M<\/a><br \/>\npara cartucho 5192CP<\/p>\n<p> LECAMATIC<a href=\"https:\/\/www.hoenle-eleco.com\/fr\/products-solutions\/categories-produits\/pistolets-de-depose\/pistolet-lecamatic-50-m\/\">50M<\/a><br \/>\npara jeringa 2X25 ml[\/vc_column_text][\/vc_column_inner][vc_column_inner width=\u00bb1\/3&#8243;][vc_single_image image=\u00bb7036&#8243; img_size=\u00bbfull\u00bb css=\u00bb\u00bb][vc_column_text css=\u00bb\u00bb]<a href=\"https:\/\/www.hoenle-eleco.com\/fr\/products-solutions\/categories-produits\/pistolets-de-depose\/pistolets-lecamatic-sg-m\/\">LECAMATIC 5SG\/M<\/a><br \/>\n LECAMATIC<a href=\"https:\/\/www.hoenle-eleco.com\/fr\/products-solutions\/categories-produits\/pistolets-de-depose\/pistolets-lecamatic-sg-m\/\">10SG\/M<\/a><br \/>\n LECAMATIC<a href=\"https:\/\/www.hoenle-eleco.com\/fr\/products-solutions\/categories-produits\/pistolets-de-depose\/pistolets-lecamatic-sg-m\/\">30SG\/M<br \/>\n LECAMATIC55SG\/M<\/a><br \/>\npara jeringas de 5, 10, 30 y 50 cc[\/vc_column_text][\/vc_column_inner][\/vc_row_inner][vc_row_inner][vc_column_inner width=\u00bb1\/3&#8243;][vc_single_image image=\u00bb7038&#8243; img_size=\u00bbfull\u00bb css=\u00bb\u00bb][vc_column_text css=\u00bb\u00bb]<a href=\"https:\/\/www.hoenle-eleco.com\/fr\/products-solutions\/categories-produits\/pistolets-de-depose\/pistolet-lecamatic-50-gti-m\/\">LECAMATIC 50GTI\/M<\/a><br \/>\npara jeringa 2X25 ml GTI[\/vc_column_text][\/vc_column_inner][vc_column_inner width=\u00bb1\/3&#8243;][vc_single_image image=\u00bb7040&#8243; img_size=\u00bbfull\u00bb css=\u00bb\u00bb][vc_column_text css=\u00bb\u00bb]<a href=\"https:\/\/www.hoenle-eleco.com\/fr\/products-solutions\/categories-produits\/pistolets-de-depose\/pistolets-lecamatic-200-m\/\">LECAMATIC 200M<\/a><br \/>\npara 2 cartuchos de 100 ml<\/p>\n<p> LECAMATIC<a href=\"https:\/\/www.hoenle-eleco.com\/fr\/products-solutions\/categories-produits\/pistolets-de-depose\/pistolets-lecamatic-400m\/\">400M<\/a><br \/>\npara 2 cartuchos de 200 ml Multi Ratio[\/vc_column_text][\/vc_column_inner][vc_column_inner width=\u00bb1\/3&#8243;][\/vc_column_inner][\/vc_row_inner]<\/div><div class=\"akt-tabs__panel\" role=\"tabpanel\" id=\"-panel-1\" aria-labelledby=\"-tab-1\" data-tab-index=\"1\" hidden data-tab-title=\"PISTOLETS PNEUMATIQUES\">[vc_row_inner][vc_column_inner][vc_column_text css=\u00bb\u00bb]<\/p>\n<h2>PISTOLAS NEUM\u00c1TICAS<\/h2>\n<p>[\/vc_column_text][vc_column_text css=\u00bb\u00bb]Gracias a su sistema de compresi\u00f3n neum\u00e1tica, las pistolas neum\u00e1ticas facilitan la aplicaci\u00f3n de productos de uno o dos componentes (proporciones 1:1, 1:2 y 1:10). Su robusta construcci\u00f3n permite utilizarlas ampliamente en entornos industriales.[\/vc_column_text][\/vc_column_inner][\/vc_row_inner][vc_row_inner][vc_column_inner width=\u00bb1\/3&#8243;][vc_single_image image=\u00bb7043&#8243; img_size=\u00bbfull\u00bb css=\u00bb\u00bb][vc_column_text css=\u00bb\u00bb]<a href=\"https:\/\/www.hoenle-eleco.com\/fr\/products-solutions\/categories-produits\/pistolets-de-depose\/pistolet-pneumatique-ts510-a-verin\/\">LECAMATIC TS510<\/a><br \/>\ncon cilindro neum\u00e1tico para cartucho de 310 ml[\/vc_column_text][\/vc_column_inner][vc_column_inner width=\u00bb1\/3&#8243;][vc_single_image image=\u00bb7045&#8243; img_size=\u00bbfull\u00bb css=\u00bb\u00bb][vc_column_text css=\u00bb\u00bb]<a href=\"https:\/\/www.hoenle-eleco.com\/fr\/products-solutions\/categories-produits\/pistolets-de-depose\/pistolet-lecamatic-50-gti-p\/\">LECAMATIC 50P <\/a><br \/>\npara jeringa de 2 x 25 ml[\/vc_column_text][\/vc_column_inner][vc_column_inner width=\u00bb1\/3&#8243;][vc_single_image image=\u00bb7047&#8243; img_size=\u00bbfull\u00bb css=\u00bb\u00bb][vc_column_text css=\u00bb\u00bb]<a href=\"https:\/\/www.hoenle-eleco.com\/fr\/products-solutions\/categories-produits\/pistolets-de-depose\/pistolet-pneumatique-ts-500\/\">LECAMATIC TS500<\/a><br \/>\npara cartucho de 310 m<\/p>\n<p>LECAMATIC TS600<br \/>\npara bolsa de 600 ml<\/p>\n<p>LECAMATIC TS300<br \/>\npara bolsa de 300 ml[\/vc_column_text][\/vc_column_inner][\/vc_row_inner][vc_row_inner][vc_column_inner width=\u00bb1\/3&#8243;][vc_single_image image=\u00bb7049&#8243; img_size=\u00bbfull\u00bb css=\u00bb\u00bb][vc_column_text css=\u00bb\u00bb]<a href=\"https:\/\/www.hoenle-eleco.com\/fr\/products-solutions\/categories-produits\/pistolets-de-depose\/pistolets-lecamatic-200-p\/\">LECAMATIC 200P<\/a><\/p>\n<p> LECAMATIC<a href=\"https:\/\/www.hoenle-eleco.com\/fr\/products-solutions\/categories-produits\/pistolets-de-depose\/pistolets-lecamatic-400p\/\">400P<\/a><\/p>\n<p>Multi Ratio[\/vc_column_text][\/vc_column_inner][vc_column_inner width=\u00bb1\/3&#8243;][\/vc_column_inner][vc_column_inner width=\u00bb1\/3&#8243;][\/vc_column_inner][\/vc_row_inner]<\/div>            <\/div>\n\n            <!-- Bottom Navigation -->\n                            <div class=\"akt-tabs__bottom-nav\">\n                    <div class=\"akt-tabs__bottom-nav-content\">\n                        <div class=\"akt-tabs__bottom-nav-buttons\">\n                            <button class=\"akt-tabs__nav-button akt-tabs__nav-button--prev\" \n                                    aria-label=\"Previous tab\"\n                                    data-prev-title=\"PISTOLETS MANUELS\"\n                                    disabled>\n                                <span class=\"akt-tabs__nav-button-icon\">\u2039<\/span>\n                                <span class=\"akt-tabs__nav-button-text\"><\/span>\n                            <\/button>\n                            <div class=\"akt-tabs__counter\" aria-live=\"polite\" aria-atomic=\"true\">\n                                1\/2                            <\/div>\n                            \n                            <button class=\"akt-tabs__nav-button akt-tabs__nav-button--next\" \n                                    aria-label=\"Next tab\"\n                                    data-next-title=\"PISTOLETS PNEUMATIQUES\"\n                                    >\n                                <span class=\"akt-tabs__nav-button-text\">PISTOLETS PNEUMATIQUES<\/span>\n                                <span class=\"akt-tabs__nav-button-icon\">\u203a<\/span>\n                            <\/button>\n                        <\/div>\n                    <\/div>\n                <\/div>\n                    <\/div>\n        \n    <\/div>\n\n[\/vc_column][\/vc_row][\/vc_section]<\/p>\n<\/div>","protected":false},"excerpt":{"rendered":"<p>[vc_section][vc_row][vc_column width=\u00bb1\/2&#8243;][\/vc_column][vc_column width=\u00bb1\/2&#8243;][\/vc_column][\/vc_row][\/vc_section][vc_section css=\u00bb.vc_custom_1758721002480{background-color: #FFFFFF !important;}\u00bb][vc_row][vc_column][\/vc_column][\/vc_row][\/vc_section]<\/p>\n","protected":false},"author":1,"featured_media":0,"parent":8316,"menu_order":4,"comment_status":"closed","ping_status":"closed","template":"","meta":{"site-sidebar-layout":"no-sidebar","site-content-layout":"plain-container","ast-site-content-layout":"default","site-content-style":"default","site-sidebar-style":"default","ast-global-header-display":"","ast-banner-title-visibility":"","ast-main-header-display":"","ast-hfb-above-header-display":"","ast-hfb-below-header-display":"","ast-hfb-mobile-header-display":"","site-post-title":"disabled","ast-breadcrumbs-content":"","ast-featured-img":"disabled","footer-sml-layout":"","theme-transparent-header-meta":"default","adv-header-id-meta":"","stick-header-meta":"","header-above-stick-meta":"","header-main-stick-meta":"","header-below-stick-meta":"","astra-migrate-meta-layouts":"default","ast-page-background-enabled":"default","ast-page-background-meta":{"desktop":{"background-color":"var(--ast-global-color-5)","background-image":"","background-repeat":"repeat","background-position":"center center","background-size":"auto","background-attachment":"scroll","background-type":"","background-media":"","overlay-type":"","overlay-color":"","overlay-opacity":"","overlay-gradient":""},"tablet":{"background-color":"","background-image":"","background-repeat":"repeat","background-position":"center center","background-size":"auto","background-attachment":"scroll","background-type":"","background-media":"","overlay-type":"","overlay-color":"","overlay-opacity":"","overlay-gradient":""},"mobile":{"background-color":"","background-image":"","background-repeat":"repeat","background-position":"center center","background-size":"auto","background-attachment":"scroll","background-type":"","background-media":"","overlay-type":"","overlay-color":"","overlay-opacity":"","overlay-gradient":""}},"ast-content-background-meta":{"desktop":{"background-color":"var(--ast-global-color-4)","background-image":"","background-repeat":"repeat","background-position":"center center","background-size":"auto","background-attachment":"scroll","background-type":"","background-media":"","overlay-type":"","overlay-color":"","overlay-opacity":"","overlay-gradient":""},"tablet":{"background-color":"var(--ast-global-color-4)","background-image":"","background-repeat":"repeat","background-position":"center center","background-size":"auto","background-attachment":"scroll","background-type":"","background-media":"","overlay-type":"","overlay-color":"","overlay-opacity":"","overlay-gradient":""},"mobile":{"background-color":"var(--ast-global-color-4)","background-image":"","background-repeat":"repeat","background-position":"center center","background-size":"auto","background-attachment":"scroll","background-type":"","background-media":"","overlay-type":"","overlay-color":"","overlay-opacity":"","overlay-gradient":""}},"footnotes":""},"class_list":["post-7833","page","type-page","status-publish","hentry"],"_links":{"self":[{"href":"https:\/\/www.hoenle-eleco.com\/es\/wp-json\/wp\/v2\/pages\/7833","targetHints":{"allow":["GET"]}}],"collection":[{"href":"https:\/\/www.hoenle-eleco.com\/es\/wp-json\/wp\/v2\/pages"}],"about":[{"href":"https:\/\/www.hoenle-eleco.com\/es\/wp-json\/wp\/v2\/types\/page"}],"author":[{"embeddable":true,"href":"https:\/\/www.hoenle-eleco.com\/es\/wp-json\/wp\/v2\/users\/1"}],"replies":[{"embeddable":true,"href":"https:\/\/www.hoenle-eleco.com\/es\/wp-json\/wp\/v2\/comments?post=7833"}],"version-history":[{"count":85,"href":"https:\/\/www.hoenle-eleco.com\/es\/wp-json\/wp\/v2\/pages\/7833\/revisions"}],"predecessor-version":[{"id":8324,"href":"https:\/\/www.hoenle-eleco.com\/es\/wp-json\/wp\/v2\/pages\/7833\/revisions\/8324"}],"up":[{"embeddable":true,"href":"https:\/\/www.hoenle-eleco.com\/es\/wp-json\/wp\/v2\/pages\/8316"}],"wp:attachment":[{"href":"https:\/\/www.hoenle-eleco.com\/es\/wp-json\/wp\/v2\/media?parent=7833"}],"curies":[{"name":"wp","href":"https:\/\/api.w.org\/{rel}","templated":true}]}}