{"id":7765,"date":"2025-09-10T17:59:21","date_gmt":"2025-09-10T15:59:21","guid":{"rendered":"https:\/\/www.hoenle-eleco.com\/?page_id=7765"},"modified":"2025-09-29T12:33:09","modified_gmt":"2025-09-29T10:33:09","slug":"unidades-de-polimerizacion-del-punto-uv","status":"publish","type":"page","link":"https:\/\/www.hoenle-eleco.com\/es\/productos-y-soluciones\/categorias-de-productos\/equipos-de-radiacion-uv\/unidades-de-polimerizacion-del-punto-uv\/","title":{"rendered":"Unidades de polimerizaci\u00f3n del punto UV"},"content":{"rendered":"<div class=\"wpb-content-wrapper\"><p>[vc_section css=\u00bb.vc_custom_1752143461288{background-color: #F2F4F6 !important;}\u00bb][vc_row][vc_column width=\u00bb1\/2&#8243;]\n<h1 class=\"akt-heading akt-heading--block akt-heading--h1 akt-heading--align-left\">\n            <span class=\"akt-heading__part akt-heading__part--light\">Unit\u00e9s de polym\u00e9risation<\/span>\n                <span class=\"akt-heading__part akt-heading__part--bold\">ponctuelle UV<\/span>\n    <\/h1>[\/vc_column][vc_column width=\u00bb1\/2&#8243;][vc_column_text css=\u00bb\u00bb]Los sistemas de curado UV puntuales son la piedra angular de la gama de productos Bluepoint de Hoenle. Estas l\u00e1mparas puntuales suministran dosis m\u00e1ximas de intensidad UV en cavidades de peque\u00f1o di\u00e1metro, lo que las hace ideales para el curado de peque\u00f1os dep\u00f3sitos de adhesivos UV en un tiempo r\u00e9cord. <\/p>\n<p>Hoenle ofrece unidades de curado por puntos UV de amplio espectro, as\u00ed como sistemas de curado por puntos LED monocrom\u00e1ticos que producen longitudes de onda de 365, 385 \u00f3 405 nm. Entre sus caracter\u00edsticas se incluyen la posibilidad de programar la intensidad en varios ciclos, el control de potencia y una interfaz RS232 para programaci\u00f3n y funcionamiento externos. Como los LED no emiten energ\u00eda IR, secan a temperaturas m\u00e1s bajas. Por tanto, los equipos LED son id\u00f3neos para su uso con sustratos sensibles a la temperatura.[\/vc_column_text]\n<div class=\"akt-button-wrapper akt-button-wrapper--align-left\">\n            <button class=\"akt-button akt-button--medium akt-button--primary\" aria-label=\"Contactez-nous\" type=\"button\">\n            <span class=\"akt-button__text\">Contactez-nous<\/span>\n        <\/button>\n    <\/div>[\/vc_column][\/vc_row][\/vc_section][vc_section css=\u00bb.vc_custom_1752579807249{background-color: #FFFFFF !important;}\u00bb][vc_row][vc_column][vc_row_inner][vc_column_inner]\n<div class=\"akt-grid akt-grid--columns-3 akt-grid--align-center akt-grid--aspect-16_9 akt-grid--hover akt-grid--fit-cover akt-grid--animation-fade_in\" \n     id=\"akt-grid-69deccd7ccd47\"\n     data-columns=\"3\"\n     data-animation=\"fade-in\">\n\n            <style>@media (max-width: 768px) { #akt-grid-69deccd7ccd47 .akt-grid__content { background-color: #ffffff; } }<\/style>\n         \n    \n            <div class=\"akt-grid__container\">\n                                            \n                <div class=\"akt-grid__item\" \n                     data-index=\"0\"\n                     style=\"--animation-delay: 0s\">\n                    \n                                            <a href=\"https:\/\/www.hoenle-eleco.com\/products-solutions\/product-categories\/led-uv-equipment\/hoenle-bluepoint-led-eco\/\"\n                                                                                     title=\"Hoenle bluepoint LED eco\"\n                                                      class=\"akt-grid__item-link\">\n                                        \n                                            <div class=\"akt-grid__image akt-grid__image--16_9\">\n                            <img decoding=\"async\" src=\"https:\/\/www.hoenle-eleco.com\/wp-content\/uploads\/UV-Spot-lamp-Bluepoint-LED-eco.jpg\" \n                                 alt=\"Bluepoint LED eco\" \n                                 class=\"akt-grid__image-element\"\n                                 loading=\"lazy\"\n                                 width=\"400\"\n                                 height=\"310\">\n                        <\/div>\n                                        \n                                            <div class=\"akt-grid__content\">\n                                                            <h3 class=\"akt-grid__title\">Bluepoint LED eco<\/h3>\n                                                        \n                                                            <p class=\"akt-grid__description\">UV-LED spot curing system<\/p>\n                                                    <\/div>\n                                        \n                                            <\/a>\n                                    <\/div>\n                \n                                            \n                <div class=\"akt-grid__item\" \n                     data-index=\"1\"\n                     style=\"--animation-delay: 0s\">\n                    \n                                            <a href=\"https:\/\/www.hoenle-eleco.com\/products-solutions\/product-categories\/led-uv-equipment\/hoenle-bluepoint-led\/\"\n                                                                                     title=\"Hoenle bluepoint LED\"\n                                                      class=\"akt-grid__item-link\">\n                                        \n                                            <div class=\"akt-grid__image akt-grid__image--16_9\">\n                            <img decoding=\"async\" src=\"https:\/\/www.hoenle-eleco.com\/wp-content\/uploads\/bluepoint-led-by-hoenle-500.jpeg\" \n                                 alt=\"Bluepoint LED\" \n                                 class=\"akt-grid__image-element\"\n                                 loading=\"lazy\"\n                                 width=\"500\"\n                                 height=\"500\">\n                        <\/div>\n                                        \n                                            <div class=\"akt-grid__content\">\n                                                            <h3 class=\"akt-grid__title\">Bluepoint LED<\/h3>\n                                                        \n                                                            <p class=\"akt-grid__description\">The bluepoint LED from Hoenle is the latest addition to the bluepoint curing system family<\/p>\n                                                    <\/div>\n                                        \n                                            <\/a>\n                                    <\/div>\n                \n                                            \n                <div class=\"akt-grid__item\" \n                     data-index=\"2\"\n                     style=\"--animation-delay: 0s\">\n                    \n                                            <a href=\"https:\/\/www.hoenle-eleco.com\/products-solutions\/product-categories\/conventional\/hoenle-bluepoint-4\/\"\n                                                                                     title=\"Hoenle Bluepoint 4\"\n                                                      class=\"akt-grid__item-link\">\n                                        \n                                            <div class=\"akt-grid__image akt-grid__image--16_9\">\n                            <img decoding=\"async\" src=\"https:\/\/www.hoenle-eleco.com\/wp-content\/uploads\/uv-spot-lamps-by-honle-bluepoint-4-panacol-usa.jpeg\" \n                                 alt=\"Bluepoint 4\" \n                                 class=\"akt-grid__image-element\"\n                                 loading=\"lazy\"\n                                 width=\"1000\"\n                                 height=\"1000\">\n                        <\/div>\n                                        \n                                            <div class=\"akt-grid__content\">\n                                                            <h3 class=\"akt-grid__title\">Bluepoint 4<\/h3>\n                                                        \n                                                            <p class=\"akt-grid__description\">UVA spot curing unit<\/p>\n                                                    <\/div>\n                                        \n                                            <\/a>\n                                    <\/div>\n                \n                                            \n                <div class=\"akt-grid__item\" \n                     data-index=\"3\"\n                     style=\"--animation-delay: 0s\">\n                    \n                                            <a href=\"https:\/\/www.hoenle-eleco.com\/products-solutions\/product-categories\/conventional\/hoenle-bluepoint-4-ecocure\/\"\n                                                                                     title=\"Hoenle Bluepoint 4 ecocure\"\n                                                      class=\"akt-grid__item-link\">\n                                        \n                                            <div class=\"akt-grid__image akt-grid__image--16_9\">\n                            <img decoding=\"async\" src=\"https:\/\/www.hoenle-eleco.com\/wp-content\/uploads\/uv-spot-curing-systems-by-honle-bluepoint-4-ecocure-panacol-usa.jpeg\" \n                                 alt=\"Bluepoint 4 ecocure\" \n                                 class=\"akt-grid__image-element\"\n                                 loading=\"lazy\"\n                                 width=\"272\"\n                                 height=\"185\">\n                        <\/div>\n                                        \n                                            <div class=\"akt-grid__content\">\n                                                            <h3 class=\"akt-grid__title\">Bluepoint 4 ecocure<\/h3>\n                                                        \n                                                            <p class=\"akt-grid__description\">UVA spot curing unit<\/p>\n                                                    <\/div>\n                                        \n                                            <\/a>\n                                    <\/div>\n                \n                    <\/div>\n        \n<\/div>[\/vc_column_inner][\/vc_row_inner][\/vc_column][\/vc_row][\/vc_section][vc_section css=\u00bb.vc_custom_1756368415759{background-color: #F2F4F6 !important;}\u00bb][vc_row][vc_column width=\u00bb1\/3&#8243;]\n<h2 class=\"akt-heading akt-heading--block akt-heading--h2 akt-heading--align-left\">\n            <span class=\"akt-heading__part akt-heading__part--light\">Contact<\/span>\n                <span class=\"akt-heading__part akt-heading__part--bold\">et assistance<\/span>\n    <\/h2>[vc_empty_space height=\u00bb15px\u00bb][\/vc_column][vc_column width=\u00bb2\/3&#8243;][vc_column_text css=\u00bb\u00bb]\u00bfTiene alguna pregunta o necesita ayuda con nuestras soluciones de adhesi\u00f3n? Estamos aqu\u00ed para ayudarle.[\/vc_column_text][vc_empty_space height=\u00bb15px\u00bb]\n<div class=\"akt-button-wrapper akt-button-wrapper--align-left\">\n            <a href=\"\/contact\" \n           class=\"akt-button akt-button--medium akt-button--primary\" aria-label=\"Contactez-nous\"                      >\n            <span class=\"akt-button__text\">Contactez-nous<\/span>\n        <\/a>\n    <\/div>[\/vc_column][\/vc_row][\/vc_section]<\/p>\n<\/div>","protected":false},"excerpt":{"rendered":"<p>[vc_section css=\u00bb.vc_custom_1752143461288{background-color: #F2F4F6 !important;}\u00bb][vc_row][vc_column width=\u00bb1\/2&#8243;][\/vc_column][vc_column width=\u00bb1\/2&#8243;][vc_column_text css=\u00bb\u00bb]Los sistemas de curado UV puntuales son la piedra angular de la gama de [&hellip;]<\/p>\n","protected":false},"author":9,"featured_media":0,"parent":7756,"menu_order":1,"comment_status":"closed","ping_status":"closed","template":"","meta":{"site-sidebar-layout":"no-sidebar","site-content-layout":"plain-container","ast-site-content-layout":"default","site-content-style":"default","site-sidebar-style":"default","ast-global-header-display":"","ast-banner-title-visibility":"","ast-main-header-display":"","ast-hfb-above-header-display":"","ast-hfb-below-header-display":"","ast-hfb-mobile-header-display":"","site-post-title":"disabled","ast-breadcrumbs-content":"","ast-featured-img":"disabled","footer-sml-layout":"","theme-transparent-header-meta":"default","adv-header-id-meta":"","stick-header-meta":"","header-above-stick-meta":"","header-main-stick-meta":"","header-below-stick-meta":"","astra-migrate-meta-layouts":"default","ast-page-background-enabled":"default","ast-page-background-meta":{"desktop":{"background-color":"var(--ast-global-color-5)","background-image":"","background-repeat":"repeat","background-position":"center center","background-size":"auto","background-attachment":"scroll","background-type":"","background-media":"","overlay-type":"","overlay-color":"","overlay-opacity":"","overlay-gradient":""},"tablet":{"background-color":"","background-image":"","background-repeat":"repeat","background-position":"center center","background-size":"auto","background-attachment":"scroll","background-type":"","background-media":"","overlay-type":"","overlay-color":"","overlay-opacity":"","overlay-gradient":""},"mobile":{"background-color":"","background-image":"","background-repeat":"repeat","background-position":"center center","background-size":"auto","background-attachment":"scroll","background-type":"","background-media":"","overlay-type":"","overlay-color":"","overlay-opacity":"","overlay-gradient":""}},"ast-content-background-meta":{"desktop":{"background-color":"var(--ast-global-color-4)","background-image":"","background-repeat":"repeat","background-position":"center center","background-size":"auto","background-attachment":"scroll","background-type":"","background-media":"","overlay-type":"","overlay-color":"","overlay-opacity":"","overlay-gradient":""},"tablet":{"background-color":"var(--ast-global-color-4)","background-image":"","background-repeat":"repeat","background-position":"center center","background-size":"auto","background-attachment":"scroll","background-type":"","background-media":"","overlay-type":"","overlay-color":"","overlay-opacity":"","overlay-gradient":""},"mobile":{"background-color":"var(--ast-global-color-4)","background-image":"","background-repeat":"repeat","background-position":"center center","background-size":"auto","background-attachment":"scroll","background-type":"","background-media":"","overlay-type":"","overlay-color":"","overlay-opacity":"","overlay-gradient":""}},"footnotes":""},"class_list":["post-7765","page","type-page","status-publish","hentry"],"_links":{"self":[{"href":"https:\/\/www.hoenle-eleco.com\/es\/wp-json\/wp\/v2\/pages\/7765","targetHints":{"allow":["GET"]}}],"collection":[{"href":"https:\/\/www.hoenle-eleco.com\/es\/wp-json\/wp\/v2\/pages"}],"about":[{"href":"https:\/\/www.hoenle-eleco.com\/es\/wp-json\/wp\/v2\/types\/page"}],"author":[{"embeddable":true,"href":"https:\/\/www.hoenle-eleco.com\/es\/wp-json\/wp\/v2\/users\/9"}],"replies":[{"embeddable":true,"href":"https:\/\/www.hoenle-eleco.com\/es\/wp-json\/wp\/v2\/comments?post=7765"}],"version-history":[{"count":2,"href":"https:\/\/www.hoenle-eleco.com\/es\/wp-json\/wp\/v2\/pages\/7765\/revisions"}],"predecessor-version":[{"id":7769,"href":"https:\/\/www.hoenle-eleco.com\/es\/wp-json\/wp\/v2\/pages\/7765\/revisions\/7769"}],"up":[{"embeddable":true,"href":"https:\/\/www.hoenle-eleco.com\/es\/wp-json\/wp\/v2\/pages\/7756"}],"wp:attachment":[{"href":"https:\/\/www.hoenle-eleco.com\/es\/wp-json\/wp\/v2\/media?parent=7765"}],"curies":[{"name":"wp","href":"https:\/\/api.w.org\/{rel}","templated":true}]}}