{"id":7757,"date":"2025-09-14T16:47:13","date_gmt":"2025-09-14T14:47:13","guid":{"rendered":"https:\/\/www.hoenle-eleco.com\/?page_id=7757"},"modified":"2026-01-29T12:53:29","modified_gmt":"2026-01-29T11:53:29","slug":"estudio-de-caso-de-needle-bonding","status":"publish","type":"page","link":"https:\/\/www.hoenle-eleco.com\/es\/aplicaciones\/casos-practicos\/estudio-de-caso-de-needle-bonding\/","title":{"rendered":"Estudio de caso de Needle Bonding"},"content":{"rendered":"<div class=\"wpb-content-wrapper\"><p>[vc_section][vc_row][vc_column width=\u00bb1\/2&#8243;]\n<h1 class=\"akt-heading akt-heading--inline akt-heading--h1 akt-heading--align-left\">\n            <span class=\"akt-heading__part akt-heading__part--light\">Case Study<\/span>\n                <span class=\"akt-heading__part akt-heading__part--bold\">C\u00f3mo pegar agujas medicas<\/span>\n    <\/h1>[\/vc_column][vc_column width=\u00bb1\/2&#8243;][vc_column_text css=\u00bb\u00bb]Uno de los principales \u00e1mbitos de aplicaci\u00f3n de los adhesivos en los sistemas m\u00e9dicos es el pegado de agujas y el montaje de jeringuillas, es decir, el pegado de agujas o c\u00e1nulas de acero inoxidable en jeringuillas de vidrio o pl\u00e1stico. Estas agujas se producen en grandes cantidades, por lo que requieren un pegado r\u00e1pido y fiable para la producci\u00f3n de grandes vol\u00famenes. Adem\u00e1s de su resistencia mec\u00e1nica, los adhesivos utilizados deben permitir una producci\u00f3n de alta precisi\u00f3n y un montaje permanente, y deben resistir diversos m\u00e9todos de esterilizaci\u00f3n.[\/vc_column_text][\/vc_column][\/vc_row][\/vc_section][vc_section css=\u00bb.vc_custom_1756467838007{background-color: #FFFFFF !important;}\u00bb][vc_row][vc_column width=\u00bb1\/2&#8243;][vc_column_text css=\u00bb\u00bb]Los adhesivos curables uv Vitralit\u00ae de Hoenle cumplen exactamente estos requisitos. Los adhesivos Vitralit\u00ae est\u00e1n disponibles en varios rangos de viscosidad para adaptarse perfectamente al dise\u00f1o del cubo de la aguja y rellenar el espacio entre el cubo y la aguja. El material del cubo y de la aguja tambi\u00e9n influye en la elecci\u00f3n del adhesivo: muchos adhesivos son de curado UV, lo que requiere el uso de materiales transparentes y permeables a los rayos UV. Para materiales que bloquean la luz UV, como los policarbonatos, se recomiendan adhesivos curables por LED de onda larga. Todos los adhesivos Vitralit\u00ae recomendados para el pegado de agujas no contienen disolventes y cuentan con la certificaci\u00f3n USP Clase VI y\/o ISO 10993 para su uso en equipos m\u00e9dicos. Adem\u00e1s, con todos los adhesivos de uni\u00f3n de agujas se midieron elevadas fuerzas de extracci\u00f3n de agujas incluso despu\u00e9s de varios ciclos de esterilizaci\u00f3n. Para la inspecci\u00f3n visual de la calidad, tambi\u00e9n est\u00e1n disponibles versiones fluorescentes de nuestros adhesivos de calidad m\u00e9dica.<\/p>\n<p>La elecci\u00f3n de los adhesivos requiere un sistema de dosificaci\u00f3n adecuado para una dosificaci\u00f3n fiable y precisa en un entorno de producci\u00f3n r\u00e1pida. Las elevadas exigencias de calidad requeridas para los dispositivos m\u00e9dicos, como esta aplicaci\u00f3n de uni\u00f3n de agujas, confirman la elecci\u00f3n de los equipos de dosificaci\u00f3n volum\u00e9trica de bdtronic.<\/p>\n<p>La soluci\u00f3n mini-dis de bdtronic facilita la dosificaci\u00f3n en el rango de microlitros, independientemente de la viscosidad del adhesivo. Gracias a la dosificaci\u00f3n volum\u00e9trica continua, la dosificaci\u00f3n se realiza sin pulsaciones, lo que garantiza una velocidad de proceso, repetibilidad y precisi\u00f3n \u00f3ptimas.<\/p>\n<p>Por \u00faltimo, la elecci\u00f3n del equipo de curado UV depende del adhesivo y de la longitud de onda que desencadena la polimerizaci\u00f3n. Para el pegado de agujas con productos Vitralit\u00ae se puede utilizar tanto luz UV-A como luz LED visible. Gracias a un conjunto especial de LED y a una fuente de alimentaci\u00f3n el\u00e9ctrica propia optimizada, Hoenle LED Powerline LC garantiza una irradiaci\u00f3n de alta intensidad para un curado m\u00e1s r\u00e1pido y tiempos de ciclo m\u00e1s cortos. Adem\u00e1s, el tiempo de irradiaci\u00f3n puede seleccionarse en un rango de 0,01 a 99,99 segundos y adaptarse as\u00ed con precisi\u00f3n a los requisitos del proceso.<\/p>\n<p>Los cabezales Hoenle LED Powerline tienen un dise\u00f1o compacto para una f\u00e1cil integraci\u00f3n en cualquier l\u00ednea de producci\u00f3n. El LED-UV de alta intensidad refrigerado por agua es apto para el funcionamiento en sala blanca.[\/vc_column_text][\/vc_column][vc_column width=\u00bb1\/2&#8243;]\n<div id=\"akt-video-player-6a09bbadac05a\" class=\"akt-video-player akt-video-player--width-full akt-video-player--align-center akt-video-player--aspect-16-9\">\n    \n    \n    <div class=\"akt-video-player__container\">\n                    <video class=\"akt-video-player__video\" \n                   controls poster=\"https:\/\/www.hoenle-eleco.com\/wp-content\/uploads\/Needle-Bonding-with-Hoenle-LEDs.jpg\"                   preload=\"metadata\"\n                   playsinline\n                   data-element-id=\"akt-video-player-6a09bbadac05a\">\n                \n                <!-- Primary video source -->\n                <source src=\"https:\/\/www.hoenle-eleco.com\/wp-content\/uploads\/Needle-Bonding-with-bdtronic-and-Hoenle.mp4\" \n                        type=\"video\/mp4\">\n                \n                <!-- Fallback message for unsupported browsers -->\n                <div class=\"akt-video-player__fallback\">\n                    <p>Your browser does not support the video tag. Please \n                       <a href=\"https:\/\/www.hoenle-eleco.com\/wp-content\/uploads\/Needle-Bonding-with-bdtronic-and-Hoenle.mp4\" \n                          target=\"_blank\" \n                          rel=\"noopener noreferrer\">\n                          download the video file                       <\/a> to watch it.                    <\/p>\n                    \n                                            <img decoding=\"async\" src=\"https:\/\/www.hoenle-eleco.com\/wp-content\/uploads\/Needle-Bonding-with-Hoenle-LEDs.jpg\" \n                             alt=\"Video preview\" \n                             class=\"akt-video-player__fallback-image\" \/>\n                                    <\/div>\n            <\/video>\n\n            <!-- Custom Play Button Overlay (optional, controlled by CSS\/JS) -->\n            <div class=\"akt-video-player__play-overlay\" \n                 data-video-target=\"akt-video-player-6a09bbadac05a\" \n                 role=\"button\" \n                 tabindex=\"0\"\n                 aria-label=\"Play video\"\n                 style=\"display: none;\">\n                <span class=\"akt-video-player__play-icon\" aria-hidden=\"true\">\n                    <svg width=\"64\" height=\"64\" viewBox=\"0 0 24 24\" fill=\"currentColor\">\n                        <path d=\"M8 5v14l11-7z\"\/>\n                    <\/svg>\n                <\/span>\n            <\/div>\n\n            <!-- Loading Indicator -->\n            <div class=\"akt-video-player__loading\" style=\"display: none;\">\n                <span class=\"akt-video-player__loading-spinner\" aria-hidden=\"true\"><\/span>\n                <span class=\"akt-video-player__loading-text\">\n                    Loading video...                <\/span>\n            <\/div>\n\n            <\/div>\n\n    \n    <!-- Video Metadata (hidden, for accessibility and SEO) -->\n            <script type=\"application\/ld+json\">\n        {\n            \"@context\": \"https:\/\/schema.org\",\n            \"@type\": \"VideoObject\",\n            \"name\": \"Estudio de caso de Needle Bonding\",\n            \"contentUrl\": \"https:\/\/www.hoenle-eleco.com\/wp-content\/uploads\/Needle-Bonding-with-bdtronic-and-Hoenle.mp4\",\n                                    \"thumbnailUrl\": \"https:\/\/www.hoenle-eleco.com\/wp-content\/uploads\/Needle-Bonding-with-Hoenle-LEDs.jpg\",\n                        \"uploadDate\": \"2025-09-14T16:47:13+02:00\",\n            \"embedUrl\": \"https:\/\/www.hoenle-eleco.com\/wp-content\/uploads\/Needle-Bonding-with-bdtronic-and-Hoenle.mp4\"\n        }\n        <\/script>\n    \n<\/div>[vc_empty_space][vc_column_text css=\u00bb\u00bb]<strong>Descargas<\/strong><\/p>\n<p><a href=\"https:\/\/www.hoenle-eleco.com\/wp-content\/uploads\/Hoenle-Brochure-Medical-Grade-Adhesives.pdf\">Medical Grade Adhesives (pdf)<\/a><\/p>\n<p><a href=\"https:\/\/www.hoenle.com\/wp-content\/uploads\/LED-Powerline-ACIC_d.pdf\" target=\"_blank\" rel=\"noopener\">LED Powerline AC\/IC (pdf)<\/a>[\/vc_column_text][\/vc_column][\/vc_row][\/vc_section][vc_section css=\u00bb.vc_custom_1756467927831{background-color: #F2F4F6 !important;}\u00bb][vc_row][vc_column]\n<h2 class=\"akt-heading akt-heading--inline akt-heading--h2 akt-heading--align-left\">\n            <span class=\"akt-heading__part akt-heading__part--light\">Read more about our<\/span>\n                <span class=\"akt-heading__part akt-heading__part--bold\">Needle Bonding Solutions<\/span>\n    <\/h2>[vc_empty_space height=\u00bb15px\u00bb]\n<div class=\"akt-grid akt-grid--columns-3 akt-grid--align-center akt-grid--aspect-16_9 akt-grid--hover akt-grid--fit-cover akt-grid--animation-fade_in\" \n     id=\"akt-grid-6a09bbadac37c\"\n     data-columns=\"3\"\n     data-animation=\"fade-in\">\n\n            <style>@media (max-width: 768px) { #akt-grid-6a09bbadac37c .akt-grid__content { background-color: #ffffff; } }<\/style>\n         \n    \n            <div class=\"akt-grid__container\">\n                                            \n                <div class=\"akt-grid__item\" \n                     data-index=\"0\"\n                     style=\"--animation-delay: 0s\">\n                    \n                                            <a href=\"https:\/\/www.hoenle-eleco.com\/products-solutions\/applications\/bonding-potting\/medical-grade-adhesive\/\" title=\"Medical Grade Adhesive\" class=\"akt-grid__item-link\">\n                                        \n                                            <div class=\"akt-grid__image akt-grid__image--16_9\">\n                            <img decoding=\"async\" src=\"https:\/\/www.hoenle-eleco.com\/wp-content\/uploads\/Medical-Grade-Adhesives-Overview-400.jpg\" \n                                 alt=\"Our medical grade adhesives\" \n                                 class=\"akt-grid__image-element\"\n                                 loading=\"lazy\"\n                                 width=\"400\"\n                                 height=\"307\">\n                        <\/div>\n                                        \n                                            <div class=\"akt-grid__content\">\n                                                            <h3 class=\"akt-grid__title\">Our medical grade adhesives<\/h3>\n                                                        \n                                                            <p class=\"akt-grid__description\">Our medical grade adhesives are certified according to USP VI and\/or ISO 10993 standards. They can be used for a wide variety of applications, such as needle bonding, bonding of endoscopes and medical devices, wearable devices, or tube sets and connectors.<\/p>\n                                                    <\/div>\n                                        \n                                            <\/a>\n                                    <\/div>\n                \n                                            \n                <div class=\"akt-grid__item\" \n                     data-index=\"1\"\n                     style=\"--animation-delay: 0s\">\n                    \n                                            <a href=\"https:\/\/www.hoenle-eleco.com\/products-solutions\/applications\/bonding-potting\/medical-grade-adhesive\/needle-bonding\/\" title=\"Needle Bonding\" class=\"akt-grid__item-link\">\n                                        \n                                            <div class=\"akt-grid__image akt-grid__image--16_9\">\n                            <img decoding=\"async\" src=\"https:\/\/www.hoenle-eleco.com\/wp-content\/uploads\/nadelverklebung-needle-bonding-system-solution.jpeg\" \n                                 alt=\"Needle Bonding\" \n                                 class=\"akt-grid__image-element\"\n                                 loading=\"lazy\"\n                                 width=\"1000\"\n                                 height=\"647\">\n                        <\/div>\n                                        \n                                            <div class=\"akt-grid__content\">\n                                                            <h3 class=\"akt-grid__title\">Needle Bonding<\/h3>\n                                                        \n                                                            <p class=\"akt-grid__description\">A main field of application for adhesives in medical systems is needle bonding and syringe assembly - the bonding of stainless steel needles or cannulas into glass or plastic syringes.<\/p>\n                                                    <\/div>\n                                        \n                                            <\/a>\n                                    <\/div>\n                \n                                            \n                <div class=\"akt-grid__item\" \n                     data-index=\"2\"\n                     style=\"--animation-delay: 0s\">\n                    \n                                            <a href=\"https:\/\/www.hoenle-eleco.com\/products-solutions\/product-categories\/led-uv-equipment\/hoenle-led-powerline-ac-ic-hp\/\" title=\"Coating \/ Finishing\" class=\"akt-grid__item-link\">\n                                        \n                                            <div class=\"akt-grid__image akt-grid__image--16_9\">\n                            <img decoding=\"async\" src=\"https:\/\/www.hoenle-eleco.com\/wp-content\/uploads\/uv-led-large-area-curing-systems-by-honle-led-powerline-ac-ic-panacol-usa.jpeg\" \n                                 alt=\"LED uv curing system\" \n                                 class=\"akt-grid__image-element\"\n                                 loading=\"lazy\"\n                                 width=\"468\"\n                                 height=\"396\">\n                        <\/div>\n                                        \n                                            <div class=\"akt-grid__content\">\n                                                            <h3 class=\"akt-grid__title\">LED Powerline AC\/IC curing system<\/h3>\n                                                        \n                                                            <p class=\"akt-grid__description\">The Hoenle Powerline AC\/IC HP with LED Powerdrive IC is a high intensity, air cooled LED curing system that is ideal for hardening UV and visible light curable adhesives and coatings. Producing intensity up to 16,000 mW\/cm\u00b2, the AC\/IC HP contributes to very fast curing cycles.<\/p>\n                                                    <\/div>\n                                        \n                                            <\/a>\n                                    <\/div>\n                \n                    <\/div>\n        \n<\/div>[\/vc_column][\/vc_row][\/vc_section][vc_section css=\u00bb.vc_custom_1757429652602{background-color: #FFFFFF !important;}\u00bb][vc_row][vc_column width=\u00bb1\/3&#8243;]\n<h2 class=\"akt-heading akt-heading--block akt-heading--h2 akt-heading--align-left\">\n            <span class=\"akt-heading__part akt-heading__part--light\">Contact<\/span>\n                <span class=\"akt-heading__part akt-heading__part--bold\">And Support<\/span>\n    <\/h2>[vc_empty_space height=\u00bb15px\u00bb][\/vc_column][vc_column width=\u00bb2\/3&#8243;][vc_column_text css=\u00bb\u00bb]\u00bfTiene alguna pregunta o necesita asistencia para nuestras soluciones de adhesi\u00f3n? Estaremos encantados de ayudarle.[\/vc_column_text][vc_empty_space height=\u00bb15px\u00bb]\n<div class=\"akt-button-wrapper akt-button-wrapper--align-left\">\n            <a href=\"\/contact\" \n           class=\"akt-button akt-button--medium akt-button--primary\" aria-label=\"Request consultation\"                      >\n            <span class=\"akt-button__text\">Request consultation<\/span>\n        <\/a>\n    <\/div>[\/vc_column][\/vc_row][\/vc_section]<\/p>\n<\/div>","protected":false},"excerpt":{"rendered":"<p>[vc_section][vc_row][vc_column width=\u00bb1\/2&#8243;][\/vc_column][vc_column width=\u00bb1\/2&#8243;][vc_column_text css=\u00bb\u00bb]Uno de los principales \u00e1mbitos de aplicaci\u00f3n de los adhesivos en los sistemas m\u00e9dicos es el pegado [&hellip;]<\/p>\n","protected":false},"author":9,"featured_media":0,"parent":7658,"menu_order":1,"comment_status":"closed","ping_status":"closed","template":"","meta":{"site-sidebar-layout":"no-sidebar","site-content-layout":"plain-container","ast-site-content-layout":"default","site-content-style":"default","site-sidebar-style":"default","ast-global-header-display":"","ast-banner-title-visibility":"","ast-main-header-display":"","ast-hfb-above-header-display":"","ast-hfb-below-header-display":"","ast-hfb-mobile-header-display":"","site-post-title":"disabled","ast-breadcrumbs-content":"","ast-featured-img":"disabled","footer-sml-layout":"","theme-transparent-header-meta":"default","adv-header-id-meta":"","stick-header-meta":"","header-above-stick-meta":"","header-main-stick-meta":"","header-below-stick-meta":"","astra-migrate-meta-layouts":"set","ast-page-background-enabled":"default","ast-page-background-meta":{"desktop":{"background-color":"var(--ast-global-color-5)","background-image":"","background-repeat":"repeat","background-position":"center center","background-size":"auto","background-attachment":"scroll","background-type":"","background-media":"","overlay-type":"","overlay-color":"","overlay-opacity":"","overlay-gradient":""},"tablet":{"background-color":"","background-image":"","background-repeat":"repeat","background-position":"center center","background-size":"auto","background-attachment":"scroll","background-type":"","background-media":"","overlay-type":"","overlay-color":"","overlay-opacity":"","overlay-gradient":""},"mobile":{"background-color":"","background-image":"","background-repeat":"repeat","background-position":"center center","background-size":"auto","background-attachment":"scroll","background-type":"","background-media":"","overlay-type":"","overlay-color":"","overlay-opacity":"","overlay-gradient":""}},"ast-content-background-meta":{"desktop":{"background-color":"var(--ast-global-color-4)","background-image":"","background-repeat":"repeat","background-position":"center center","background-size":"auto","background-attachment":"scroll","background-type":"","background-media":"","overlay-type":"","overlay-color":"","overlay-opacity":"","overlay-gradient":""},"tablet":{"background-color":"var(--ast-global-color-4)","background-image":"","background-repeat":"repeat","background-position":"center center","background-size":"auto","background-attachment":"scroll","background-type":"","background-media":"","overlay-type":"","overlay-color":"","overlay-opacity":"","overlay-gradient":""},"mobile":{"background-color":"var(--ast-global-color-4)","background-image":"","background-repeat":"repeat","background-position":"center center","background-size":"auto","background-attachment":"scroll","background-type":"","background-media":"","overlay-type":"","overlay-color":"","overlay-opacity":"","overlay-gradient":""}},"footnotes":""},"class_list":["post-7757","page","type-page","status-publish","hentry"],"_links":{"self":[{"href":"https:\/\/www.hoenle-eleco.com\/es\/wp-json\/wp\/v2\/pages\/7757","targetHints":{"allow":["GET"]}}],"collection":[{"href":"https:\/\/www.hoenle-eleco.com\/es\/wp-json\/wp\/v2\/pages"}],"about":[{"href":"https:\/\/www.hoenle-eleco.com\/es\/wp-json\/wp\/v2\/types\/page"}],"author":[{"embeddable":true,"href":"https:\/\/www.hoenle-eleco.com\/es\/wp-json\/wp\/v2\/users\/9"}],"replies":[{"embeddable":true,"href":"https:\/\/www.hoenle-eleco.com\/es\/wp-json\/wp\/v2\/comments?post=7757"}],"version-history":[{"count":6,"href":"https:\/\/www.hoenle-eleco.com\/es\/wp-json\/wp\/v2\/pages\/7757\/revisions"}],"predecessor-version":[{"id":9974,"href":"https:\/\/www.hoenle-eleco.com\/es\/wp-json\/wp\/v2\/pages\/7757\/revisions\/9974"}],"up":[{"embeddable":true,"href":"https:\/\/www.hoenle-eleco.com\/es\/wp-json\/wp\/v2\/pages\/7658"}],"wp:attachment":[{"href":"https:\/\/www.hoenle-eleco.com\/es\/wp-json\/wp\/v2\/media?parent=7757"}],"curies":[{"name":"wp","href":"https:\/\/api.w.org\/{rel}","templated":true}]}}