{"id":7756,"date":"2025-09-09T20:05:38","date_gmt":"2025-09-09T18:05:38","guid":{"rendered":"https:\/\/www.hoenle-eleco.com\/?page_id=7756"},"modified":"2026-01-29T11:46:52","modified_gmt":"2026-01-29T10:46:52","slug":"equipos-de-radiacion-uv","status":"publish","type":"page","link":"https:\/\/www.hoenle-eleco.com\/es\/productos-y-soluciones\/categorias-de-productos\/equipos-de-radiacion-uv\/","title":{"rendered":"Equipos de radiaci\u00f3n UV"},"content":{"rendered":"<div class=\"wpb-content-wrapper\"><p>[vc_section css=\u00bb.vc_custom_1752143461288{background-color: #F2F4F6 !important;}\u00bb][vc_row][vc_column width=\u00bb1\/2&#8243;]\n<h1 class=\"akt-heading akt-heading--block akt-heading--h1 akt-heading--align-left\">\n            <span class=\"akt-heading__part akt-heading__part--light\">Equipos de<\/span>\n                <span class=\"akt-heading__part akt-heading__part--bold\">Radiaci\u00f3n UV<\/span>\n    <\/h1>[\/vc_column][vc_column width=\u00bb1\/2&#8243;][vc_column_text css=\u00bb\u00bb]Hoenle ofrece una gama completa de sistemas de curado UV para el curado o solidificaci\u00f3n de adhesivos UV. Estos sistemas de curado UV y por luz est\u00e1n dise\u00f1ados y fabricados por Hoenle AG, con sede cerca de Munich, Alemania. Hoenle es un l\u00edder reconocido en el desarrollo mundial de tecnolog\u00eda UV para aplicaciones de montaje industrial.<\/p>\n<p>&nbsp;<\/p>\n<p>Los adhesivos curables UV de Hoenle Adhesives, que forman parte de la divisi\u00f3n de sistemas adhesivos de Hoenle, se adaptan perfectamente a las longitudes de onda de los equipos de curado UV de Hoenle. Los sistemas de curado UV de Hoenle se utilizan en todo el mundo en la fabricaci\u00f3n de componentes electr\u00f3nicos, microelectr\u00f3nicos, \u00f3pticos y m\u00e9dicos, as\u00ed como en las industrias automovil\u00edstica y aeroespacial.<\/p>\n<p>&nbsp;<\/p>\n<p>A continuaci\u00f3n encontrar\u00e1 enlaces a los sistemas de curado Hoenle UV y LED-UV. P\u00f3ngase en contacto con nosotros para obtener m\u00e1s informaci\u00f3n sobre equipos de curado, incluidos precios y disponibilidad. Nuestros ingenieros de ventas y aplicaciones de Hoenle le ayudar\u00e1n a elegir los adhesivos y equipos de curado adecuados. Gracias a nuestra amplia experiencia en ambas \u00e1reas, podemos ofrecerle una soluci\u00f3n de sistema que se adapte perfectamente a sus necesidades individuales y garantice la m\u00e1xima productividad y eficiencia en sus procesos de pegado.[\/vc_column_text][\/vc_column][\/vc_row][\/vc_section][vc_section css=\u00bb.vc_custom_1752579807249{background-color: #FFFFFF !important;}\u00bb][vc_row][vc_column]\n<div class=\"akt-grid akt-grid--columns-2 akt-grid--align-center akt-grid--aspect-16_9 akt-grid--hover akt-grid--fit-cover akt-grid--animation-fade_in\" \n     id=\"akt-grid-6a09946e43644\"\n     data-columns=\"2\"\n     data-animation=\"fade-in\">\n\n            <style>@media (max-width: 768px) { #akt-grid-6a09946e43644 .akt-grid__content { background-color: #ffffff; } }<\/style>\n         \n    \n            <div class=\"akt-grid__container\">\n                                            \n                <div class=\"akt-grid__item\" \n                     data-index=\"0\"\n                     style=\"--animation-delay: 0s\">\n                    \n                                            <a href=\"https:\/\/www.hoenle-eleco.com\/es\/productos-y-soluciones\/categorias-de-productos\/equipos-de-radiacion-uv\/equipos-led-uv\/\"\n                                                                                     title=\"LED-UV Equipement\"\n                                                      class=\"akt-grid__item-link\">\n                                        \n                                            <div class=\"akt-grid__image akt-grid__image--16_9\">\n                            <img decoding=\"async\" src=\"https:\/\/www.hoenle-eleco.com\/wp-content\/uploads\/icon-uv-led-equipment-hoenle-uv-technology.jpeg\" \n                                 alt=\"Equipement LED-UV\" \n                                 class=\"akt-grid__image-element\"\n                                 loading=\"lazy\"\n                                 width=\"550\"\n                                 height=\"369\">\n                        <\/div>\n                                        \n                                            <div class=\"akt-grid__content\">\n                                                            <h3 class=\"akt-grid__title\">Equipement LED-UV<\/h3>\n                                                        \n                                                            <p class=\"akt-grid__description\">Une large gamme d&#039;\u00e9quipements LED-UV de Hoenle est disponible.<\/p>\n                                                    <\/div>\n                                        \n                                            <\/a>\n                                    <\/div>\n                \n                                            \n                <div class=\"akt-grid__item\" \n                     data-index=\"1\"\n                     style=\"--animation-delay: 0s\">\n                    \n                                            <a href=\"https:\/\/www.hoenle-eleco.com\/es\/productos-y-soluciones\/categorias-de-productos\/equipos-de-radiacion-uv\/lamparas-uv-tradicionales\/\"\n                                                                                     title=\"Lampes UV traditionelles\"\n                                                      class=\"akt-grid__item-link\">\n                                        \n                                            <div class=\"akt-grid__image akt-grid__image--16_9\">\n                            <img decoding=\"async\" src=\"https:\/\/www.hoenle-eleco.com\/wp-content\/uploads\/icon-hoenle-conventional-uv-lamps.jpg\" \n                                 alt=\"Lampes UV traditionelles\" \n                                 class=\"akt-grid__image-element\"\n                                 loading=\"lazy\"\n                                 width=\"550\"\n                                 height=\"365\">\n                        <\/div>\n                                        \n                                            <div class=\"akt-grid__content\">\n                                                            <h3 class=\"akt-grid__title\">Lampes UV traditionelles<\/h3>\n                                                        \n                                                            <p class=\"akt-grid__description\">Les syst\u00e8mes de polym\u00e9risation UV conventionnels et les lampes \u00e0 d\u00e9charge UV de Hoenle offrent un large spectre lumineux pour garantir une polym\u00e9risation rapide et fiable des colles et rev\u00eatements UV.<\/p>\n                                                    <\/div>\n                                        \n                                            <\/a>\n                                    <\/div>\n                \n                    <\/div>\n        \n<\/div>[\/vc_column][\/vc_row][\/vc_section][vc_section css=\u00bb.vc_custom_1758483041975{background-color: #F2F4F6 !important;}\u00bb][vc_row][vc_column width=\u00bb1\/3&#8243;]\n<h2 class=\"akt-heading akt-heading--block akt-heading--h2 akt-heading--align-left\">\n            <span class=\"akt-heading__part akt-heading__part--light\">P\u00f3ngase en contacto con<\/span>\n                <span class=\"akt-heading__part akt-heading__part--bold\">y asistencia<\/span>\n    <\/h2>[vc_empty_space height=\u00bb15px\u00bb][\/vc_column][vc_column width=\u00bb2\/3&#8243;][vc_column_text css=\u00bb\u00bb]\u00bfTiene alguna pregunta o necesita ayuda con nuestras soluciones de adhesi\u00f3n?<\/p>\n<p>Estamos aqu\u00ed para ayudarle.<\/p>\n<p>P\u00f3ngase en contacto con nosotros por correo electr\u00f3nico en <a href=\"mailto:eleco@hoenle-eleco.com\">eleco@hoenle-eleco.com<\/a><\/p>\n<p>o por tel\u00e9fono: +34 684 76 61 12[\/vc_column_text]\n<div class=\"akt-button-wrapper akt-button-wrapper--align-left\">\n            <a href=\"\/contact\" \n           class=\"akt-button akt-button--medium akt-button--primary\" aria-label=\"P\u00f3ngase en contacto con nosotros\"                      >\n            <span class=\"akt-button__text\">P\u00f3ngase en contacto con nosotros<\/span>\n        <\/a>\n    <\/div>[vc_empty_space][\/vc_column][\/vc_row][vc_row][vc_column width=\u00bb1\/3&#8243;]\n<h2 class=\"akt-heading akt-heading--block akt-heading--h2 akt-heading--align-left\">\n            <span class=\"akt-heading__part akt-heading__part--light\">Soluciones completas<\/span>\n                <span class=\"akt-heading__part akt-heading__part--bold\">de Hoenle-Eleco<\/span>\n    <\/h2>[vc_empty_space height=\u00bb15px\u00bb][\/vc_column][vc_column width=\u00bb2\/3&#8243;][vc_row_inner][vc_column_inner width=\u00bb1\/3&#8243;]\n<div id=\"akt-image-text-4907\" class=\"akt-image-text-single akt-image-text-single--aspect-landscape akt-image-text-single--align-center akt-image-text-single--clickable akt-image-text-single--has-overlay akt-image-text-single--animate-fade-in\">\n    \n                        <a href=\"https:\/\/www.hoenle-eleco.com\/fr\/products-solutions\/categories-produits\/colles-industrielles\/vitralit\/\" \n               class=\"akt-image-text-single__image-link\"\n                                             title=\"Vitralit\u00ae\"               aria-label=\"Adhesivos UV Vitralit\">\n                \n        <div class=\"akt-image-text-single__image-container\">\n            <img decoding=\"async\" src=\"https:\/\/www.hoenle-eleco.com\/wp-content\/uploads\/Cell-Contact-Systems.jpg\" \n                 srcset=\"https:\/\/www.hoenle-eleco.com\/wp-content\/uploads\/Cell-Contact-Systems.jpg 400w, https:\/\/www.hoenle-eleco.com\/wp-content\/uploads\/Cell-Contact-Systems-300x225.jpg 300w\"                 sizes=\"(max-width: 768px) 100vw, (max-width: 1024px) 50vw, 33vw\"\n                 alt=\"Cell contacting systems for e-mobility\" \n                 class=\"akt-image-text-single__image\" \n                 loading=\"lazy\" \/>\n        <\/div>\n        \n                    <\/a>\n            \n            <div class=\"akt-image-text-single__text-container\">\n                            <a href=\"https:\/\/www.hoenle-eleco.com\/fr\/products-solutions\/categories-produits\/colles-industrielles\/vitralit\/\" \n                   class=\"akt-image-text-single__text-link\"\n                                                         title=\"Vitralit\u00ae\"                   aria-label=\"Adhesivos UV Vitralit\">\n                        \n            <h3 class=\"akt-image-text-single__text\">Adhesivos UV Vitralit<\/h3>\n            \n                            <\/a>\n                    <\/div>\n    \n<\/div>[\/vc_column_inner][vc_column_inner width=\u00bb1\/3&#8243;]\n<div id=\"akt-image-text-8429\" class=\"akt-image-text-single akt-image-text-single--aspect-landscape akt-image-text-single--align-center akt-image-text-single--clickable akt-image-text-single--has-overlay akt-image-text-single--animate-fade-in\">\n    \n                        <a href=\"https:\/\/www.hoenle-eleco.com\/fr\/products-solutions\/categories-produits\/doseurs\/\" \n               class=\"akt-image-text-single__image-link\"\n                                             title=\"Bonding &amp; Potting\"               aria-label=\"Dosificaci\u00f3n\">\n                \n        <div class=\"akt-image-text-single__image-container\">\n            <img decoding=\"async\" src=\"https:\/\/www.hoenle-eleco.com\/wp-content\/uploads\/Dosage.jpg\" \n                 srcset=\"https:\/\/www.hoenle-eleco.com\/wp-content\/uploads\/Dosage.jpg 400w, https:\/\/www.hoenle-eleco.com\/wp-content\/uploads\/Dosage-300x196.jpg 300w\"                 sizes=\"(max-width: 768px) 100vw, (max-width: 1024px) 50vw, 33vw\"\n                 alt=\"Dosage\" \n                 class=\"akt-image-text-single__image\" \n                 loading=\"lazy\" \/>\n        <\/div>\n        \n                    <\/a>\n            \n            <div class=\"akt-image-text-single__text-container\">\n                            <a href=\"https:\/\/www.hoenle-eleco.com\/fr\/products-solutions\/categories-produits\/doseurs\/\" \n                   class=\"akt-image-text-single__text-link\"\n                                                         title=\"Bonding &amp; Potting\"                   aria-label=\"Dosificaci\u00f3n\">\n                        \n            <h3 class=\"akt-image-text-single__text\">Dosificaci\u00f3n<\/h3>\n            \n                            <\/a>\n                    <\/div>\n    \n<\/div>[\/vc_column_inner][vc_column_inner width=\u00bb1\/3&#8243;]\n<div id=\"akt-image-text-2351\" class=\"akt-image-text-single akt-image-text-single--aspect-landscape akt-image-text-single--align-center akt-image-text-single--clickable akt-image-text-single--has-overlay akt-image-text-single--animate-fade-in\">\n    \n                        <a href=\"https:\/\/www.hoenle-eleco.com\/fr\/products-solutions\/categories-produits\/equipements-dinsolation-uv\/\" \n               class=\"akt-image-text-single__image-link\"\n                                             title=\"Bonding &amp; Potting\"               aria-label=\"Equipo de exposici\u00f3n\">\n                \n        <div class=\"akt-image-text-single__image-container\">\n            <img decoding=\"async\" src=\"https:\/\/www.hoenle-eleco.com\/wp-content\/uploads\/Connector-Bonding.jpg\" \n                 srcset=\"https:\/\/www.hoenle-eleco.com\/wp-content\/uploads\/Connector-Bonding.jpg 400w, https:\/\/www.hoenle-eleco.com\/wp-content\/uploads\/Connector-Bonding-300x225.jpg 300w\"                 sizes=\"(max-width: 768px) 100vw, (max-width: 1024px) 50vw, 33vw\"\n                 alt=\"Connector Bonding\" \n                 class=\"akt-image-text-single__image\" \n                 loading=\"lazy\" \/>\n        <\/div>\n        \n                    <\/a>\n            \n            <div class=\"akt-image-text-single__text-container\">\n                            <a href=\"https:\/\/www.hoenle-eleco.com\/fr\/products-solutions\/categories-produits\/equipements-dinsolation-uv\/\" \n                   class=\"akt-image-text-single__text-link\"\n                                                         title=\"Bonding &amp; Potting\"                   aria-label=\"Equipo de exposici\u00f3n\">\n                        \n            <h3 class=\"akt-image-text-single__text\">Equipo de exposici\u00f3n<\/h3>\n            \n                            <\/a>\n                    <\/div>\n    \n<\/div>[\/vc_column_inner][\/vc_row_inner][\/vc_column][\/vc_row][\/vc_section]<\/p>\n<\/div>","protected":false},"excerpt":{"rendered":"<p>[vc_section css=\u00bb.vc_custom_1752143461288{background-color: #F2F4F6 !important;}\u00bb][vc_row][vc_column width=\u00bb1\/2&#8243;][\/vc_column][vc_column width=\u00bb1\/2&#8243;][vc_column_text css=\u00bb\u00bb]Hoenle ofrece una gama completa de sistemas de curado UV para el curado o [&hellip;]<\/p>\n","protected":false},"author":9,"featured_media":0,"parent":9071,"menu_order":2,"comment_status":"closed","ping_status":"closed","template":"","meta":{"site-sidebar-layout":"no-sidebar","site-content-layout":"plain-container","ast-site-content-layout":"default","site-content-style":"default","site-sidebar-style":"default","ast-global-header-display":"","ast-banner-title-visibility":"","ast-main-header-display":"","ast-hfb-above-header-display":"","ast-hfb-below-header-display":"","ast-hfb-mobile-header-display":"","site-post-title":"disabled","ast-breadcrumbs-content":"","ast-featured-img":"disabled","footer-sml-layout":"","theme-transparent-header-meta":"default","adv-header-id-meta":"","stick-header-meta":"","header-above-stick-meta":"","header-main-stick-meta":"","header-below-stick-meta":"","astra-migrate-meta-layouts":"set","ast-page-background-enabled":"default","ast-page-background-meta":{"desktop":{"background-color":"var(--ast-global-color-5)","background-image":"","background-repeat":"repeat","background-position":"center center","background-size":"auto","background-attachment":"scroll","background-type":"","background-media":"","overlay-type":"","overlay-color":"","overlay-opacity":"","overlay-gradient":""},"tablet":{"background-color":"","background-image":"","background-repeat":"repeat","background-position":"center center","background-size":"auto","background-attachment":"scroll","background-type":"","background-media":"","overlay-type":"","overlay-color":"","overlay-opacity":"","overlay-gradient":""},"mobile":{"background-color":"","background-image":"","background-repeat":"repeat","background-position":"center center","background-size":"auto","background-attachment":"scroll","background-type":"","background-media":"","overlay-type":"","overlay-color":"","overlay-opacity":"","overlay-gradient":""}},"ast-content-background-meta":{"desktop":{"background-color":"var(--ast-global-color-4)","background-image":"","background-repeat":"repeat","background-position":"center center","background-size":"auto","background-attachment":"scroll","background-type":"","background-media":"","overlay-type":"","overlay-color":"","overlay-opacity":"","overlay-gradient":""},"tablet":{"background-color":"var(--ast-global-color-4)","background-image":"","background-repeat":"repeat","background-position":"center center","background-size":"auto","background-attachment":"scroll","background-type":"","background-media":"","overlay-type":"","overlay-color":"","overlay-opacity":"","overlay-gradient":""},"mobile":{"background-color":"var(--ast-global-color-4)","background-image":"","background-repeat":"repeat","background-position":"center center","background-size":"auto","background-attachment":"scroll","background-type":"","background-media":"","overlay-type":"","overlay-color":"","overlay-opacity":"","overlay-gradient":""}},"footnotes":""},"class_list":["post-7756","page","type-page","status-publish","hentry"],"_links":{"self":[{"href":"https:\/\/www.hoenle-eleco.com\/es\/wp-json\/wp\/v2\/pages\/7756","targetHints":{"allow":["GET"]}}],"collection":[{"href":"https:\/\/www.hoenle-eleco.com\/es\/wp-json\/wp\/v2\/pages"}],"about":[{"href":"https:\/\/www.hoenle-eleco.com\/es\/wp-json\/wp\/v2\/types\/page"}],"author":[{"embeddable":true,"href":"https:\/\/www.hoenle-eleco.com\/es\/wp-json\/wp\/v2\/users\/9"}],"replies":[{"embeddable":true,"href":"https:\/\/www.hoenle-eleco.com\/es\/wp-json\/wp\/v2\/comments?post=7756"}],"version-history":[{"count":12,"href":"https:\/\/www.hoenle-eleco.com\/es\/wp-json\/wp\/v2\/pages\/7756\/revisions"}],"predecessor-version":[{"id":10262,"href":"https:\/\/www.hoenle-eleco.com\/es\/wp-json\/wp\/v2\/pages\/7756\/revisions\/10262"}],"up":[{"embeddable":true,"href":"https:\/\/www.hoenle-eleco.com\/es\/wp-json\/wp\/v2\/pages\/9071"}],"wp:attachment":[{"href":"https:\/\/www.hoenle-eleco.com\/es\/wp-json\/wp\/v2\/media?parent=7756"}],"curies":[{"name":"wp","href":"https:\/\/api.w.org\/{rel}","templated":true}]}}