{"id":7742,"date":"2025-09-14T16:44:43","date_gmt":"2025-09-14T14:44:43","guid":{"rendered":"https:\/\/www.hoenle-eleco.com\/?page_id=7742"},"modified":"2026-01-29T12:54:07","modified_gmt":"2026-01-29T11:54:07","slug":"estudio-de-caso-wearable","status":"publish","type":"page","link":"https:\/\/www.hoenle-eleco.com\/es\/aplicaciones\/casos-practicos\/estudio-de-caso-wearable\/","title":{"rendered":"Estudio de caso Wearables"},"content":{"rendered":"<div class=\"wpb-content-wrapper\"><p>[vc_section][vc_row][vc_column width=\u00bb1\/2&#8243;]\n<h1 class=\"akt-heading akt-heading--inline akt-heading--h1 akt-heading--align-left\">\n            <span class=\"akt-heading__part akt-heading__part--light\">Case Study<\/span>\n                <span class=\"akt-heading__part akt-heading__part--bold\">C\u00f3mo fabricar dispositivos port\u00e1tiles<\/span>\n    <\/h1>[\/vc_column][vc_column width=\u00bb1\/2&#8243;][vc_column_text css=\u00bb\u00bb]Los dispositivos wearables de monitorizaci\u00f3n del paciente se llevan directamente sobre el cuerpo y se utilizan cada vez m\u00e1s. Estos dispositivos incluyen sensores diab\u00e9ticos para controlar los niveles de glucosa en sangre (MCG), as\u00ed como monitores inal\u00e1mbricos que transmiten informaci\u00f3n del paciente a los profesionales sanitarios. Tienen que ser fiables y duraderos, a la vez que seguros para el contacto directo con la piel. Para ello, Hoenle ha desarrollado una amplia gama de adhesivos especialmente formulados que cumplen los estrictos requisitos impuestos por los fabricantes de dispositivos m\u00e9dicos. Para ofrecer una soluci\u00f3n de adhesivado completa, Hoenle se asoci\u00f3 con el fabricante de equipos de dosificaci\u00f3n Atlas Copco (antes Scheugenpflug). Se ha identificado y probado con \u00e9xito un concepto de sistema que permite dispensar con precisi\u00f3n peque\u00f1os vol\u00famenes de adhesivos UV con curado UV LED integrado.[\/vc_column_text][\/vc_column][\/vc_row][\/vc_section][vc_section css=\u00bb.vc_custom_1756467838007{background-color: #FFFFFF !important;}\u00bb][vc_row][vc_column width=\u00bb1\/2&#8243;][vc_column_text css=\u00bb\u00bb]Los adhesivos para dispositivos m\u00e9dicos de Hoenle presentan una excelente adhesi\u00f3n a los sustratos de uso m\u00e9dico m\u00e1s comunes, incluidos el policarbonato, las poliimidas, las poliamidas, el acero inoxidable y la cer\u00e1mica. Estos adhesivos se someten a pruebas de biocompatibilidad de acuerdo con los protocolos ISO 10993-4\/-5\/-10\/-23 y\/o USP Clase VI.<\/p>\n<p>Este grupo de adhesivos incluye acrilatos UV curables por LED y epoxis UV que proporcionan los tiempos de ciclo de curado m\u00e1s cortos para la producci\u00f3n de grandes vol\u00famenes. Son ideales para el montaje de agujas y cubos, la fijaci\u00f3n de componentes y el sellado de carcasas. Hay disponibles varias gamas de viscosidad para adaptarse mejor a la configuraci\u00f3n de los componentes y al proceso de montaje. Existen versiones fluorescentes para mejorar el control de calidad basado en sistemas de visi\u00f3n en l\u00ednea.<\/p>\n<p>Tambi\u00e9n se incluyen en este grupo los adhesivos conductores de la electricidad y los epoxis termoestables convencionales. Ofrecen soluciones de conectividad y fijaci\u00f3n para el montaje de placas de circuito impreso y componentes el\u00e9ctricos. Hay disponibles varias selecciones de epoxis con alta pureza i\u00f3nica, esencial para minimizar el riesgo de corrosi\u00f3n en la placa de circuito impreso. Los adhesivos conductores de la electricidad rellenos de plata de Hoenle pueden sustituir a menudo a las uniones soldadas o aplicarse en dispositivos plegables o flexibles.<\/p>\n<p>La dosificaci\u00f3n precisa y uniforme de adhesivo es obligatoria en el montaje de dispositivos m\u00e9dicos. Para los peque\u00f1os vol\u00famenes de dosificaci\u00f3n, la mejor opci\u00f3n es el cabezal microdosificador de alta precisi\u00f3n DosPL DPL2001 de Scheugenpflug, parte del Grupo Atlas Copco. Esto permite una aplicaci\u00f3n altamente precisa de los adhesivos incluso para los vol\u00famenes m\u00e1s peque\u00f1os, hasta el rango de \u00b5l. Esto permite ajustar de forma fiable los topes de globo a 0,003 ml, alcanzar precisiones de dosificaci\u00f3n inferiores al 0,5% y realizar las l\u00edneas m\u00e1s finas en la carcasa de pl\u00e1stico con un inicio y parada precisos.<\/p>\n<p>El cabezal dosificador funciona seg\u00fan el principio de dosificaci\u00f3n volum\u00e9trica. Un sistema de control detecta de forma fiable las fluctuaciones de viscosidad y garantiza una alta precisi\u00f3n constante del contorno de adhesi\u00f3n.<\/p>\n<p>El curado o endurecimiento de los adhesivos de acrilato y epoxi UV de Hoenle puede lograrse en segundos gracias a sus composiciones de formulaci\u00f3n \u00fanica. Los sistemas de curado LED de Hoenle permiten optimizar al m\u00e1ximo el proceso de curado. Esto garantiza el tiempo de ciclo de curado m\u00e1s corto y el mayor rendimiento. En el concepto de sistema probado, se utiliz\u00f3 el LED Spot 40 IC de Hoenle, con una longitud de onda de 405 nm. El dise\u00f1o compacto de este cabezal LED permiti\u00f3 integrarlo con el cabezal dispensador DosPL DPL2001 en la c\u00e9lula rob\u00f3tica multifunci\u00f3n DispensingCell DC803 de Scheugenpflug. Esta c\u00e9lula de trabajo permite que los componentes permanezcan en una posici\u00f3n tanto para los procesos de dispensaci\u00f3n como de curado UV. La manipulaci\u00f3n de las piezas se reduce al m\u00ednimo, as\u00ed como los riesgos de movimiento de los componentes, contaminaci\u00f3n y migraci\u00f3n del adhesivo. Este concepto de sistema integrado garantiza que el proceso de uni\u00f3n adhesiva se realice con los m\u00e1s altos est\u00e1ndares de calidad y con la mayor eficiencia. Tanto si se trata de producci\u00f3n por lotes como de flujo continuo, los sistemas integrados de pegado adhesivo de Hoenle y Atlas Copco satisfacen los exigentes requisitos de producci\u00f3n de los dispositivos m\u00e9dicos para llevar puestos.[\/vc_column_text][\/vc_column][vc_column width=\u00bb1\/2&#8243;]\n<div id=\"akt-video-player-6a0984eda8afa\" class=\"akt-video-player akt-video-player--width-full akt-video-player--align-center akt-video-player--aspect-16-9\">\n    \n    \n    <div class=\"akt-video-player__container\">\n                    <video class=\"akt-video-player__video\" \n                   controls poster=\"https:\/\/www.hoenle-eleco.com\/wp-content\/uploads\/Wearables-bonding-solution-Hoenle-and-Scheugenpflug.jpg\"                   preload=\"metadata\"\n                   playsinline\n                   data-element-id=\"akt-video-player-6a0984eda8afa\">\n                \n                <!-- Primary video source -->\n                <source src=\"https:\/\/www.hoenle-eleco.com\/wp-content\/uploads\/Diabetes-sensor-Hoenle-Hoenle-Scheugenpflug.mp4\" \n                        type=\"video\/mp4\">\n                \n                <!-- Fallback message for unsupported browsers -->\n                <div class=\"akt-video-player__fallback\">\n                    <p>Your browser does not support the video tag. Please \n                       <a href=\"https:\/\/www.hoenle-eleco.com\/wp-content\/uploads\/Diabetes-sensor-Hoenle-Hoenle-Scheugenpflug.mp4\" \n                          target=\"_blank\" \n                          rel=\"noopener noreferrer\">\n                          download the video file                       <\/a> to watch it.                    <\/p>\n                    \n                                            <img decoding=\"async\" src=\"https:\/\/www.hoenle-eleco.com\/wp-content\/uploads\/Wearables-bonding-solution-Hoenle-and-Scheugenpflug.jpg\" \n                             alt=\"Video preview\" \n                             class=\"akt-video-player__fallback-image\" \/>\n                                    <\/div>\n            <\/video>\n\n            <!-- Custom Play Button Overlay (optional, controlled by CSS\/JS) -->\n            <div class=\"akt-video-player__play-overlay\" \n                 data-video-target=\"akt-video-player-6a0984eda8afa\" \n                 role=\"button\" \n                 tabindex=\"0\"\n                 aria-label=\"Play video\"\n                 style=\"display: none;\">\n                <span class=\"akt-video-player__play-icon\" aria-hidden=\"true\">\n                    <svg width=\"64\" height=\"64\" viewBox=\"0 0 24 24\" fill=\"currentColor\">\n                        <path d=\"M8 5v14l11-7z\"\/>\n                    <\/svg>\n                <\/span>\n            <\/div>\n\n            <!-- Loading Indicator -->\n            <div class=\"akt-video-player__loading\" style=\"display: none;\">\n                <span class=\"akt-video-player__loading-spinner\" aria-hidden=\"true\"><\/span>\n                <span class=\"akt-video-player__loading-text\">\n                    Loading video...                <\/span>\n            <\/div>\n\n            <\/div>\n\n    \n    <!-- Video Metadata (hidden, for accessibility and SEO) -->\n            <script type=\"application\/ld+json\">\n        {\n            \"@context\": \"https:\/\/schema.org\",\n            \"@type\": \"VideoObject\",\n            \"name\": \"Estudio de caso Wearables\",\n            \"contentUrl\": \"https:\/\/www.hoenle-eleco.com\/wp-content\/uploads\/Diabetes-sensor-Hoenle-Hoenle-Scheugenpflug.mp4\",\n                                    \"thumbnailUrl\": \"https:\/\/www.hoenle-eleco.com\/wp-content\/uploads\/Wearables-bonding-solution-Hoenle-and-Scheugenpflug.jpg\",\n                        \"uploadDate\": \"2025-09-14T16:44:43+02:00\",\n            \"embedUrl\": \"https:\/\/www.hoenle-eleco.com\/wp-content\/uploads\/Diabetes-sensor-Hoenle-Hoenle-Scheugenpflug.mp4\"\n        }\n        <\/script>\n    \n<\/div>[vc_empty_space][vc_column_text css=\u00bb\u00bb]<strong>Descargas<\/strong><\/p>\n<p>Adhesivos de calidad m\u00e9dica (pdf)<\/p>\n<p>LED Spot 40 (pdf)[\/vc_column_text][\/vc_column][\/vc_row][\/vc_section][vc_section css=\u00bb.vc_custom_1756467927831{background-color: #F2F4F6 !important;}\u00bb][vc_row][vc_column]\n<h2 class=\"akt-heading akt-heading--inline akt-heading--h2 akt-heading--align-left\">\n            <span class=\"akt-heading__part akt-heading__part--light\">Read more about our<\/span>\n                <span class=\"akt-heading__part akt-heading__part--bold\">Bonding Solutions for Wearable Devices<\/span>\n    <\/h2>[vc_empty_space height=\u00bb15px\u00bb]\n<div class=\"akt-grid akt-grid--columns-3 akt-grid--align-center akt-grid--aspect-16_9 akt-grid--hover akt-grid--fit-cover akt-grid--animation-fade_in\" \n     id=\"akt-grid-6a0984eda8d41\"\n     data-columns=\"3\"\n     data-animation=\"fade-in\">\n\n            <style>@media (max-width: 768px) { #akt-grid-6a0984eda8d41 .akt-grid__content { background-color: #ffffff; } }<\/style>\n         \n    \n            <div class=\"akt-grid__container\">\n                                            \n                <div class=\"akt-grid__item\" \n                     data-index=\"0\"\n                     style=\"--animation-delay: 0s\">\n                    \n                                            <a href=\"https:\/\/www.hoenle-eleco.com\/products-solutions\/applications\/bonding-potting\/medical-grade-adhesive\/\"\n                                                                                     title=\"Medical Grade Adhesive\"\n                                                      class=\"akt-grid__item-link\">\n                                        \n                                            <div class=\"akt-grid__image akt-grid__image--16_9\">\n                            <img decoding=\"async\" src=\"https:\/\/www.hoenle-eleco.com\/wp-content\/uploads\/Medical-Grade-Adhesives-Overview-400.jpg\" \n                                 alt=\"Our medical grade adhesives\" \n                                 class=\"akt-grid__image-element\"\n                                 loading=\"lazy\"\n                                 width=\"400\"\n                                 height=\"307\">\n                        <\/div>\n                                        \n                                            <div class=\"akt-grid__content\">\n                                                            <h3 class=\"akt-grid__title\">Our medical grade adhesives<\/h3>\n                                                        \n                                                            <p class=\"akt-grid__description\">Our medical grade adhesives are certified according to USP Class VI and\/or ISO 10993 standards. They can be used for a wide variety of applications, such as needle bonding, bonding of endoscopes and medical devices, wearable devices, or tube sets and connectors.<\/p>\n                                                    <\/div>\n                                        \n                                            <\/a>\n                                    <\/div>\n                \n                                            \n                <div class=\"akt-grid__item\" \n                     data-index=\"1\"\n                     style=\"--animation-delay: 0s\">\n                    \n                                            <a href=\"https:\/\/www.hoenle-eleco.com\/products-solutions\/applications\/bonding-potting\/pcb\/\"\n                                                                                     title=\"Needle Bonding\"\n                                                      class=\"akt-grid__item-link\">\n                                        \n                                        \n                                            <div class=\"akt-grid__content\">\n                                                            <h3 class=\"akt-grid__title\">Adhesives for PCBs and Electonics Assembly<\/h3>\n                                                        \n                                                            <p class=\"akt-grid__description\">The continuing trend towards miniaturization of PCBs (printed circuit boards) presents the challenge of ensuring that, despite their ever decreasing size, contacts and components continue to work reliably.<\/p>\n                                                    <\/div>\n                                        \n                                            <\/a>\n                                    <\/div>\n                \n                                            \n                <div class=\"akt-grid__item\" \n                     data-index=\"2\"\n                     style=\"--animation-delay: 0s\">\n                    \n                                            <a href=\"https:\/\/www.hoenle-eleco.com\/products-solutions\/product-categories\/led-uv-equipment\/hoenle-led-powerline-ac-ic-hp\/\"\n                                                                                     title=\"Coating \/ Finishing\"\n                                                      class=\"akt-grid__item-link\">\n                                        \n                                            <div class=\"akt-grid__image akt-grid__image--16_9\">\n                            <img decoding=\"async\" src=\"https:\/\/www.hoenle-eleco.com\/wp-content\/uploads\/uv-flood-lamps-by-honle-led-spot-40-ic-panacol-usa.jpeg\" \n                                 alt=\"LED uv curing system\" \n                                 class=\"akt-grid__image-element\"\n                                 loading=\"lazy\"\n                                 width=\"400\"\n                                 height=\"302\">\n                        <\/div>\n                                        \n                                            <div class=\"akt-grid__content\">\n                                                            <h3 class=\"akt-grid__title\">LED Spot 40 curing system<\/h3>\n                                                        \n                                                            <p class=\"akt-grid__description\">Compact UV-LED flood unit for small areas<\/p>\n                                                    <\/div>\n                                        \n                                            <\/a>\n                                    <\/div>\n                \n                    <\/div>\n        \n<\/div>[\/vc_column][\/vc_row][\/vc_section][vc_section css=\u00bb.vc_custom_1757429652602{background-color: #FFFFFF !important;}\u00bb][vc_row][vc_column width=\u00bb1\/3&#8243;]\n<h2 class=\"akt-heading akt-heading--block akt-heading--h2 akt-heading--align-left\">\n            <span class=\"akt-heading__part akt-heading__part--light\">Contact<\/span>\n                <span class=\"akt-heading__part akt-heading__part--bold\">And Support<\/span>\n    <\/h2>[vc_empty_space height=\u00bb15px\u00bb][\/vc_column][vc_column width=\u00bb2\/3&#8243;][vc_column_text css=\u00bb\u00bb]\u00bfTiene alguna pregunta o necesita asistencia para nuestras soluciones de adhesi\u00f3n? Estaremos encantados de ayudarle.[\/vc_column_text][vc_empty_space height=\u00bb15px\u00bb]\n<div class=\"akt-button-wrapper akt-button-wrapper--align-left\">\n            <a href=\"\/contact\" \n           class=\"akt-button akt-button--medium akt-button--primary\" aria-label=\"Contact Us\"                      >\n            <span class=\"akt-button__text\">Contact Us<\/span>\n        <\/a>\n    <\/div>[\/vc_column][\/vc_row][\/vc_section]<\/p>\n<\/div>","protected":false},"excerpt":{"rendered":"<p>[vc_section][vc_row][vc_column width=\u00bb1\/2&#8243;][\/vc_column][vc_column width=\u00bb1\/2&#8243;][vc_column_text css=\u00bb\u00bb]Los dispositivos wearables de monitorizaci\u00f3n del paciente se llevan directamente sobre el cuerpo y se utilizan cada [&hellip;]<\/p>\n","protected":false},"author":9,"featured_media":0,"parent":7658,"menu_order":0,"comment_status":"closed","ping_status":"closed","template":"","meta":{"site-sidebar-layout":"no-sidebar","site-content-layout":"plain-container","ast-site-content-layout":"default","site-content-style":"default","site-sidebar-style":"default","ast-global-header-display":"","ast-banner-title-visibility":"","ast-main-header-display":"","ast-hfb-above-header-display":"","ast-hfb-below-header-display":"","ast-hfb-mobile-header-display":"","site-post-title":"disabled","ast-breadcrumbs-content":"","ast-featured-img":"disabled","footer-sml-layout":"","theme-transparent-header-meta":"default","adv-header-id-meta":"","stick-header-meta":"","header-above-stick-meta":"","header-main-stick-meta":"","header-below-stick-meta":"","astra-migrate-meta-layouts":"set","ast-page-background-enabled":"default","ast-page-background-meta":{"desktop":{"background-color":"var(--ast-global-color-5)","background-image":"","background-repeat":"repeat","background-position":"center center","background-size":"auto","background-attachment":"scroll","background-type":"","background-media":"","overlay-type":"","overlay-color":"","overlay-opacity":"","overlay-gradient":""},"tablet":{"background-color":"","background-image":"","background-repeat":"repeat","background-position":"center center","background-size":"auto","background-attachment":"scroll","background-type":"","background-media":"","overlay-type":"","overlay-color":"","overlay-opacity":"","overlay-gradient":""},"mobile":{"background-color":"","background-image":"","background-repeat":"repeat","background-position":"center center","background-size":"auto","background-attachment":"scroll","background-type":"","background-media":"","overlay-type":"","overlay-color":"","overlay-opacity":"","overlay-gradient":""}},"ast-content-background-meta":{"desktop":{"background-color":"var(--ast-global-color-4)","background-image":"","background-repeat":"repeat","background-position":"center center","background-size":"auto","background-attachment":"scroll","background-type":"","background-media":"","overlay-type":"","overlay-color":"","overlay-opacity":"","overlay-gradient":""},"tablet":{"background-color":"var(--ast-global-color-4)","background-image":"","background-repeat":"repeat","background-position":"center center","background-size":"auto","background-attachment":"scroll","background-type":"","background-media":"","overlay-type":"","overlay-color":"","overlay-opacity":"","overlay-gradient":""},"mobile":{"background-color":"var(--ast-global-color-4)","background-image":"","background-repeat":"repeat","background-position":"center center","background-size":"auto","background-attachment":"scroll","background-type":"","background-media":"","overlay-type":"","overlay-color":"","overlay-opacity":"","overlay-gradient":""}},"footnotes":""},"class_list":["post-7742","page","type-page","status-publish","hentry"],"_links":{"self":[{"href":"https:\/\/www.hoenle-eleco.com\/es\/wp-json\/wp\/v2\/pages\/7742","targetHints":{"allow":["GET"]}}],"collection":[{"href":"https:\/\/www.hoenle-eleco.com\/es\/wp-json\/wp\/v2\/pages"}],"about":[{"href":"https:\/\/www.hoenle-eleco.com\/es\/wp-json\/wp\/v2\/types\/page"}],"author":[{"embeddable":true,"href":"https:\/\/www.hoenle-eleco.com\/es\/wp-json\/wp\/v2\/users\/9"}],"replies":[{"embeddable":true,"href":"https:\/\/www.hoenle-eleco.com\/es\/wp-json\/wp\/v2\/comments?post=7742"}],"version-history":[{"count":9,"href":"https:\/\/www.hoenle-eleco.com\/es\/wp-json\/wp\/v2\/pages\/7742\/revisions"}],"predecessor-version":[{"id":10287,"href":"https:\/\/www.hoenle-eleco.com\/es\/wp-json\/wp\/v2\/pages\/7742\/revisions\/10287"}],"up":[{"embeddable":true,"href":"https:\/\/www.hoenle-eleco.com\/es\/wp-json\/wp\/v2\/pages\/7658"}],"wp:attachment":[{"href":"https:\/\/www.hoenle-eleco.com\/es\/wp-json\/wp\/v2\/media?parent=7742"}],"curies":[{"name":"wp","href":"https:\/\/api.w.org\/{rel}","templated":true}]}}