{"id":7673,"date":"2025-09-15T22:11:24","date_gmt":"2025-09-15T20:11:24","guid":{"rendered":"https:\/\/www.hoenle-eleco.com\/?page_id=7673"},"modified":"2025-09-29T10:43:52","modified_gmt":"2025-09-29T08:43:52","slug":"adhesivos-para-dispositivos-medicos-portatiles","status":"publish","type":"page","link":"https:\/\/www.hoenle-eleco.com\/es\/aplicaciones\/encolado\/adhesivos-medicos\/adhesivos-para-dispositivos-medicos-portatiles\/","title":{"rendered":"Adhesivos para dispositivos m\u00e9dicos port\u00e1tiles"},"content":{"rendered":"<div class=\"wpb-content-wrapper\"><p>[vc_section][vc_row][vc_column width=\u00bb1\/2&#8243;]\n<h1 class=\"akt-heading akt-heading--inline akt-heading--h1 akt-heading--align-left\">\n            <span class=\"akt-heading__part akt-heading__part--light\">Colles pour<\/span>\n                <span class=\"akt-heading__part akt-heading__part--bold\">dispositifs m\u00e9dicaux portables<\/span>\n    <\/h1>[\/vc_column][vc_column width=\u00bb1\/2&#8243;][vc_column_text css=\u00bb\u00bb]Los dispositivos m\u00e9dicos port\u00e1tiles y los minidispositivos de diagn\u00f3stico, como los sensores para diab\u00e9ticos que controlan los niveles de az\u00facar en sangre, son cada vez m\u00e1s populares. Por supuesto, es importante garantizar que estos dispositivos sean fiables en todo momento, pero seguros cuando se utilizan cerca del cuerpo. Hoenle ha desarrollado una amplia gama de adhesivos especiales para satisfacer las elevadas exigencias y requisitos de fabricantes y usuarios.[\/vc_column_text]\n<div class=\"akt-button-wrapper akt-button-wrapper--align-left\">\n            <a href=\"\/contact\" \n           class=\"akt-button akt-button--medium akt-button--primary\" aria-label=\"Request consultation\"                      >\n            <span class=\"akt-button__text\">Request consultation<\/span>\n        <\/a>\n    <\/div>[\/vc_column][\/vc_row][\/vc_section][vc_section css=\u00bb.vc_custom_1753711788721{background-color: #F2F4F6 !important;}\u00bb][vc_row][vc_column width=\u00bb2\/3&#8243;][vc_column_text css=\u00bb\u00bb]La calidad de los dispositivos m\u00e9dicos port\u00e1tiles empieza en la fase de producci\u00f3n. Los adhesivos m\u00e9dicos de Hoenle ofrecen muy buena adhesi\u00f3n a los materiales m\u00e1s utilizados, normalmente pl\u00e1sticos, acero inoxidable, vidrio o cer\u00e1mica. Tambi\u00e9n son biocompatibles y ya han sido sometidos a las pruebas ISO 10993-4\/-5\/-10\/-23 y\/o USP Clase VI.  <\/p>\n<p>Cada proceso de fabricaci\u00f3n requiere adhesivos especialmente desarrollados: desde acrilatos UV y epoxis UV hasta productos conductores de la electricidad y epoxis termoestables convencionales, Hoenle tiene el adhesivo adecuado para cada aplicaci\u00f3n. Los adhesivos UV son ideales para pegar agujas o carcasas de dispositivos port\u00e1tiles, ya que se curan muy r\u00e1pidamente bajo la luz UV y, por tanto, son ideales para ciclos r\u00e1pidos y producci\u00f3n de gran volumen. Existen versiones fluorescentes para mejorar el control de calidad mediante sistemas de visi\u00f3n en l\u00ednea.  <\/p>\n<p>Adem\u00e1s de los adhesivos UV, tambi\u00e9n se utilizan adhesivos a base de resina epoxi de curado por calor para unir placas de circuitos impresos. Dependiendo de la aplicaci\u00f3n, es importante asegurarse de que el adhesivo tenga una alta pureza i\u00f3nica para evitar la corrosi\u00f3n. Por otro lado, los adhesivos conductores de la electricidad suelen estar rellenos de plata, por lo que pueden sustituir a las juntas de soldadura o incluso aplicarse a dispositivos port\u00e1tiles flexibles en forma de pistas conductoras flexibles.  <\/p>\n<p>Los adhesivos Hoenle son adecuados para pegar placas de circuitos impresos y para pegar carcasas o agujas de jeringuillas.[\/vc_column_text][\/vc_column][vc_column width=\u00bb1\/3&#8243;][vc_single_image image=\u00bb2955&#8243; img_size=\u00bbfull\u00bb css=\u00bb\u00bb][vc_column_text css=\u00bb\u00bb]Los adhesivos Hoenle son adecuados tanto para pegar placas de circuitos impresos como para pegar carcasas o agujas de jeringuillas.[\/vc_column_text][vc_column_text css=\u00bb\u00bb]<strong>Descargas<\/strong><\/p>\n<p><a href=\"https:\/\/www.hoenle-eleco.com\/wp-content\/uploads\/Hoenle-Brochure-Medical-Grade-Adhesives.pdf\">Folleto de adhesivos de calidad m\u00e9dica<\/a>[\/vc_column_text][vc_column_text css=\u00bb\u00bb]<strong>Acepte las cookies de marketing para ver este v\u00eddeo.<\/strong><\/p>\n<p><strong>\u00a1\u00a1\u00a1\u00a1!!!!<\/strong>[\/vc_column_text][\/vc_column][\/vc_row][vc_row][vc_column][vc_column_text css=\u00bb\u00bb]La tabla siguiente ofrece una visi\u00f3n general de los adhesivos de uso m\u00e9dico que cuentan con la certificaci\u00f3n ISO 10993 y\/o USP Clase VI y, por tanto, son adecuados para aplicaciones m\u00e9dicas:[\/vc_column_text]<div class=\"akt-adhesives-table__no-selection\">Please select adhesives to display.<\/div>[\/vc_column][\/vc_row][\/vc_section][vc_section css=\u00bb.vc_custom_1753712203424{background-color: #FFFFFF !important;}\u00bb][vc_row][vc_column width=\u00bb1\/3&#8243;]\n<h2 class=\"akt-heading akt-heading--block akt-heading--h2 akt-heading--align-left\">\n            <span class=\"akt-heading__part akt-heading__part--light\">Our Hoenle<\/span>\n                <span class=\"akt-heading__part akt-heading__part--bold\">System Solutions<\/span>\n    <\/h2>[vc_empty_space height=\u00bb15px\u00bb][\/vc_column][vc_column width=\u00bb2\/3&#8243;][vc_row_inner][vc_column_inner width=\u00bb1\/2&#8243;]\n<div id=\"akt-image-text-6211\" class=\"akt-image-text-single akt-image-text-single--aspect-landscape akt-image-text-single--align-center akt-image-text-single--clickable akt-image-text-single--has-overlay akt-image-text-single--animate-fade-in\">\n    \n            <!-- Placeholder if no image -->\n        <div class=\"akt-image-text-single__image-container akt-image-text-single__image-placeholder\">\n            <div class=\"akt-image-text-single__placeholder-content\">\n                <span class=\"akt-image-text-single__placeholder-icon\">\n                    <svg width=\"48\" height=\"48\" viewBox=\"0 0 24 24\" fill=\"none\" stroke=\"currentColor\" stroke-width=\"1.5\">\n                        <rect x=\"3\" y=\"3\" width=\"18\" height=\"18\" rx=\"2\" ry=\"2\"\/>\n                        <circle cx=\"8.5\" cy=\"8.5\" r=\"1.5\"\/>\n                        <polyline points=\"21,15 16,10 5,21\"\/>\n                    <\/svg>\n                <\/span>\n                <small>No image selected<\/small>\n            <\/div>\n        <\/div>\n    \n            <div class=\"akt-image-text-single__text-container\">\n                            <a href=\"https:\/\/www.hoenle-eleco.com\/products-solutions\/applications\/bonding-potting\/\" \n                   class=\"akt-image-text-single__text-link\"\n                                                         title=\"Bonding &amp; Potting\"                   aria-label=\"LED UV Curing Systems\">\n                        \n            <h3 class=\"akt-image-text-single__text\">LED UV Curing Systems<\/h3>\n            \n                            <\/a>\n                    <\/div>\n    \n<\/div>[\/vc_column_inner][vc_column_inner width=\u00bb1\/2&#8243;]\n<div id=\"akt-image-text-2697\" class=\"akt-image-text-single akt-image-text-single--aspect-landscape akt-image-text-single--align-center akt-image-text-single--clickable akt-image-text-single--has-overlay akt-image-text-single--animate-fade-in\">\n    \n            <!-- Placeholder if no image -->\n        <div class=\"akt-image-text-single__image-container akt-image-text-single__image-placeholder\">\n            <div class=\"akt-image-text-single__placeholder-content\">\n                <span class=\"akt-image-text-single__placeholder-icon\">\n                    <svg width=\"48\" height=\"48\" viewBox=\"0 0 24 24\" fill=\"none\" stroke=\"currentColor\" stroke-width=\"1.5\">\n                        <rect x=\"3\" y=\"3\" width=\"18\" height=\"18\" rx=\"2\" ry=\"2\"\/>\n                        <circle cx=\"8.5\" cy=\"8.5\" r=\"1.5\"\/>\n                        <polyline points=\"21,15 16,10 5,21\"\/>\n                    <\/svg>\n                <\/span>\n                <small>No image selected<\/small>\n            <\/div>\n        <\/div>\n    \n            <div class=\"akt-image-text-single__text-container\">\n                            <a href=\"\/\" \n                   class=\"akt-image-text-single__text-link\"\n                                                                            aria-label=\"UV Curable Adhesives\">\n                        \n            <h3 class=\"akt-image-text-single__text\">UV Curable Adhesives<\/h3>\n            \n                            <\/a>\n                    <\/div>\n    \n<\/div>[\/vc_column_inner][\/vc_row_inner][\/vc_column][\/vc_row][\/vc_section]<\/p>\n<\/div>","protected":false},"excerpt":{"rendered":"<p>[vc_section][vc_row][vc_column width=\u00bb1\/2&#8243;][\/vc_column][vc_column width=\u00bb1\/2&#8243;][vc_column_text css=\u00bb\u00bb]Los dispositivos m\u00e9dicos port\u00e1tiles y los minidispositivos de diagn\u00f3stico, como los sensores para diab\u00e9ticos que controlan los [&hellip;]<\/p>\n","protected":false},"author":9,"featured_media":0,"parent":8298,"menu_order":1,"comment_status":"closed","ping_status":"closed","template":"","meta":{"site-sidebar-layout":"no-sidebar","site-content-layout":"plain-container","ast-site-content-layout":"default","site-content-style":"default","site-sidebar-style":"default","ast-global-header-display":"","ast-banner-title-visibility":"","ast-main-header-display":"","ast-hfb-above-header-display":"","ast-hfb-below-header-display":"","ast-hfb-mobile-header-display":"","site-post-title":"disabled","ast-breadcrumbs-content":"","ast-featured-img":"disabled","footer-sml-layout":"","theme-transparent-header-meta":"default","adv-header-id-meta":"","stick-header-meta":"","header-above-stick-meta":"","header-main-stick-meta":"","header-below-stick-meta":"","astra-migrate-meta-layouts":"default","ast-page-background-enabled":"default","ast-page-background-meta":{"desktop":{"background-color":"var(--ast-global-color-5)","background-image":"","background-repeat":"repeat","background-position":"center center","background-size":"auto","background-attachment":"scroll","background-type":"","background-media":"","overlay-type":"","overlay-color":"","overlay-opacity":"","overlay-gradient":""},"tablet":{"background-color":"","background-image":"","background-repeat":"repeat","background-position":"center center","background-size":"auto","background-attachment":"scroll","background-type":"","background-media":"","overlay-type":"","overlay-color":"","overlay-opacity":"","overlay-gradient":""},"mobile":{"background-color":"","background-image":"","background-repeat":"repeat","background-position":"center center","background-size":"auto","background-attachment":"scroll","background-type":"","background-media":"","overlay-type":"","overlay-color":"","overlay-opacity":"","overlay-gradient":""}},"ast-content-background-meta":{"desktop":{"background-color":"var(--ast-global-color-4)","background-image":"","background-repeat":"repeat","background-position":"center center","background-size":"auto","background-attachment":"scroll","background-type":"","background-media":"","overlay-type":"","overlay-color":"","overlay-opacity":"","overlay-gradient":""},"tablet":{"background-color":"var(--ast-global-color-4)","background-image":"","background-repeat":"repeat","background-position":"center center","background-size":"auto","background-attachment":"scroll","background-type":"","background-media":"","overlay-type":"","overlay-color":"","overlay-opacity":"","overlay-gradient":""},"mobile":{"background-color":"var(--ast-global-color-4)","background-image":"","background-repeat":"repeat","background-position":"center center","background-size":"auto","background-attachment":"scroll","background-type":"","background-media":"","overlay-type":"","overlay-color":"","overlay-opacity":"","overlay-gradient":""}},"footnotes":""},"class_list":["post-7673","page","type-page","status-publish","hentry"],"_links":{"self":[{"href":"https:\/\/www.hoenle-eleco.com\/es\/wp-json\/wp\/v2\/pages\/7673","targetHints":{"allow":["GET"]}}],"collection":[{"href":"https:\/\/www.hoenle-eleco.com\/es\/wp-json\/wp\/v2\/pages"}],"about":[{"href":"https:\/\/www.hoenle-eleco.com\/es\/wp-json\/wp\/v2\/types\/page"}],"author":[{"embeddable":true,"href":"https:\/\/www.hoenle-eleco.com\/es\/wp-json\/wp\/v2\/users\/9"}],"replies":[{"embeddable":true,"href":"https:\/\/www.hoenle-eleco.com\/es\/wp-json\/wp\/v2\/comments?post=7673"}],"version-history":[{"count":2,"href":"https:\/\/www.hoenle-eleco.com\/es\/wp-json\/wp\/v2\/pages\/7673\/revisions"}],"predecessor-version":[{"id":7675,"href":"https:\/\/www.hoenle-eleco.com\/es\/wp-json\/wp\/v2\/pages\/7673\/revisions\/7675"}],"up":[{"embeddable":true,"href":"https:\/\/www.hoenle-eleco.com\/es\/wp-json\/wp\/v2\/pages\/8298"}],"wp:attachment":[{"href":"https:\/\/www.hoenle-eleco.com\/es\/wp-json\/wp\/v2\/media?parent=7673"}],"curies":[{"name":"wp","href":"https:\/\/api.w.org\/{rel}","templated":true}]}}