{"id":7656,"date":"2025-09-23T18:32:13","date_gmt":"2025-09-23T16:32:13","guid":{"rendered":"https:\/\/www.hoenle-eleco.com\/?page_id=7656"},"modified":"2026-02-03T11:24:46","modified_gmt":"2026-02-03T10:24:46","slug":"silicona-de-grado-optico","status":"publish","type":"page","link":"https:\/\/www.hoenle-eleco.com\/es\/productos-y-soluciones\/categorias-de-productos\/silicona-momentive\/silicona-de-grado-optico\/","title":{"rendered":"Silicona de grado \u00f3ptico"},"content":{"rendered":"<div class=\"wpb-content-wrapper\"><p>[vc_section css=\u00bb.vc_custom_1752143461288{background-color: #F2F4F6 !important;}\u00bb][vc_row][vc_column width=\u00bb1\/2&#8243;]\n<h1 class=\"akt-heading akt-heading--block akt-heading--h1 akt-heading--align-left\">\n                <span class=\"akt-heading__part akt-heading__part--bold\">Silicone grade optique<\/span>\n    <\/h1>[\/vc_column][vc_column width=\u00bb1\/2&#8243;][vc_column_text css=\u00bb\u00bb]<strong>Las siliconas \u00f3pticas<\/strong> monocomponentes y bicomponentes de baja viscosidad se vulcanizan para formar geles elastom\u00e9ricos de gran transparencia.[\/vc_column_text][\/vc_column][\/vc_row][\/vc_section][vc_section css=\u00bb.vc_custom_1752579807249{background-color: #FFFFFF !important;}\u00bb][vc_row][vc_column width=\u00bb1\/2&#8243;][vc_column_text css=\u00bb\u00bb]<strong>Las siliconas \u00f3pticas<\/strong> son ideales para aplicaciones de<strong> pegado \u00f3ptico<\/strong> en los sectores de la electr\u00f3nica, la automoci\u00f3n y la industria.<\/p>\n<p>Est\u00e1n formuladas para proporcionar una excelente protecci\u00f3n contra la humedad, los choques mec\u00e1nicos y las vibraciones.[\/vc_column_text][\/vc_column][vc_column width=\u00bb1\/2&#8243;][vc_single_image image=\u00bb6506&#8243; img_size=\u00bbfull\u00bb css=\u00bb\u00bb][vc_single_image image=\u00bb6865&#8243; img_size=\u00bbfull\u00bb css=\u00bb\u00bb][vc_column_text css=\u00bb\u00bb]Las siliconas \u00f3pticas son ideales para pegar pantallas[\/vc_column_text][\/vc_column][\/vc_row][vc_row][vc_column][vc_column_text css=\u00bb\u00bb]Siliconas de grado \u00f3ptico para uni\u00f3n \u00f3ptica:[\/vc_column_text]\n<div class=\"akt-table-wrapper akt-table-wrapper--style-standard akt-table-wrapper--mobile-scroll akt-table-wrapper--collapsible\" \n     id=\"akt-table-1711\"\n     data-initial-rows=\"1\">\n     \n    \n            <div class=\"akt-table__container\">\n            <div class=\"akt-table__scroll-wrapper\" >\n                <table class=\"akt-table\"\n                       role=\"table\"\n                       aria-label=\"Table\"\n                       data-columns=\"4\"\n                       data-sortable=\"false\">\n\n                                        <thead class=\"akt-table__head\">\n                        <tr class=\"akt-table__header-row\">\n                            \n                                                                                            <th class=\"akt-table__header\"\n                                    scope=\"col\"\n                                    data-column=\"0\"\n                                    >\n                                    <span class=\"akt-table__header-text\">\n                                        Silicone optique                                    <\/span>\n                                                                    <\/th>\n                                                                                            <th class=\"akt-table__header\"\n                                    scope=\"col\"\n                                    data-column=\"1\"\n                                    >\n                                    <span class=\"akt-table__header-text\">\n                                        Caract\u00e9ristique                                    <\/span>\n                                                                    <\/th>\n                                                                                            <th class=\"akt-table__header\"\n                                    scope=\"col\"\n                                    data-column=\"2\"\n                                    >\n                                    <span class=\"akt-table__header-text\">\n                                        Viscosit\u00e9                                    <\/span>\n                                                                    <\/th>\n                                                                                            <th class=\"akt-table__header\"\n                                    scope=\"col\"\n                                    data-column=\"3\"\n                                    >\n                                    <span class=\"akt-table__header-text\">\n                                        Couleur                                    <\/span>\n                                                                    <\/th>\n                                                    <\/tr>\n                    <\/thead>\n                    \n                    <tbody class=\"akt-table__body\">\n                                                                                                                    <tr class=\"akt-table__row\">\n                                    \n                                                                                                                                                                    <td class=\"akt-table__cell\"\n                                                                                                    data-label=\"Silicone optique\"\n                                                >\n                                                                                                                                                        <a class=\"akt-table__cell-link\"\n                                                       href=\"https:\/\/www.hoenle-eleco.com\/fr\/silicones\/silicone-ivs-4312\/\"\n                                                                                                                                                                     >\n                                                        IVS 4312                                                    <\/a>\n                                                                                            <\/td>\n                                                                                                                                <td class=\"akt-table__cell\"\n                                                                                                    data-label=\"Caract\u00e9ristique\"\n                                                >\n                                                                                                    Bi-composant<br \/>\nVulcanisation \u00e0 chaud  <br \/>\nRev\u00eatement                                                                                             <\/td>\n                                                                                                                                <td class=\"akt-table__cell\"\n                                                                                                    data-label=\"Viscosit\u00e9\"\n                                                >\n                                                                                                    Tr\u00e8s fluide                                                                                            <\/td>\n                                                                                                                                <td class=\"akt-table__cell\"\n                                                                                                    data-label=\"Couleur\"\n                                                >\n                                                                                                    Transparent                                                                                            <\/td>\n                                                                                                            <\/tr>\n                                                                                            <tr class=\"akt-table__row akt-table__row--collapsible akt-table__row--hidden\">\n                                    \n                                                                                                                                                                    <td class=\"akt-table__cell\"\n                                                                                                    data-label=\"Silicone optique\"\n                                                >\n                                                                                                                                                        <a class=\"akt-table__cell-link\"\n                                                       href=\"https:\/\/www.hoenle-eleco.com\/fr\/silicones\/silicone-op-1012\/\"\n                                                                                                                                                                     >\n                                                        OP 1012                                                    <\/a>\n                                                                                            <\/td>\n                                                                                                                                <td class=\"akt-table__cell\"\n                                                                                                    data-label=\"Caract\u00e9ristique\"\n                                                >\n                                                                                                    Gel bi-composant<br \/>\nCollage Optique                                                                                            <\/td>\n                                                                                                                                <td class=\"akt-table__cell\"\n                                                                                                    data-label=\"Viscosit\u00e9\"\n                                                >\n                                                                                                    Tr\u00e8s fluide                                                                                            <\/td>\n                                                                                                                                <td class=\"akt-table__cell\"\n                                                                                                    data-label=\"Couleur\"\n                                                >\n                                                                                                    Transparent                                                                                            <\/td>\n                                                                                                            <\/tr>\n                                                                                            <tr class=\"akt-table__row akt-table__row--collapsible akt-table__row--hidden\">\n                                    \n                                                                                                                                                                    <td class=\"akt-table__cell\"\n                                                                                                    data-label=\"Silicone optique\"\n                                                >\n                                                                                                                                                        <a class=\"akt-table__cell-link\"\n                                                       href=\"https:\/\/www.hoenle-eleco.com\/fr\/silicones\/invisisil-op-2131sd\/\"\n                                                                                                                                                                     >\n                                                        InvisiSil OP 2131 SD                                                    <\/a>\n                                                                                            <\/td>\n                                                                                                                                <td class=\"akt-table__cell\"\n                                                                                                    data-label=\"Caract\u00e9ristique\"\n                                                >\n                                                                                                    Mono-composant<br \/>\nVulcanise aux UV<br \/>\nCollage                                                                                            <\/td>\n                                                                                                                                <td class=\"akt-table__cell\"\n                                                                                                    data-label=\"Viscosit\u00e9\"\n                                                >\n                                                                                                    Fluide                                                                                            <\/td>\n                                                                                                                                <td class=\"akt-table__cell\"\n                                                                                                    data-label=\"Couleur\"\n                                                >\n                                                                                                    Transparent                                                                                            <\/td>\n                                                                                                            <\/tr>\n                                                                                            <tr class=\"akt-table__row akt-table__row--collapsible akt-table__row--hidden\">\n                                    \n                                                                                                                                                                    <td class=\"akt-table__cell\"\n                                                                                                    data-label=\"Silicone optique\"\n                                                >\n                                                                                                                                                        <a class=\"akt-table__cell-link\"\n                                                       href=\"https:\/\/www.hoenle-eleco.com\/fr\/silicones\/invisisil-sn1001-et-sn3001\/\"\n                                                                                                                                                                     >\n                                                        InvisiSil SN1001                                                     <\/a>\n                                                                                            <\/td>\n                                                                                                                                <td class=\"akt-table__cell\"\n                                                                                                    data-label=\"Caract\u00e9ristique\"\n                                                >\n                                                                                                    Gel bi-composant<br \/>\nTemps de peau 10mn<br \/>\nCollage Optique                                                                                            <\/td>\n                                                                                                                                <td class=\"akt-table__cell\"\n                                                                                                    data-label=\"Viscosit\u00e9\"\n                                                >\n                                                                                                    Fluide                                                                                            <\/td>\n                                                                                                                                <td class=\"akt-table__cell\"\n                                                                                                    data-label=\"Couleur\"\n                                                >\n                                                                                                    Transparent                                                                                            <\/td>\n                                                                                                            <\/tr>\n                                                                                            <tr class=\"akt-table__row akt-table__row--collapsible akt-table__row--hidden\">\n                                    \n                                                                                                                                                                    <td class=\"akt-table__cell\"\n                                                                                                    data-label=\"Silicone optique\"\n                                                >\n                                                                                                                                                        <a class=\"akt-table__cell-link\"\n                                                       href=\"https:\/\/www.hoenle-eleco.com\/fr\/silicones\/invisisil-sn1001-et-sn3001\/\"\n                                                                                                                                                                     >\n                                                        InvisiSil SN3001                                                     <\/a>\n                                                                                            <\/td>\n                                                                                                                                <td class=\"akt-table__cell\"\n                                                                                                    data-label=\"Caract\u00e9ristique\"\n                                                >\n                                                                                                    Gel bi-composant<br \/>\nTemps de peau 30mn<br \/>\nCollage Optique                                                                                            <\/td>\n                                                                                                                                <td class=\"akt-table__cell\"\n                                                                                                    data-label=\"Viscosit\u00e9\"\n                                                >\n                                                                                                    Fluide                                                                                            <\/td>\n                                                                                                                                <td class=\"akt-table__cell\"\n                                                                                                    data-label=\"Couleur\"\n                                                >\n                                                                                                    Transparent                                                                                            <\/td>\n                                                                                                            <\/tr>\n                                                                        <\/tbody>\n                <\/table>\n            <\/div>\n        <\/div>\n\n                    <div class=\"akt-table__toggle-wrapper\">\n                <button class=\"akt-table__toggle-button\"\n                        type=\"button\"\n                        data-expanded=\"false\"\n                        data-expand-text=\"Show all\"\n                        data-collapse-text=\"Show less\"\n                        aria-expanded=\"false\"\n                        aria-controls=\"akt-table-1711\"\n                        aria-label=\"Show all\">\n                    <span class=\"akt-table__toggle-text\">Show all<\/span>\n                    <span class=\"akt-table__toggle-icon\" aria-hidden=\"true\">\n                        <svg xmlns=\"http:\/\/www.w3.org\/2000\/svg\" width=\"25\" height=\"24\" viewBox=\"0 0 25 24\" fill=\"none\">\n                            <path d=\"M6.5 9L12.5 15L18.5 9\" stroke=\"#363D52\" stroke-width=\"2\" stroke-linecap=\"round\" stroke-linejoin=\"round\"\/>\n                        <\/svg>\n                    <\/span>\n                <\/button>\n            <\/div>\n            <\/div>\n[\/vc_column][\/vc_row][\/vc_section][vc_section css=\u00bb.vc_custom_1758483041975{background-color: #F2F4F6 !important;}\u00bb][vc_row][vc_column width=\u00bb1\/3&#8243;]\n<h2 class=\"akt-heading akt-heading--block akt-heading--h2 akt-heading--align-left\">\n            <span class=\"akt-heading__part akt-heading__part--light\">P\u00f3ngase en contacto con<\/span>\n                <span class=\"akt-heading__part akt-heading__part--bold\">y asistencia<\/span>\n    <\/h2>[\/vc_column][vc_column width=\u00bb2\/3&#8243;][vc_column_text css=\u00bb\u00bb]\u00bfTiene alguna pregunta o necesita ayuda con nuestras soluciones de adhesi\u00f3n?<\/p>\n<p>Estamos aqu\u00ed para ayudarle.<\/p>\n<p>P\u00f3ngase en contacto con nosotros por correo electr\u00f3nico en <a href=\"mailto:eleco@hoenle-eleco.com\">eleco@hoenle-eleco.com<\/a><\/p>\n<p>o por tel\u00e9fono: +34 684 76 61 12[\/vc_column_text]\n<div class=\"akt-button-wrapper akt-button-wrapper--align-left\">\n            <a href=\"https:\/\/www.hoenle-eleco.com\/es\/contactos\/\" \n           class=\"akt-button akt-button--medium akt-button--primary\" title=\"Contactos\" aria-label=\"Contactos\"                      >\n            <span class=\"akt-button__text\">P\u00f3ngase en contacto con nosotros<\/span>\n        <\/a>\n    <\/div>[\/vc_column][\/vc_row][\/vc_section]<\/p>\n<\/div>","protected":false},"excerpt":{"rendered":"<p>[vc_section css=\u00bb.vc_custom_1752143461288{background-color: #F2F4F6 !important;}\u00bb][vc_row][vc_column width=\u00bb1\/2&#8243;][\/vc_column][vc_column width=\u00bb1\/2&#8243;][vc_column_text css=\u00bb\u00bb]Las siliconas \u00f3pticas monocomponentes y bicomponentes de baja viscosidad se vulcanizan para formar geles [&hellip;]<\/p>\n","protected":false},"author":1,"featured_media":0,"parent":7655,"menu_order":8,"comment_status":"closed","ping_status":"closed","template":"","meta":{"site-sidebar-layout":"no-sidebar","site-content-layout":"plain-container","ast-site-content-layout":"default","site-content-style":"default","site-sidebar-style":"default","ast-global-header-display":"","ast-banner-title-visibility":"","ast-main-header-display":"","ast-hfb-above-header-display":"","ast-hfb-below-header-display":"","ast-hfb-mobile-header-display":"","site-post-title":"disabled","ast-breadcrumbs-content":"","ast-featured-img":"disabled","footer-sml-layout":"","theme-transparent-header-meta":"default","adv-header-id-meta":"","stick-header-meta":"","header-above-stick-meta":"","header-main-stick-meta":"","header-below-stick-meta":"","astra-migrate-meta-layouts":"set","ast-page-background-enabled":"default","ast-page-background-meta":{"desktop":{"background-color":"var(--ast-global-color-5)","background-image":"","background-repeat":"repeat","background-position":"center center","background-size":"auto","background-attachment":"scroll","background-type":"","background-media":"","overlay-type":"","overlay-color":"","overlay-opacity":"","overlay-gradient":""},"tablet":{"background-color":"","background-image":"","background-repeat":"repeat","background-position":"center center","background-size":"auto","background-attachment":"scroll","background-type":"","background-media":"","overlay-type":"","overlay-color":"","overlay-opacity":"","overlay-gradient":""},"mobile":{"background-color":"","background-image":"","background-repeat":"repeat","background-position":"center center","background-size":"auto","background-attachment":"scroll","background-type":"","background-media":"","overlay-type":"","overlay-color":"","overlay-opacity":"","overlay-gradient":""}},"ast-content-background-meta":{"desktop":{"background-color":"var(--ast-global-color-4)","background-image":"","background-repeat":"repeat","background-position":"center center","background-size":"auto","background-attachment":"scroll","background-type":"","background-media":"","overlay-type":"","overlay-color":"","overlay-opacity":"","overlay-gradient":""},"tablet":{"background-color":"var(--ast-global-color-4)","background-image":"","background-repeat":"repeat","background-position":"center center","background-size":"auto","background-attachment":"scroll","background-type":"","background-media":"","overlay-type":"","overlay-color":"","overlay-opacity":"","overlay-gradient":""},"mobile":{"background-color":"var(--ast-global-color-4)","background-image":"","background-repeat":"repeat","background-position":"center center","background-size":"auto","background-attachment":"scroll","background-type":"","background-media":"","overlay-type":"","overlay-color":"","overlay-opacity":"","overlay-gradient":""}},"footnotes":""},"class_list":["post-7656","page","type-page","status-publish","hentry"],"_links":{"self":[{"href":"https:\/\/www.hoenle-eleco.com\/es\/wp-json\/wp\/v2\/pages\/7656","targetHints":{"allow":["GET"]}}],"collection":[{"href":"https:\/\/www.hoenle-eleco.com\/es\/wp-json\/wp\/v2\/pages"}],"about":[{"href":"https:\/\/www.hoenle-eleco.com\/es\/wp-json\/wp\/v2\/types\/page"}],"author":[{"embeddable":true,"href":"https:\/\/www.hoenle-eleco.com\/es\/wp-json\/wp\/v2\/users\/1"}],"replies":[{"embeddable":true,"href":"https:\/\/www.hoenle-eleco.com\/es\/wp-json\/wp\/v2\/comments?post=7656"}],"version-history":[{"count":3,"href":"https:\/\/www.hoenle-eleco.com\/es\/wp-json\/wp\/v2\/pages\/7656\/revisions"}],"predecessor-version":[{"id":10441,"href":"https:\/\/www.hoenle-eleco.com\/es\/wp-json\/wp\/v2\/pages\/7656\/revisions\/10441"}],"up":[{"embeddable":true,"href":"https:\/\/www.hoenle-eleco.com\/es\/wp-json\/wp\/v2\/pages\/7655"}],"wp:attachment":[{"href":"https:\/\/www.hoenle-eleco.com\/es\/wp-json\/wp\/v2\/media?parent=7656"}],"curies":[{"name":"wp","href":"https:\/\/api.w.org\/{rel}","templated":true}]}}