{"id":7452,"date":"2025-09-26T15:47:54","date_gmt":"2025-09-26T13:47:54","guid":{"rendered":"https:\/\/www.hoenle-eleco.com\/?page_id=7452"},"modified":"2025-09-29T14:53:34","modified_gmt":"2025-09-29T12:53:34","slug":"aeroespacial","status":"publish","type":"page","link":"https:\/\/www.hoenle-eleco.com\/es\/aplicaciones\/encolado\/aeroespacial\/","title":{"rendered":"Aeroespacial"},"content":{"rendered":"<div class=\"wpb-content-wrapper\"><p>[vc_section css=\u00bb.vc_custom_1752143461288{background-color: #F2F4F6 !important;}\u00bb][vc_row][vc_column width=\u00bb1\/2&#8243;]\n<h1 class=\"akt-heading akt-heading--block akt-heading--h1 akt-heading--align-left\">\n                <span class=\"akt-heading__part akt-heading__part--bold\">Aplicaciones aeroespaciales<\/span>\n    <\/h1>[\/vc_column][vc_column width=\u00bb1\/2&#8243;][\/vc_column][\/vc_row][vc_row][vc_column width=\u00bb1\/4&#8243;][\/vc_column][vc_column width=\u00bb1\/4&#8243;][\/vc_column][vc_column width=\u00bb1\/4&#8243;]\n<div class=\"akt-button-wrapper akt-button-wrapper--align-left\">\n            <a href=\"\/contact\" \n           class=\"akt-button akt-button--medium akt-button--primary\" aria-label=\"P\u00f3ngase en contacto con nosotros\"                      >\n            <span class=\"akt-button__text\">P\u00f3ngase en contacto con nosotros<\/span>\n        <\/a>\n    <\/div>[\/vc_column][vc_column width=\u00bb1\/4&#8243;][\/vc_column][\/vc_row][\/vc_section][vc_section css=\u00bb.vc_custom_1752579807249{background-color: #FFFFFF !important;}\u00bb][vc_row][vc_column width=\u00bb2\/3&#8243;][vc_column_text css=\u00bb\u00bb]SILICONA RTV Momentive<\/p>\n<p>Las siliconas Momentive se utilizan en la industria aeroespacial desde hace muchos a\u00f1os.[\/vc_column_text][\/vc_column][vc_column width=\u00bb1\/3&#8243;][vc_single_image image=\u00bb6506&#8243; img_size=\u00bbfull\u00bb css=\u00bb\u00bb][\/vc_column][\/vc_row][vc_row][vc_column]\n<div class=\"akt-tabs-wrapper\">\n            <div class=\"akt-tabs__header\">\n                                        <p class=\"akt-tabs__title\">Ofrecemos soluciones para las siguientes aplicaciones<\/p>\n                    <\/div>\n    \n            <div class=\"akt-tabs akt-tabs--style-underline\" id=\"akt-tabs-60776\" data-default-tab=\"0\">\n            \n            <!-- Tab Navigation -->\n            <div class=\"akt-tabs__nav-wrapper\">\n                <div class=\"akt-tabs__nav\" role=\"tablist\" aria-label=\"Content tabs\">\n                                                                    <button \n                            class=\"akt-tabs__tab akt-tabs__tab--active\"\n                            id=\"akt-tabs-60776-tab-0\"\n                            role=\"tab\"\n                            aria-selected=\"true\"\n                            aria-controls=\"akt-tabs-60776-panel-0\"\n                            tabindex=\"0\"\n                            data-tab-index=\"0\">\n                            Aplicaciones aeron\u00e1uticas                        <\/button>\n                                                                    <button \n                            class=\"akt-tabs__tab \"\n                            id=\"akt-tabs-60776-tab-1\"\n                            role=\"tab\"\n                            aria-selected=\"false\"\n                            aria-controls=\"akt-tabs-60776-panel-1\"\n                            tabindex=\"-1\"\n                            data-tab-index=\"1\">\n                            Nuestras siliconas para sistemas de protecci\u00f3n t\u00e9rmica                        <\/button>\n                                                                    <button \n                            class=\"akt-tabs__tab \"\n                            id=\"akt-tabs-60776-tab-2\"\n                            role=\"tab\"\n                            aria-selected=\"false\"\n                            aria-controls=\"akt-tabs-60776-panel-2\"\n                            tabindex=\"-1\"\n                            data-tab-index=\"2\">\n                            Aplicaciones de baja desgasificaci\u00f3n                        <\/button>\n                                                                    <button \n                            class=\"akt-tabs__tab \"\n                            id=\"akt-tabs-60776-tab-3\"\n                            role=\"tab\"\n                            aria-selected=\"false\"\n                            aria-controls=\"akt-tabs-60776-panel-3\"\n                            tabindex=\"-1\"\n                            data-tab-index=\"3\">\n                            Aplicaciones de baja desgasificaci\u00f3n                        <\/button>\n                                    <\/div>\n                                    <div class=\"akt-tabs__top-controls\">\n                        <button class=\"akt-tabs__nav-button akt-tabs__nav-button--prev\"\n                                aria-label=\"Previous tab\"\n                                data-prev-title=\"Aplicaciones aeron\u00e1uticas\"\n                                disabled>\n                            <span class=\"akt-tabs__nav-button-icon\">\u2039<\/span>\n                        <\/button>\n                        <div class=\"akt-tabs__counter akt-tabs__counter--top\" aria-live=\"polite\" aria-atomic=\"true\">\n                            1\/4                        <\/div>\n                        <button class=\"akt-tabs__nav-button akt-tabs__nav-button--next\"\n                                aria-label=\"Next tab\"\n                                data-next-title=\"Nuestras siliconas para sistemas de protecci\u00f3n t\u00e9rmica\"\n                                                        >\n                            <span class=\"akt-tabs__nav-button-icon\">\u203a<\/span>\n                        <\/button>\n                    <\/div>\n                            <\/div>\n\n            <!-- Tab Content -->\n            <div class=\"akt-tabs__content\">\n                <div class=\"akt-tabs__panel akt-tabs__panel--active\" role=\"tabpanel\" id=\"-panel-0\" aria-labelledby=\"-tab-0\" data-tab-index=\"0\" data-tab-title=\"Aplicaciones aeron\u00e1uticas\">[vc_row_inner][vc_column_inner width=\u00bb1\/4&#8243;]\n<h2 class=\"akt-heading akt-heading--inline akt-heading--h2 akt-heading--align-left\">\n                <span class=\"akt-heading__part akt-heading__part--bold\">Aplicaciones aeron\u00e1uticas<\/span>\n    <\/h2>[\/vc_column_inner][vc_column_inner width=\u00bb3\/4&#8243;][vc_single_image image=\u00bb7353&#8243; img_size=\u00bbfull\u00bb css=\u00bb\u00bb][vc_column_text css=\u00bb\u00bb]La protecci\u00f3n fiable y a largo plazo de los componentes electr\u00f3nicos es esencial para muchas aplicaciones hoy en d\u00eda. Los sistemas cada vez m\u00e1s peque\u00f1os y la creciente densidad de los circuitos han dado lugar a temperaturas de funcionamiento m\u00e1s elevadas y a una demanda de soluciones de disipaci\u00f3n de calor de alto rendimiento. Momentive dispone de una amplia gama de productos para hacer frente a estos retos. Los adhesivos y siliconas SilCool proporcionan la alta conductividad t\u00e9rmica, las peque\u00f1as \u00e1reas de contacto y la m\u00ednima inercia t\u00e9rmica que pueden requerir los componentes de alto rendimiento. Para las aplicaciones aeroespaciales que requieren protecci\u00f3n contra la tensi\u00f3n y las agresiones medioambientales, las siliconas de Momentive -adhesivos, sellantes, encapsulantes, revestimientos y rellenos- ayudan a reducir costes.[\/vc_column_text][vc_column_text css=\u00bb\u00bb]APLICACIONES POTENCIALES :<\/p>\n<div>\n<ul>\n<li>Protecci\u00f3n de circuitos y terminales<\/li>\n<li>Estanqueidad de los instrumentos de la ba\u00f1era<\/li>\n<li>Impermeabilizaci\u00f3n de redes el\u00e9ctricas<\/li>\n<li>Sellado, encapsulado y encapsulaci\u00f3n<\/li>\n<li>Equipos inform\u00e1ticos<\/li>\n<li>Equipos electr\u00f3nicos de potencia<\/li>\n<li>Sensores y componentes<\/li>\n<li>Capas intermedias\/pantallas\/LEDs<\/li>\n<li>Disipaci\u00f3n del calor<\/li>\n<li>Sellado de bater\u00edas y cargadores<\/li>\n<li>Gel de encapsulaci\u00f3n para cajas negras<\/li>\n<\/ul>\n<\/div>\n<div><\/div>\n<div><a href=\"https:\/\/www.eleco-panacol.fr\/colle\/silicone-momentive\/silicone-monocomposant-de-condensation\" target=\"_blank\" rel=\"noopener\">Nuestras siliconas RTV Polimerizaci\u00f3n monocomponente a temperatura ambiente, para pegar y sellar <\/a><\/div>\n<p>[\/vc_column_text][\/vc_column_inner][\/vc_row_inner]<\/div><div class=\"akt-tabs__panel\" role=\"tabpanel\" id=\"-panel-1\" aria-labelledby=\"-tab-1\" data-tab-index=\"1\" hidden data-tab-title=\"Nuestras siliconas para sistemas de protecci\u00f3n t\u00e9rmica\">[vc_row_inner][vc_column_inner width=\u00bb1\/4&#8243;]\n<h2 class=\"akt-heading akt-heading--inline akt-heading--h2 akt-heading--align-left\">\n                <span class=\"akt-heading__part akt-heading__part--bold\">Nuestras siliconas para sistemas de protecci\u00f3n t\u00e9rmica<\/span>\n    <\/h2>[\/vc_column_inner][vc_column_inner width=\u00bb1\/4&#8243;][vc_single_image image=\u00bb7356&#8243; img_size=\u00bbfull\u00bb css=\u00bb\u00bb][\/vc_column_inner][vc_column_inner width=\u00bb1\/4&#8243;][vc_single_image image=\u00bb7358&#8243; img_size=\u00bbfull\u00bb css=\u00bb\u00bb][\/vc_column_inner][vc_column_inner width=\u00bb1\/4&#8243;][\/vc_column_inner][\/vc_row_inner][vc_row_inner][vc_column_inner width=\u00bb1\/4&#8243;][\/vc_column_inner][vc_column_inner width=\u00bb3\/4&#8243;][vc_column_text css=\u00bb\u00bb]<\/p>\n<p style=\"font-weight: 400;\">Los sistemas de protecci\u00f3n t\u00e9rmica desempe\u00f1an uno de los papeles m\u00e1s esenciales en las aplicaciones electr\u00f3nicas. Desde el aislamiento de componentes electr\u00f3nicos sensibles hasta la protecci\u00f3n de transbordadores\/buques espaciales y sus tripulaciones, los productos de silicona RTV de Momentive han demostrado su eficacia en entornos extremos durante m\u00e1s de 60 a\u00f1os. La gama de sellantes de silicona RTV Silcool de Momentive puede utilizarse para unir placas de escudo t\u00e9rmico de naves espaciales o para proteger componentes sensibles de motores a temperaturas de hasta 260 \u00b0C. Est\u00e1n disponibles en versiones de baja desgasificaci\u00f3n y en una amplia gama de viscosidades para adaptarse a diferentes aplicaciones y m\u00e9todos de montaje.<\/p>\n<p style=\"font-weight: 400;\">APLICACIONES POTENCIALES :<\/p>\n<ul style=\"font-weight: 400;\">\n<li>Sellado de juntas<\/li>\n<li>Aislamiento t\u00e9rmico y mantas t\u00e9rmicas<\/li>\n<li>Blindaje t\u00e9rmico<\/li>\n<li>Juntas moldeadas<\/li>\n<li>Silicona para soporte de turbinas de gas<\/li>\n<li>Inversores de empuje t\u00e9rmicos y aislados<\/li>\n<li>Revestimientos para zonas de despegue y aterrizaje<\/li>\n<\/ul>\n<p>[\/vc_column_text][\/vc_column_inner][\/vc_row_inner]<\/div><div class=\"akt-tabs__panel\" role=\"tabpanel\" id=\"-panel-2\" aria-labelledby=\"-tab-2\" data-tab-index=\"2\" hidden data-tab-title=\"Aplicaciones de baja desgasificaci\u00f3n\">[vc_row_inner][vc_column_inner width=\u00bb1\/4&#8243;]\n<h2 class=\"akt-heading akt-heading--inline akt-heading--h2 akt-heading--align-left\">\n                <span class=\"akt-heading__part akt-heading__part--bold\">Aplicaciones de baja desgasificaci\u00f3n<\/span>\n    <\/h2>[\/vc_column_inner][vc_column_inner width=\u00bb3\/4&#8243;][vc_single_image image=\u00bb7361&#8243; img_size=\u00bbfull\u00bb css=\u00bb\u00bb][vc_column_text css=\u00bb\u00bb]La protecci\u00f3n fiable y a largo plazo de componentes electr\u00f3nicos cr\u00edticos es esencial para muchas aplicaciones hoy en d\u00eda. Los sistemas cada vez m\u00e1s miniaturizados y la creciente densidad de los circuitos han dado lugar a temperaturas de funcionamiento m\u00e1s elevadas y a una demanda de soluciones de disipaci\u00f3n t\u00e9rmica de alto rendimiento. Momentive dispone de una amplia gama de productos para hacer frente a estos retos. Las siliconas SilCool proporcionan la alta conductividad t\u00e9rmica, las peque\u00f1as \u00e1reas de contacto y la m\u00ednima inercia t\u00e9rmica que pueden requerir los componentes de alto rendimiento. Para las aplicaciones aeroespaciales que requieren protecci\u00f3n contra la tensi\u00f3n y las agresiones medioambientales, las siliconas de Momentive -adhesivos, sellantes, encapsulantes, revestimientos y rellenos- pueden ayudarle a reducir costes y superar a la competencia.<\/p>\n<p>APLICACIONES POTENCIALES<\/p>\n<div>\n<ul>\n<li>Protecci\u00f3n t\u00e9rmica para paneles solares y equipos \u00f3pticos<\/li>\n<li>Aplicaciones para c\u00e1psulas de tripulaci\u00f3n<\/li>\n<li>Aislamiento t\u00e9rmico de componentes sensibles<\/li>\n<li>Revestimientos para proteger equipos importantes<\/li>\n<li>Encapsulado y encapsulamiento para zonas sometidas a altas temperaturas<\/li>\n<li>Adhesi\u00f3n interior y exterior<\/li>\n<li>Revestimientos compuestos flexibles<\/li>\n<\/ul>\n<\/div>\n<p>[\/vc_column_text][\/vc_column_inner][\/vc_row_inner]<\/div><div class=\"akt-tabs__panel\" role=\"tabpanel\" id=\"-panel-3\" aria-labelledby=\"-tab-3\" data-tab-index=\"3\" hidden data-tab-title=\"Aplicaciones de baja desgasificaci\u00f3n\">[vc_row_inner][vc_column_inner width=\u00bb1\/4&#8243;]\n<h2 class=\"akt-heading akt-heading--inline akt-heading--h2 akt-heading--align-left\">\n                <span class=\"akt-heading__part akt-heading__part--bold\">Aplicaciones de drones<\/span>\n    <\/h2>[\/vc_column_inner][vc_column_inner width=\u00bb3\/4&#8243;][vc_single_image image=\u00bb7364&#8243; img_size=\u00bbfull\u00bb css=\u00bb\u00bb][vc_column_text css=\u00bb\u00bb]Momentive entiende los retos \u00fanicos de la industria de los drones. En este sector tan cambiante, los l\u00edmites de los materiales se ampl\u00edan constantemente a medida que evoluciona el papel de los drones y los veh\u00edculos a\u00e9reos no tripulados. Se necesitan materiales que puedan seguir el ritmo. Por eso, las siliconas avanzadas de Momentive son ideales para las operaciones de montaje, mantenimiento y reparaci\u00f3n de drones.<\/p>\n<p>Nuestra amplia gama de productos de silicona puede garantizar la protecci\u00f3n del medio ambiente, mejorar la fiabilidad de los equipos, optimizar el rendimiento de los sensores y prolongar la vida \u00fatil de los componentes. Desde el despegue hasta el aterrizaje, los avanzados productos de silicona de Momentive hacen posible la pr\u00f3xima generaci\u00f3n de veh\u00edculos a\u00e9reos no tripulados.<\/p>\n<p>Ventajas de las siliconas para los UAV :<\/p>\n<div>\n<ul>\n<li>Mantiene sus propiedades esenciales durante mucho tiempo en una amplia gama de temperaturas extremas -115\u00b0C (-175\u00b0F) a 260\u00b0C (500\u00b0F)<\/li>\n<li>Flexibilidad duradera a temperaturas extremadamente bajas<\/li>\n<li>Excelente aislamiento diel\u00e9ctrico y t\u00e9rmico<\/li>\n<li>Adherencia muy fuerte con primaria para apoyar la integridad estructural<\/li>\n<li>Resistencia a los rayos UV y al ozono<\/li>\n<li>Curado a temperatura ambiente<\/li>\n<li>Soluciones de baja desgasificaci\u00f3n disponibles, que cumplen o superan las normas de ensayo ASTME595<\/li>\n<li>Disponible en viscosidad pastosa o fluida para adaptarse a una amplia gama de aplicaciones.<\/li>\n<\/ul>\n<\/div>\n<p>[\/vc_column_text][\/vc_column_inner][\/vc_row_inner]<\/div>            <\/div>\n\n            <!-- Bottom Navigation -->\n                            <div class=\"akt-tabs__bottom-nav\">\n                    <div class=\"akt-tabs__bottom-nav-content\">\n                        <div class=\"akt-tabs__bottom-nav-buttons\">\n                            <button class=\"akt-tabs__nav-button akt-tabs__nav-button--prev\" \n                                    aria-label=\"Previous tab\"\n                                    data-prev-title=\"Aplicaciones aeron\u00e1uticas\"\n                                    disabled>\n                                <span class=\"akt-tabs__nav-button-icon\">\u2039<\/span>\n                                <span class=\"akt-tabs__nav-button-text\"><\/span>\n                            <\/button>\n                            <div class=\"akt-tabs__counter\" aria-live=\"polite\" aria-atomic=\"true\">\n                                1\/4                            <\/div>\n                            \n                            <button class=\"akt-tabs__nav-button akt-tabs__nav-button--next\" \n                                    aria-label=\"Next tab\"\n                                    data-next-title=\"Nuestras siliconas para sistemas de protecci\u00f3n t\u00e9rmica\"\n                                    >\n                                <span class=\"akt-tabs__nav-button-text\">Nuestras siliconas para sistemas de protecci\u00f3n t\u00e9rmica<\/span>\n                                <span class=\"akt-tabs__nav-button-icon\">\u203a<\/span>\n                            <\/button>\n                        <\/div>\n                    <\/div>\n                <\/div>\n                    <\/div>\n        \n    <\/div>\n\n[\/vc_column][\/vc_row][\/vc_section][vc_section css=\u00bb.vc_custom_1758483041975{background-color: #F2F4F6 !important;}\u00bb][vc_row][vc_column width=\u00bb1\/3&#8243;]\n<h2 class=\"akt-heading akt-heading--block akt-heading--h2 akt-heading--align-left\">\n            <span class=\"akt-heading__part akt-heading__part--light\">Soluciones completas<\/span>\n                <span class=\"akt-heading__part akt-heading__part--bold\">de Hoenle-Eleco<\/span>\n    <\/h2>[vc_empty_space height=\u00bb15px\u00bb][\/vc_column][vc_column width=\u00bb2\/3&#8243;][vc_row_inner][vc_column_inner width=\u00bb1\/3&#8243;]\n<div id=\"akt-image-text-1773\" class=\"akt-image-text-single akt-image-text-single--aspect-landscape akt-image-text-single--align-center akt-image-text-single--clickable akt-image-text-single--has-overlay akt-image-text-single--animate-fade-in\">\n    \n                        <a href=\"https:\/\/www.hoenle-eleco.com\/fr\/products-solutions\/categories-produits\/colles-industrielles\/vitralit\/\" class=\"akt-image-text-single__image-link\" title=\"Vitralit\u00ae\" aria-label=\"Adhesivos UV Vitralit\">\n                \n        <div class=\"akt-image-text-single__image-container\">\n            <img decoding=\"async\" src=\"https:\/\/www.hoenle-eleco.com\/wp-content\/uploads\/Cell-Contact-Systems.jpg\" \n                 srcset=\"https:\/\/www.hoenle-eleco.com\/wp-content\/uploads\/Cell-Contact-Systems.jpg 400w, https:\/\/www.hoenle-eleco.com\/wp-content\/uploads\/Cell-Contact-Systems-300x225.jpg 300w\"                 sizes=\"(max-width: 768px) 100vw, (max-width: 1024px) 50vw, 33vw\"\n                 alt=\"Cell contacting systems for e-mobility\" \n                 class=\"akt-image-text-single__image\" \n                 loading=\"lazy\" \/>\n        <\/div>\n        \n                    <\/a>\n            \n            <div class=\"akt-image-text-single__text-container\">\n                            <a href=\"https:\/\/www.hoenle-eleco.com\/fr\/products-solutions\/categories-produits\/colles-industrielles\/vitralit\/\" class=\"akt-image-text-single__text-link\" title=\"Vitralit\u00ae\" aria-label=\"Adhesivos UV Vitralit\">\n                        \n            <h3 class=\"akt-image-text-single__text\">Adhesivos UV Vitralit<\/h3>\n            \n                            <\/a>\n                    <\/div>\n    \n<\/div>[\/vc_column_inner][vc_column_inner width=\u00bb1\/3&#8243;]\n<div id=\"akt-image-text-7603\" class=\"akt-image-text-single akt-image-text-single--aspect-landscape akt-image-text-single--align-center akt-image-text-single--clickable akt-image-text-single--has-overlay akt-image-text-single--animate-fade-in\">\n    \n                        <a href=\"https:\/\/www.hoenle-eleco.com\/fr\/products-solutions\/categories-produits\/doseurs\/\" class=\"akt-image-text-single__image-link\" title=\"Bonding &amp; Potting\" aria-label=\"Dosificaci\u00f3n\">\n                \n        <div class=\"akt-image-text-single__image-container\">\n            <img decoding=\"async\" src=\"https:\/\/www.hoenle-eleco.com\/wp-content\/uploads\/Dosage.jpg\" \n                 srcset=\"https:\/\/www.hoenle-eleco.com\/wp-content\/uploads\/Dosage.jpg 400w, https:\/\/www.hoenle-eleco.com\/wp-content\/uploads\/Dosage-300x196.jpg 300w\"                 sizes=\"(max-width: 768px) 100vw, (max-width: 1024px) 50vw, 33vw\"\n                 alt=\"Dosage\" \n                 class=\"akt-image-text-single__image\" \n                 loading=\"lazy\" \/>\n        <\/div>\n        \n                    <\/a>\n            \n            <div class=\"akt-image-text-single__text-container\">\n                            <a href=\"https:\/\/www.hoenle-eleco.com\/fr\/products-solutions\/categories-produits\/doseurs\/\" class=\"akt-image-text-single__text-link\" title=\"Bonding &amp; Potting\" aria-label=\"Dosificaci\u00f3n\">\n                        \n            <h3 class=\"akt-image-text-single__text\">Dosificaci\u00f3n<\/h3>\n            \n                            <\/a>\n                    <\/div>\n    \n<\/div>[\/vc_column_inner][vc_column_inner width=\u00bb1\/3&#8243;]\n<div id=\"akt-image-text-1111\" class=\"akt-image-text-single akt-image-text-single--aspect-landscape akt-image-text-single--align-center akt-image-text-single--clickable akt-image-text-single--has-overlay akt-image-text-single--animate-fade-in\">\n    \n                        <a href=\"https:\/\/www.hoenle-eleco.com\/fr\/products-solutions\/categories-produits\/equipements-dinsolation-uv\/\" class=\"akt-image-text-single__image-link\" title=\"Bonding &amp; Potting\" aria-label=\"Equipo de exposici\u00f3n\">\n                \n        <div class=\"akt-image-text-single__image-container\">\n            <img decoding=\"async\" src=\"https:\/\/www.hoenle-eleco.com\/wp-content\/uploads\/Connector-Bonding.jpg\" \n                 srcset=\"https:\/\/www.hoenle-eleco.com\/wp-content\/uploads\/Connector-Bonding.jpg 400w, https:\/\/www.hoenle-eleco.com\/wp-content\/uploads\/Connector-Bonding-300x225.jpg 300w\"                 sizes=\"(max-width: 768px) 100vw, (max-width: 1024px) 50vw, 33vw\"\n                 alt=\"Connector Bonding\" \n                 class=\"akt-image-text-single__image\" \n                 loading=\"lazy\" \/>\n        <\/div>\n        \n                    <\/a>\n            \n            <div class=\"akt-image-text-single__text-container\">\n                            <a href=\"https:\/\/www.hoenle-eleco.com\/fr\/products-solutions\/categories-produits\/equipements-dinsolation-uv\/\" class=\"akt-image-text-single__text-link\" title=\"Bonding &amp; Potting\" aria-label=\"Equipo de exposici\u00f3n\">\n                        \n            <h3 class=\"akt-image-text-single__text\">Equipo de exposici\u00f3n<\/h3>\n            \n                            <\/a>\n                    <\/div>\n    \n<\/div>[\/vc_column_inner][\/vc_row_inner][\/vc_column][\/vc_row][\/vc_section][vc_row][vc_column][\/vc_column][\/vc_row]<\/p>\n<\/div>","protected":false},"excerpt":{"rendered":"<p>[vc_section css=\u00bb.vc_custom_1752143461288{background-color: #F2F4F6 !important;}\u00bb][vc_row][vc_column width=\u00bb1\/2&#8243;][\/vc_column][vc_column width=\u00bb1\/2&#8243;][\/vc_column][\/vc_row][vc_row][vc_column width=\u00bb1\/4&#8243;][\/vc_column][vc_column width=\u00bb1\/4&#8243;][\/vc_column][vc_column width=\u00bb1\/4&#8243;][\/vc_column][vc_column width=\u00bb1\/4&#8243;][\/vc_column][\/vc_row][\/vc_section][vc_section css=\u00bb.vc_custom_1752579807249{background-color: #FFFFFF !important;}\u00bb][vc_row][vc_column width=\u00bb2\/3&#8243;][vc_column_text css=\u00bb\u00bb]SILICONA RTV Momentive Las siliconas Momentive [&hellip;]<\/p>\n","protected":false},"author":1,"featured_media":0,"parent":8238,"menu_order":8,"comment_status":"closed","ping_status":"closed","template":"","meta":{"site-sidebar-layout":"no-sidebar","site-content-layout":"plain-container","ast-site-content-layout":"default","site-content-style":"default","site-sidebar-style":"default","ast-global-header-display":"","ast-banner-title-visibility":"","ast-main-header-display":"","ast-hfb-above-header-display":"","ast-hfb-below-header-display":"","ast-hfb-mobile-header-display":"","site-post-title":"disabled","ast-breadcrumbs-content":"","ast-featured-img":"disabled","footer-sml-layout":"","theme-transparent-header-meta":"default","adv-header-id-meta":"","stick-header-meta":"","header-above-stick-meta":"","header-main-stick-meta":"","header-below-stick-meta":"","astra-migrate-meta-layouts":"set","ast-page-background-enabled":"default","ast-page-background-meta":{"desktop":{"background-color":"var(--ast-global-color-5)","background-image":"","background-repeat":"repeat","background-position":"center center","background-size":"auto","background-attachment":"scroll","background-type":"","background-media":"","overlay-type":"","overlay-color":"","overlay-opacity":"","overlay-gradient":""},"tablet":{"background-color":"","background-image":"","background-repeat":"repeat","background-position":"center center","background-size":"auto","background-attachment":"scroll","background-type":"","background-media":"","overlay-type":"","overlay-color":"","overlay-opacity":"","overlay-gradient":""},"mobile":{"background-color":"","background-image":"","background-repeat":"repeat","background-position":"center center","background-size":"auto","background-attachment":"scroll","background-type":"","background-media":"","overlay-type":"","overlay-color":"","overlay-opacity":"","overlay-gradient":""}},"ast-content-background-meta":{"desktop":{"background-color":"var(--ast-global-color-4)","background-image":"","background-repeat":"repeat","background-position":"center center","background-size":"auto","background-attachment":"scroll","background-type":"","background-media":"","overlay-type":"","overlay-color":"","overlay-opacity":"","overlay-gradient":""},"tablet":{"background-color":"var(--ast-global-color-4)","background-image":"","background-repeat":"repeat","background-position":"center center","background-size":"auto","background-attachment":"scroll","background-type":"","background-media":"","overlay-type":"","overlay-color":"","overlay-opacity":"","overlay-gradient":""},"mobile":{"background-color":"var(--ast-global-color-4)","background-image":"","background-repeat":"repeat","background-position":"center center","background-size":"auto","background-attachment":"scroll","background-type":"","background-media":"","overlay-type":"","overlay-color":"","overlay-opacity":"","overlay-gradient":""}},"footnotes":""},"class_list":["post-7452","page","type-page","status-publish","hentry"],"_links":{"self":[{"href":"https:\/\/www.hoenle-eleco.com\/es\/wp-json\/wp\/v2\/pages\/7452","targetHints":{"allow":["GET"]}}],"collection":[{"href":"https:\/\/www.hoenle-eleco.com\/es\/wp-json\/wp\/v2\/pages"}],"about":[{"href":"https:\/\/www.hoenle-eleco.com\/es\/wp-json\/wp\/v2\/types\/page"}],"author":[{"embeddable":true,"href":"https:\/\/www.hoenle-eleco.com\/es\/wp-json\/wp\/v2\/users\/1"}],"replies":[{"embeddable":true,"href":"https:\/\/www.hoenle-eleco.com\/es\/wp-json\/wp\/v2\/comments?post=7452"}],"version-history":[{"count":9,"href":"https:\/\/www.hoenle-eleco.com\/es\/wp-json\/wp\/v2\/pages\/7452\/revisions"}],"predecessor-version":[{"id":9092,"href":"https:\/\/www.hoenle-eleco.com\/es\/wp-json\/wp\/v2\/pages\/7452\/revisions\/9092"}],"up":[{"embeddable":true,"href":"https:\/\/www.hoenle-eleco.com\/es\/wp-json\/wp\/v2\/pages\/8238"}],"wp:attachment":[{"href":"https:\/\/www.hoenle-eleco.com\/es\/wp-json\/wp\/v2\/media?parent=7452"}],"curies":[{"name":"wp","href":"https:\/\/api.w.org\/{rel}","templated":true}]}}