{"id":7418,"date":"2025-09-14T17:46:59","date_gmt":"2025-09-14T15:46:59","guid":{"rendered":"https:\/\/www.hoenle-eleco.com\/?page_id=7418"},"modified":"2025-09-29T14:08:10","modified_gmt":"2025-09-29T12:08:10","slug":"hoenle-eleco-aviso-legal","status":"publish","type":"page","link":"https:\/\/www.hoenle-eleco.com\/es\/hoenle-eleco\/hoenle-eleco-aviso-legal\/","title":{"rendered":"Aviso legal"},"content":{"rendered":"<div class=\"wpb-content-wrapper\"><p>[vc_section][vc_row][vc_column]\n<h2 class=\"akt-heading akt-heading--inline akt-heading--h2 akt-heading--align-left\">\n            <span class=\"akt-heading__part akt-heading__part--light\">Aviso<\/span>\n                <span class=\"akt-heading__part akt-heading__part--bold\">Legal<\/span>\n    <\/h2>[\/vc_column][\/vc_row][vc_row][vc_column][vc_column_text css=\u00bb\u00bb]<\/p>\r\n<p>Responsable del contenido del dominio www.hoenle-eleco.com:<\/p>\r\n<p>&nbsp;<\/p>\r\n<p><strong>Hoenle-Eleco <\/strong><br \/>125, av Louis Roche<br \/>Z.A des Basses No\u00ebls<br \/>F-92238 Gennevilliers Cedex<br \/>FRANCIA<\/p>\r\n<p>Tel: 01 47 92 41 80<br \/>Mail: eleco@hoenle-eleco.com<\/p>\r\n<p>&nbsp;<\/p>\r\n<p><strong>Autorizado para representar:<\/strong><\/p>\r\n<p>Laurent Prevost<\/p>\r\n<p>&nbsp;<\/p>\r\n<p>VAT Identification Number: TVA: FR 54 305 108 664<\/p>\r\n<p>&nbsp;<\/p>\r\n<p><strong>Photo Credits:<\/strong><br \/>Panacol, Dr. H\u00f6nle AG, Eleco Panacol \u2013 EFD, Coloures-Pic\/Adobe Stock, Peshkov\/Adobe Stock, Oliver Sved\/Shutterstock, Dmytro Sukharevskyi\/Adobe Stock<\/p>\r\n<p>\u00a0<\/p>\r\n<p>\u00a0<\/p>\r\n<p><!-- \/wp:post-content -->\u00a0<\/p>\r\n<p>[\/vc_column_text][\/vc_column][\/vc_row][\/vc_section][vc_section css=\u00bb.vc_custom_1757865116951{border-color: #FFFFFF !important;}\u00bb][vc_row][vc_column]\n<h2 class=\"akt-heading akt-heading--inline akt-heading--h2 akt-heading--align-left\">\n            <span class=\"akt-heading__part akt-heading__part--light\">Disclaimer<\/span>\n        <\/h2>[vc_column_text css=\u00bb\u00bb]<\/p>\r\n<p>Todas las informaciones y afirmaciones contenidas en estas p\u00e1ginas web se facilitan sin garant\u00eda y no son vinculantes. Hoenle AG no asume ninguna responsabilidad por la exactitud e integridad de los contenidos. La informaci\u00f3n t\u00e9cnica y relativa a los procesos depende de la aplicaci\u00f3n y puede diferir de los datos facilitados. Del contenido de estas p\u00e1ginas web no se derivar\u00e1 ning\u00fan derecho legal. Cualquier error en el contenido que se nos se\u00f1ale ser\u00e1 corregido sin demora indebida. El contenido de estas p\u00e1ginas web puede no estar siempre al d\u00eda debido a actualizaciones con retraso. Los enlaces a sitios web externos no se controlan continuamente. No aceptamos responsabilidad alguna por el contenido de las p\u00e1ginas web enlazadas.<\/p>\r\n<!-- wp:heading -->\r\n<h2>Descargas de datos y software<\/h2>\r\n<h2><!-- \/wp:heading --><\/h2>\r\n<p>Hoenle AG no asume ninguna garant\u00eda por la ausencia de errores en los datos y el software que pueden descargarse de este sitio web. Si bien el software se comprueba en busca de virus, recomendamos, no obstante, escanear los datos y el software en busca de virus despu\u00e9s de la descarga.<\/p>\r\n<h2>Derechos de autor y de protecci\u00f3n especial<\/h2>\r\n<p>El contenido de estas p\u00e1ginas web est\u00e1 protegido por derechos de autor. Quedan reservados todos los derechos, en particular sobre los textos, im\u00e1genes y otras obras protegidas por derechos de autor publicadas en el sitio web. Queda expresamente prohibida la reproducci\u00f3n, distribuci\u00f3n, almacenamiento, transmisi\u00f3n, radiodifusi\u00f3n o cualquier otra forma de utilizaci\u00f3n de los contenidos sin el consentimiento previo por escrito de Hoenle AG.<\/p>\r\n<p>[\/vc_column_text][\/vc_column][\/vc_row][vc_row][vc_column][vc_column_text css=\u00bb\u00bb]<\/p>\r\n<p><script data-culture=\"es\" id=\"CookieDeclaration\" src=\"https:\/\/consent.cookiebot.com\/d971c876-3cd4-4aac-a5d4-0485fb5ea042\/cd.js\" type=\"text\/javascript\" async=\"\"><\/script><\/p>\r\n<p>[\/vc_column_text][\/vc_column][\/vc_row][\/vc_section]<\/p><\/div>","protected":false},"excerpt":{"rendered":"<p>[vc_section][vc_row][vc_column][\/vc_column][\/vc_row][vc_row][vc_column][vc_column_text css=\u00bb\u00bb] Responsable del contenido del dominio www.hoenle-eleco.com: &nbsp; Hoenle-Eleco 125, av Louis RocheZ.A des Basses No\u00eblsF-92238 Gennevilliers CedexFRANCIA Tel: [&hellip;]<\/p>\n","protected":false},"author":9,"featured_media":0,"parent":7388,"menu_order":1,"comment_status":"closed","ping_status":"closed","template":"","meta":{"site-sidebar-layout":"no-sidebar","site-content-layout":"plain-container","ast-site-content-layout":"default","site-content-style":"default","site-sidebar-style":"default","ast-global-header-display":"","ast-banner-title-visibility":"","ast-main-header-display":"","ast-hfb-above-header-display":"","ast-hfb-below-header-display":"","ast-hfb-mobile-header-display":"","site-post-title":"disabled","ast-breadcrumbs-content":"","ast-featured-img":"disabled","footer-sml-layout":"","theme-transparent-header-meta":"default","adv-header-id-meta":"","stick-header-meta":"","header-above-stick-meta":"","header-main-stick-meta":"","header-below-stick-meta":"","astra-migrate-meta-layouts":"set","ast-page-background-enabled":"default","ast-page-background-meta":{"desktop":{"background-color":"var(--ast-global-color-5)","background-image":"","background-repeat":"repeat","background-position":"center center","background-size":"auto","background-attachment":"scroll","background-type":"","background-media":"","overlay-type":"","overlay-color":"","overlay-opacity":"","overlay-gradient":""},"tablet":{"background-color":"","background-image":"","background-repeat":"repeat","background-position":"center center","background-size":"auto","background-attachment":"scroll","background-type":"","background-media":"","overlay-type":"","overlay-color":"","overlay-opacity":"","overlay-gradient":""},"mobile":{"background-color":"","background-image":"","background-repeat":"repeat","background-position":"center center","background-size":"auto","background-attachment":"scroll","background-type":"","background-media":"","overlay-type":"","overlay-color":"","overlay-opacity":"","overlay-gradient":""}},"ast-content-background-meta":{"desktop":{"background-color":"var(--ast-global-color-4)","background-image":"","background-repeat":"repeat","background-position":"center center","background-size":"auto","background-attachment":"scroll","background-type":"","background-media":"","overlay-type":"","overlay-color":"","overlay-opacity":"","overlay-gradient":""},"tablet":{"background-color":"var(--ast-global-color-4)","background-image":"","background-repeat":"repeat","background-position":"center center","background-size":"auto","background-attachment":"scroll","background-type":"","background-media":"","overlay-type":"","overlay-color":"","overlay-opacity":"","overlay-gradient":""},"mobile":{"background-color":"var(--ast-global-color-4)","background-image":"","background-repeat":"repeat","background-position":"center center","background-size":"auto","background-attachment":"scroll","background-type":"","background-media":"","overlay-type":"","overlay-color":"","overlay-opacity":"","overlay-gradient":""}},"footnotes":""},"class_list":["post-7418","page","type-page","status-publish","hentry"],"_links":{"self":[{"href":"https:\/\/www.hoenle-eleco.com\/es\/wp-json\/wp\/v2\/pages\/7418","targetHints":{"allow":["GET"]}}],"collection":[{"href":"https:\/\/www.hoenle-eleco.com\/es\/wp-json\/wp\/v2\/pages"}],"about":[{"href":"https:\/\/www.hoenle-eleco.com\/es\/wp-json\/wp\/v2\/types\/page"}],"author":[{"embeddable":true,"href":"https:\/\/www.hoenle-eleco.com\/es\/wp-json\/wp\/v2\/users\/9"}],"replies":[{"embeddable":true,"href":"https:\/\/www.hoenle-eleco.com\/es\/wp-json\/wp\/v2\/comments?post=7418"}],"version-history":[{"count":5,"href":"https:\/\/www.hoenle-eleco.com\/es\/wp-json\/wp\/v2\/pages\/7418\/revisions"}],"predecessor-version":[{"id":9079,"href":"https:\/\/www.hoenle-eleco.com\/es\/wp-json\/wp\/v2\/pages\/7418\/revisions\/9079"}],"up":[{"embeddable":true,"href":"https:\/\/www.hoenle-eleco.com\/es\/wp-json\/wp\/v2\/pages\/7388"}],"wp:attachment":[{"href":"https:\/\/www.hoenle-eleco.com\/es\/wp-json\/wp\/v2\/media?parent=7418"}],"curies":[{"name":"wp","href":"https:\/\/api.w.org\/{rel}","templated":true}]}}