{"id":7412,"date":"2025-09-14T19:48:54","date_gmt":"2025-09-14T17:48:54","guid":{"rendered":"https:\/\/www.hoenle-eleco.com\/?page_id=7412"},"modified":"2026-03-23T19:08:05","modified_gmt":"2026-03-23T18:08:05","slug":"certificaciones-hoenle-eleco","status":"publish","type":"page","link":"https:\/\/www.hoenle-eleco.com\/es\/hoenle-eleco\/certificaciones-hoenle-eleco\/","title":{"rendered":"Nuestro compromiso con la calidad"},"content":{"rendered":"<div class=\"wpb-content-wrapper\"><p>[vc_section][vc_row][vc_column width=\u00bb1\/2&#8243;]\n<h1 class=\"akt-heading akt-heading--block akt-heading--h1 akt-heading--align-left\">\n            <span class=\"akt-heading__part akt-heading__part--light\">Nuestro compromiso<\/span>\n                <span class=\"akt-heading__part akt-heading__part--bold\">con la calidad<\/span>\n    <\/h1>\n<p class=\"akt-h1-subline akt-h1-subline--align-left\">\n    Certificaciones<\/p>[\/vc_column][vc_column width=\u00bb1\/2&#8243;][vc_column_text css=\u00bb\u00bb]Nuestra pol\u00edtica de calidad est\u00e1 orientada a la satisfacci\u00f3n total del cliente, mediante el suministro de productos y servicios irreprochables, la prestaci\u00f3n de asistencia t\u00e9cnica y el cumplimiento de las especificaciones, los plazos y las entregas de los productos.<\/p>\n<p>&nbsp;<\/p>\n<p><strong>Para lograrlo, nos centramos en 3 \u00e1reas clave:<\/strong><\/p>\n<ul>\n<li>Respetar nuestros compromisos para mantener la confianza de los clientes,<\/li>\n<li>Promover nuestro crecimiento y desarrollo comercial,<\/li>\n<li>Mejorar el rendimiento de la empresa.<\/li>\n<\/ul>\n<p>Todos nuestros departamentos -direcci\u00f3n, investigaci\u00f3n, ventas, compras, contabilidad, marketing, producci\u00f3n y env\u00edos- forman un equipo cualificado totalmente dedicado a la satisfacci\u00f3n del cliente.[\/vc_column_text][\/vc_column][\/vc_row][\/vc_section][vc_section css=\u00bb.vc_custom_1752579807249{background-color: #FFFFFF !important;}\u00bb][vc_row][vc_column width=\u00bb2\/3&#8243;]\n<h2 class=\"akt-heading akt-heading--inline akt-heading--h2 akt-heading--align-left\">\n            <span class=\"akt-heading__part akt-heading__part--light\">Comunicaci\u00f3n<\/span>\n                <span class=\"akt-heading__part akt-heading__part--bold\">Importante<\/span>\n    <\/h2>[\/vc_column][vc_column width=\u00bb1\/3&#8243;][\/vc_column][\/vc_row][vc_row][vc_column width=\u00bb1\/2&#8243;][vc_column_text css=\u00bb\u00bb]Ante la diversidad de nuestros clientes y sus \u00e1mbitos de actividad (m\u00e9dico, automovil\u00edstico, aeron\u00e1utico, electr\u00f3nico, nuclear, cosm\u00e9tico, etc.), nuestra organizaci\u00f3n debe basarse en una gesti\u00f3n centralizada de la informaci\u00f3n.<\/p>\n<p>Asimismo, para cualquier solicitud de certificado (REACH, RoHS, minerales de conflicto, etc.), FDS, FT, documentos administrativos (Kbis, certificados URSAFF, responsabilidad civil, etc.), le invitamos a escribirnos a la siguiente direcci\u00f3n: eleco@hoenle-eleco.com<\/p>\n<p>&nbsp;<\/p>\n<p>Le responderemos lo antes posible, pero tenga en cuenta que no depositamos los documentos directamente en las plataformas en l\u00ednea.[\/vc_column_text][\/vc_column][vc_column width=\u00bb1\/2&#8243;][vc_column_text css=\u00bb\u00bb]Del mismo modo, le rogamos que nos env\u00ede los pedidos y solicitudes de presupuesto exclusivamente por correo electr\u00f3nico.<\/p>\n<p>Por \u00faltimo, con el fin de garantizar que se tengan en cuenta sus documentos (requisitos de compra, carta de RSE, c\u00f3digo de conducta, manual de calidad, etc.), le rogamos que nos los env\u00ede a trav\u00e9s de medios duraderos, como el correo electr\u00f3nico o el correo postal. No se validar\u00e1 ning\u00fan documento enviado a trav\u00e9s de sitios web o enlaces web.[\/vc_column_text][\/vc_column][\/vc_row][\/vc_section][vc_section css=\u00bb.vc_custom_1770050360272{background-color: #F2F4F6 !important;}\u00bb][vc_row][vc_column width=\u00bb2\/3&#8243;]\n<h2 class=\"akt-heading akt-heading--inline akt-heading--h2 akt-heading--align-left\">\n            <span class=\"akt-heading__part akt-heading__part--light\">Certification<\/span>\n                <span class=\"akt-heading__part akt-heading__part--bold\">ISO 9001<\/span>\n    <\/h2>[\/vc_column][vc_column width=\u00bb1\/3&#8243;][\/vc_column][\/vc_row][vc_row][vc_column width=\u00bb2\/3&#8243;][vc_column_text css=\u00bb\u00bb]El SGC cumple la norma ISO 9001:2015.<\/p>\n<p>Vinculamos nuestro planteamiento medioambiental a las directrices de nuestra pol\u00edtica de calidad.<\/p>\n<ul>\n<li>Cumplir los requisitos legales aplicables a los aspectos medioambientales (eliminaci\u00f3n de productos como disolventes, sustancias peligrosas, COV, RoHS, REACH, etc.).<\/li>\n<\/ul>\n<p>Nuestros productos est\u00e1n sujetos a la Orden Ministerial de 20 de abril de 1994 sobre declaraci\u00f3n, clasificaci\u00f3n, envasado y etiquetado de sustancias peligrosas. Nos basamos en la normativa de la Comunidad Europea sobre preparados peligrosos publicada por la revista \u00abEuropeconomic\u00bb, a la que estamos suscritos.<\/p>\n<p>Para reciclar nuestros residuos, encargamos su eliminaci\u00f3n a una empresa especializada.[\/vc_column_text]\n<div class=\"akt-button-wrapper akt-button-wrapper--align-left\">\n            <a href=\"https:\/\/www.hoenle-eleco.com\/wp-content\/uploads\/CERTIFICAT-9001-HOENLE-ELECO.pdf\" \n           class=\"akt-button akt-button--medium akt-button--primary\" title=\"Certificado ISO 9001\" aria-label=\"Certificado ISO 9001\"                      >\n            <span class=\"akt-button__text\">Certificado ISO 9001<\/span>\n        <\/a>\n    <\/div>[\/vc_column][vc_column width=\u00bb1\/3&#8243;][vc_single_image image=\u00bb6153&#8243; img_size=\u00bbmedium\u00bb css=\u00bb\u00bb][\/vc_column][\/vc_row][\/vc_section][vc_section css=\u00bb.vc_custom_1752579807249{background-color: #FFFFFF !important;}\u00bb][vc_row][vc_column]\n<h2 class=\"akt-heading akt-heading--inline akt-heading--h2 akt-heading--align-left\">\n            <span class=\"akt-heading__part akt-heading__part--light\">Certificado<\/span>\n                <span class=\"akt-heading__part akt-heading__part--bold\">carta \u00e9tico y social<\/span>\n    <\/h2>[\/vc_column][\/vc_row][vc_row][vc_column width=\u00bb2\/3&#8243;][vc_column_text css=\u00bb\u00bb]Hoenle-Eleco, consciente de las preocupaciones sociales, medioambientales y econ\u00f3micas actuales, expresa sus valores en esta <strong>carta \u00e9tica y social<\/strong> haciendo referencia a los tres principios fundamentales del desarrollo sostenible.<\/p>\n<p>Para m\u00e1s informaci\u00f3n descargue el siguiente PDF:[\/vc_column_text][\/vc_column][vc_column width=\u00bb1\/3&#8243;][vc_single_image image=\u00bb6155&#8243; img_size=\u00bbmedium\u00bb css=\u00bb\u00bb][\/vc_column][\/vc_row][vc_row][vc_column width=\u00bb1\/3&#8243;]\n<div class=\"akt-button-wrapper akt-button-wrapper--align-left\">\n            <a href=\"https:\/\/www.hoenle-eleco.com\/wp-content\/uploads\/HOENLE_ELECO_CSR-CHARTER_E.pdf\" \n           class=\"akt-button akt-button--medium akt-button--primary\" title=\"Carta de RSE\" aria-label=\"Carta de RSE\"                      >\n            <span class=\"akt-button__text\">Carta de CSR (en ingl\u00e9s)<\/span>\n        <\/a>\n    <\/div>[\/vc_column][vc_column width=\u00bb1\/3&#8243;][\/vc_column][vc_column width=\u00bb1\/3&#8243;][\/vc_column][\/vc_row][\/vc_section][vc_section css=\u00bb.vc_custom_1770050848283{background-color: #F2F4F6 !important;}\u00bb][vc_row][vc_column width=\u00bb2\/3&#8243;]\n<h2 class=\"akt-heading akt-heading--block akt-heading--h2 akt-heading--align-left\">\n            <span class=\"akt-heading__part akt-heading__part--light\">Registration, Evaluation, Authorisation and restriction of Chemical substances<\/span>\n                <span class=\"akt-heading__part akt-heading__part--bold\">REACH<\/span>\n    <\/h2>[\/vc_column][vc_column width=\u00bb1\/3&#8243;][\/vc_column][\/vc_row][vc_row][vc_column width=\u00bb2\/3&#8243;][vc_column_text css=\u00bb\u00bb]El reglamento europeo REACH entr\u00f3 en vigor el 1 de junio de 2007 y se aplica a toda la industria qu\u00edmica, incluidos fabricantes, exportadores y usuarios. La Uni\u00f3n Europea ha creado una agencia responsable de los aspectos t\u00e9cnicos y administrativos del reglamento: la<strong> Agencia <\/strong><strong>Europea <\/strong>de <strong>Sustancias y Preparados Qu\u00edmicos <\/strong>(ECHA), con sede en Helsinki (Finlandia).<\/p>\n<p>&nbsp;<\/p>\n<p>En su cadena de suministro, nuestro grupo Eleco &#8211; Hoenle adopta la posici\u00f3n de usuario, lo que significa que no producimos los productos qu\u00edmicos. S\u00f3lo utilizamos los ingredientes para nuestros adhesivos. Para garantizar que podemos seguir preparando nuestras formulaciones, hemos aclarado el prerregistro de las sustancias utilizadas con nuestros proveedores.<\/p>\n<p>Dado que REACH abarca todo el ciclo de vida de una sustancia, debe tenerse en cuenta cada uso en la cadena de suministro. Por ello, el Grupo Eleco Hoenle se comunica constantemente con los usuarios de sus preparados.<\/p>\n<p>&nbsp;<\/p>\n<p>REACH se complementa con el <b>Reglamento CLP<\/b> (clasificaci\u00f3n, etiquetado y envasado) sobre clasificaci\u00f3n, etiquetado y envasado de sustancias y mezclas.<\/p>\n<p>&nbsp;<\/p>\n<p>Adem\u00e1s, <b>Hoenle-Eleco<\/b> confirma que sus productos no contienen ninguna sustancia qu\u00edmica identificada en la lista de sustancias candidatas extremadamente preocupantes (SVHC) en concentraciones superiores al 0,1% en masa.[\/vc_column_text][\/vc_column][vc_column width=\u00bb1\/3&#8243; css=\u00bb.vc_custom_1770113507623{background-color: #FFFFFF !important;}\u00bb][vc_column_text css=\u00bb\u00bb]Si tiene alguna pregunta sobre REACH, p\u00f3ngase en contacto con nosotros:<\/p>\n<p>Tel.: +33-1-47 92 41 80<br \/>\nCorreo electr\u00f3nico: <a href=\"mailto:eleco@hoenle-eleco.com\">eleco@hoenle-eleco.com<\/a>[\/vc_column_text][\/vc_column][\/vc_row][\/vc_section]<\/p>\n<\/div>","protected":false},"excerpt":{"rendered":"<p>[vc_section][vc_row][vc_column width=\u00bb1\/2&#8243;][\/vc_column][vc_column width=\u00bb1\/2&#8243;][vc_column_text css=\u00bb\u00bb]Nuestra pol\u00edtica de calidad est\u00e1 orientada a la satisfacci\u00f3n total del cliente, mediante el suministro de productos [&hellip;]<\/p>\n","protected":false},"author":9,"featured_media":0,"parent":7388,"menu_order":4,"comment_status":"closed","ping_status":"closed","template":"","meta":{"site-sidebar-layout":"no-sidebar","site-content-layout":"plain-container","ast-site-content-layout":"default","site-content-style":"default","site-sidebar-style":"default","ast-global-header-display":"","ast-banner-title-visibility":"","ast-main-header-display":"","ast-hfb-above-header-display":"","ast-hfb-below-header-display":"","ast-hfb-mobile-header-display":"","site-post-title":"disabled","ast-breadcrumbs-content":"","ast-featured-img":"disabled","footer-sml-layout":"","theme-transparent-header-meta":"default","adv-header-id-meta":"","stick-header-meta":"","header-above-stick-meta":"","header-main-stick-meta":"","header-below-stick-meta":"","astra-migrate-meta-layouts":"set","ast-page-background-enabled":"default","ast-page-background-meta":{"desktop":{"background-color":"var(--ast-global-color-5)","background-image":"","background-repeat":"repeat","background-position":"center center","background-size":"auto","background-attachment":"scroll","background-type":"","background-media":"","overlay-type":"","overlay-color":"","overlay-opacity":"","overlay-gradient":""},"tablet":{"background-color":"","background-image":"","background-repeat":"repeat","background-position":"center center","background-size":"auto","background-attachment":"scroll","background-type":"","background-media":"","overlay-type":"","overlay-color":"","overlay-opacity":"","overlay-gradient":""},"mobile":{"background-color":"","background-image":"","background-repeat":"repeat","background-position":"center center","background-size":"auto","background-attachment":"scroll","background-type":"","background-media":"","overlay-type":"","overlay-color":"","overlay-opacity":"","overlay-gradient":""}},"ast-content-background-meta":{"desktop":{"background-color":"var(--ast-global-color-4)","background-image":"","background-repeat":"repeat","background-position":"center center","background-size":"auto","background-attachment":"scroll","background-type":"","background-media":"","overlay-type":"","overlay-color":"","overlay-opacity":"","overlay-gradient":""},"tablet":{"background-color":"var(--ast-global-color-4)","background-image":"","background-repeat":"repeat","background-position":"center center","background-size":"auto","background-attachment":"scroll","background-type":"","background-media":"","overlay-type":"","overlay-color":"","overlay-opacity":"","overlay-gradient":""},"mobile":{"background-color":"var(--ast-global-color-4)","background-image":"","background-repeat":"repeat","background-position":"center center","background-size":"auto","background-attachment":"scroll","background-type":"","background-media":"","overlay-type":"","overlay-color":"","overlay-opacity":"","overlay-gradient":""}},"footnotes":""},"class_list":["post-7412","page","type-page","status-publish","hentry"],"_links":{"self":[{"href":"https:\/\/www.hoenle-eleco.com\/es\/wp-json\/wp\/v2\/pages\/7412","targetHints":{"allow":["GET"]}}],"collection":[{"href":"https:\/\/www.hoenle-eleco.com\/es\/wp-json\/wp\/v2\/pages"}],"about":[{"href":"https:\/\/www.hoenle-eleco.com\/es\/wp-json\/wp\/v2\/types\/page"}],"author":[{"embeddable":true,"href":"https:\/\/www.hoenle-eleco.com\/es\/wp-json\/wp\/v2\/users\/9"}],"replies":[{"embeddable":true,"href":"https:\/\/www.hoenle-eleco.com\/es\/wp-json\/wp\/v2\/comments?post=7412"}],"version-history":[{"count":12,"href":"https:\/\/www.hoenle-eleco.com\/es\/wp-json\/wp\/v2\/pages\/7412\/revisions"}],"predecessor-version":[{"id":10711,"href":"https:\/\/www.hoenle-eleco.com\/es\/wp-json\/wp\/v2\/pages\/7412\/revisions\/10711"}],"up":[{"embeddable":true,"href":"https:\/\/www.hoenle-eleco.com\/es\/wp-json\/wp\/v2\/pages\/7388"}],"wp:attachment":[{"href":"https:\/\/www.hoenle-eleco.com\/es\/wp-json\/wp\/v2\/media?parent=7412"}],"curies":[{"name":"wp","href":"https:\/\/api.w.org\/{rel}","templated":true}]}}