{"id":7405,"date":"2025-09-14T20:42:22","date_gmt":"2025-09-14T18:42:22","guid":{"rendered":"https:\/\/www.hoenle-eleco.com\/?page_id=7405"},"modified":"2026-01-29T17:01:07","modified_gmt":"2026-01-29T16:01:07","slug":"hoenle-eleco-ofertas-de-empleo","status":"publish","type":"page","link":"https:\/\/www.hoenle-eleco.com\/es\/hoenle-eleco\/hoenle-eleco-ofertas-de-empleo\/","title":{"rendered":"Ofertas de empleo"},"content":{"rendered":"<div class=\"wpb-content-wrapper\"><p>[vc_section][vc_row][vc_column width=\u00bb1\/2&#8243;]\n<h1 class=\"akt-heading akt-heading--block akt-heading--h1 akt-heading--align-left\">\n            <span class=\"akt-heading__part akt-heading__part--light\">Oferta de<\/span>\n                <span class=\"akt-heading__part akt-heading__part--bold\">Empleo<\/span>\n    <\/h1>[\/vc_column][vc_column width=\u00bb1\/2&#8243;][vc_column_text css=\u00bb\u00bb]Imprescindibles para conocer la empresa, ofrecemos una amplia variedad de pr\u00e1cticas relacionadas con nuestras actividades, como comunicaci\u00f3n, marketing, calidad, relaciones con los clientes, tecnolog\u00eda de aplicaciones, etc.<\/p>\n<p>Tambi\u00e9n buscamos :<\/p>\n<ul>\n<li>Trabajos de verano<\/li>\n<li>Almac\u00e9n \/ preparador de pedidos<\/li>\n<li>Operario de producci\u00f3n (Pr\u00e1cticas para ingenieros de 1er a\u00f1o)<\/li>\n<\/ul>\n<p>[\/vc_column_text][vc_empty_space][vc_column_text css=\u00bb\u00bb]Env\u00ede su candidatura espont\u00e1nea a:<\/p>\n<p><a href=\"mailto:job@hoenle-eleco.com\">job@hoenle-eleco.com<\/a>[\/vc_column_text][\/vc_column][\/vc_row][\/vc_section]<\/p>\n<\/div>","protected":false},"excerpt":{"rendered":"<p>[vc_section][vc_row][vc_column width=\u00bb1\/2&#8243;][\/vc_column][vc_column width=\u00bb1\/2&#8243;][vc_column_text css=\u00bb\u00bb]Imprescindibles para conocer la empresa, ofrecemos una amplia variedad de pr\u00e1cticas relacionadas con nuestras actividades, como comunicaci\u00f3n, [&hellip;]<\/p>\n","protected":false},"author":9,"featured_media":0,"parent":7388,"menu_order":7,"comment_status":"closed","ping_status":"closed","template":"","meta":{"site-sidebar-layout":"no-sidebar","site-content-layout":"plain-container","ast-site-content-layout":"default","site-content-style":"default","site-sidebar-style":"default","ast-global-header-display":"","ast-banner-title-visibility":"","ast-main-header-display":"","ast-hfb-above-header-display":"","ast-hfb-below-header-display":"","ast-hfb-mobile-header-display":"","site-post-title":"disabled","ast-breadcrumbs-content":"","ast-featured-img":"disabled","footer-sml-layout":"","theme-transparent-header-meta":"default","adv-header-id-meta":"","stick-header-meta":"","header-above-stick-meta":"","header-main-stick-meta":"","header-below-stick-meta":"","astra-migrate-meta-layouts":"set","ast-page-background-enabled":"default","ast-page-background-meta":{"desktop":{"background-color":"var(--ast-global-color-5)","background-image":"","background-repeat":"repeat","background-position":"center center","background-size":"auto","background-attachment":"scroll","background-type":"","background-media":"","overlay-type":"","overlay-color":"","overlay-opacity":"","overlay-gradient":""},"tablet":{"background-color":"","background-image":"","background-repeat":"repeat","background-position":"center center","background-size":"auto","background-attachment":"scroll","background-type":"","background-media":"","overlay-type":"","overlay-color":"","overlay-opacity":"","overlay-gradient":""},"mobile":{"background-color":"","background-image":"","background-repeat":"repeat","background-position":"center center","background-size":"auto","background-attachment":"scroll","background-type":"","background-media":"","overlay-type":"","overlay-color":"","overlay-opacity":"","overlay-gradient":""}},"ast-content-background-meta":{"desktop":{"background-color":"var(--ast-global-color-4)","background-image":"","background-repeat":"repeat","background-position":"center center","background-size":"auto","background-attachment":"scroll","background-type":"","background-media":"","overlay-type":"","overlay-color":"","overlay-opacity":"","overlay-gradient":""},"tablet":{"background-color":"var(--ast-global-color-4)","background-image":"","background-repeat":"repeat","background-position":"center center","background-size":"auto","background-attachment":"scroll","background-type":"","background-media":"","overlay-type":"","overlay-color":"","overlay-opacity":"","overlay-gradient":""},"mobile":{"background-color":"var(--ast-global-color-4)","background-image":"","background-repeat":"repeat","background-position":"center center","background-size":"auto","background-attachment":"scroll","background-type":"","background-media":"","overlay-type":"","overlay-color":"","overlay-opacity":"","overlay-gradient":""}},"footnotes":""},"class_list":["post-7405","page","type-page","status-publish","hentry"],"_links":{"self":[{"href":"https:\/\/www.hoenle-eleco.com\/es\/wp-json\/wp\/v2\/pages\/7405","targetHints":{"allow":["GET"]}}],"collection":[{"href":"https:\/\/www.hoenle-eleco.com\/es\/wp-json\/wp\/v2\/pages"}],"about":[{"href":"https:\/\/www.hoenle-eleco.com\/es\/wp-json\/wp\/v2\/types\/page"}],"author":[{"embeddable":true,"href":"https:\/\/www.hoenle-eleco.com\/es\/wp-json\/wp\/v2\/users\/9"}],"replies":[{"embeddable":true,"href":"https:\/\/www.hoenle-eleco.com\/es\/wp-json\/wp\/v2\/comments?post=7405"}],"version-history":[{"count":10,"href":"https:\/\/www.hoenle-eleco.com\/es\/wp-json\/wp\/v2\/pages\/7405\/revisions"}],"predecessor-version":[{"id":10299,"href":"https:\/\/www.hoenle-eleco.com\/es\/wp-json\/wp\/v2\/pages\/7405\/revisions\/10299"}],"up":[{"embeddable":true,"href":"https:\/\/www.hoenle-eleco.com\/es\/wp-json\/wp\/v2\/pages\/7388"}],"wp:attachment":[{"href":"https:\/\/www.hoenle-eleco.com\/es\/wp-json\/wp\/v2\/media?parent=7405"}],"curies":[{"name":"wp","href":"https:\/\/api.w.org\/{rel}","templated":true}]}}