{"id":7403,"date":"2025-09-14T17:36:17","date_gmt":"2025-09-14T15:36:17","guid":{"rendered":"https:\/\/www.hoenle-eleco.com\/?page_id=7403"},"modified":"2026-01-29T17:50:59","modified_gmt":"2026-01-29T16:50:59","slug":"hoenle-eleco-sobre-nosotros","status":"publish","type":"page","link":"https:\/\/www.hoenle-eleco.com\/es\/hoenle-eleco\/hoenle-eleco-sobre-nosotros\/","title":{"rendered":"Hoenle-Eleco Sobre nosotros"},"content":{"rendered":"<div class=\"wpb-content-wrapper\"><p>[vc_section][vc_row][vc_column]\n<h1 class=\"akt-heading akt-heading--inline akt-heading--h1 akt-heading--align-left\">\n            <span class=\"akt-heading__part akt-heading__part--light\">Sobre<\/span>\n                <span class=\"akt-heading__part akt-heading__part--bold\">nosotros<\/span>\n    <\/h1>[\/vc_column][\/vc_row][vc_row][vc_column width=\u00bb2\/3&#8243;][vc_column_text css=\u00bb\u00bb]<strong>Hoenle-Eleco SAS<\/strong>, filial francesa de la empresa alemana Hoenle Adhesives GmbH, se fund\u00f3 en 1974. Comercializamos y suministramos adhesivos industriales y equipos de dosificaci\u00f3n y exposici\u00f3n UV.<\/p>\n<p><strong>Situada en la regi\u00f3n parisina, Hoenle-Eleco<\/strong> se beneficia de una log\u00edstica que garantiza productos de calidad, una investigaci\u00f3n constante adaptada a las necesidades del mercado y un control riguroso de los productos: envasado, almacenamiento y transporte. Certificado ISO 9001.<br \/>\nDisponemos de dos laboratorios de pruebas en Francia (producto y dosificaci\u00f3n) adaptados a las investigaciones y propuestas.<\/p>\n<p>Nuestros centros de <strong>desarrollo y producci\u00f3n<\/strong> en Alemania y Estados Unidos nos permiten ofrecerle una soluci\u00f3n <strong>de adhesi\u00f3n<\/strong> a medida basada en sus especificaciones.<br \/>\nEl desarrollo y la fabricaci\u00f3n de nuestros propios equipos de dosificaci\u00f3n y exposici\u00f3n UV le ofrecen una <strong>soluci\u00f3n global<\/strong>, desde la elecci\u00f3n de la resina hasta los equipos de aplicaci\u00f3n y exposici\u00f3n.<\/p>\n<p>Para satisfacer las necesidades y requisitos m\u00e1s espec\u00edficos de nuestros clientes, dise\u00f1amos y fabricamos <strong>envases a medida<\/strong> para nuestros productos.[\/vc_column_text][\/vc_column][vc_column width=\u00bb1\/3&#8243;][vc_single_image image=\u00bb6143&#8243; img_size=\u00bbfull\u00bb css=\u00bb\u00bb][vc_column_text css=\u00bb\u00bb]<\/p>\n<p style=\"text-align: left;\">Sede de Hoenle-Eleco en Gennevilliers \/ Francia<\/p>\n<p>[\/vc_column_text][\/vc_column][\/vc_row][\/vc_section][vc_section css=\u00bb.vc_custom_1757000297959{background-color: #FFFFFF !important;}\u00bb][vc_row][vc_column width=\u00bb1\/12&#8243;][\/vc_column][vc_column width=\u00bb10\/12&#8243;][vc_row_inner equal_height=\u00bbyes\u00bb gap=\u00bb30&#8243;][vc_column_inner]\n<div class=\"akt-timeline-item\">\n            <p class=\"akt-timeline-item__description\">Eleco-Panacol devient Hoenle-Eleco SAS<\/p>\n    \n            <p class=\"akt-timeline-item__year\">2025<\/p>\n    <\/div>\n\n<div class=\"akt-timeline-item\">\n            <p class=\"akt-timeline-item__description\">Eleco Produits devient Panacol-Eleco<\/p>\n    \n            <p class=\"akt-timeline-item__year\">2018<\/p>\n    <\/div>\n\n<div class=\"akt-timeline-item\">\n            <p class=\"akt-timeline-item__description\">Eleco et Panacol font parti de la groupe allemande Dr. H\u00f6nle AG, situ\u00e9 \u00e0 Gr\u00e4felfing pr\u00e8s de Munich, Allemagne<\/p>\n    \n            <p class=\"akt-timeline-item__year\">2009<\/p>\n    <\/div>\n\n<div class=\"akt-timeline-item\">\n            <p class=\"akt-timeline-item__description\">Fondation de l&#039;entreprise ELECO \u00e0 Paris, France<\/p>\n    \n            <p class=\"akt-timeline-item__year\">1974<\/p>\n    <\/div>\n[\/vc_column_inner][\/vc_row_inner][\/vc_column][vc_column width=\u00bb1\/12&#8243;][\/vc_column][\/vc_row][\/vc_section][vc_section][vc_row][vc_column]\n<h2 class=\"akt-heading akt-heading--inline akt-heading--h2 akt-heading--align-left\">\n            <span class=\"akt-heading__part akt-heading__part--light\">A propos de<\/span>\n                <span class=\"akt-heading__part akt-heading__part--bold\">Hoenle Adhesives<\/span>\n    <\/h2>[\/vc_column][\/vc_row][vc_row][vc_column width=\u00bb2\/3&#8243;][vc_column_text css=\u00bb\u00bb]En 2021, nuestra empresa matriz Hoenle Adhesives GmbH (entonces Panacol-Elosol GmbH) se traslad\u00f3 a su nuevo edificio en Steinbach, cerca de Fr\u00e1ncfort del Meno, duplicando el tama\u00f1o de sus oficinas, laboratorios y \u00e1reas de producci\u00f3n. Hasta 100 empleados podr\u00e1n trabajar en esta nueva sede.<\/p>\n<p>Estas nuevas y vanguardistas instalaciones ofrecen a nuestros equipos un amplio entorno de trabajo de m\u00e1s de 6.000<sup>m2<\/sup>.<br \/>\nLos laboratorios de investigaci\u00f3n y desarrollo, control de calidad e ingenier\u00eda de aplicaciones est\u00e1n equipados con tecnolog\u00eda de vanguardia para aumentar la capacidad interna de an\u00e1lisis y pruebas.<br \/>\nLa zona de producci\u00f3n tambi\u00e9n es m\u00e1s amplia, con nuevos equipos complementarios para aumentar la capacidad y la productividad en la fabricaci\u00f3n de nuestros productos.[\/vc_column_text][\/vc_column][vc_column width=\u00bb1\/3&#8243;][vc_single_image image=\u00bb6356&#8243; img_size=\u00bbfull\u00bb css=\u00bb\u00bb][vc_column_text css=\u00bb\u00bb]<\/p>\n<p style=\"text-align: left;\">Sede central de Hoenle Adhesives en Steinbach\/Alemania<\/p>\n<p>[\/vc_column_text][\/vc_column][\/vc_row][\/vc_section][vc_section css=\u00bb.vc_custom_1757011876162{background-color: #FFFFFF !important;}\u00bb][vc_row][vc_column width=\u00bb1\/4&#8243;][vc_column_text css=\u00bb\u00bb]<\/p>\n<h2>P\u00f3ngase en contacto con<\/h2>\n<p>[\/vc_column_text][vc_column_text css=\u00bb\u00bb]<strong>Hoenle-Eleco SAS<\/strong><\/p>\n<p>125, av Louis Roche<br \/>\nZ.A. des Basses Noels<br \/>\n92238 Gennevilliers Cedex<br \/>\nFrancia<\/p>\n<p>&nbsp;<\/p>\n<p>T. +33 1 47 92 41 80<br \/>\nF. +33 1 47 92 22 72<\/p>\n<p>&nbsp;<\/p>\n<p><a href=\"mailto:eleco@hoenle-eleco.com\">eleco@hoenle-eleco.com<\/a><\/p>\n<p>&nbsp;<\/p>\n<p>Para que su solicitud se tramite con rapidez y eficacia, le recomendamos que utilice el <a href=\"https:\/\/www.hoenle-eleco.com\/es\/contactos\/\" target=\"_blank\" rel=\"noopener\">formulario de contacto<\/a>.[\/vc_column_text][\/vc_column][vc_column width=\u00bb3\/4&#8243;][vc_goo_maps location=\u00bbEleco Panacol \u2013 EFD\u00bb zoom=\u00bb15&#8243; css=\u00bb\u00bb][\/vc_column][\/vc_row][\/vc_section]<\/p>\n<\/div>","protected":false},"excerpt":{"rendered":"<p>[vc_section][vc_row][vc_column][\/vc_column][\/vc_row][vc_row][vc_column width=\u00bb2\/3&#8243;][vc_column_text css=\u00bb\u00bb]Hoenle-Eleco SAS, filial francesa de la empresa alemana Hoenle Adhesives GmbH, se fund\u00f3 en 1974. Comercializamos y suministramos [&hellip;]<\/p>\n","protected":false},"author":9,"featured_media":0,"parent":7388,"menu_order":0,"comment_status":"closed","ping_status":"closed","template":"","meta":{"site-sidebar-layout":"no-sidebar","site-content-layout":"plain-container","ast-site-content-layout":"default","site-content-style":"default","site-sidebar-style":"default","ast-global-header-display":"","ast-banner-title-visibility":"","ast-main-header-display":"","ast-hfb-above-header-display":"","ast-hfb-below-header-display":"","ast-hfb-mobile-header-display":"","site-post-title":"disabled","ast-breadcrumbs-content":"","ast-featured-img":"disabled","footer-sml-layout":"","theme-transparent-header-meta":"default","adv-header-id-meta":"","stick-header-meta":"","header-above-stick-meta":"","header-main-stick-meta":"","header-below-stick-meta":"","astra-migrate-meta-layouts":"set","ast-page-background-enabled":"default","ast-page-background-meta":{"desktop":{"background-color":"var(--ast-global-color-5)","background-image":"","background-repeat":"repeat","background-position":"center center","background-size":"auto","background-attachment":"scroll","background-type":"","background-media":"","overlay-type":"","overlay-color":"","overlay-opacity":"","overlay-gradient":""},"tablet":{"background-color":"","background-image":"","background-repeat":"repeat","background-position":"center center","background-size":"auto","background-attachment":"scroll","background-type":"","background-media":"","overlay-type":"","overlay-color":"","overlay-opacity":"","overlay-gradient":""},"mobile":{"background-color":"","background-image":"","background-repeat":"repeat","background-position":"center center","background-size":"auto","background-attachment":"scroll","background-type":"","background-media":"","overlay-type":"","overlay-color":"","overlay-opacity":"","overlay-gradient":""}},"ast-content-background-meta":{"desktop":{"background-color":"var(--ast-global-color-4)","background-image":"","background-repeat":"repeat","background-position":"center center","background-size":"auto","background-attachment":"scroll","background-type":"","background-media":"","overlay-type":"","overlay-color":"","overlay-opacity":"","overlay-gradient":""},"tablet":{"background-color":"var(--ast-global-color-4)","background-image":"","background-repeat":"repeat","background-position":"center center","background-size":"auto","background-attachment":"scroll","background-type":"","background-media":"","overlay-type":"","overlay-color":"","overlay-opacity":"","overlay-gradient":""},"mobile":{"background-color":"var(--ast-global-color-4)","background-image":"","background-repeat":"repeat","background-position":"center center","background-size":"auto","background-attachment":"scroll","background-type":"","background-media":"","overlay-type":"","overlay-color":"","overlay-opacity":"","overlay-gradient":""}},"footnotes":""},"class_list":["post-7403","page","type-page","status-publish","hentry"],"_links":{"self":[{"href":"https:\/\/www.hoenle-eleco.com\/es\/wp-json\/wp\/v2\/pages\/7403","targetHints":{"allow":["GET"]}}],"collection":[{"href":"https:\/\/www.hoenle-eleco.com\/es\/wp-json\/wp\/v2\/pages"}],"about":[{"href":"https:\/\/www.hoenle-eleco.com\/es\/wp-json\/wp\/v2\/types\/page"}],"author":[{"embeddable":true,"href":"https:\/\/www.hoenle-eleco.com\/es\/wp-json\/wp\/v2\/users\/9"}],"replies":[{"embeddable":true,"href":"https:\/\/www.hoenle-eleco.com\/es\/wp-json\/wp\/v2\/comments?post=7403"}],"version-history":[{"count":5,"href":"https:\/\/www.hoenle-eleco.com\/es\/wp-json\/wp\/v2\/pages\/7403\/revisions"}],"predecessor-version":[{"id":10325,"href":"https:\/\/www.hoenle-eleco.com\/es\/wp-json\/wp\/v2\/pages\/7403\/revisions\/10325"}],"up":[{"embeddable":true,"href":"https:\/\/www.hoenle-eleco.com\/es\/wp-json\/wp\/v2\/pages\/7388"}],"wp:attachment":[{"href":"https:\/\/www.hoenle-eleco.com\/es\/wp-json\/wp\/v2\/media?parent=7403"}],"curies":[{"name":"wp","href":"https:\/\/api.w.org\/{rel}","templated":true}]}}