{"id":7401,"date":"2025-09-14T18:19:12","date_gmt":"2025-09-14T16:19:12","guid":{"rendered":"https:\/\/www.hoenle-eleco.com\/?page_id=7401"},"modified":"2026-01-29T10:38:49","modified_gmt":"2026-01-29T09:38:49","slug":"innovaciones-hoenle-eleco","status":"publish","type":"page","link":"https:\/\/www.hoenle-eleco.com\/es\/hoenle-eleco\/innovaciones-hoenle-eleco\/","title":{"rendered":"Innovaciones Hoenle-Eleco"},"content":{"rendered":"<div class=\"wpb-content-wrapper\"><p>[vc_section][vc_row][vc_column width=\u00bb1\/2&#8243;]\n<h1 class=\"akt-heading akt-heading--block akt-heading--h1 akt-heading--align-left\">\n            <span class=\"akt-heading__part akt-heading__part--light\">Une innovation<\/span>\n                <span class=\"akt-heading__part akt-heading__part--bold\">permanente<\/span>\n    <\/h1>[\/vc_column][vc_column width=\u00bb1\/2&#8243;][vc_column_text css=\u00bb\u00bb]Desde adhesivos hasta dosificaci\u00f3n y exposici\u00f3n UV, ofrecemos tecnolog\u00edas adaptadas y adaptables a sus necesidades.<\/p>\n<p>Recursos a su disposici\u00f3n :<\/p>\n<ul>\n<li>En la regi\u00f3n de Par\u00eds, nuestros laboratorios de aplicaciones para pruebas de adherencia y dosificaci\u00f3n.<\/li>\n<li>En Fr\u00e1ncfort (Alemania), nuestros laboratorios de an\u00e1lisis y desarrollo optimizan e incluso personalizan la formulaci\u00f3n adecuada para sus aplicaciones.<\/li>\n<\/ul>\n<p>[\/vc_column_text][\/vc_column][\/vc_row][\/vc_section][vc_section css=\u00bb.vc_custom_1752579807249{background-color: #FFFFFF !important;}\u00bb][vc_row][vc_column width=\u00bb1\/3&#8243;]\n<h2 class=\"akt-heading akt-heading--inline akt-heading--h2 akt-heading--align-left\">\n            <span class=\"akt-heading__part akt-heading__part--light\">Nos laboratoires<\/span>\n                <span class=\"akt-heading__part akt-heading__part--bold\">chez Hoenle-Eleco<\/span>\n    <\/h2>[\/vc_column][vc_column width=\u00bb1\/3&#8243;][vc_column_text css=\u00bb\u00bb]Nuestros laboratorios ofrecen los siguientes servicios:<\/p>\n<p>Pruebas de propiedades mec\u00e1nicas, pruebas de rejilla, \u00edndice de refracci\u00f3n, espectroscopia UV, FTIR, espectroscopia infrarroja, medici\u00f3n de la viscosidad, TGA, DSC, TMA, control de calidad, pruebas de dureza, medici\u00f3n de la resistencia en cuatro puntos, pruebas de envejecimiento, pruebas de calor h\u00famedo, choque t\u00e9rmico&#8230;[\/vc_column_text][\/vc_column][vc_column width=\u00bb1\/3&#8243;][vc_single_image image=\u00bb6145&#8243; img_size=\u00bb400&#215;533&#8243; css=\u00bb\u00bb][\/vc_column][\/vc_row][\/vc_section][vc_section css=\u00bb.vc_custom_1757868595455{background-color: #FFFFFF !important;border-color: #F2F4F6 !important;}\u00bb][vc_row][vc_column width=\u00bb1\/3&#8243;]\n<h2 class=\"akt-heading akt-heading--inline akt-heading--h2 akt-heading--align-left\">\n            <span class=\"akt-heading__part akt-heading__part--light\">Nos laboratoires<\/span>\n                <span class=\"akt-heading__part akt-heading__part--bold\">chez Hoenle Adhesives<\/span>\n    <\/h2>[\/vc_column][vc_column width=\u00bb1\/3&#8243;][vc_column_text css=\u00bb\u00bb]El laboratorio de sistemas adhesivos, donde se desarrollaron muchos de nuestros adhesivos, se cre\u00f3 en 1987. Algunos adhesivos, como Vitralit\u00ae o Elecolit\u00ae, se han convertido en marcas comerciales y ahora est\u00e1n disponibles en numerosas versiones optimizadas para diferentes aplicaciones. En la actualidad, nuestros laboratorios est\u00e1n dotados de los equipos m\u00e1s modernos, lo que nos permite utilizar todas las t\u00e9cnicas y mediciones actuales para desarrollar y probar nuevos productos y garantizar un control de calidad continuo. En total, Hoenle Adhesives GmbH dispone ahora de cuatro laboratorios en sus instalaciones de Steinbach\/Alemania, donde los ingenieros de Hoenle Adhesives GmbH pueden trabajar bajo luz amarilla para evitar el endurecimiento prematuro de los adhesivos a la luz del d\u00eda o con luz de ne\u00f3n. Los clientes disponen de un centro t\u00e9cnico independiente para las pruebas iniciales de adhesivo en su aplicaci\u00f3n individual.[\/vc_column_text][\/vc_column][vc_column width=\u00bb1\/3&#8243;][vc_single_image image=\u00bb6147&#8243; img_size=\u00bbfull\u00bb css=\u00bb\u00bb][\/vc_column][\/vc_row][\/vc_section]<\/p>\n<\/div>","protected":false},"excerpt":{"rendered":"<p>[vc_section][vc_row][vc_column width=\u00bb1\/2&#8243;][\/vc_column][vc_column width=\u00bb1\/2&#8243;][vc_column_text css=\u00bb\u00bb]Desde adhesivos hasta dosificaci\u00f3n y exposici\u00f3n UV, ofrecemos tecnolog\u00edas adaptadas y adaptables a sus necesidades. Recursos a [&hellip;]<\/p>\n","protected":false},"author":9,"featured_media":0,"parent":7388,"menu_order":3,"comment_status":"closed","ping_status":"closed","template":"","meta":{"site-sidebar-layout":"no-sidebar","site-content-layout":"plain-container","ast-site-content-layout":"default","site-content-style":"default","site-sidebar-style":"default","ast-global-header-display":"","ast-banner-title-visibility":"","ast-main-header-display":"","ast-hfb-above-header-display":"","ast-hfb-below-header-display":"","ast-hfb-mobile-header-display":"","site-post-title":"disabled","ast-breadcrumbs-content":"","ast-featured-img":"disabled","footer-sml-layout":"","theme-transparent-header-meta":"default","adv-header-id-meta":"","stick-header-meta":"","header-above-stick-meta":"","header-main-stick-meta":"","header-below-stick-meta":"","astra-migrate-meta-layouts":"set","ast-page-background-enabled":"default","ast-page-background-meta":{"desktop":{"background-color":"var(--ast-global-color-5)","background-image":"","background-repeat":"repeat","background-position":"center center","background-size":"auto","background-attachment":"scroll","background-type":"","background-media":"","overlay-type":"","overlay-color":"","overlay-opacity":"","overlay-gradient":""},"tablet":{"background-color":"","background-image":"","background-repeat":"repeat","background-position":"center center","background-size":"auto","background-attachment":"scroll","background-type":"","background-media":"","overlay-type":"","overlay-color":"","overlay-opacity":"","overlay-gradient":""},"mobile":{"background-color":"","background-image":"","background-repeat":"repeat","background-position":"center center","background-size":"auto","background-attachment":"scroll","background-type":"","background-media":"","overlay-type":"","overlay-color":"","overlay-opacity":"","overlay-gradient":""}},"ast-content-background-meta":{"desktop":{"background-color":"var(--ast-global-color-4)","background-image":"","background-repeat":"repeat","background-position":"center center","background-size":"auto","background-attachment":"scroll","background-type":"","background-media":"","overlay-type":"","overlay-color":"","overlay-opacity":"","overlay-gradient":""},"tablet":{"background-color":"var(--ast-global-color-4)","background-image":"","background-repeat":"repeat","background-position":"center center","background-size":"auto","background-attachment":"scroll","background-type":"","background-media":"","overlay-type":"","overlay-color":"","overlay-opacity":"","overlay-gradient":""},"mobile":{"background-color":"var(--ast-global-color-4)","background-image":"","background-repeat":"repeat","background-position":"center center","background-size":"auto","background-attachment":"scroll","background-type":"","background-media":"","overlay-type":"","overlay-color":"","overlay-opacity":"","overlay-gradient":""}},"footnotes":""},"class_list":["post-7401","page","type-page","status-publish","hentry"],"_links":{"self":[{"href":"https:\/\/www.hoenle-eleco.com\/es\/wp-json\/wp\/v2\/pages\/7401","targetHints":{"allow":["GET"]}}],"collection":[{"href":"https:\/\/www.hoenle-eleco.com\/es\/wp-json\/wp\/v2\/pages"}],"about":[{"href":"https:\/\/www.hoenle-eleco.com\/es\/wp-json\/wp\/v2\/types\/page"}],"author":[{"embeddable":true,"href":"https:\/\/www.hoenle-eleco.com\/es\/wp-json\/wp\/v2\/users\/9"}],"replies":[{"embeddable":true,"href":"https:\/\/www.hoenle-eleco.com\/es\/wp-json\/wp\/v2\/comments?post=7401"}],"version-history":[{"count":2,"href":"https:\/\/www.hoenle-eleco.com\/es\/wp-json\/wp\/v2\/pages\/7401\/revisions"}],"predecessor-version":[{"id":7404,"href":"https:\/\/www.hoenle-eleco.com\/es\/wp-json\/wp\/v2\/pages\/7401\/revisions\/7404"}],"up":[{"embeddable":true,"href":"https:\/\/www.hoenle-eleco.com\/es\/wp-json\/wp\/v2\/pages\/7388"}],"wp:attachment":[{"href":"https:\/\/www.hoenle-eleco.com\/es\/wp-json\/wp\/v2\/media?parent=7401"}],"curies":[{"name":"wp","href":"https:\/\/api.w.org\/{rel}","templated":true}]}}